{"id":11240,"date":"2017-11-19T19:37:09","date_gmt":"2017-11-19T18:37:09","guid":{"rendered":"http:\/\/www.toletum-network.com\/?page_id=11240"},"modified":"2020-11-18T11:36:46","modified_gmt":"2020-11-18T09:36:46","slug":"stefan-pabst","status":"publish","type":"page","link":"https:\/\/www.toletum-network.com\/es\/teilnehmer\/stefan-pabst\/","title":{"rendered":"Stefan Pabst"},"content":{"rendered":"<p><img loading=\"lazy\" decoding=\"async\" class=\"alignnone wp-image-11241 size-medium\" src=\"http:\/\/www.toletum-network.com\/wp-content\/uploads\/2017\/11\/Stefan-Pabst-Bild-300x225-300x225.jpg\" alt=\"\" width=\"300\" height=\"225\" \/><\/p>\n<h3 class=\"entry-title\">Dr. des. Stefan Pabst<\/h3>\n<p>Ruhr Universit\u00e4t Bochum<br \/>\nKatholisch-Theologische Fakult\u00e4t<br \/>\nLehrstuhl f\u00fcr Alte Kirchengeschichte, Patrologie und Christliche Arch\u00e4ologie<br \/>\nUniversit\u00e4tsstra\u00dfe 150<br \/>\nD-44801 Bochum<br \/>\n<a href=\"mailto:stefan.pabst@rub.de\">stefan.pabst@rub.de<\/a><\/p>\n<p><strong>Promotionsprojekt: <\/strong><a href=\"http:\/\/www.toletum-network.com\/wp-content\/uploads\/2017\/11\/Stefan-Pabst-Promotionsprojekt.pdf\">Der Theologe Julian von Toledo im Kontext seiner Zeit<\/a><\/p>\n<hr \/>\n<h5><strong>Akademischer Werdegang<br \/>\n<\/strong><\/h5>\n<p><span style=\"color: #999999;\">\u2014 10.07.2019<\/span><br \/>\nPromotion zum Dr. theol. mit einer Arbeit zum Thema \u201eJulian von Toledo. Das theologische Profil eines westgotischen Bischofs des siebten Jahrhunderts\u201c (Ver\u00f6ffentlichung noch ausstehend)<\/p>\n<p><span style=\"color: #999999;\">\u2014 2015-2019<\/span><br \/>\nPromotion am Lehrstuhl f\u00fcr Alte Kirchengeschichte, Patrologie und christliche Arch\u00e4ologie (Prof. Dr. Josef Rist)<\/p>\n<p><span style=\"color: #999999;\">\u2014 2015<\/span><br \/>\nAbschluss Magister Theologiae<\/p>\n<p><span style=\"color: #999999;\">\u2014 2012-2014<\/span><br \/>\n2-Fach MA (Klassische Philologie\/Katholische Theologie)<br \/>\nRuhr-Universit\u00e4t Bochum<\/p>\n<p><span style=\"color: #999999;\">\u2014 2009 \u2013 2012<\/span><br \/>\n2-Fach BA (Klassische Philologie\/Katholische Theologie)<br \/>\nRuhr-Universit\u00e4t Bochum<\/p>\n<hr \/>\n<h5><strong>Vortr\u00e4ge<\/strong><\/h5>\n<p><span style=\"color: #999999;\">2019<\/span><br \/>\n<span style=\"color: #999999;\">\u2014 <\/span>Vom Herrschersitz zum kirchlichen Zentrum. Der Aufstieg von Konstantinopel und Toledo zu \u00fcberregionalen F\u00fchrungsinstanzen in Sp\u00e4tantike und Fr\u00fchmittelalter (mit Prof. Dr. Josef Rist) \u2013 Experten-Workshop F\u00fchren und Entscheiden in der Katholischen Kirche (Ruhr-Universit\u00e4t Bochum)<br \/>\n<span style=\"color: #999999;\">\u2014 <\/span>\u201e&#8230;quem digne principari Dominus voluit\u201c (Iul. Tol. hist. 2) Das Idealbild des westgotischen K\u00f6nigtums nach dem Zeugnis der Historia Wambae regis des Julian von Toldeo (ca. 642\u2013690) \u2013 Jahrestagung des AK Patristik (Rheinische-Friedrich-Willhelms-Universit\u00e4t Bonn)<br \/>\n<span style=\"color: #999999;\">2018<\/span><br \/>\n<span style=\"color: #999999;\">\u2014 <\/span>Wenn Kirchenmacht der Staatsmacht folgt. Der Aufstieg von Kaiser- und K\u00f6nigsst\u00e4dten in den kirchlichen F\u00fchrungsstrukturen der Sp\u00e4tantike \u2013 Doktorandenforum der Studienstifung des Deutschen Volkes (Halle an der Saale)<br \/>\n<span style=\"color: #999999;\">\u2014 <\/span>Quaeso te, ut percunctanti mihi respondeas et, quae obscuritatem faciunt, elucidare digneris. Die Erotapokriseis als Lehrgattung auf der iberischen Halbinsel \u2013 Jahrestagung des AK Patristik (Bergische Universit\u00e4t Wuppertal)<br \/>\n<span style=\"color: #999999;\">\u2014 <\/span>Rithmis uti ex toto refugiat. Ein Pl\u00e4doyer gegen die rhythmische Dichtung \u2013 Doktorandenforum der Studienstiftung des Deutschen Volkes (Wittenberg)<br \/>\n<span style=\"color: #999999;\">2017<\/span><br \/>\n<span style=\"color: #999999;\">\u2014 <\/span>Erinnerungen an die Zukunft. Woher das Mittelalter vom Leben nach dem Tod wei\u00df \u2013 Doktorandenforum der Studienstiftung des Deutschen Volkes (Heidelberg)<br \/>\n<span style=\"color: #999999;\">\u2014 <\/span>Kirchliche Kommunikationsprozesse am Ende des siebten Jahrhunderts: Herausforderungen und L\u00f6sungsans\u00e4tze \u2013 Toletum VIII (Universit\u00e4t Hamburg)<br \/>\n<span style=\"color: #999999;\">\u2014 <\/span>Citas transformativas. El caso de los Antikeimena de Juli\u00e1n de Toledo \u2013 VII Congreso Internacional de Lat\u00edn Medieval Hisp\u00e1nico (Universidad de Salamanca)<br \/>\n<span style=\"color: #999999;\">\u2014 <\/span>Ein Schisma im Westen? Der Konflikt zwischen Rom und der westgotischen Kirche am Ende des siebten Jahrhunderts \u2013 Jahrestagung des AK Patristik (Universit\u00e4t Konstanz)<br \/>\n<span style=\"color: #999999;\">\u2014 <\/span>Aurifex ueritatis. Juli\u00e1n de Toledo y su obra \u2013 Seminarios de Investigaci\u00f3n. Dpto. de Filolog\u00eda Cl\u00e1sica e Indoeuropeo (Universidad de Salamanca)<br \/>\n<span style=\"color: #999999;\">2016<\/span><br \/>\n<span style=\"color: #999999;\">\u2014 <\/span>Der Theologe Julian von Toledo (ca. 642 \u2013 690) im Kontext seiner Zeit \u2013 Toletum VII (Universit\u00e4t Hamburg)<\/p>\n<hr \/>\n<h5><strong>Stipendien<\/strong><\/h5>\n<p><span style=\"color: #999999;\">seit 10\/2016<\/span><br \/>\nPromotionsstipendiat der Studienstiftung des Deutschen Volkes<\/p>\n<p><span style=\"color: #999999;\">\u2014 06\/2012 \u2013 03\/2014<\/span><br \/>\nStipendiat der Studienstiftung des Deutschen Volkes<\/p>\n<p><span style=\"color: #999999;\">\u2014 10\/2011 \u2013 09\/2012<\/span><br \/>\nStipendiat im Rahmen des RUB-Bildungsfonds (Rotary Club Bochum-Rechen)<\/p>\n<hr \/>\n<h5><strong>Beruflicher Werdegang<\/strong><\/h5>\n<p><span style=\"color: #999999;\">seit 2014<\/span><br \/>\nLehrauftrag an der TU Dortmund (2 SWS jeweils im Sommersemester)<\/p>\n<p><span style=\"color: #999999;\">seit 2014<\/span><br \/>\nWissenschaftlicher Mitarbeiter am Lehrstuhl f\u00fcr Alte Kir-chengeschichte, Patrologie und christliche Arch\u00e4ologie (Prof. Dr. Josef Rist)<\/p>\n<p><span style=\"color: #999999;\">\u2014 01\/03\/2011 \u2013 15\/04\/2014<\/span><br \/>\nStudentische Hilfskraft am Lehrstuhl f\u00fcr Alte Kirchenge-schichte, Patrologie und christliche Arch\u00e4ologie (Prof. Dr. Josef Rist)<\/p>\n<p><span style=\"color: #999999;\">\u2014 07\/2008 \u2013 03\/2009<\/span><br \/>\nZivildienst im Sprachheilzentrum Werscherberg (AWO)<\/p>\n<hr \/>\n<h5><strong>Sprachen<\/strong><\/h5>\n<ul>\n<li>Deutsch<\/li>\n<li>Englisch<\/li>\n<li>Spanisch<\/li>\n<li>Franz\u00f6sisch<\/li>\n<li>Italienisch<\/li>\n<li>Latein<\/li>\n<li>Altgriechisch<\/li>\n<li>Biblisches Hebr\u00e4isch<\/li>\n<\/ul>\n","protected":false},"excerpt":{"rendered":"<p>Dr. des. Stefan Pabst Ruhr Universit\u00e4t Bochum Katholisch-Theologische Fakult\u00e4t Lehrstuhl f\u00fcr Alte Kirchengeschichte, Patrologie und Christliche Arch\u00e4ologie Universit\u00e4tsstra\u00dfe 150 D-44801 Bochum stefan.pabst@rub.de Promotionsprojekt: Der Theologe Julian von Toledo im Kontext seiner Zeit Akademischer Werdegang \u2014 10.07.2019 Promotion zum Dr. theol. mit einer Arbeit zum Thema \u201eJulian von Toledo. Das theologische Profil eines westgotischen Bischofs des &hellip; <a href=\"https:\/\/www.toletum-network.com\/es\/teilnehmer\/stefan-pabst\/\" class=\"more-link\">Continuar leyendo<span class=\"screen-reader-text\"> \u00abStefan Pabst\u00bb<\/span><\/a><\/p>\n","protected":false},"author":10,"featured_media":0,"parent":18,"menu_order":0,"comment_status":"closed","ping_status":"closed","template":"","meta":{"jetpack_post_was_ever_published":false,"footnotes":""},"class_list":["post-11240","page","type-page","status-publish","hentry"],"jetpack_sharing_enabled":true,"jetpack_shortlink":"https:\/\/wp.me\/P82TDz-2Vi","_links":{"self":[{"href":"https:\/\/www.toletum-network.com\/es\/wp-json\/wp\/v2\/pages\/11240","targetHints":{"allow":["GET"]}}],"collection":[{"href":"https:\/\/www.toletum-network.com\/es\/wp-json\/wp\/v2\/pages"}],"about":[{"href":"https:\/\/www.toletum-network.com\/es\/wp-json\/wp\/v2\/types\/page"}],"author":[{"embeddable":true,"href":"https:\/\/www.toletum-network.com\/es\/wp-json\/wp\/v2\/users\/10"}],"replies":[{"embeddable":true,"href":"https:\/\/www.toletum-network.com\/es\/wp-json\/wp\/v2\/comments?post=11240"}],"version-history":[{"count":21,"href":"https:\/\/www.toletum-network.com\/es\/wp-json\/wp\/v2\/pages\/11240\/revisions"}],"predecessor-version":[{"id":13406,"href":"https:\/\/www.toletum-network.com\/es\/wp-json\/wp\/v2\/pages\/11240\/revisions\/13406"}],"up":[{"embeddable":true,"href":"https:\/\/www.toletum-network.com\/es\/wp-json\/wp\/v2\/pages\/18"}],"wp:attachment":[{"href":"https:\/\/www.toletum-network.com\/es\/wp-json\/wp\/v2\/media?parent=11240"}],"curies":[{"name":"wp","href":"https:\/\/api.w.org\/{rel}","templated":true}]}}