{"id":11174,"date":"2017-11-07T19:22:41","date_gmt":"2017-11-07T18:22:41","guid":{"rendered":"http:\/\/www.toletum-network.com\/?page_id=11174"},"modified":"2020-11-18T11:36:28","modified_gmt":"2020-11-18T09:36:28","slug":"silvia-monteiro-teixeira","status":"publish","type":"page","link":"https:\/\/www.toletum-network.com\/es\/teilnehmer\/silvia-monteiro-teixeira\/","title":{"rendered":"S\u00edlvia Monteiro Teixeira"},"content":{"rendered":"<p><img loading=\"lazy\" decoding=\"async\" class=\"alignnone wp-image-11179 size-medium\" src=\"http:\/\/www.toletum-network.com\/wp-content\/uploads\/2017\/11\/Foto-S\u00edlvia-MITLGLIED-300x225-300x225.jpg\" alt=\"\" width=\"300\" height=\"225\" \/><\/p>\n<h3 class=\"entry-title\">S\u00edlvia Monteiro Teixeira<\/h3>\n<p>Centro de Arqueologia da Universidade de Lisboa (UNIARQ-FLUL)<br \/>\nFaculdade de Letras<br \/>\nAlameda da Universidade<br \/>\nP-1600-214, Lisboa<br \/>\n<a href=\"mailto:silvia_teixeira16@yahoo.com\">silvia_teixeira16@yahoo.com<\/a><\/p>\n<p><strong>Website<\/strong><br \/>\n<a href=\"https:\/\/ulisboa.academia.edu\/S%C3%ADlviaTeixeira\">https:\/\/ulisboa.academia.edu\/S%C3%ADlviaTeixeira<\/a><\/p>\n<hr \/>\n<h5><strong>Formaci\u00f3n Acad\u00e9mica<\/strong><\/h5>\n<p><span style=\"color: #999999;\">\u2014 2017<\/span><br \/>\nEstudiante de Doctorado en Arqueolog\u00eda<br \/>\nUniversidade de Lisboa \u2013 Faculdade de Letras<\/p>\n<p><span style=\"color: #999999;\">\u2014 2012 \u2013 2015<\/span><br \/>\nM\u00e1ster en Arqueolog\u00eda<br \/>\nUniversidade de Lisboa &#8211; Faculdade de Letras<br \/>\nTesis: <em>Cultos e cultuantes no Sul do territ\u00f3rio actualmente portugu\u00eas. Uma aproxima\u00e7\u00e3o \u00e0 sociologia das religi\u00f5es<\/em>. Tutor: Prof. Dr. Am\u00edlcar Guerra (UNIARQ-FLUL\/Depto. de Historia).<\/p>\n<p><span style=\"color: #999999;\">\u2014 2009 \u2013 2012<\/span><br \/>\nLicenciada en Arqueolog\u00eda<br \/>\nUniversidade de Lisboa &#8211; Faculdade de Letras<\/p>\n<hr \/>\n<h5><strong>Experiencia profesional<\/strong><\/h5>\n<p><span style=\"color: #999999;\">\u2014 2014 \u2013 2015<\/span><br \/>\nInterna en la Funda\u00e7\u00e3o Millennium bcp &#8211; N\u00facleo Arqueol\u00f3gico da Rua dos Correeiros, en la \u00e1rea de servicios administrativos y gesti\u00f3n cultural. Participaci\u00f3n en la organizaci\u00f3n de la exposici\u00f3n \u201cLisboa Pr\u00e9-cl\u00e1ssica, um porto mediterr\u00e2neo no litoral atl\u00e2ntico\u201d (13\/03-31\/05\/2014).<\/p>\n<hr \/>\n<h5><strong>Becas<\/strong><\/h5>\n<p><span style=\"color: #999999;\">\u2014 2017 \u2013 2021<\/span><br \/>\nBeca de Doctorado de la FCT (Funda\u00e7\u00e3o para a Ci\u00eancia e Tecnologia, I. P.), com el proyecto \u201cNascer escravo, morrer livre: Contributo para uma hist\u00f3ria social da Lusit\u00e2nia romana\u201d (Ref. SFRH\/BD\/123546\/2016). Tutor: Prof. Dr. Am\u00edlcar Guerra (UNIARQ-FLUL\/Depto. de Historia).<\/p>\n<p><span style=\"color: #999999;\">\u2014 2011 \u2013 2012<\/span><br \/>\nBeca de m\u00e9rito de la Rector\u00eda de Universidade de Lisboa.<\/p>\n<p><span style=\"color: #999999;\">\u2014 2010 \u2013 2011<\/span><br \/>\nBeca para j\u00f3venes investigadores (Bolsa de Investiga\u00e7\u00e3o Cient\u00edfica) de la Funda\u00e7\u00e3o Amadeu Dias-Universidade de Lisboa, com el proyecto \u201cOs entalhes na ind\u00fastria l\u00edtica do s\u00edtio pr\u00e9-hist\u00f3rico da Cova da Baleia (Mafra, Portugal) \u201d. Tutora: Prof. Dra. Ana Catarina Sousa (UNIARQ-FLUL\/Depto. de Historia).<\/p>\n<hr \/>\n<h5><strong>Publicaciones<\/strong><\/h5>\n<ul>\n<li>TEIXEIRA, S. (2017). The Mediterranean inclination in the archaeological and epigraphical profile of Tr\u00f3ia (Set\u00fabal, Portugal). In VELAZA, J. (ed.). <em>Insularity, identity and epigraphy in the Roman world<\/em>. Newcastle: Cambridge Scholars Publishing, p.111-129.<\/li>\n<li>TEIXEIRA, S. (2016). \u201cReligi\u00e3o e sociedade: duas faces da mesma moeda. Algumas considera\u00e7\u00f5es sobre a epigrafia votiva do Sul do territ\u00f3rio portugu\u00eas em \u00e9poca romana\u201d. <em>Herakleion<\/em>. Madrid. 8, p. 97-117.<\/li>\n<li>TEIXEIRA, S. (2015). \u00abEstudo da religiosidade do Sul do territ\u00f3rio actualmente portugu\u00eas em \u00e9poca romana (s\u00e9cs. I a. C.-III d. C.). Aspectos de uma metodologia\u201d. <em>Arqueologia P\u00fablica<\/em>. S\u00e3o Paulo.12, p. 57-71.<\/li>\n<li>GUERRA, A.; REIS, S.; TEIXEIRA, S. (2015). \u00abO Sul da Lusit\u00e2nia romana: Contributo para uma sociologia das religi\u00f5es\u201d. <em>Studia Historica. Historia Antigua<\/em>. Salamanca. 33, p. 195-222.<\/li>\n<\/ul>\n<hr \/>\n<h5><strong>Participaciones en conferencias y congresos<\/strong><\/h5>\n<p><span style=\"color: #999999;\">\u2014 27\/10\/2017<\/span><br \/>\n\u201cNacer esclavo, morir libre: Fuentes y problem\u00e1ticas del estudio de los grupos de origen servil en Lusitania\u201d. TOLETUM VIII: St\u00e4dte verbinden? Kommunikationswege auf der Iberischen Halbinsel. Warburg-Haus, Hamburg.<\/p>\n<p><span style=\"color: #999999;\">\u2014 04\/11\/2016<\/span><br \/>\n\u201cBeyond revenge and punishment: the <em>tabellae defixionum<\/em> of Roman Hispania as representations of divine justice in Antiquity\u201d. Divine (In)Justice in Antiquity and the Middle Ages. Sheffield University &#8211; Medieval and Ancient Research Centre.<\/p>\n<p><span style=\"color: #999999;\">\u2014 02\/06\/2016<\/span><br \/>\n\u201cO culto de Marte e a religiosidade do Sul do territ\u00f3rio actualmente portugu\u00eas em \u00e2mbito rural\u201d. Congresso Internacional Arte e Religi\u00e3o na Lusit\u00e2nia. Museu Nacional de Arqueologia, Lisboa.<\/p>\n<p><span style=\"color: #999999;\">\u2014 06\/11\/2015<\/span><br \/>\n\u201cLa vocaci\u00f3n mediterr\u00e1nea en la imagen epigr\u00e1fica y arqueol\u00f3gica de Tr\u00f3ia (Set\u00fabal, Portugal\u201d. Congreso Internacional INSVLAE: Insularity, identity and epigraphy in the Roman Mediterranean. Universitat de Barcelona &#8211; Facultat de Filolog\u00eda.<\/p>\n<hr \/>\n<h5><strong>Idiomas<\/strong><\/h5>\n<ul>\n<li><strong>Portugu\u00e9s<\/strong><br \/>\nLengua materna<\/li>\n<li><strong>Ingl\u00e9s<\/strong><br \/>\nCertificate of Proficiency in English \u2013 Cambridge University<\/li>\n<li><strong>Castellano<\/strong><\/li>\n<\/ul>\n","protected":false},"excerpt":{"rendered":"<p>S\u00edlvia Monteiro Teixeira Centro de Arqueologia da Universidade de Lisboa (UNIARQ-FLUL) Faculdade de Letras Alameda da Universidade P-1600-214, Lisboa silvia_teixeira16@yahoo.com Website https:\/\/ulisboa.academia.edu\/S%C3%ADlviaTeixeira Formaci\u00f3n Acad\u00e9mica \u2014 2017 Estudiante de Doctorado en Arqueolog\u00eda Universidade de Lisboa \u2013 Faculdade de Letras \u2014 2012 \u2013 2015 M\u00e1ster en Arqueolog\u00eda Universidade de Lisboa &#8211; Faculdade de Letras Tesis: Cultos e &hellip; <a href=\"https:\/\/www.toletum-network.com\/es\/teilnehmer\/silvia-monteiro-teixeira\/\" class=\"more-link\">Continuar leyendo<span class=\"screen-reader-text\"> \u00abS\u00edlvia Monteiro Teixeira\u00bb<\/span><\/a><\/p>\n","protected":false},"author":10,"featured_media":0,"parent":18,"menu_order":0,"comment_status":"closed","ping_status":"closed","template":"","meta":{"jetpack_post_was_ever_published":false,"footnotes":""},"class_list":["post-11174","page","type-page","status-publish","hentry"],"jetpack_sharing_enabled":true,"jetpack_shortlink":"https:\/\/wp.me\/P82TDz-2Ue","_links":{"self":[{"href":"https:\/\/www.toletum-network.com\/es\/wp-json\/wp\/v2\/pages\/11174","targetHints":{"allow":["GET"]}}],"collection":[{"href":"https:\/\/www.toletum-network.com\/es\/wp-json\/wp\/v2\/pages"}],"about":[{"href":"https:\/\/www.toletum-network.com\/es\/wp-json\/wp\/v2\/types\/page"}],"author":[{"embeddable":true,"href":"https:\/\/www.toletum-network.com\/es\/wp-json\/wp\/v2\/users\/10"}],"replies":[{"embeddable":true,"href":"https:\/\/www.toletum-network.com\/es\/wp-json\/wp\/v2\/comments?post=11174"}],"version-history":[{"count":8,"href":"https:\/\/www.toletum-network.com\/es\/wp-json\/wp\/v2\/pages\/11174\/revisions"}],"predecessor-version":[{"id":11269,"href":"https:\/\/www.toletum-network.com\/es\/wp-json\/wp\/v2\/pages\/11174\/revisions\/11269"}],"up":[{"embeddable":true,"href":"https:\/\/www.toletum-network.com\/es\/wp-json\/wp\/v2\/pages\/18"}],"wp:attachment":[{"href":"https:\/\/www.toletum-network.com\/es\/wp-json\/wp\/v2\/media?parent=11174"}],"curies":[{"name":"wp","href":"https:\/\/api.w.org\/{rel}","templated":true}]}}