{"id":10914,"date":"2017-10-02T22:44:37","date_gmt":"2017-10-02T20:44:37","guid":{"rendered":"http:\/\/www.toletum-network.com\/?page_id=10914"},"modified":"2017-10-03T19:35:21","modified_gmt":"2017-10-03T17:35:21","slug":"dialogo-hispano-aleman-de-ciencias","status":"publish","type":"page","link":"https:\/\/www.toletum-network.com\/es\/aktivitaten\/dialogo-hispano-aleman-de-ciencias\/","title":{"rendered":"Di\u00e1logo hispano-alem\u00e1n de Ciencias. El legado \u00e1rabe en Espa\u00f1a"},"content":{"rendered":"<p><img loading=\"lazy\" decoding=\"async\" class=\"alignnone wp-image-10921 size-full\" src=\"http:\/\/www.toletum-network.com\/wp-content\/uploads\/2017\/10\/Collage.jpg\" alt=\"\" width=\"840\" height=\"403\" srcset=\"https:\/\/www.toletum-network.com\/wp-content\/uploads\/2017\/10\/Collage.jpg 840w, https:\/\/www.toletum-network.com\/wp-content\/uploads\/2017\/10\/Collage-300x144.jpg 300w, https:\/\/www.toletum-network.com\/wp-content\/uploads\/2017\/10\/Collage-768x368.jpg 768w\" sizes=\"auto, (max-width: 709px) 85vw, (max-width: 909px) 67vw, (max-width: 1362px) 62vw, 840px\" \/><\/p>\n<p>Jornada de estudio organizado por el CSIC Madrid, el DAAD Madrid y las Universidades de Hamburgo y Heidelberg<\/p>\n<p><strong>Hora y lugar<\/strong><br \/>\n26.09.2017; 9:30 \u2013 16:30 horas: <strong>CSIC<\/strong> &#8211; Centro de Ciencias Humanas y Sociales; c\/ de Albasanz 26-28, sala Men\u00e9ndez Pidal (0E18); 19:00 \u2013 21:00 horas: <strong>Casa \u00c1rabe<\/strong>; c\/ de Alcal\u00e1, 62, Sal\u00f3n de Embajadores<\/p>\n<p><strong>Download<\/strong> <a href=\"http:\/\/www.toletum-network.com\/wp-content\/uploads\/2017\/10\/Di\u00e1logo-hispano-alem\u00e1n-de-Ciencias-09.2017.pdf\">Programa Di\u00e1logo<\/a> (PDF); <a href=\"http:\/\/www.toletum-network.com\/wp-content\/uploads\/2017\/10\/Madrid-Casa-\u00c1rabe-09.2017.pdf\">Mesa Redonda<\/a> (PDF)<\/p>\n<h3><strong>Programa<\/strong><\/h3>\n<p><span style=\"color: #999999;\">\u2014 9:30 horas<\/span><strong><br \/>\nActo de Apertura<\/strong><br \/>\nMarc Reznicek, Director del Centro de Informaci\u00f3n Madrid (DAAD); Prof. Dra. Mar\u00eda \u00c1ngeles Gallego Garc\u00eda,\u00a0Directora del Instituto de Lenguas y Culturas del Mediterr\u00e1neo\u00a0 y Oriente Pr\u00f3ximo del CSIC; Dr. Christoph Dorschfeldt, Jefe de la secci\u00f3n de Asuntos Culturales y Educativos de la Embajada Alemana en Espa\u00f1a<\/p>\n<p><span style=\"color: #800080;\"><strong>Historia medieval entre Espa\u00f1a y Alemania<\/strong><\/span><br \/>\nModera la Prof. Dra. Sabine Panzram, Historia Antigua, Universidad de Hamburgo<\/p>\n<p><span style=\"color: #999999;\">\u2014 9:45 horas<\/span><strong><br \/>\nIbero-Medievalismo en la Alemania actual<\/strong><br \/>\nProf. Dr. Nikolas Jaspert, Historia Medieval, Universidad de Heidelberg<\/p>\n<p><span style=\"color: #999999;\">\u2014 10:15 horas<\/span><strong><br \/>\nLas minor\u00edas religiosas en la Edad Media desde una perspectiva hispano-alemana<\/strong><br \/>\nProf. Dra. Ana Echevarr\u00eda Arsuaga, Historia Medieval, UNED<\/p>\n<p><span style=\"color: #999999;\">\u2014 10:35 horas<\/span><strong><br \/>\nPerspectivas ib\u00e9ricas para el medievalismo alem\u00e1n<\/strong><br \/>\nProf. Dr. Eduardo Manzano Moreno, Historia Medieval, CSIC<\/p>\n<p><span style=\"color: #999999;\">\u2014 10:55 horas<\/span><strong><br \/>\nExperiencias de una medievalista con instituciones acad\u00e9micas alemanas (1991-2017)<\/strong><br \/>\nProf. Dra. Blanca Gari de Aguilera, Historia Medieval, Universidad de Barcelona<\/p>\n<p><span style=\"color: #999999;\">\u2014 11:15 horas<\/span><strong><br \/>\nDenken hei\u00dft vergleichen: Escribir historia entre Alemania y Espa\u00f1a<\/strong><br \/>\nProf. Dr. Pedro Martinez Garc\u00eda, Historia Medieval, Universidad Rey Juan Carlos<\/p>\n<p><span style=\"color: #800080;\"><strong>Investigar en Alemania<\/strong><\/span><\/p>\n<p><span style=\"color: #999999;\">\u2014 12:00 horas<\/span><strong><br \/>\n<\/strong><strong>Financiar la cooperaci\u00f3n acad\u00e9mica hispano-alemana<\/strong><br \/>\nMarc Reznicek, Director del Centro de Informaci\u00f3n Madrid (DAAD)<\/p>\n<p><span style=\"color: #800080;\"><strong>El legado \u00e1rabe en Espa\u00f1a<\/strong><\/span><\/p>\n<p><span style=\"color: #999999;\">\u2014 13:00 horas<\/span><strong><br \/>\nEl proyecto <em>Knowledge in Islamic Societies and their Neighbors<\/em> (Anneliese Maier Award 2014)<\/strong><br \/>\nProf. Dra. Maribel Fierro Bello,\u00a0Estudios Jud\u00edos e Isl\u00e1micos, CSIC; Dra. Irene Paj\u00f3n Leyra, Estudios Griegos y Latinos, Universidad de Sevilla<\/p>\n<p><span style=\"color: #999999;\">\u2014 13:20 horas<\/span><br \/>\n<strong>La investigaci\u00f3n de la almunia al-Rummaniyya. Criterios de una intervenci\u00f3n<\/strong><br \/>\nDr. Antonio Vallejo Triano, Museo de Bellas Artes de C\u00f3rdoba, C\u00f3rdoba<\/p>\n<p><span style=\"color: #999999;\">\u2014 13:40 horas<\/span><br \/>\n<strong>La colaboraci\u00f3n alemana-espa\u00f1ola en al-Rummaniya y Madinat al-Zahra<\/strong><br \/>\nDr. Felix Arnold, Arte isl\u00e1mico y arquitectura, Instituto Arqueol\u00f3gico Alem\u00e1n Madrid<\/p>\n<p><span style=\"color: #999999;\">\u2014 14:00 horas<\/span><strong><br \/>\nComida<\/strong><\/p>\n<p><span style=\"color: #999999;\">\u2014 15:00 &#8211; 16:30 horas<\/span><strong><br \/>\nSesi\u00f3n de p\u00f3steres de j\u00f3venes investigadores<\/strong><br \/>\nJavier Albarr\u00e1n Iruela, Elena Asensio Cantera, V\u00edctor de Castro Le\u00f3n, Aurora Gonz\u00e1lez Artigao, Katarzyna K. Starczewska, Tim Knoche, Eneko L\u00f3pez Mart\u00ednez de Marigorta, Alejandro Pel\u00e1ez Mart\u00edn, Dagmar Riedel, Alba San Juan P\u00e9rez, Iria Santos de Arcos, Teresa Soto Gonz\u00e1lez, Josep Su\u00f1e Arce, Jan Thiele<\/p>\n<p><span style=\"color: #999999;\">\u2014 19:00 &#8211; 21:00 horas<\/span><strong><br \/>\n<strong>Mesa redonda<\/strong><br \/>\n<span style=\"color: #800080;\"><strong>El legado \u00e1rabe en Espa\u00f1a: balance y futuro desde una perspectiva hispano-alemana<\/strong><\/span><\/strong><\/p>\n<p><strong>Presenta:<\/strong><br \/>\nPedro Mart\u00ednez-Avial Mart\u00edn, Casa \u00c1rabe Madrid<br \/>\n<strong>Modera:<\/strong><br \/>\nSabine Panzram, Universidad de Hamburgo<br \/>\n<strong>Participan:<\/strong><br \/>\nNikolas Jaspert, Universidad de Heidelberg<br \/>\nEduardo Manzano Moreno, CSIC<br \/>\nAlejandro Garc\u00eda Sanjuan, Universidad de Huelva<br \/>\nMartin Dahms, Corresponsal de <em>Berliner Zeitung<\/em> y de <em>Frankfurter Rundschau<\/em><\/p>\n<p>&nbsp;<\/p>","protected":false},"excerpt":{"rendered":"<p>Jornada de estudio organizado por el CSIC Madrid, el DAAD Madrid y las Universidades de Hamburgo y Heidelberg Hora y lugar 26.09.2017; 9:30 \u2013 16:30 horas: CSIC &#8211; Centro de Ciencias Humanas y Sociales; c\/ de Albasanz 26-28, sala Men\u00e9ndez Pidal (0E18); 19:00 \u2013 21:00 horas: Casa \u00c1rabe; c\/ de Alcal\u00e1, 62, Sal\u00f3n de Embajadores &hellip; <a href=\"https:\/\/www.toletum-network.com\/es\/aktivitaten\/dialogo-hispano-aleman-de-ciencias\/\" class=\"more-link\">Continuar leyendo<span class=\"screen-reader-text\"> \u00abDi\u00e1logo hispano-alem\u00e1n de Ciencias. El legado \u00e1rabe en Espa\u00f1a\u00bb<\/span><\/a><\/p>\n","protected":false},"author":10,"featured_media":0,"parent":15,"menu_order":0,"comment_status":"closed","ping_status":"closed","template":"","meta":{"jetpack_post_was_ever_published":false,"footnotes":""},"class_list":["post-10914","page","type-page","status-publish","hentry"],"jetpack_sharing_enabled":true,"jetpack_shortlink":"https:\/\/wp.me\/P82TDz-2Q2","_links":{"self":[{"href":"https:\/\/www.toletum-network.com\/es\/wp-json\/wp\/v2\/pages\/10914","targetHints":{"allow":["GET"]}}],"collection":[{"href":"https:\/\/www.toletum-network.com\/es\/wp-json\/wp\/v2\/pages"}],"about":[{"href":"https:\/\/www.toletum-network.com\/es\/wp-json\/wp\/v2\/types\/page"}],"author":[{"embeddable":true,"href":"https:\/\/www.toletum-network.com\/es\/wp-json\/wp\/v2\/users\/10"}],"replies":[{"embeddable":true,"href":"https:\/\/www.toletum-network.com\/es\/wp-json\/wp\/v2\/comments?post=10914"}],"version-history":[{"count":30,"href":"https:\/\/www.toletum-network.com\/es\/wp-json\/wp\/v2\/pages\/10914\/revisions"}],"predecessor-version":[{"id":11024,"href":"https:\/\/www.toletum-network.com\/es\/wp-json\/wp\/v2\/pages\/10914\/revisions\/11024"}],"up":[{"embeddable":true,"href":"https:\/\/www.toletum-network.com\/es\/wp-json\/wp\/v2\/pages\/15"}],"wp:attachment":[{"href":"https:\/\/www.toletum-network.com\/es\/wp-json\/wp\/v2\/media?parent=10914"}],"curies":[{"name":"wp","href":"https:\/\/api.w.org\/{rel}","templated":true}]}}