{"id":10889,"date":"2017-09-24T19:02:32","date_gmt":"2017-09-24T17:02:32","guid":{"rendered":"http:\/\/www.toletum-network.com\/?page_id=10889"},"modified":"2018-03-10T23:17:09","modified_gmt":"2018-03-10T22:17:09","slug":"viii-workshop-2017","status":"publish","type":"page","link":"https:\/\/www.toletum-network.com\/es\/workshops\/viii-workshop-2017\/","title":{"rendered":"VIII. Workshop 2017"},"content":{"rendered":"<p><img loading=\"lazy\" decoding=\"async\" class=\"alignnone size-medium wp-image-10890\" src=\"http:\/\/www.toletum-network.com\/wp-content\/uploads\/2017\/09\/Toletum-VIII-1-210x300.jpg\" alt=\"\" width=\"400\" height=\"572\" srcset=\"https:\/\/www.toletum-network.com\/wp-content\/uploads\/2017\/09\/Toletum-VIII-1-210x300.jpg 210w, https:\/\/www.toletum-network.com\/wp-content\/uploads\/2017\/09\/Toletum-VIII-1-768x1097.jpg 768w, https:\/\/www.toletum-network.com\/wp-content\/uploads\/2017\/09\/Toletum-VIII-1-717x1024.jpg 717w, https:\/\/www.toletum-network.com\/wp-content\/uploads\/2017\/09\/Toletum-VIII-1-1200x1714.jpg 1200w, https:\/\/www.toletum-network.com\/wp-content\/uploads\/2017\/09\/Toletum-VIII-1.jpg 1985w\" sizes=\"auto, (max-width: 400px) 85vw, 400px\" \/><\/p>\n<hr \/>\n<h1><span style=\"color: #e6b900;\">VIII. Workshop<\/span><\/h1>\n<h5><strong><span style=\"color: #e6b900;\">26. \u2013 28. Oktober 2017 in Hamburg<\/span><\/strong><\/h5>\n<h5>St\u00e4dte verbinden? Kommunikationswege auf der Iberischen Halbinsel<strong><span style=\"color: #e6b900;\"><br \/>\n<\/span><\/strong><\/h5>\n<p><strong>Tagungsort<br \/>\n<\/strong><a href=\"http:\/\/www.warburg-haus.de\/\">Warburg-Haus<\/a> \u00b7 Heilwigstr. 116 \u00b7 D-20249 Hamburg<br \/>\nDownload <a href=\"http:\/\/www.toletum-network.com\/wp-content\/uploads\/2017\/09\/Toletum-VIII-programa.pdf\">Programm Workshop 2017<\/a> (PDF)<br \/>\nTagungsbericht von Dominik Kloss und Sabine Panzram:<br \/>\n<a href=\"https:\/\/www.hsozkult.de\/conferencereport\/id\/tagungsberichte-7476\">H-Soz-u-Kult<\/a> \/ <a href=\"http:\/\/www.toletum-network.com\/wp-content\/uploads\/2018\/03\/Bollettino-di-Studi-Latini-48-2018-240-245.pdf\">Bollettino di Studi Latini 48 (2018), 240-245<\/a><\/p>\n<hr \/>\n<h3>Tagungsprogramm<\/h3>\n<h3><span style=\"color: #e6b900;\"><strong>Donnerstag, 26.10.2017<\/strong><\/span><\/h3>\n<p><span style=\"color: #999999;\">\u2014 18.00 Uhr<\/span><br \/>\n<em>Begr\u00fc\u00dfung<br \/>\n<\/em><strong>Prof. Dr. Sabine Panzram<br \/>\n<\/strong><em>Alte Geschichte \/ Universit\u00e4t Hamburg<br \/>\n<\/em><strong>Prof. Dr. Markus Trunk<br \/>\n<\/strong><em>Klassische Arch\u00e4ologie \/ Universit\u00e4t Trier<\/em><br \/>\n<strong>Generalkonsul Pedro Antonio Villena P\u00e9rez<\/strong><em><br \/>\nGeneralkonsulat von Spanien \/ Hamburg<\/em><\/p>\n<p><span style=\"color: #999999;\">\u2014 18.15 Uhr<\/span><br \/>\n<strong>Prof. Dr. \u00c1ngeles Magall\u00f3n Botaya<br \/>\n<\/strong><em>Klassische Arch\u00e4ologie \/ Universidad de Zaragoza<\/em><em><br \/>\n<\/em>Ejes viarios y ciudades romanas en el Valle Medio del Ebro<\/p>\n<p><span style=\"color: #999999;\">\u2014 19.00 Uhr<\/span><br \/>\n<strong>Prof. Dr. Felix Teichner<br \/>\n<\/strong><em>Provinzialr\u00f6mische Arch\u00e4ologie \/ Universit\u00e4t Marburg<\/em><strong><br \/>\n<\/strong>Hafennetzwerke an den K\u00fcsten der r\u00f6mischen Provinzen <em>Lusitania<\/em> und <em>Baetica<\/em><\/p>\n<p><span style=\"color: #999999;\">\u2014 20.00 Uhr<\/span><br \/>\n<em>Empfang<\/em><\/p>\n<hr \/>\n<h3 style=\"clear: both;\"><span style=\"color: #e6b900;\"><strong>Freitag, 27.10.2017<\/strong><br \/>\n<\/span><\/h3>\n<p><span style=\"color: #800080;\"><strong>Kommunikationswege in Republik und Kaiserzeit \u2013 Stra\u00dfen und Architektur <\/strong><br \/>\n<\/span><\/p>\n<p><span style=\"color: #999999;\">\u2014 9.30 Uhr<\/span><br \/>\n<strong>Dr. Antonio Monterroso Checa<br \/>\n<\/strong><em>Klassische Arch\u00e4ologie \/ Universidad de C\u00f3rdoba<\/em><strong><br \/>\n<\/strong>La calzada <em>Corduba-Emerita<\/em> a traves del <em>ager Mellariensis<\/em>. Documentaci\u00f3n arqueol\u00f3gica del cauce de conexi\u00f3n log\u00edstica entre las dos capitales de la <em>Hispania Ulterior<\/em><\/p>\n<p><span style=\"color: #999999;\">\u2014 10.15 Uhr<\/span><br \/>\n<strong>Christopher Courault<\/strong><br \/>\n<em>Klassische Arch\u00e4ologie \/ Universidad de C\u00f3rdoba<\/em><strong><br \/>\n<\/strong>Nuevas interpretaciones sobre las antiguas murallas de C\u00f3rdoba y mirada hacia el futuro<\/p>\n<p><span style=\"color: #999999;\">\u2014 11.00 Uhr<\/span><br \/>\n<em>Kaffeepause<\/em><\/p>\n<p><span style=\"color: #999999;\">\u2014 11.30 Uhr<\/span><br \/>\n<strong>Antonio Geanini Abades<\/strong><br \/>\n<em>Klassische Arch\u00e4ologie \/ Universidad Complutense de Madrid<\/em><strong><br \/>\n<\/strong>La arqueolog\u00eda de la calzada <em>Carthago Nova-Complutum<\/em> (<em>Conventus Carthaginensis<\/em>, <em>Hispania Citerior<\/em>)<\/p>\n<p><span style=\"color: #999999;\">\u2014 12.15 Uhr<\/span><br \/>\n<strong>PD Dr. Nicole R\u00f6ring<\/strong><br \/>\n<em>Bauforschung \/ MEMVIER Bamberg \/ Technische Universit\u00e4t M\u00fcnchen<\/em><strong><br \/>\n<\/strong><em>Olisipo<\/em>, <em>Metellinum<\/em> und <em>Augusta Emerita<\/em> \u2013 drei St\u00e4dte, eine Architektursprache<\/p>\n<p><span style=\"color: #999999;\">\u2014 13.00 Uhr<\/span><br \/>\n<em>Mittagspause<\/em><\/p>\n<p><span style=\"color: #999999;\">\u2014 15.30 Uhr<\/span><br \/>\n<strong>Dr. Janine Lehmann<\/strong><br \/>\n<em>Klassische Arch\u00e4ologie \/ Deutsches Arch\u00e4ologisches Institut Abteilung Madrid<\/em><br \/>\nVon der <em>urbs<\/em> in die Provinz \u2013 Wege der Rezeption und Verbreitung r\u00f6mischer Architekturformen in St\u00e4dten der <em>Lusitania<\/em><\/p>\n<p><span style=\"color: #999999;\">\u2014 16.15 Uhr<\/span><br \/>\n<strong>Pieter H.A. Houten<\/strong><br \/>\n<em>Alte Geschichte \/ Universiteit Leiden<\/em><br \/>\nInforme final. <em>Civitates Hispaniae<\/em> en conexi\u00f3n<\/p>\n<p><strong><span style=\"color: #999999;\">\u2014 17.00 Uhr<\/span><br \/>\n<em>Kaffeepause<\/em><br \/>\n<\/strong><br \/>\n<span style=\"color: #800080;\"><strong>Berichte aus laufenden Qualifikationsarbeiten<\/strong><br \/>\n<\/span><\/p>\n<p><span style=\"color: #999999;\">\u2014 17.30 Uhr<\/span><br \/>\n<strong>S\u00edlvia Monteiro Teixeira<br \/>\n<\/strong><em>Alte Geschichte \/ Universidade de Lisboa<\/em><strong><br \/>\n<\/strong>Nacer esclavo, morir libre: fuentes y problem\u00e1ticas del estudio de los grupos de origen servil en Lusitania<strong><br \/>\n<\/strong><\/p>\n<p><span style=\"color: #999999;\">\u2014 18.10 Uhr<\/span><br \/>\n<strong>Mar\u00eda Victoria Garc\u00eda Aboal<br \/>\n<\/strong><em>Klassische Arch\u00e4ologie \/ Universidad de Murcia<\/em><strong><br \/>\n<\/strong>Cambio y transformaci\u00f3n en la <em>Carthago Nova<\/em> tardorromana: la <em>insula<\/em> II del Molinete<\/p>\n<p><span style=\"color: #999999;\">\u2014 18.50 Uhr<\/span><br \/>\n<strong>Jasmin Hettinger<br \/>\n<\/strong><em>Alte Geschichte \/ Universit\u00e4t Duisburg-Essen<\/em><strong><br \/>\n<\/strong>Hispanien und das (Hoch-)Wasser. Eine Bilanz<\/p>\n<p><span style=\"color: #999999;\">20.30 Uhr<\/span><strong><br \/>\n<\/strong><em>Gemeinsames Abendessen<\/em><\/p>\n<hr \/>\n<h3 style=\"clear: both;\"><span style=\"color: #e6b900;\"><strong>Samstag, 28.10.2017<\/strong><br \/>\n<\/span><\/h3>\n<p><span style=\"color: #800080;\"><strong>Kommunikationswege in der Sp\u00e4tantike \u2013 Wirtschaft und Kirche<\/strong><br \/>\n<\/span><\/p>\n<p><span style=\"color: #999999;\">\u2014 9.30 Uhr<\/span><br \/>\n<strong>Prof. Dr. Ricardo Gonz\u00e1lez Villaescusa<br \/>\n<\/strong><em>Klassische Arch\u00e4ologie \/ Universit\u00e9 Nice Sophia Antipolis<\/em><strong><br \/>\n<\/strong>Can Blai, un fort\u00edn tardoantiguo de vigilancia costera (Formentera, Baleares). Defensa imperial del <em>Baelaricum Mare<\/em> a principios del siglo IV d. C.<strong><br \/>\n<\/strong><br \/>\n<span style=\"color: #999999;\">\u2014 10.15 Uhr<\/span><br \/>\n<strong>Beate Br\u00fchlmann<\/strong><br \/>\n<em>Klassische Arch\u00e4ologie \/ Universit\u00e4t Trier<\/em><br \/>\n\u00d6konomische Netzwerke im Hinterland der St\u00e4dte: zur r\u00f6mischen Villenwirtschaft in Hispanien<\/p>\n<p><span style=\"color: #999999;\">\u2014 11.00 Uhr<\/span><br \/>\n<em>Kaffeepause<\/em><\/p>\n<p><span style=\"color: #999999;\">\u2014 11.30 Uhr<\/span><br \/>\n<strong>Dr. Fedor Schlimbach<br \/>\n<\/strong><em>Christliche Arch\u00e4ologie und Byzantinische Kunstgeschichte \/ Georg-August-Universit\u00e4t G\u00f6ttingen<\/em><strong><br \/>\n<\/strong>Kirchen an neuen Pl\u00e4tzen: Zur Ausbreitung des Christentums im l\u00e4ndlichen Bereich Hispaniens in der Sp\u00e4tantike<strong><br \/>\n<\/strong><br \/>\n<span style=\"color: #999999;\">\u2014 12.15 Uhr<\/span><br \/>\n<strong>Dr. Paulo Pach\u00e1<br \/>\n<\/strong><em>Mittelalterliche Geschichte \/ Universidade Federal Fluminense Rio de Janeiro<\/em><strong><br \/>\n<\/strong>Destinos entrelazados: reexaminando &#8216;M\u00e9rida y Toledo&#8217; en el siglo VII<strong><br \/>\n<\/strong><br \/>\n<span style=\"color: #999999;\">\u2014 13.00 Uhr<\/span><br \/>\n<em>Mittagspause<br \/>\n<\/em><br \/>\n<span style=\"color: #999999;\">\u2014 15.30 Uhr<\/span><br \/>\n<strong>Stefan Pabst<\/strong><br \/>\n<em>Alte Kirchengeschichte, Patrologie und christliche Arch\u00e4ologie \/ Ruhr-Universit\u00e4t Bochum<\/em><br \/>\nKirchliche Kommunikationsprozesse am Ende des siebten Jahrhunderts: Herausforderungen und L\u00f6sungsans\u00e4tze<\/p>\n<p><span style=\"color: #800080;\"><strong>Kommunikationswege nach der Conquista \u2013 Stadt und Umland<\/strong><\/span><\/p>\n<p><span style=\"color: #999999;\">\u2014 16.15 Uhr<\/span><br \/>\n<strong>Dr. Eneko L\u00f3pez Mart\u00ednez de Marigorta<\/strong><br \/>\n<em>Mittelalterliche Geschichte \/ Consejo Superior de Estudios Cient\u00edficos Madrid \u2013 Universit\u00e4t Hamburg<\/em><br \/>\nLa v\u00eda califal C\u00f3rdoba \u2013 Almer\u00eda dentro de la proyecci\u00f3n omeya hacia el Mediterr\u00e1neo<\/p>\n<p><strong><span style=\"color: #999999;\">\u2014 <\/span><\/strong><span style=\"color: #999999;\">17.00 Uhr<\/span><strong><br \/>\n<\/strong><em>Kaffeepause<\/em><strong><br \/>\n<\/strong><br \/>\n<span style=\"color: #999999;\">\u2014 17.30 Uhr<\/span><br \/>\n<strong>Dr. Rafael Blanco Guzm\u00e1n<br \/>\n<\/strong><em>Arch\u00e4ologie des Mittelalters \/ Escuela de Estudios \u00c1rabes de Granada<\/em><br \/>\nLas almunias al oeste de la C\u00f3rdoba isl\u00e1mica: viario, producci\u00f3n, y h\u00e1bitat<strong><br \/>\n<\/strong><strong><br \/>\n<span style=\"color: #999999;\">\u2014 <\/span><\/strong><span style=\"color: #999999;\">18.15 Uhr<\/span><strong><br \/>\nProf. Mar\u00eda Isabel Fierro Bello<br \/>\n<\/strong><em>Semitische Philologie \/ Consejo Superior de Estudios Cient\u00edficos Madrid<\/em><strong><br \/>\n<\/strong>Dentro y fuera de la ciudad: el impacto de la conquista musulmana en la Pen\u00ednsula Ib\u00e9rica en las v\u00edas de comunicaci\u00f3n<\/p>\n<p><span style=\"color: #999999;\">\u2014 <\/span><span style=\"color: #999999;\">19.15 Uhr<\/span><strong><br \/>\n<\/strong><em>Abschlu\u00dfdiskussion<br \/>\n<\/em><\/p>\n<p><span style=\"color: #999999;\">\u2014 20.30 Uhr<\/span><em><strong><br \/>\n<\/strong>Gemeinsames Abendessen<\/em><\/p>\n<p>&nbsp;<\/p>","protected":false},"excerpt":{"rendered":"<p>VIII. Workshop 26. \u2013 28. Oktober 2017 in Hamburg St\u00e4dte verbinden? Kommunikationswege auf der Iberischen Halbinsel Tagungsort Warburg-Haus \u00b7 Heilwigstr. 116 \u00b7 D-20249 Hamburg Download Programm Workshop 2017 (PDF) Tagungsbericht von Dominik Kloss und Sabine Panzram: H-Soz-u-Kult \/ Bollettino di Studi Latini 48 (2018), 240-245 Tagungsprogramm Donnerstag, 26.10.2017 \u2014 18.00 Uhr Begr\u00fc\u00dfung Prof. Dr. Sabine &hellip; <a href=\"https:\/\/www.toletum-network.com\/es\/workshops\/viii-workshop-2017\/\" class=\"more-link\">Continuar leyendo<span class=\"screen-reader-text\"> \u00abVIII. Workshop 2017\u00bb<\/span><\/a><\/p>\n","protected":false},"author":10,"featured_media":0,"parent":12,"menu_order":0,"comment_status":"closed","ping_status":"closed","template":"","meta":{"jetpack_post_was_ever_published":false,"footnotes":""},"class_list":["post-10889","page","type-page","status-publish","hentry"],"jetpack_sharing_enabled":true,"jetpack_shortlink":"https:\/\/wp.me\/P82TDz-2PD","_links":{"self":[{"href":"https:\/\/www.toletum-network.com\/es\/wp-json\/wp\/v2\/pages\/10889","targetHints":{"allow":["GET"]}}],"collection":[{"href":"https:\/\/www.toletum-network.com\/es\/wp-json\/wp\/v2\/pages"}],"about":[{"href":"https:\/\/www.toletum-network.com\/es\/wp-json\/wp\/v2\/types\/page"}],"author":[{"embeddable":true,"href":"https:\/\/www.toletum-network.com\/es\/wp-json\/wp\/v2\/users\/10"}],"replies":[{"embeddable":true,"href":"https:\/\/www.toletum-network.com\/es\/wp-json\/wp\/v2\/comments?post=10889"}],"version-history":[{"count":17,"href":"https:\/\/www.toletum-network.com\/es\/wp-json\/wp\/v2\/pages\/10889\/revisions"}],"predecessor-version":[{"id":11604,"href":"https:\/\/www.toletum-network.com\/es\/wp-json\/wp\/v2\/pages\/10889\/revisions\/11604"}],"up":[{"embeddable":true,"href":"https:\/\/www.toletum-network.com\/es\/wp-json\/wp\/v2\/pages\/12"}],"wp:attachment":[{"href":"https:\/\/www.toletum-network.com\/es\/wp-json\/wp\/v2\/media?parent=10889"}],"curies":[{"name":"wp","href":"https:\/\/api.w.org\/{rel}","templated":true}]}}