{"id":10005,"date":"2016-11-23T23:35:38","date_gmt":"2016-11-23T22:35:38","guid":{"rendered":"http:\/\/www.toletum-network.com\/?page_id=10005"},"modified":"2020-11-18T11:18:16","modified_gmt":"2020-11-18T09:18:16","slug":"fernando-valdes-fernandez","status":"publish","type":"page","link":"https:\/\/www.toletum-network.com\/es\/teilnehmer\/fernando-valdes-fernandez\/","title":{"rendered":"Fernando Vald\u00e9s Fern\u00e1ndez"},"content":{"rendered":"<p><img loading=\"lazy\" decoding=\"async\" class=\"alignnone size-medium wp-image-10006\" src=\"http:\/\/www.toletum-network.com\/wp-content\/uploads\/2016\/11\/TN-Fernando-Valdes-300x225-300x225.jpg\" alt=\"tn-fernando-valdes-300x225\" width=\"300\" height=\"225\" \/><\/p>\n<h3 class=\"entry-title\">Prof. Dr. Fernando Vald\u00e9s Fern\u00e1ndez<\/h3>\n<div class=\"entry-content\">\n<p>Universidad Aut\u00f3noma de Madrid<br \/>\nFacultad de Filosof\u00eda y Letras<br \/>\nDepartamento de Prehistoria y Arquelog\u00eda<br \/>\nE-28049 Madrid<br \/>\n<a href=\"fernando.valdes@uam.es\">fernando.valdes@uam.es<\/a><\/p>\n<p><a href=\"http:\/\/uam.academia.edu\/FernandoVald%C3%A9sFern%C3%A1ndez\">CV<\/a><\/p>\n<p><strong><span style=\"color: #800080;\"><a style=\"color: #800080; text-decoration: underline;\" href=\"http:\/\/www.toletum-network.com\/workshops\/vii-workshop-2016\/\">Toletum VII <em>suburbia<\/em><\/a><\/span><\/strong><\/p>\n<\/div>\n","protected":false},"excerpt":{"rendered":"<p>Prof. Dr. Fernando Vald\u00e9s Fern\u00e1ndez Universidad Aut\u00f3noma de Madrid Facultad de Filosof\u00eda y Letras Departamento de Prehistoria y Arquelog\u00eda E-28049 Madrid fernando.valdes@uam.es CV Toletum VII suburbia<\/p>\n","protected":false},"author":10,"featured_media":0,"parent":18,"menu_order":0,"comment_status":"closed","ping_status":"closed","template":"","meta":{"jetpack_post_was_ever_published":false,"footnotes":""},"class_list":["post-10005","page","type-page","status-publish","hentry"],"jetpack_sharing_enabled":true,"jetpack_shortlink":"https:\/\/wp.me\/P82TDz-2Bn","_links":{"self":[{"href":"https:\/\/www.toletum-network.com\/es\/wp-json\/wp\/v2\/pages\/10005","targetHints":{"allow":["GET"]}}],"collection":[{"href":"https:\/\/www.toletum-network.com\/es\/wp-json\/wp\/v2\/pages"}],"about":[{"href":"https:\/\/www.toletum-network.com\/es\/wp-json\/wp\/v2\/types\/page"}],"author":[{"embeddable":true,"href":"https:\/\/www.toletum-network.com\/es\/wp-json\/wp\/v2\/users\/10"}],"replies":[{"embeddable":true,"href":"https:\/\/www.toletum-network.com\/es\/wp-json\/wp\/v2\/comments?post=10005"}],"version-history":[{"count":5,"href":"https:\/\/www.toletum-network.com\/es\/wp-json\/wp\/v2\/pages\/10005\/revisions"}],"predecessor-version":[{"id":10067,"href":"https:\/\/www.toletum-network.com\/es\/wp-json\/wp\/v2\/pages\/10005\/revisions\/10067"}],"up":[{"embeddable":true,"href":"https:\/\/www.toletum-network.com\/es\/wp-json\/wp\/v2\/pages\/18"}],"wp:attachment":[{"href":"https:\/\/www.toletum-network.com\/es\/wp-json\/wp\/v2\/media?parent=10005"}],"curies":[{"name":"wp","href":"https:\/\/api.w.org\/{rel}","templated":true}]}}