{"id":9984,"date":"2016-11-24T14:13:47","date_gmt":"2016-11-24T13:13:47","guid":{"rendered":"http:\/\/www.toletum-network.com\/?page_id=9984"},"modified":"2020-11-18T11:23:27","modified_gmt":"2020-11-18T09:23:27","slug":"pedro-martinez-avial-martin","status":"publish","type":"page","link":"http:\/\/www.toletum-network.com\/es\/teilnehmer\/pedro-martinez-avial-martin\/","title":{"rendered":"Pedro Mart\u00ednez-Avial Mart\u00edn"},"content":{"rendered":"<p><\/p>\n<h3 class=\"entry-title\"><img loading=\"lazy\" decoding=\"async\" class=\"alignnone size-medium wp-image-9986\" src=\"http:\/\/www.toletum-network.com\/wp-content\/uploads\/2016\/11\/TN-Generalkonsul-3-300x200-300x200.jpg\" alt=\"tn-generalkonsul-3-300x200\" width=\"300\" height=\"200\" \/><\/h3>\n<h3 class=\"entry-title\">Pedro Mart\u00ednez-Avial Mart\u00edn<\/h3>\n<div class=\"entry-content\">\n<p>Director General<br \/>\nCasa \u00c1rabe<br \/>\nc\/ Alcal\u00e1, 62<br \/>\nE-28009 Madrid<br \/>\n<strong>T.<\/strong> +34 91 563 0661<br \/>\n<strong>F.<\/strong> +34 91 563 0694<\/p>\n<p><strong>Website<\/strong><br \/>\n<a href=\"http:\/\/www.casaarabe.es\/expertos\">http:\/\/www.casaarabe.es\/expertos<\/a><\/p>\n<p><strong><span style=\"color: #800080;\"><a style=\"color: #800080; text-decoration: underline;\" href=\"http:\/\/www.toletum-network.com\/workshops\/vii-workshop-2016\/\">Toletum VII <em>suburbia<\/em><\/a> \/\u00a0<strong><span style=\"color: #800080;\"><a style=\"color: #800080; text-decoration: underline;\" href=\"http:\/\/www.toletum-network.com\/es\/aktivitaten\/dialogo-hispano-aleman-de-ciencias\/\">Jornada de estudio \u201eDi\u00e1logo hispano-alem\u00e1n de Ciencias\u201c<\/a><\/span><\/strong><\/span><\/strong><\/p>\n<\/div>\n<p><\/p>","protected":false},"excerpt":{"rendered":"<p>Pedro Mart\u00ednez-Avial Mart\u00edn Director General Casa \u00c1rabe c\/ Alcal\u00e1, 62 E-28009 Madrid T. +34 91 563 0661 F. +34 91 563 0694 Website http:\/\/www.casaarabe.es\/expertos Toletum VII suburbia \/\u00a0Jornada de estudio \u201eDi\u00e1logo hispano-alem\u00e1n de Ciencias\u201c<\/p>\n","protected":false},"author":10,"featured_media":0,"parent":18,"menu_order":0,"comment_status":"closed","ping_status":"closed","template":"","meta":{"jetpack_post_was_ever_published":false,"footnotes":""},"class_list":["post-9984","page","type-page","status-publish","hentry"],"jetpack_sharing_enabled":true,"jetpack_shortlink":"https:\/\/wp.me\/P82TDz-2B2","_links":{"self":[{"href":"http:\/\/www.toletum-network.com\/es\/wp-json\/wp\/v2\/pages\/9984","targetHints":{"allow":["GET"]}}],"collection":[{"href":"http:\/\/www.toletum-network.com\/es\/wp-json\/wp\/v2\/pages"}],"about":[{"href":"http:\/\/www.toletum-network.com\/es\/wp-json\/wp\/v2\/types\/page"}],"author":[{"embeddable":true,"href":"http:\/\/www.toletum-network.com\/es\/wp-json\/wp\/v2\/users\/10"}],"replies":[{"embeddable":true,"href":"http:\/\/www.toletum-network.com\/es\/wp-json\/wp\/v2\/comments?post=9984"}],"version-history":[{"count":15,"href":"http:\/\/www.toletum-network.com\/es\/wp-json\/wp\/v2\/pages\/9984\/revisions"}],"predecessor-version":[{"id":11038,"href":"http:\/\/www.toletum-network.com\/es\/wp-json\/wp\/v2\/pages\/9984\/revisions\/11038"}],"up":[{"embeddable":true,"href":"http:\/\/www.toletum-network.com\/es\/wp-json\/wp\/v2\/pages\/18"}],"wp:attachment":[{"href":"http:\/\/www.toletum-network.com\/es\/wp-json\/wp\/v2\/media?parent=9984"}],"curies":[{"name":"wp","href":"https:\/\/api.w.org\/{rel}","templated":true}]}}