{"id":992,"date":"2016-07-28T14:57:44","date_gmt":"2016-07-28T14:57:44","guid":{"rendered":"http:\/\/www.toletum-network.com\/?page_id=992"},"modified":"2020-11-18T11:10:05","modified_gmt":"2020-11-18T09:10:05","slug":"nora-buchsenschutz","status":"publish","type":"page","link":"http:\/\/www.toletum-network.com\/es\/teilnehmer\/nora-buchsenschutz\/","title":{"rendered":"Dr. des. Nora B\u00fcchsensch\u00fctz"},"content":{"rendered":"<p><img loading=\"lazy\" decoding=\"async\" class=\"alignnone wp-image-1157 size-full\" src=\"http:\/\/www.toletum-network.com\/wp-content\/uploads\/2016\/07\/buechsenschuetz.jpg\" width=\"195\" height=\"300\" \/><\/p>\n<h3 class=\"entry-title\"><strong>Dr. des. Nora B\u00fcchsensch\u00fctz<\/strong><\/h3>\n<p>Deutsches Arch\u00e4ologisches Institut, Abteilung Madrid<br \/>\nInstituto Arqueol\u00f3gico Alem\u00e1n<br \/>\nc\/Calle Serrano 159,<br \/>\nE-28002 Madrid<br \/>\n<strong>T.<\/strong> +34 91 5610904<br \/>\n<span style=\"color: #999999;\"><a style=\"color: #999999;\" href=\"mailto:nora.buechsenschuetz@phil.uni-goettingen.de\">nora.buechsenschuetz@phil.uni-goettingen.de<\/a><\/span><\/p>\n<p><strong>\u00a0<\/strong><\/p>\n<hr \/>\n<h5><strong>Lebenslauf\u00a0\u00a0\u00a0 <\/strong><\/h5>\n<p><span style=\"color: #999999;\">\u2014 5.4.1987<\/span><br \/>\ngeb. in Marsberg<\/p>\n<p><span style=\"color: #999999;\">\u2014 1993-97<\/span><br \/>\nKatholische Grundschule Scherfede-Rimbeck<\/p>\n<p><span style=\"color: #999999;\">\u2014 1997-2006<\/span><br \/>\nH\u00fcffertgymnasium Warburg mit Abschluss Abitur<\/p>\n<p><span style=\"color: #999999;\">\u2014 Juni\/Juli 2004<\/span><br \/>\nPraktikum Stadtarch\u00e4ologie Paderborn<\/p>\n<p><span style=\"color: #999999;\">\u2014 Okt. 2006<\/span><br \/>\nAufnahme des B.A.-Studiums an der Universit\u00e4t G\u00f6ttingen: Arch\u00e4ologie der Klassischen und Byzantinischen Welt, Kulturanthropologie\/Europ\u00e4ische Ethnologie; Wahl des Schwerpunktes: Christliche Arch\u00e4ologie und Byzantinische Kunstgeschichte; Exkursionen nach Istanbul, Nordgriechenland \u2013 Bulgarien &#8211; Rum\u00e4nien, Toledo und Ravenna. Praktika im Stadtmuseum Paderborn und im Museum f\u00fcr Sepulkralkultur Kassel<\/p>\n<p><span style=\"color: #999999;\">\u2014 Mai 2008-Sept. 2011<\/span><br \/>\nStipendiatin der Friedrich-Ebert-Stiftung<\/p>\n<p><span style=\"color: #999999;\">\u2014 SoSe 2009<\/span><br \/>\nBachelor-Abschluss mit einer Arbeit \u00fcber \u201eDie Malereien im \u201aTombeau du Banquet\u2018 von Constan\u021ba (Tomis) zwischen paganer und christlicher Bilderwelt\u201c (B.A.)<\/p>\n<p><span style=\"color: #999999;\">\u2014 WiSe 2009\/10<\/span><br \/>\nAufnahme des M.A.-Studiums in G\u00f6ttingen: Christliche Arch\u00e4ologie und Byzantinische Kunstgeschichte, Klassische Arch\u00e4ologie, \u00c4gyptologie und Koptologie. Exkursion nach Rom<\/p>\n<p><span style=\"color: #999999;\">\u2014 Dez. 2009-Dez. 2012<\/span><br \/>\nStudentische\/Wissenschaftliche Hilfskraft in der Christlichen Arch\u00e4ologie und Byzantinischen Kunstgeschichte, Universit\u00e4t G\u00f6ttingen<\/p>\n<p><span style=\"color: #999999;\">\u2014 Juli\/Aug. 2010<\/span><br \/>\nTeilnahme an der DAI-Grabungskampagne in Gamzigrad\/Felix Romuliana<\/p>\n<p><span style=\"color: #999999;\">\u2014 Feb.\/M\u00e4rz 2011<\/span><br \/>\nPraktikum am DAI Istanbul<\/p>\n<p><span style=\"color: #999999;\">\u2014 SoSe 2011<\/span><br \/>\nAnfertigung der Master-Arbeit m. d. T. \u201eDie fr\u00fchchristliche spanische Sarkophagproduktion. Faktur und Ikonographie zwischen Tradition und Innovation\u201c<\/p>\n<p><span style=\"color: #999999;\">\u2014 Seit Jan. 2013<\/span><br \/>\nWissenschaftliche Mitarbeiterin der Christlichen Arch\u00e4ologie und Byzantinischen Kunstgeschichte, Universit\u00e4t G\u00f6ttingen im Rahmen der durch die DFG finanzierten Erstellung von Band IV des Repertoriums der christlich-antiken Sarkophage<\/p>\n","protected":false},"excerpt":{"rendered":"<p>Dr. des. Nora B\u00fcchsensch\u00fctz Deutsches Arch\u00e4ologisches Institut, Abteilung Madrid Instituto Arqueol\u00f3gico Alem\u00e1n c\/Calle Serrano 159, E-28002 Madrid T. +34 91 5610904 nora.buechsenschuetz@phil.uni-goettingen.de \u00a0 Lebenslauf\u00a0\u00a0\u00a0 \u2014 5.4.1987 geb. in Marsberg \u2014 1993-97 Katholische Grundschule Scherfede-Rimbeck \u2014 1997-2006 H\u00fcffertgymnasium Warburg mit Abschluss Abitur \u2014 Juni\/Juli 2004 Praktikum Stadtarch\u00e4ologie Paderborn \u2014 Okt. 2006 Aufnahme des B.A.-Studiums an der &hellip; <a href=\"http:\/\/www.toletum-network.com\/es\/teilnehmer\/nora-buchsenschutz\/\" class=\"more-link\">Continuar leyendo<span class=\"screen-reader-text\"> \u00abDr. des. Nora B\u00fcchsensch\u00fctz\u00bb<\/span><\/a><\/p>\n","protected":false},"author":7,"featured_media":0,"parent":18,"menu_order":0,"comment_status":"closed","ping_status":"closed","template":"","meta":{"jetpack_post_was_ever_published":false,"footnotes":""},"class_list":["post-992","page","type-page","status-publish","hentry"],"jetpack_sharing_enabled":true,"jetpack_shortlink":"https:\/\/wp.me\/P82TDz-g0","_links":{"self":[{"href":"http:\/\/www.toletum-network.com\/es\/wp-json\/wp\/v2\/pages\/992","targetHints":{"allow":["GET"]}}],"collection":[{"href":"http:\/\/www.toletum-network.com\/es\/wp-json\/wp\/v2\/pages"}],"about":[{"href":"http:\/\/www.toletum-network.com\/es\/wp-json\/wp\/v2\/types\/page"}],"author":[{"embeddable":true,"href":"http:\/\/www.toletum-network.com\/es\/wp-json\/wp\/v2\/users\/7"}],"replies":[{"embeddable":true,"href":"http:\/\/www.toletum-network.com\/es\/wp-json\/wp\/v2\/comments?post=992"}],"version-history":[{"count":12,"href":"http:\/\/www.toletum-network.com\/es\/wp-json\/wp\/v2\/pages\/992\/revisions"}],"predecessor-version":[{"id":9472,"href":"http:\/\/www.toletum-network.com\/es\/wp-json\/wp\/v2\/pages\/992\/revisions\/9472"}],"up":[{"embeddable":true,"href":"http:\/\/www.toletum-network.com\/es\/wp-json\/wp\/v2\/pages\/18"}],"wp:attachment":[{"href":"http:\/\/www.toletum-network.com\/es\/wp-json\/wp\/v2\/media?parent=992"}],"curies":[{"name":"wp","href":"https:\/\/api.w.org\/{rel}","templated":true}]}}