{"id":9887,"date":"2016-11-11T20:00:35","date_gmt":"2016-11-11T19:00:35","guid":{"rendered":"http:\/\/www.toletum-network.com\/?page_id=9887"},"modified":"2016-12-10T11:01:59","modified_gmt":"2016-12-10T10:01:59","slug":"el-entramado-provincial-de-la-peninsula-iberica-entre-antigueedad-tardia-y-alta-edad-media","status":"publish","type":"page","link":"http:\/\/www.toletum-network.com\/es\/aktivitaten\/el-entramado-provincial-de-la-peninsula-iberica-entre-antigueedad-tardia-y-alta-edad-media\/","title":{"rendered":"El entramado provincial de la Pen\u00ednsula Ib\u00e9rica, entre Antig\u00fcedad tard\u00eda y Alta Edad Media"},"content":{"rendered":"<p><em><strong><img loading=\"lazy\" decoding=\"async\" class=\"size-full wp-image-9924 alignleft\" src=\"http:\/\/www.toletum-network.com\/wp-content\/uploads\/2016\/11\/Collage-Rahmen-mit-Schatten-e1478880629558.jpg\" alt=\"collage-rahmen-mit-schatten\" width=\"400\" height=\"272\" \/><\/strong><\/em><\/p>\n<p>&nbsp;<\/p>\n<p>&nbsp;<\/p>\n<p>&nbsp;<\/p>\n<p>&nbsp;<\/p>\n<p>&nbsp;<\/p>\n<p>Jornada de estudio organizada por la Universit\u00e9 de La Rochelle y la Universit\u00e4t Hamburg en la \u00c9cole des hautes \u00e9tudes hispaniques et ib\u00e9riques (Casa de Vel\u00e1zquez, Madrid)<\/p>\n<p><strong>Hora y lugar<br \/>\n<\/strong>04.11.2016; viernes, 9 &#8211; 19 horas; Casa de Vel\u00e1zquez; c\/ de Paul Guinard, 3; 28040 Madrid<\/p>\n<p>Download: <a href=\"http:\/\/www.toletum-network.com\/wp-content\/uploads\/2016\/10\/El-entramado-provincial-11.2016.pdf\">Programa Jornada de estudio<\/a> (PDF)<\/p>\n<h3>Programa<\/h3>\n<p><span style=\"color: #999999;\">\u2014 09.30 horas &#8211; 14 horas<\/span><\/p>\n<p><strong>Palabras de bienvenida<br \/>\n<\/strong>Michel Bertrand, Director de la Casa de Vel\u00e1zquez<br \/>\n<strong>Introducci\u00f3n<br \/>\n<\/strong>Laurent Brassous, Universit\u00e9 de la Rochelle \u2013 Sabine Panzram, Universit\u00e4t Hamburg<\/p>\n<div data-canvas-width=\"180.35332\">\n<div data-canvas-width=\"163.56004000000001\"><strong>Les <em>Hispaniae<\/em> (IV<sup>e<\/sup>-V<sup>e<\/sup> si\u00e8cle) : reconstructions administratives des espaces provinciaux entre Diocl\u00e9tien et l\u2019installation des Wisigoths (508)<\/strong><\/div>\n<div data-canvas-width=\"464.65776\">\n<p>Patrick Le Roux, Universit\u00e9 Paris 13<\/p>\n<div data-canvas-width=\"466.0765199999999\"><strong>La organizaci\u00f3n de la Iglesia peninsular en los siglos IV-V<\/strong><br \/>\nPurificaci\u00f3n Ubric Rabaneda, Universidad de Granada<\/div>\n<div data-canvas-width=\"466.0765199999999\">\n<p><strong><br \/>\nEl esquema provincial en el contexto administrativo de la monarqu\u00eda visigoda<\/strong><br \/>\nPablo C. D\u00edaz Mart\u00ednez, Universidad de Salamanca<\/p>\n<div data-canvas-width=\"196.245\"><strong>To Name and Control: Space and Power in the Integration Process of the Visigothic Kingdom of Toledo<\/strong><\/div>\n<div data-canvas-width=\"196.245\">\n<div data-canvas-width=\"443.9478399999999\">\n<p>Paulo Pach\u00e1, Universidade Federal Fluminense (Rio de Janeiro) \/ Universit\u00e4t Hamburg<\/p>\n<\/div>\n<\/div>\n<p><span style=\"color: #999999;\">\u2014 16.00 horas &#8211; 19 horas<\/span><\/p>\n<p><strong>Fronteras y territorios entre <em>Gallaecia<\/em> y la <em>Tarraconensis<\/em> del siglo V al XI<\/strong><br \/>\nJuan Jos\u00e9 Larrea Conde &#8211; Mikel Pozo Flores,\u00a0Universidad del Pa\u00eds Vasco \/ Euskal Herriko Unibertsitatea<\/p>\n<div data-canvas-width=\"466.0765199999999\"><strong>Restauration ou bouleversement? La reconstitution des espaces dioc\u00e9sains dans la p\u00e9ninsule Ib\u00e9rique au haut Moyen \u00c2ge<\/strong><\/div>\n<div data-canvas-width=\"466.0765199999999\">\n<p data-canvas-width=\"139.21684000000002\">Ludwig Vones, Universit\u00e4t K\u00f6ln<\/p>\n<\/div>\n<div data-canvas-width=\"139.21684000000002\">\n<p data-canvas-width=\"506.21312\"><strong>De la Tarraconense al-<span style=\"text-decoration: underline;\">T<\/span>agr al-A&#8217;l\u00e0. Evoluci\u00f3n en la organizaci\u00f3n territorial del Valle del Ebro andalus\u00ed, siglo II-IV H \/ VIII-X AD<\/strong><br \/>\nJes\u00fas Lorenzo Jim\u00e9nez, Universidad del Pa\u00eds Vasco \/ Euskal Herriko Unibertsitatea<\/p>\n<div data-canvas-width=\"152.586\"><strong>Conclusiones<\/strong><\/div>\n<div data-canvas-width=\"215.57451999999998\">Sabine Panzram, Universit\u00e4t Hamburg\u00a0\u2013 Laurent Brassous, Universit\u00e9 de la Rochelle<\/div>\n<\/div>\n<\/div>\n<\/div>\n<\/div>\n<p><\/p>","protected":false},"excerpt":{"rendered":"<p>&nbsp; &nbsp; &nbsp; &nbsp; &nbsp; Jornada de estudio organizada por la Universit\u00e9 de La Rochelle y la Universit\u00e4t Hamburg en la \u00c9cole des hautes \u00e9tudes hispaniques et ib\u00e9riques (Casa de Vel\u00e1zquez, Madrid) Hora y lugar 04.11.2016; viernes, 9 &#8211; 19 horas; Casa de Vel\u00e1zquez; c\/ de Paul Guinard, 3; 28040 Madrid Download: Programa Jornada de &hellip; <a href=\"http:\/\/www.toletum-network.com\/es\/aktivitaten\/el-entramado-provincial-de-la-peninsula-iberica-entre-antigueedad-tardia-y-alta-edad-media\/\" class=\"more-link\">Continuar leyendo<span class=\"screen-reader-text\"> \u00abEl entramado provincial de la Pen\u00ednsula Ib\u00e9rica, entre Antig\u00fcedad tard\u00eda y Alta Edad Media\u00bb<\/span><\/a><\/p>\n","protected":false},"author":8,"featured_media":0,"parent":15,"menu_order":0,"comment_status":"closed","ping_status":"closed","template":"","meta":{"jetpack_post_was_ever_published":false,"footnotes":""},"class_list":["post-9887","page","type-page","status-publish","hentry"],"jetpack_sharing_enabled":true,"jetpack_shortlink":"https:\/\/wp.me\/P82TDz-2zt","_links":{"self":[{"href":"http:\/\/www.toletum-network.com\/es\/wp-json\/wp\/v2\/pages\/9887","targetHints":{"allow":["GET"]}}],"collection":[{"href":"http:\/\/www.toletum-network.com\/es\/wp-json\/wp\/v2\/pages"}],"about":[{"href":"http:\/\/www.toletum-network.com\/es\/wp-json\/wp\/v2\/types\/page"}],"author":[{"embeddable":true,"href":"http:\/\/www.toletum-network.com\/es\/wp-json\/wp\/v2\/users\/8"}],"replies":[{"embeddable":true,"href":"http:\/\/www.toletum-network.com\/es\/wp-json\/wp\/v2\/comments?post=9887"}],"version-history":[{"count":40,"href":"http:\/\/www.toletum-network.com\/es\/wp-json\/wp\/v2\/pages\/9887\/revisions"}],"predecessor-version":[{"id":10155,"href":"http:\/\/www.toletum-network.com\/es\/wp-json\/wp\/v2\/pages\/9887\/revisions\/10155"}],"up":[{"embeddable":true,"href":"http:\/\/www.toletum-network.com\/es\/wp-json\/wp\/v2\/pages\/15"}],"wp:attachment":[{"href":"http:\/\/www.toletum-network.com\/es\/wp-json\/wp\/v2\/media?parent=9887"}],"curies":[{"name":"wp","href":"https:\/\/api.w.org\/{rel}","templated":true}]}}