{"id":986,"date":"2016-07-28T14:47:00","date_gmt":"2016-07-28T13:47:00","guid":{"rendered":"http:\/\/www.toletum-network.com\/?page_id=986"},"modified":"2020-11-18T11:37:06","modified_gmt":"2020-11-18T09:37:06","slug":"beate-bruhlmann","status":"publish","type":"page","link":"http:\/\/www.toletum-network.com\/es\/teilnehmer\/beate-bruhlmann\/","title":{"rendered":"beate-bruhlmann"},"content":{"rendered":"<p><img loading=\"lazy\" decoding=\"async\" class=\"alignnone wp-image-1148\" src=\"http:\/\/www.toletum-network.com\/wp-content\/uploads\/2016\/07\/bruehlmann-kl.jpg\" width=\"225\" height=\"300\" \/><\/p>\n<h3 class=\"entry-title\"><strong>Beate Br\u00fchlmann, M. A.<\/strong><\/h3>\n<p><a href=\"mailto:beate.bruehlmann@googlemail.com\">beate.bruehlmann@googlemail.com<\/a><\/p>\n<div>\n<p><strong>Promotionsprojekt: <a href=\"http:\/\/www.toletum-network.com\/wp-content\/uploads\/2016\/07\/Br\u00fchlmann-R\u00f6mische-Villen-Funktion-und-Architektur.pdf\">R\u00f6mische Villen &#8211; Funktion und Architektur<\/a><\/strong><\/p>\n<div><\/div>\n<div>\n<hr \/>\n<\/div>\n<div><span style=\"color: #999999;\">\u2014 1997\u20132005<\/span><\/div>\n<div>\n<p>Studium an den Universit\u00e4ten Trier und Lecce (Italien)<br \/>\nHauptfach: Klassische Arch\u00e4ologie<br \/>\nNebenf\u00e4cher: Kunstgeschichte<br \/>\nAlte Geschichte<\/p>\n<\/div>\n<p><span style=\"color: #999999;\">\u2014 2001<\/span><br \/>\nTeilnahme an Ausgrabungen der Stadtarch\u00e4ologie Augsburg unter der Leitung von Dr. L. Bakker<\/p>\n<p><span style=\"color: #999999;\">\u2014 2002\u20132003<\/span><br \/>\nSocrates\/Erasmus-Stipendium an der Universit\u00e0 degli Studi di Lecce (Italien)<\/p>\n<p><span style=\"color: #999999;\">\u2014 2003<\/span><br \/>\nTeilnahme an der Lehrgrabung: Metodologia e tecnica della ricerca archeolo-gica: Scavo archeologico didattico \u2013 Cavallino (Lecce), Universit\u00e0 degli Studi di Lecce<\/p>\n<p><span style=\"color: #999999;\">\u2014 05.10.2005<\/span><br \/>\nMagistra Artium (Universit\u00e4t Trier)<br \/>\nMagisterarbeit: Der r\u00f6mische Gutshof von Kinheim. Auswertung der Grabung und \u00dcberlegungen zum Typus der \u00abPortikusvilla mit Eckrisaliten\u00bb<\/p>\n<p><span style=\"color: #999999;\">\u2014 Seit 2005<\/span><br \/>\nDissertationsprojekt<strong> R\u00f6mische Villen in Hispanien und Gallien. Eine vergleichende Untersuchung zur Funktion und Architektur<\/strong> an der Universit\u00e4t Trier bei Prof. Dr. M. Trunk<\/p>\n<p><span style=\"color: #999999;\">\u2014 2006\u20132010<\/span><br \/>\nWissenschaftliche Hilfskraft der Redaktion am Deutschen Arch\u00e4ologischen Institut, Abteilung Madrid<br \/>\nRedaktionelle Bearbeitung der Madrider Mitteilungen, Bd. 48\u201351<\/p>\n<p><span style=\"color: #999999;\">\u2014 2008<\/span><br \/>\nTeilnahme an der Grabungskampagne in Los Castillejos de Alcorr\u00edn (Manilva, Prov. M\u00e1laga) unter der Leitung von Prof. Dr. D. Marzoli (DAI Madrid) und Prof. Dr. C. Gonz\u00e1lez Wagner (Centro de Estudios Fenicios y P\u00fanicos, Univ. Complutense Madrid)<\/p>\n<p><span style=\"color: #999999;\">\u2014 2009<\/span><br \/>\nStipendiatin der Graduate School at the University of Kiel f\u00fcr die Teilnahme am Internationalen Workshop \u201eSocio-environmental dynamics over the last 12,000 years: the creation of landscapes\u201c (Kiel, 1.\u20134.4.2009)<\/p>\n<p><span style=\"color: #999999;\">\u2014 2010<\/span><br \/>\nTeilnahme am Workshop \u201eDer Kuppelbau von Centcelles. Neue Forschungen zu einem enigmatischen Denkmal von Weltrang\u201c unter Leitung von Prof. Dr. D. Korol (Univ. M\u00fcnster) und Prof. Dr. A. Arbeiter (Univ. G\u00f6ttingen) (M\u00fcns-ter, 22.\u201324.7.2010)<\/p>\n<p><span style=\"color: #999999;\">\u2014 2010<\/span><br \/>\nTeilnahme an der internationalen Tagung zum Kuppelbau von Centcelles des DAI im Goethe-Institut (Madrid, 22.\u201324.11.2010), mit dem Vortrag \u201eDie Zentralr\u00e4ume in der Villa von Centcelles. Zur funktionalen Frage der beiden Hauptr\u00e4ume im Kontext der zeitgen\u00f6ssischen Villenarchitektur Hispaniens und Galliens\u201c<\/p>\n<p><span style=\"color: #999999;\">\u2014 2010\u20132014<\/span><br \/>\nEltern- und Erziehungszeit<\/p>\n<p><span style=\"color: #999999;\">\u2014 2013\u20132014<\/span><br \/>\nRedaktion des Tagungsbandes: A. Arbeiter \u2013 D. Korol (Hrsg.), Der Kuppelbau von Centcelles. Neue Forschungen zu einem enigmatischen Denkmal von Weltrang, Internationale Tagung Madrid 22.\u201324.11.2010, Iberia Archaeologica 21 (in Druckvorbereitung)<\/p>\n<p><span style=\"color: #999999;\">\u2014 2014<\/span><br \/>\nRedaktionelle Bearbeitung der Madrider Mitteilungen, Bd. 56 (externe Redaktion)<\/p>\n<hr \/>\n<h5><strong>Publikationen<\/strong><\/h5>\n<p><strong><em>Aufsatz<\/em><\/strong><br \/>\nDie Zentralr\u00e4ume in der Villa von Centcelles. Zur funktionalen Bedeutung im Kontext der zeitgen\u00f6ssischen Villenarchitektur Hispaniens und Galliens, in: A. Arbeiter \u2013 D. Korol (Hrsg.), Der Kuppelbau von Centcelles. Neue Forschungen zu einem enigmatischen Denkmal von Weltrang, Iberia Archaeologica 21 (in Druckvorbereitung)<\/p>\n<p><strong><em>Rezension<\/em><\/strong><br \/>\nLandesamt f\u00fcr Denkmalpflege Rheinland-Pfalz (Hrsg.), Preu\u00dfische Facetten. Rheinromantik und Antike. Zeugnisse des Wirkens Friedrich Wilhelms IV. an Mittelrhein und Mosel, Regensburg 2001, in: H-Soz-u-Kult, 07.02.2002, <a href=\"http:\/\/www.hsozkult.de\/publicationreview\/id\/rezbuecher-872\">&lt;http:\/\/hsozkult.geschichte.hu-berlin.de\/rezensionen\/NG-2002-013&gt;<\/a><\/p>\n<\/div>\n","protected":false},"excerpt":{"rendered":"<p>Beate Br\u00fchlmann, M. A. beate.bruehlmann@googlemail.com Promotionsprojekt: R\u00f6mische Villen &#8211; Funktion und Architektur \u2014 1997\u20132005 Studium an den Universit\u00e4ten Trier und Lecce (Italien) Hauptfach: Klassische Arch\u00e4ologie Nebenf\u00e4cher: Kunstgeschichte Alte Geschichte \u2014 2001 Teilnahme an Ausgrabungen der Stadtarch\u00e4ologie Augsburg unter der Leitung von Dr. L. Bakker \u2014 2002\u20132003 Socrates\/Erasmus-Stipendium an der Universit\u00e0 degli Studi di Lecce (Italien) &hellip; <a href=\"http:\/\/www.toletum-network.com\/es\/teilnehmer\/beate-bruhlmann\/\" class=\"more-link\">Continuar leyendo<span class=\"screen-reader-text\"> \u00abbeate-bruhlmann\u00bb<\/span><\/a><\/p>\n","protected":false},"author":7,"featured_media":0,"parent":18,"menu_order":0,"comment_status":"closed","ping_status":"closed","template":"","meta":{"jetpack_post_was_ever_published":false,"footnotes":""},"class_list":["post-986","page","type-page","status-publish","hentry"],"jetpack_sharing_enabled":true,"jetpack_shortlink":"https:\/\/wp.me\/P82TDz-fU","_links":{"self":[{"href":"http:\/\/www.toletum-network.com\/es\/wp-json\/wp\/v2\/pages\/986","targetHints":{"allow":["GET"]}}],"collection":[{"href":"http:\/\/www.toletum-network.com\/es\/wp-json\/wp\/v2\/pages"}],"about":[{"href":"http:\/\/www.toletum-network.com\/es\/wp-json\/wp\/v2\/types\/page"}],"author":[{"embeddable":true,"href":"http:\/\/www.toletum-network.com\/es\/wp-json\/wp\/v2\/users\/7"}],"replies":[{"embeddable":true,"href":"http:\/\/www.toletum-network.com\/es\/wp-json\/wp\/v2\/comments?post=986"}],"version-history":[{"count":30,"href":"http:\/\/www.toletum-network.com\/es\/wp-json\/wp\/v2\/pages\/986\/revisions"}],"predecessor-version":[{"id":9624,"href":"http:\/\/www.toletum-network.com\/es\/wp-json\/wp\/v2\/pages\/986\/revisions\/9624"}],"up":[{"embeddable":true,"href":"http:\/\/www.toletum-network.com\/es\/wp-json\/wp\/v2\/pages\/18"}],"wp:attachment":[{"href":"http:\/\/www.toletum-network.com\/es\/wp-json\/wp\/v2\/media?parent=986"}],"curies":[{"name":"wp","href":"https:\/\/api.w.org\/{rel}","templated":true}]}}