{"id":9400,"date":"2016-10-07T17:00:28","date_gmt":"2016-10-07T16:00:28","guid":{"rendered":"http:\/\/www.toletum-network.com\/?page_id=9400"},"modified":"2017-09-24T19:06:25","modified_gmt":"2017-09-24T17:06:25","slug":"iii-workshop-2012","status":"publish","type":"page","link":"http:\/\/www.toletum-network.com\/es\/workshops\/iii-workshop-2012\/","title":{"rendered":"III. Workshop 2012"},"content":{"rendered":"<p><img loading=\"lazy\" decoding=\"async\" class=\"alignnone wp-image-469\" src=\"http:\/\/www.toletum-network.com\/wp-content\/uploads\/2016\/07\/Toletum-III-web-OK-210x300.jpg\" alt=\"Toletum-III-web-OK\" width=\"400\" height=\"571\" srcset=\"http:\/\/www.toletum-network.com\/wp-content\/uploads\/2016\/07\/Toletum-III-web-OK-210x300.jpg 210w, http:\/\/www.toletum-network.com\/wp-content\/uploads\/2016\/07\/Toletum-III-web-OK-768x1097.jpg 768w, http:\/\/www.toletum-network.com\/wp-content\/uploads\/2016\/07\/Toletum-III-web-OK-717x1024.jpg 717w, http:\/\/www.toletum-network.com\/wp-content\/uploads\/2016\/07\/Toletum-III-web-OK-1200x1714.jpg 1200w, http:\/\/www.toletum-network.com\/wp-content\/uploads\/2016\/07\/Toletum-III-web-OK.jpg 2000w\" sizes=\"auto, (max-width: 400px) 85vw, 400px\" \/><\/p>\n<hr \/>\n<h1><span id=\"workshop-3\" style=\"color: #e6b900;\">III. Workshop <\/span><\/h1>\n<h5><span style=\"color: #e6b900;\">1. \u2013 3. November 2012 in Hamburg<\/span><\/h5>\n<h5><b>Fokus Sp\u00e4tantike<\/b><\/h5>\n<p><strong>Tagungsort<\/strong><br \/>\n<a href=\"http:\/\/www.warburg-haus.de\/\">Warburg-Haus<\/a> \u00b7 Heilwigstr. 116 \u00b7 D-20249 Hamburg<br \/>\nDownload <a href=\"http:\/\/www.toletum-network.com\/wp-content\/uploads\/2016\/10\/FolletoHojas.pdf\">Programm Workshop 2012<\/a> (PDF)<br \/>\n<a href=\"http:\/\/hsozkult.geschichte.hu-berlin.de\/tagungsberichte\/id=4576\">Tagungsbericht<\/a> von Florian Sittig und Sabine Panzram (H-Soz-u-Kult)<\/p>\n<hr \/>\n<h2>Tagungsprogramm<\/h2>\n<h3><span style=\"color: #e6b900;\"><strong>Donnerstag, 01.11.2012<\/strong><\/span><\/h3>\n<p><span style=\"color: #999999;\">\u2014 17.00 Uhr<\/span><em><br \/>\nBegr\u00fc\u00dfung<br \/>\n<\/em><strong>Dr. Sabine Panzram<br \/>\n<\/strong><em>Alte Geschichte \/ Universit\u00e4t Hamburg<\/em><br \/>\n<strong>Prof. Dr. Markus Trunk<\/strong><br \/>\n<em>Klassische Arch\u00e4ologie \/ Universit\u00e4t Trier<\/em><\/p>\n<p><strong><span style=\"color: #800080;\">Aktueller Stand der Forschungen zur Sp\u00e4tantike auf der Iberischen Halbinsel<br \/>\n<\/span><\/strong><\/p>\n<p><span style=\"color: #999999;\">\u2014 17.15 Uhr<\/span><strong><br \/>\nProf. Dr. Santiago Castellanos<br \/>\n<\/strong><em>Alte Geschichte \/ Universidad de Le\u00f3n<br \/>\n<\/em>Textos y arqueolog\u00eda en la Hispania tardorromana y visigoda, siglos V-VII<\/p>\n<p><span style=\"color: #999999;\">\u2014 18.15 Uhr<\/span><strong><br \/>\nProf. Dr. Rafael Hidalgo Prieto<br \/>\n<\/strong><em>Klassische Arch\u00e4ologie \/ Universidad Pablo de Olavide, Sevilla<br \/>\n<\/em>El complejo palatino de Cercadilla en C\u00f3rdoba y la sede episcopal de Osio<\/p>\n<p><span style=\"color: #999999;\">\u2014 19.30 Uhr<\/span><em><br \/>\nEmpfang<\/em><\/p>\n<hr \/>\n<h3><span style=\"color: #e6b900;\"><strong>Freitag, 02.11.2012<\/strong><\/span><\/h3>\n<p><strong><span style=\"color: #800080;\">Rom und die Iberische Halbinsel \u2013 Formen der \u201eKommunikation\u201c zwischen Republik und \u201eformativer Phase\u201c (3. Jh. v. Chr.\u20131. Jh. n. Chr.)<br \/>\n<\/span><\/strong><\/p>\n<p><span style=\"color: #999999;\">\u2014 9.30 Uhr<\/span><strong><span style=\"color: #800080;\"><br \/>\n<\/span><\/strong><strong>Jasmin Hettinger<br \/>\n<\/strong><em>Alte Geschichte \/ Technische Universit\u00e4t Dresden<br \/>\n<\/em>Q. Sertorius, <em>proconsul<\/em> und <em>proscriptus<\/em>. \u00dcberlegungen zur Kommunikationsstrategie im Sertoriuskrieg<\/p>\n<p><span style=\"color: #999999;\">\u2014 10.15 Uhr<\/span><strong><br \/>\nDavid Espinosa Espinosa<br \/>\n<\/strong><em>Alte Geschichte \/ Universidad Complutense de Madrid<br \/>\n<\/em><em>[Oppida]<\/em> <em>Latio antiquitus donata vel Latinorum veterum<\/em>. Sobre el proceso de colonizaci\u00f3n latina en Hispania en \u00e9poca republicana<\/p>\n<p><span style=\"color: #999999;\">\u2014 11.15 Uhr<\/span><em><br \/>\nKaffeepause<\/em><\/p>\n<p><span style=\"color: #999999;\">\u2014 11.30 Uhr<\/span><strong><br \/>\nDr. Nicole R\u00f6ring<br \/>\n<\/strong><em>Bauforschung \/ MEMVIER Bamberg \/ Technische Universit\u00e4t M\u00fcnchen<br \/>\n<\/em>Augusteische Urbanit\u00e4t \u2013 \u201eStrategiepl\u00e4ne\u201c als Leitbild?<\/p>\n<p><span style=\"color: #999999;\">\u2014 12.15 Uhr<\/span><strong><br \/>\nPhilipp Kobusch<br \/>\n<\/strong><em>Klassische Arch\u00e4ologie \/ Deutsches Arch\u00e4ologisches Institut Berlin<br \/>\n<\/em>Die r\u00f6mischen Grabbauten auf der Iberischen Halbinsel<\/p>\n<p><strong><span style=\"color: #800080;\">Bauornamentik<br \/>\n<\/span><\/strong><\/p>\n<p><span style=\"color: #999999;\">\u2014 15.30 Uhr<\/span><strong><br \/>\nJanine Lehmann<br \/>\n<\/strong><em>Klassische Arch\u00e4ologie \/ Universit\u00e4t zu K\u00f6ln<br \/>\n<\/em>Vorr\u00f6misch oder R\u00f6misch? Zur problematischen Differenzierung fr\u00fcher Architektur auf der Iberischen Halbinsel<\/p>\n<p><span style=\"color: #999999;\">\u2014 16.15 Uhr<\/span><strong><br \/>\nDr. Fedor Schlimbach<br \/>\n<\/strong><em>Fr\u00fchchristliche Arch\u00e4ologie \/ Deutsches Arch\u00e4ologisches Institut Abteilung Madrid<br \/>\n<\/em>Baudekoration im sp\u00e4tantiken Hispanien: Schwierigkeiten des aktuellen Forschungsstandes<\/p>\n<p><span style=\"color: #999999;\">\u2014 17.00 Uhr<\/span><em><br \/>\nKaffeepause<\/em><\/p>\n<p><span style=\"color: #999999;\">\u2014 17.30 Uhr<\/span><strong><br \/>\nJenny Abura<br \/>\n<\/strong><em>Christliche Arch\u00e4ologie und Byzantinische Kunstgeschichte \/ Georg-August-Universit\u00e4t G\u00f6ttingen<br \/>\n<\/em>Seltener sp\u00e4tantiker Stuckdekor aus Segobriga (Saelices)<\/p>\n<p><span style=\"color: #999999;\">\u2014 18.15 Uhr<\/span><strong><br \/>\nDr. Javier \u00c1ngel Domingo Maga\u00f1a <\/strong><em>Fr\u00fchchristliche Arch\u00e4ologie \/ La Sapienza-Universit\u00e0 di Roma<\/em><br \/>\nCorrientes estil\u00edsticas en la producci\u00f3n de capiteles en la Hispania tardorromana y visigoda<\/p>\n<p><span style=\"color: #999999;\">\u2014 20.30 Uhr<\/span><em><br \/>\nGemeinsames Abendessen<\/em><\/p>\n<hr \/>\n<h3><span style=\"color: #e6b900;\"><strong><span style=\"color: #e6b900;\">Samstag, 0<\/span>3.11.2012<\/strong><\/span><\/h3>\n<p><strong><span style=\"color: #800080;\">\u201eDer Verlust der Stadt\u201c<br \/>\n<\/span><\/strong><\/p>\n<p><span style=\"color: #999999;\">\u2014 9.00 Uhr<\/span><strong><span style=\"color: #800080;\"><br \/>\n<\/span><\/strong><strong>Jan Schneider<br \/>\n<\/strong><em>Klassische Arch\u00e4ologie \/ Justus-Liebig-Universit\u00e4t Gie\u00dfen<br \/>\n<\/em>Der untere Almanzora von der sp\u00e4ten Republik bis zur Sp\u00e4tantike<\/p>\n<p><span style=\"color: #999999;\">\u2014 9.45 Uhr<\/span><strong><br \/>\nDr. Carmen Marcks-Jacobs<br \/>\n<\/strong><em>Klassische Arch\u00e4ologie \/ Humboldt-Universit\u00e4t zu Berlin<br \/>\n<\/em>Stadtr\u00e4ume im sp\u00e4tantiken Spanien \u2013 Bedeutungsverlust und Demontage<\/p>\n<p><span style=\"color: #999999;\">\u2014 10.30 Uhr<\/span><strong><br \/>\nDr. Emmanuelle Boube<br \/>\n<\/strong><em>Klassische Arch\u00e4ologie \/ Universit\u00e9 de Toulouse Le Mirail<br \/>\n<\/em>La fin du <em>forum<\/em> dans les villes des provinces hispaniques au cours des derniers si\u00e8cles de l\u2019Antiquit\u00e9 ou le symbole d\u2019une soci\u00e9t\u00e9 en cours de profonde mutation<\/p>\n<p><span style=\"color: #999999;\">\u2014 11.15 Uhr<\/span><em><br \/>\nKaffeepause<\/em><\/p>\n<p><strong><span style=\"color: #800080;\">St\u00e4dtische Eliten und \u201eBischofsherrschaft\u201c<br \/>\n<\/span><\/strong><\/p>\n<p><span style=\"color: #999999;\">\u2014 11.45 Uhr<\/span><strong><br \/>\nAnthony \u00c1lvarez Melero<br \/>\n<\/strong><em>Alte Geschichte \/ Universidad de Sevilla <\/em><em>Honesti<\/em>, <em>clarissimi<\/em> e <em>inlustri<\/em> en la Hispania tardoantigua (s. IV-VIII)<\/p>\n<p><span style=\"color: #999999;\">\u2014 12.30 Uhr<\/span><strong><br \/>\nJudith V\u00e9gh<br \/>\n<\/strong><em>Alte Geschichte \/ Universit\u00e4t Heidelberg<br \/>\n<\/em>Aspekte der Heiligenkulte im sp\u00e4tantiken Hispanien<\/p>\n<p><span style=\"color: #999999;\">\u2014 13.15 Uhr<\/span><em><br \/>\nMittagspause<\/em><\/p>\n<p><span style=\"color: #999999;\">\u2014 13.15 Uhr<\/span><strong><br \/>\nKatharina G\u00f6tz<br \/>\n<\/strong><em>Mittelalterliche Geschichte \/ Friedrich-Alexander- Universit\u00e4t Erlangen-N\u00fcrnberg<br \/>\n<\/em>Epistola: Der Brief auf der Iberischen Halbinsel und im lateinischen Westen (4. \u2013 11. Jh.) \u2013 Skizze eines deutsch-franz\u00f6sischen Forschungsprojekts<\/p>\n<p><span style=\"color: #999999;\">\u2014 16.15 Uhr<\/span><strong><br \/>\nDr. Sabine Panzram<br \/>\n<\/strong><em>Alte Geschichte \/ Universit\u00e4t Hamburg<br \/>\n<\/em>\u201eEin lasterhafter Wunsch\u2026\u201c \u2013 Briefe aus Hispanien an den Bischof von Rom<\/p>\n<p><span style=\"color: #999999;\">\u2014 17.00 Uhr<\/span><em><br \/>\nKaffeepause<\/em><\/p>\n<p><span style=\"color: #999999;\">\u2014 17.30 Uhr<\/span><strong><br \/>\nTill St\u00fcber<br \/>\n<\/strong><em>Alte Geschichte \/ Freie Universit\u00e4t Berlin<br \/>\n<\/em><em>\u2026 ut ambigas ampliusne suae gentis an suae sectae teneat principatum<\/em>. \u00dcberlegungen zur Kirchenpolitik des Westgotenk\u00f6nigs Eurich<\/p>\n<p><strong><span style=\"color: #800080;\">Gro\u00dfprojekte des Deutschen Arch\u00e4ologischen Instituts Abteilung Madrid \u2013 Neue Forschungen<br \/>\n<\/span><\/strong><\/p>\n<p><span style=\"color: #999999;\">\u2014 18.15 Uhr<\/span><strong><br \/>\nProf. Dr. Achim Arbeiter<br \/>\n<\/strong><em>Christliche Arch\u00e4ologie und Byzantinische Kunstgeschichte \/ Georg-August-Universit\u00e4t G\u00f6ttingen<br \/>\n<\/em>Centcelles replanteado<\/p>\n<p><span style=\"color: #999999;\">\u2014 19.15 Uhr<\/span><br \/>\nA<em>bschlussdiskussion<\/em><\/p>\n<p><span style=\"color: #999999;\">\u2014 20.30 Uhr<\/span><em><br \/>\nGemeinsames Abendessen<\/em><br \/>\n<a id=\"smoothup\" title=\"Back to top\" href=\"#top\"><\/a><\/p>\n","protected":false},"excerpt":{"rendered":"<p>III. Workshop 1. \u2013 3. November 2012 in Hamburg Fokus Sp\u00e4tantike Tagungsort Warburg-Haus \u00b7 Heilwigstr. 116 \u00b7 D-20249 Hamburg Download Programm Workshop 2012 (PDF) Tagungsbericht von Florian Sittig und Sabine Panzram (H-Soz-u-Kult) Tagungsprogramm Donnerstag, 01.11.2012 \u2014 17.00 Uhr Begr\u00fc\u00dfung Dr. Sabine Panzram Alte Geschichte \/ Universit\u00e4t Hamburg Prof. Dr. Markus Trunk Klassische Arch\u00e4ologie \/ Universit\u00e4t &hellip; <a href=\"http:\/\/www.toletum-network.com\/es\/workshops\/iii-workshop-2012\/\" class=\"more-link\">Continuar leyendo<span class=\"screen-reader-text\"> \u00abIII. Workshop 2012\u00bb<\/span><\/a><\/p>\n","protected":false},"author":1,"featured_media":0,"parent":12,"menu_order":5,"comment_status":"closed","ping_status":"closed","template":"","meta":{"jetpack_post_was_ever_published":false,"footnotes":""},"class_list":["post-9400","page","type-page","status-publish","hentry"],"jetpack_sharing_enabled":true,"jetpack_shortlink":"https:\/\/wp.me\/P82TDz-2rC","_links":{"self":[{"href":"http:\/\/www.toletum-network.com\/es\/wp-json\/wp\/v2\/pages\/9400","targetHints":{"allow":["GET"]}}],"collection":[{"href":"http:\/\/www.toletum-network.com\/es\/wp-json\/wp\/v2\/pages"}],"about":[{"href":"http:\/\/www.toletum-network.com\/es\/wp-json\/wp\/v2\/types\/page"}],"author":[{"embeddable":true,"href":"http:\/\/www.toletum-network.com\/es\/wp-json\/wp\/v2\/users\/1"}],"replies":[{"embeddable":true,"href":"http:\/\/www.toletum-network.com\/es\/wp-json\/wp\/v2\/comments?post=9400"}],"version-history":[{"count":4,"href":"http:\/\/www.toletum-network.com\/es\/wp-json\/wp\/v2\/pages\/9400\/revisions"}],"predecessor-version":[{"id":9668,"href":"http:\/\/www.toletum-network.com\/es\/wp-json\/wp\/v2\/pages\/9400\/revisions\/9668"}],"up":[{"embeddable":true,"href":"http:\/\/www.toletum-network.com\/es\/wp-json\/wp\/v2\/pages\/12"}],"wp:attachment":[{"href":"http:\/\/www.toletum-network.com\/es\/wp-json\/wp\/v2\/media?parent=9400"}],"curies":[{"name":"wp","href":"https:\/\/api.w.org\/{rel}","templated":true}]}}