{"id":9399,"date":"2016-10-07T16:59:58","date_gmt":"2016-10-07T15:59:58","guid":{"rendered":"http:\/\/www.toletum-network.com\/?page_id=9399"},"modified":"2017-09-24T19:06:07","modified_gmt":"2017-09-24T17:06:07","slug":"iv-workshop-2013","status":"publish","type":"page","link":"http:\/\/www.toletum-network.com\/es\/workshops\/iv-workshop-2013\/","title":{"rendered":"IV. Workshop 2013"},"content":{"rendered":"<p><img loading=\"lazy\" decoding=\"async\" class=\"alignnone wp-image-470\" src=\"http:\/\/www.toletum-network.com\/wp-content\/uploads\/2016\/07\/Toletum-IV-web-OK-210x300.jpg\" alt=\"Toletum-IV-web-OK\" width=\"400\" height=\"573\" srcset=\"http:\/\/www.toletum-network.com\/wp-content\/uploads\/2016\/07\/Toletum-IV-web-OK-210x300.jpg 210w, http:\/\/www.toletum-network.com\/wp-content\/uploads\/2016\/07\/Toletum-IV-web-OK-768x1099.jpg 768w, http:\/\/www.toletum-network.com\/wp-content\/uploads\/2016\/07\/Toletum-IV-web-OK-715x1024.jpg 715w, http:\/\/www.toletum-network.com\/wp-content\/uploads\/2016\/07\/Toletum-IV-web-OK-1200x1718.jpg 1200w, http:\/\/www.toletum-network.com\/wp-content\/uploads\/2016\/07\/Toletum-IV-web-OK.jpg 1981w\" sizes=\"auto, (max-width: 400px) 85vw, 400px\" \/><\/p>\n<hr \/>\n<h1><span style=\"color: #e6b900;\">IV. Workshop<\/span><\/h1>\n<h5><span style=\"color: #e6b900;\">17. \u2013 19. Oktober 2013 in Hamburg<\/span><\/h5>\n<h5>Skulpturenausstattung \u00f6ffentlicher und privater R\u00e4ume<\/h5>\n<p><strong>Tagungsort<\/strong><br \/>\n<a href=\"http:\/\/www.warburg-haus.de\/\">Warburg-Haus<\/a> \u00b7 Heilwigstr. 116 \u00b7 D-20249 Hamburg<br \/>\nDownload <a href=\"http:\/\/www.toletum-network.com\/wp-content\/uploads\/2016\/10\/Toletum-IV.pdf\">Programm Workshop 2013<\/a> (PDF)<br \/>\n<a href=\"http:\/\/hsozkult.geschichte.hu-berlin.de\/tagungsberichte\/id=5190\">Tagungsbericht<\/a> von Dominik Kloss und Sabine Panzram (H-Soz-u-Kult)<\/p>\n<hr \/>\n<h2>Tagungsprogramm<\/h2>\n<h3><span style=\"color: #e6b900;\"><strong>Donnerstag, 17.10.2013<\/strong><\/span><\/h3>\n<p><span style=\"color: #999999;\">\u2014 19.00 Uhr<\/span><em><br \/>\n<\/em><em>Begr\u00fc\u00dfung<\/em><br \/>\n<strong>PD Dr. Sabine Panzram<\/strong><br \/>\n<em>Alte Geschichte \/ Universit\u00e4t Hamburg<\/em><br \/>\n<strong>Prof. Dr. Markus Trunk<\/strong><br \/>\n<em>Klassische Arch\u00e4ologie \/ Universit\u00e4t Trier<\/em><\/p>\n<p><strong><span style=\"color: #800080;\">Skulpturenausstattung \u00f6ffentlicher und privater R\u00e4ume auf der Iberischen Halbinsel<br \/>\n<\/span><\/strong><\/p>\n<p><span style=\"color: #999999;\">\u2014 19.15 Uhr<\/span><strong><br \/>\nProf. Dr. Walter Trillmich<br \/>\n<\/strong><em>Klassische Arch\u00e4ologie \/ Wien<br \/>\n<\/em>Gemeinsamkeiten und Unterschiede innerhalb der statuarischen Ausstattung von Gro\u00dfprojekten: methodische Probleme<\/p>\n<p><span style=\"color: #999999;\">\u2014 20.00 Uhr<\/span><br \/>\n<em>Empfang<\/em><\/p>\n<h3><span style=\"color: #e6b900;\"><strong>Freitag, 18<span style=\"color: #e6b900;\">.10.2<\/span>013<\/strong><\/span><\/h3>\n<p><span style=\"color: #800080;\"><strong>Berichte von laufenden Qualifikationsarbeiten<br \/>\n<\/strong><\/span><\/p>\n<p><span style=\"color: #800080;\"><span style=\"color: #999999;\">\u2014 9.30 Uhr<\/span><strong><br \/>\n<\/strong><\/span><strong>Jasmin Hettinger<br \/>\n<\/strong><em>Alte Geschichte \/ Technische Universit\u00e4t Dresden<br \/>\n<\/em>Ressourcenmanagement bei den R\u00f6mern: Aspekte des Wasserbaus und des Wasserrechts in den <em>Hispaniae<\/em><\/p>\n<p><span style=\"color: #999999;\">\u2014 10.15 Uhr<\/span><strong><br \/>\nJan Schneider<br \/>\n<\/strong><em>Klassische Arch\u00e4ologie \/ Justus-Liebig-Universit\u00e4t Gie\u00dfen<br \/>\n<\/em>Der untere Almanzora von der sp\u00e4ten Republik bis zur Sp\u00e4tantike<\/p>\n<p><span style=\"color: #999999;\">\u2014 11.00 Uhr<\/span><em><br \/>\nKaffeepause<\/em><\/p>\n<p><span style=\"color: #999999;\">\u2014 11.30 Uhr<\/span><strong><br \/>\nTimo Kl\u00e4r<br \/>\n<\/strong><em>Alte Geschichte \/ Universit\u00e4t des Saarlandes <\/em>Die Vaskonen \u2013 Leben im hispanisch-gallischen Grenzraum von der Republik bis in die Sp\u00e4tantike<\/p>\n<p><span style=\"color: #999999;\">\u2014 12.15 Uhr<\/span><br \/>\n<strong>Judith V\u00e9gh<br \/>\n<\/strong><em>Alte Geschichte \/ Universit\u00e4t Heidelberg<br \/>\n<\/em>Inschriften im \u00f6ffentlichen Leben im sp\u00e4tantiken Hispanien<\/p>\n<p><strong><span style=\"color: #800080;\">Skulpturenausstattung \u00f6ffentlicher R\u00e4ume in der Kaiserzeit<br \/>\n<\/span><\/strong><\/p>\n<p><span style=\"color: #999999;\">\u2014 15.30 Uhr<\/span><strong><span style=\"color: #800080;\"><br \/>\n<\/span><\/strong><strong>Prof. Dr. Jos\u00e9 Miguel Noguera Celdr\u00e1n<br \/>\n<\/strong><em>Klassische Arch\u00e4ologie \/ Universidad de Murcia<br \/>\nColonia Iulia Urbs Nova Carthago<\/em>: novedades para una historia arqueol\u00f3gica en construcci\u00f3n<\/p>\n<p><span style=\"color: #999999;\">\u2014 16.15 Uhr<\/span><strong><br \/>\nDr. Nicole R\u00f6ring<br \/>\n<\/strong><em>Bauforschung \/ MEMVIER Bamberg \u2013 Technische Universit\u00e4t M\u00fcnchen<br \/>\n<\/em>Die architektonische Inszenierung der Skulpturen auf dem \u201eMarmorforum\u201c in Augusta Emerita<\/p>\n<p><span style=\"color: #999999;\">\u2014 17.00 Uhr<\/span><em><br \/>\nKaffeepause<\/em><\/p>\n<p><span style=\"color: #999999;\">\u2014 17.30 Uhr<\/span><strong><br \/>\nDr. David Ojeda Nogales<br \/>\n<\/strong><em>Klassische Arch\u00e4ologie \/ Universidad de Sevilla \u2013 Universit\u00e4t zu K\u00f6ln<br \/>\nTropaea Augusti<\/em>. Un monumento bronc\u00edneo colosal de \u00e9poca augustea procedente de Gades<\/p>\n<p><span style=\"color: #999999;\">\u2014 18.15 Uhr<\/span><strong><br \/>\nDr. Carmen Marcks-Jacobs<br \/>\n<\/strong><em>Klassische Arch\u00e4ologie \/ Humboldt-Universit\u00e4t zu Berlin<\/em><br \/>\nDas Relief REP00142-2 im Arch\u00e4ologischen Museum von Sevilla \u2013 Ein fr\u00fches Zeugnis f\u00fcr ein \u00f6ffentliches Denkmal?<\/p>\n<p><span style=\"color: #999999;\">\u2014 20.30 Uhr<\/span><em><br \/>\nGemeinsames Abendessen<\/em><\/p>\n<hr \/>\n<h3><span style=\"color: #e6b900;\"><strong>Samstag, 19.10.2013<\/strong><\/span><\/h3>\n<p><strong><span style=\"color: #800080;\">Skulpturenausstattung \u00f6ffentlicher und privater R\u00e4ume in der Sp\u00e4tantike<br \/>\n<\/span><\/strong><\/p>\n<p><span style=\"color: #999999;\">\u2014 9.30 Uhr<\/span><strong><br \/>\nProf. Dr. Montserrat Claver\u00eda Nadal<br \/>\n<\/strong><em>Klassische Arch\u00e4ologie \/ Universidad Aut\u00f3noma de Barcelona<br \/>\n<\/em>La decoraci\u00f3n escult\u00f3rica en Barcino. Luces y sombras de una realidad desmantelada<\/p>\n<p><span style=\"color: #999999;\">\u2014 10.15 Uhr<\/span><strong><br \/>\nJenny Abura<br \/>\n<\/strong><em>Christliche Arch\u00e4ologie und Byzantinische Kunstgeschichte \/ Georg-August-Universit\u00e4t G\u00f6ttingen<br \/>\n<\/em>\u00dcberlegungen zur Motivik und Farbigkeit der Segobrigenser Bauausstattung<\/p>\n<p><span style=\"color: #999999;\">\u2014 11.00 Uhr<\/span><em><br \/>\nKaffeepause<\/em><\/p>\n<p><span style=\"color: #999999;\">\u2014 11.30 Uhr<\/span><strong><br \/>\nNora B\u00fcchsensch\u00fctz<br \/>\n<\/strong><em>Christliche Arch\u00e4ologie und Byzantinische Kunstgeschichte \/ Georg-August-Universit\u00e4t G\u00f6ttingen \u2013 Deutsches Arch\u00e4ologisches Institut Abteilung Madrid<br \/>\n<\/em>Die fr\u00fchchristliche hispanische Sarkophagproduktion. Importe aus den Zentren \u2013 Werkst\u00e4tten in der Provinz<\/p>\n<p><span style=\"color: #999999;\">\u2014 12.15 Uhr<\/span><strong><br \/>\nJos\u00e9 Javier Guidi S\u00e1nchez<br \/>\n<\/strong><em>Fr\u00fchchristliche Arch\u00e4ologie \/ Universitat Rovira i Virgili Tarragona<br \/>\n<\/em>Programas escult\u00f3ricos y decorativos en la Tarragona visigoda, siglos VI-VII<\/p>\n<p><span style=\"color: #999999;\">\u2014 13.00 Uhr<\/span><em><br \/>\nMittagspause<\/em><\/p>\n<p><span style=\"color: #999999;\">\u2014 15.30 Uhr<\/span><strong><br \/>\nDr. Fedor Schlimbach<br \/>\n<\/strong><em>Fr\u00fchchristliche Arch\u00e4ologie \/ Deutsches Arch\u00e4ologisches Institut Abteilung Madrid<br \/>\n<\/em>Die Kapitelle in Reccesvinths Basilika: zur Verwendung von Spolien im 7. Jahrhundert<\/p>\n<p><span style=\"color: #800080;\"><strong>Skulpturenausstattung \u00f6ffentlicher und privater R\u00e4ume im Norden Afrikas<br \/>\n<\/strong><\/span><\/p>\n<p><span style=\"color: #999999;\">\u2014 16.15 Uhr<\/span><strong><br \/>\nStefan Ardeleanu<br \/>\n<\/strong><em>Klassische Arch\u00e4ologie \/ Humboldt-Universit\u00e4t zu Berlin<br \/>\n<\/em>Die Entwicklung der regionalen Grabplastik im vor- und fr\u00fchr\u00f6mischen Numidien unter der kritischen Bewertung des Romanisierungsmodells<\/p>\n<p><span style=\"color: #999999;\">\u2014 17.00 Uhr<\/span><em><br \/>\nKaffeepause<\/em><\/p>\n<p><span style=\"color: #999999;\">\u2014 17.30 Uhr<\/span><strong><br \/>\nDr. Javier Bermejo Melendez<br \/>\n<\/strong><em>Klassische Arch\u00e4ologie \/ Universidad de Huelva<br \/>\n<\/em>Escultura p\u00fablica y privada en los centros urbanos de la Tingitana: Tingis, Lixus y Vol\u00fabilis<\/p>\n<p><span style=\"color: #800080;\"><strong>Antike Statuen in \u00f6ffentlichen und privaten Aufstellungskontexten der Fr\u00fchen Neuzeit<br \/>\n<\/strong><\/span><\/p>\n<p><span style=\"color: #999999;\">\u2014 18.15 Uhr<\/span><strong><br \/>\nProf. Dr. Markus Trunk<br \/>\n<\/strong><em>Klassische Arch\u00e4ologie \/ Universit\u00e4t Trier<br \/>\n<\/em>Nach 1000 Jahren \u2026 die Wiederentdeckung der Statuengalerie als Instrument der Selbstdarstellung im Spanien des 16. Jahrhunderts<\/p>\n<p><span style=\"color: #999999;\">\u2014 19.15 Uhr<\/span><em><br \/>\nAbschlussdiskussion<\/em><\/p>\n<p><span style=\"color: #999999;\">\u2014 20.30 Uhr<\/span><em><br \/>\nGemeinsames Abendessen<\/em><\/p>\n<p>&nbsp;<\/p>\n","protected":false},"excerpt":{"rendered":"<p>IV. Workshop 17. \u2013 19. Oktober 2013 in Hamburg Skulpturenausstattung \u00f6ffentlicher und privater R\u00e4ume Tagungsort Warburg-Haus \u00b7 Heilwigstr. 116 \u00b7 D-20249 Hamburg Download Programm Workshop 2013 (PDF) Tagungsbericht von Dominik Kloss und Sabine Panzram (H-Soz-u-Kult) Tagungsprogramm Donnerstag, 17.10.2013 \u2014 19.00 Uhr Begr\u00fc\u00dfung PD Dr. Sabine Panzram Alte Geschichte \/ Universit\u00e4t Hamburg Prof. Dr. Markus Trunk &hellip; <a href=\"http:\/\/www.toletum-network.com\/es\/workshops\/iv-workshop-2013\/\" class=\"more-link\">Continuar leyendo<span class=\"screen-reader-text\"> \u00abIV. Workshop 2013\u00bb<\/span><\/a><\/p>\n","protected":false},"author":1,"featured_media":0,"parent":12,"menu_order":4,"comment_status":"closed","ping_status":"closed","template":"","meta":{"jetpack_post_was_ever_published":false,"footnotes":""},"class_list":["post-9399","page","type-page","status-publish","hentry"],"jetpack_sharing_enabled":true,"jetpack_shortlink":"https:\/\/wp.me\/P82TDz-2rB","_links":{"self":[{"href":"http:\/\/www.toletum-network.com\/es\/wp-json\/wp\/v2\/pages\/9399","targetHints":{"allow":["GET"]}}],"collection":[{"href":"http:\/\/www.toletum-network.com\/es\/wp-json\/wp\/v2\/pages"}],"about":[{"href":"http:\/\/www.toletum-network.com\/es\/wp-json\/wp\/v2\/types\/page"}],"author":[{"embeddable":true,"href":"http:\/\/www.toletum-network.com\/es\/wp-json\/wp\/v2\/users\/1"}],"replies":[{"embeddable":true,"href":"http:\/\/www.toletum-network.com\/es\/wp-json\/wp\/v2\/comments?post=9399"}],"version-history":[{"count":3,"href":"http:\/\/www.toletum-network.com\/es\/wp-json\/wp\/v2\/pages\/9399\/revisions"}],"predecessor-version":[{"id":9662,"href":"http:\/\/www.toletum-network.com\/es\/wp-json\/wp\/v2\/pages\/9399\/revisions\/9662"}],"up":[{"embeddable":true,"href":"http:\/\/www.toletum-network.com\/es\/wp-json\/wp\/v2\/pages\/12"}],"wp:attachment":[{"href":"http:\/\/www.toletum-network.com\/es\/wp-json\/wp\/v2\/media?parent=9399"}],"curies":[{"name":"wp","href":"https:\/\/api.w.org\/{rel}","templated":true}]}}