{"id":9397,"date":"2016-10-07T16:58:37","date_gmt":"2016-10-07T15:58:37","guid":{"rendered":"http:\/\/www.toletum-network.com\/?page_id=9397"},"modified":"2017-09-24T19:05:28","modified_gmt":"2017-09-24T17:05:28","slug":"vi-workshop-2015","status":"publish","type":"page","link":"http:\/\/www.toletum-network.com\/es\/workshops\/vi-workshop-2015\/","title":{"rendered":"VI. Workshop 2015"},"content":{"rendered":"<p><img loading=\"lazy\" decoding=\"async\" class=\"alignnone wp-image-476\" src=\"http:\/\/www.toletum-network.com\/wp-content\/uploads\/2016\/07\/Toletum-VI-web-1-210x300.jpg\" alt=\"Toletum-VI-web\" width=\"400\" height=\"571\" srcset=\"http:\/\/www.toletum-network.com\/wp-content\/uploads\/2016\/07\/Toletum-VI-web-1-210x300.jpg 210w, http:\/\/www.toletum-network.com\/wp-content\/uploads\/2016\/07\/Toletum-VI-web-1-768x1097.jpg 768w, http:\/\/www.toletum-network.com\/wp-content\/uploads\/2016\/07\/Toletum-VI-web-1-717x1024.jpg 717w, http:\/\/www.toletum-network.com\/wp-content\/uploads\/2016\/07\/Toletum-VI-web-1.jpg 1000w\" sizes=\"auto, (max-width: 400px) 85vw, 400px\" \/><\/p>\n<p>&nbsp;<\/p>\n<hr \/>\n<h1 class=\"entry-title\"><span style=\"color: #e6b900;\">VI. Workshop <\/span><\/h1>\n<h5 class=\"entry-title\"><span style=\"color: #e6b900;\">22. \u2013 24. Oktober 2015 in Hamburg<\/span><\/h5>\n<h5 class=\"entry-title\">Das r\u00f6mische St\u00e4dtewesen auf der Iberischen Halbinsel und in Nordafrika zwischen Sp\u00e4tantike und Fr\u00fchmittelalter<\/h5>\n<p><strong>Tagungsort<\/strong><br \/>\n<a href=\"http:\/\/www.warburg-haus.de\/\">Warburg-Haus<\/a> \u00b7 Heilwigstr. 116 \u00b7 D-20249 Hamburg<br \/>\nDownload <a href=\"http:\/\/www.toletum-network.com\/wp-content\/uploads\/2016\/10\/Toletum-VI-10.2015-hojas.pdf\">Programm Workshop 2015<\/a> (PDF)<br \/>\nTagungsbericht von Caroline Bergen und Sabine Panzram:<br \/>\n<a href=\"http:\/\/www.hsozkult.de\/conferencereport\/id\/tagungsberichte-6299\">H-Soz-u-Kult<\/a> \/ <a href=\"http:\/\/www.toletum-network.com\/wp-content\/uploads\/2014\/11\/Bollettino-di-Studi-Latini-46-2016-291-295-1.pdf\">Bollettino di Studi Latini 46 (2016), 291-295<\/a><\/p>\n<hr \/>\n<h2>Tagungsprogramm<\/h2>\n<h3><span style=\"color: #e6b900;\"><strong>Donnerstag, 22.10.2015<\/strong><\/span><\/h3>\n<p><span style=\"color: #999999;\">\u2014 17.00 Uhr<\/span><br \/>\n<em>Begr\u00fc\u00dfung<\/em><br \/>\n<strong>Sabine Panzram<\/strong><br \/>\n<em>Universit\u00e4t Hamburg<\/em><br \/>\n<strong>Markus Trunk<\/strong><br \/>\n<em>Universit\u00e4t Trier<\/em><br \/>\n<strong>Laurent Callegarin<\/strong><br \/>\n<em>\u00c9cole des Hautes \u00c9tudes Hispaniques et Ib\u00e9riques \u2013 Casa de Vel\u00e1zquez Madrid<\/em><\/p>\n<p><span style=\"color: #800080;\"><strong>Parameter eines Vergleichs<\/strong><\/span><span style=\"color: #800080;\"><strong><br \/>\n<\/strong><\/span><\/p>\n<p><span style=\"color: #999999;\">\u2014 17.15 Uhr<\/span><br \/>\n<strong>Hugh N. Kennedy<br \/>\n<\/strong><em>School of Oriental and African Studies London<br \/>\n<\/em>From Polis to Mad\u012bna, 1985 \u2013 2015, revised<\/p>\n<p><span style=\"color: #999999;\">\u2014 18.00 Uhr<\/span><br \/>\n<strong>Javier Arce<br \/>\n<\/strong><em>Universit\u00e9 de Lille<br \/>\n<\/em>De la ciudad pagana a la ciudad cristiana: el caso de Hispania (s. V-VIII)<\/p>\n<p><span style=\"color: #999999;\">\u2014 19.00 Uhr<\/span><br \/>\n<strong>Fran\u00e7ois Baratte<br \/>\n<\/strong><em>Universit\u00e9 Paris 4 Sorbonne<br \/>\n<\/em>Les villes d\u2019Afrique du Nord de l\u2019Antiquit\u00e9 tardive \u00e0 la conqu\u00eate arabe: historiographie r\u00e9cente et nouvelles perspectives<\/p>\n<p><span style=\"color: #999999;\">\u2014 20.00 Uhr<\/span><br \/>\n<em>Empfang<br \/>\n<\/em><\/p>\n<hr \/>\n<h3 style=\"clear: both;\"><span style=\"color: #e6b900;\"><strong>Freitag, 23.10.2015<\/strong> <\/span><\/h3>\n<p><span style=\"color: #800080;\"><strong>Die Iberische<\/strong> <strong>Halbinsel<\/strong><br \/>\nDiskussionsleitung: <strong>Markus Trunk. <\/strong><em>Universit\u00e4t Trier<\/em><br \/>\n<\/span><\/p>\n<p><span style=\"color: #999999;\">\u2014 9.30 Uhr<\/span><br \/>\n<strong>Miguel Alba Calzado<br \/>\n<\/strong><em>Consorcio Ciudad Monumental de M\u00e9rida<br \/>\n<\/em>Tres tiempos en la transformaci\u00f3n de una ciudad romana de Hispania: el caso de Augusta Emerita (s. IV-IX)<\/p>\n<p><span style=\"color: #999999;\">\u2014 10.15 Uhr<\/span><br \/>\n<strong>Isabel Vel\u00e1zquez Soriano<br \/>\n<\/strong><em>Universidad Complutense de Madrid<br \/>\n<\/em>Inscripciones edilicias en la Hispania visigoda y altomedieval \u00bfuna informaci\u00f3n \u00fatil sobre las ciudades?<\/p>\n<p><span style=\"color: #999999;\">\u2014 11.00 Uhr<\/span><br \/>\n<em>Kaffeepause<\/em><\/p>\n<p><span style=\"color: #800080;\">Diskussionsleitung: <strong>Laurent Callegarin<br \/>\n<\/strong><em>\u00c9cole des Hautes \u00c9tudes Hispaniques et Ib\u00e9riques \u2013 Casa de Vel\u00e1zquez Madrid<\/em><\/span><\/p>\n<p><span style=\"color: #999999;\">\u2014 11.30 Uhr<\/span><strong><br \/>\n<\/strong><strong>Dar\u00edo Bernal Casasola<br \/>\n<\/strong><em>Universidad de C\u00e1diz<br \/>\n<\/em>Ciudades y econom\u00eda hali\u00e9utica durante la Antig\u00fcedad tard\u00eda<\/p>\n<p><span style=\"color: #999999;\">\u2014 12.15 Uhr<\/span><br \/>\n<strong>Ruth Pliego V\u00e1zquez<br \/>\n<\/strong><em>Universidad de Sevilla<br \/>\n<\/em><strong>Tawfiq Ibrahim<br \/>\n<\/strong><em><em>Madrid<br \/>\n<\/em><\/em>Ciudades y cecas de la Pen\u00ednsula Ib\u00e9rica: de la Antig\u00fcedad Tard\u00eda a la conquista isl\u00e1mica<\/p>\n<p><span style=\"color: #999999;\">\u2014 13.00 Uhr<\/span><br \/>\n<em>Mittagspause<\/em><\/p>\n<p><span style=\"color: #800080;\">Diskussionsleitung: <strong>Eduardo Manzano Moreno<br \/>\n<\/strong><em>Consejo Superior de Investigaciones Cient\u00edficas Madrid<\/em><\/span><\/p>\n<p><span style=\"color: #999999;\">\u2014 15.30 Uhr<\/span><br \/>\n<strong>Francisco Jos\u00e9 Moreno Mart\u00edn<br \/>\n<\/strong><em>Universidad Complutense de Madrid<br \/>\n<\/em>Modelos de implantaci\u00f3n mon\u00e1stica en la ciudad hispana entre la Tard\u00eda Antig\u00fcedad y la alta Edad Media. Toledo, Oviedo y Le\u00f3n<\/p>\n<p><span style=\"color: #999999;\">\u2014 16.15 Uhr<\/span><br \/>\n<strong>Christoph Eger<br \/>\n<\/strong><em>Freie Universit\u00e4t Berlin<br \/>\n<\/em>Zur Islamisierung der urbanen Landschaft aus Sicht des Grabbrauchs<\/p>\n<p><span style=\"color: #999999;\">\u2014 17.00 Uhr<\/span><br \/>\n<em>Kaffeepause<\/em><\/p>\n<p><span style=\"color: #999999;\">\u2014 17.30 Uhr<\/span><strong><br \/>\nMar\u00eda Teresa Casal Garc\u00eda<br \/>\n<\/strong><em>Consejo Superior de Investigaciones Cient\u00edficas Madrid<br \/>\n<\/em>El arrabal de \u0160aqunda en la Cordoba Omeya (750-818 d.C.)<\/p>\n<p><span style=\"color: #999999;\">\u2014 18.15 Uhr<\/span><strong><br \/>\nSonia Guti\u00e9rrez Lloret<br \/>\n<\/strong><em>Universidad de Alicante<br \/>\n<\/em>De la civitas a la mad\u012bna. Veinte a\u00f1os de arqueolog\u00eda en la Pen\u00ednsula Ib\u00e9rica<\/p>\n<p><span style=\"color: #999999;\">\u2014 20.30 Uhr<\/span><br \/>\n<em>Gemeinsames Abendessen<\/em><\/p>\n<hr \/>\n<h3><span style=\"color: #e6b900;\"><strong>Samstag, 2<span style=\"color: #e6b900;\">4.10<\/span>.2015<\/strong><\/span><\/h3>\n<p><span style=\"color: #800080;\"><strong>Der Norden Afrikas<br \/>\n<\/strong>Diskussionsleitung:<strong> <strong>Philipp von Rummel<br \/>\n<\/strong><\/strong><em>Deutsches Arch\u00e4ologisches Institut Berlin<\/em><\/span><\/p>\n<p><span style=\"color: #999999;\">\u2014 9.30 Uhr<br \/>\n<\/span><strong>Ralf Bockmann<br \/>\n<\/strong><em>Deutsches Arch\u00e4ologisches Institut Abteilung Rom<br \/>\n<\/em>St\u00e4dte im Wandel \u2013 Aktuelle Fragen zu topographischen Entwicklungen zwischen Sp\u00e4tantike und Fr\u00fchmittelalter im zentralen Nordafrika<\/p>\n<p><span style=\"color: #999999;\">\u2014 10.15 Uhr<\/span><br \/>\n<strong>Anna Leone<\/strong><em><br \/>\nDurham University<br \/>\n<\/em>The Transformation of North African Cities Between Economy and Religion<\/p>\n<p><span style=\"color: #999999;\">\u2014 11.00 Uhr<\/span><br \/>\n<em>Kaffeepause<\/em><\/p>\n<p><span style=\"color: #999999;\">\u2014 11.30 Uhr<\/span><br \/>\n<strong>Elsa Rocca<br \/>\n<\/strong><em>Universit\u00e9 Paris 4 Sorbonne \/ Universit\u00e4t zu K\u00f6ln<br \/>\n<\/em>Occupation urbaine dans le sud-ouest de la Proconsulaire \u00e0 la fin de l\u2019Antiquit\u00e9 \u00e0 partir des cas d\u2019Ammaedara (Ha\u00efdra, Tunisie) et de Theveste (T\u00e9bessa, Alg\u00e9rie)<\/p>\n<p><span style=\"color: #999999;\">\u2014 12.15 Uhr<\/span><br \/>\n<strong>Lisa Fentress<br \/>\n<\/strong><em>Rom<br \/>\n<\/em>An Island in Transition: Jerba between the Fifth and the Ninth Centuries<\/p>\n<p><span style=\"color: #999999;\">\u2014 13.00 Uhr<\/span><br \/>\n<em>Mittagspause<\/em><\/p>\n<p><span style=\"color: #800080;\">Diskussionsleitung: <strong>Sabine Panzram<br \/>\n<\/strong><em>Universit\u00e4t Hamburg<\/em><\/span><\/p>\n<p><span style=\"color: #999999;\">\u2014 15.30 Uhr<\/span><br \/>\n<strong>Lennart Gilhaus<br \/>\n<\/strong><em>Rheinische Friedrich-Wilhelms-Universit\u00e4t Bonn<br \/>\n<\/em>Aufstellen, Umstellen, Wiederverwenden \u2013 Statuen und Stadtkultur im Nordafrika des vierten Jahrhunderts n. Chr.<\/p>\n<p><span style=\"color: #999999;\">\u2014 16.15 Uhr<\/span><br \/>\n<strong>Esther S\u00e1nchez Medina<br \/>\n<\/strong><em>\u00c9cole des Hautes \u00c9tudes Hispaniques et Ib\u00e9riques \u2013 Casa de Vel\u00e1zquez Madrid<br \/>\n<\/em>Ciudades, obispos y exilio en el \u00c1frica v\u00e1ndala<\/p>\n<p><span style=\"color: #999999;\">\u2014 17.00 Uhr<\/span><br \/>\n<em>Kaffeepause<\/em><\/p>\n<p><span style=\"color: #800080;\">Diskussionsleitung: <strong>Eduardo Manzano Moreno<br \/>\n<\/strong><em>Consejo Superior de Investigaciones Cient\u00edficas Madrid<\/em><\/span><\/p>\n<p><span style=\"color: #999999;\">\u2014 17.30 Uhr<\/span><br \/>\n<strong>Corisande Fenwick<br \/>\n<\/strong><em>University College London<br \/>\n<\/em>Tales of the Islamic City: Urban transformation after the Muslim Conquest of North Africa<\/p>\n<p><span style=\"color: #999999;\">\u2014 18.15 Uhr<\/span><br \/>\n<strong>Jos\u00e9 Antonio Haro Peralta<br \/>\n<\/strong><em>Universit\u00e4t Hamburg<br \/>\n<\/em>Las ciudades como centros de autoridad y rebeli\u00f3n: un estudio sobre la configuraci\u00f3n geopol\u00edtica de las dinast\u00edas aglab\u00ed y rustum\u00ed en el Norte de \u00c1frica<\/p>\n<p><span style=\"color: #999999;\">\u2014 19.15 Uhr<\/span><br \/>\n<strong>Patrice Cressier<br \/>\n<\/strong><em>Centre National de la Recherche Scientifique \/ Ciham Lyon<br \/>\n<\/em>Quelques questions sur la gen\u00e8se de la ville islamique au Magrib al-Aqs\u00e0<\/p>\n<p><span style=\"color: #999999;\">\u2014 20.30 Uhr<\/span><br \/>\n<em>Gemeinsames Abendessen<\/em><\/p>\n<p>&nbsp;<\/p>\n","protected":false},"excerpt":{"rendered":"<p>&nbsp; VI. Workshop 22. \u2013 24. Oktober 2015 in Hamburg Das r\u00f6mische St\u00e4dtewesen auf der Iberischen Halbinsel und in Nordafrika zwischen Sp\u00e4tantike und Fr\u00fchmittelalter Tagungsort Warburg-Haus \u00b7 Heilwigstr. 116 \u00b7 D-20249 Hamburg Download Programm Workshop 2015 (PDF) Tagungsbericht von Caroline Bergen und Sabine Panzram: H-Soz-u-Kult \/ Bollettino di Studi Latini 46 (2016), 291-295 Tagungsprogramm Donnerstag, &hellip; <a href=\"http:\/\/www.toletum-network.com\/es\/workshops\/vi-workshop-2015\/\" class=\"more-link\">Continuar leyendo<span class=\"screen-reader-text\"> \u00abVI. Workshop 2015\u00bb<\/span><\/a><\/p>\n","protected":false},"author":1,"featured_media":0,"parent":12,"menu_order":2,"comment_status":"closed","ping_status":"closed","template":"","meta":{"jetpack_post_was_ever_published":false,"footnotes":""},"class_list":["post-9397","page","type-page","status-publish","hentry"],"jetpack_sharing_enabled":true,"jetpack_shortlink":"https:\/\/wp.me\/P82TDz-2rz","_links":{"self":[{"href":"http:\/\/www.toletum-network.com\/es\/wp-json\/wp\/v2\/pages\/9397","targetHints":{"allow":["GET"]}}],"collection":[{"href":"http:\/\/www.toletum-network.com\/es\/wp-json\/wp\/v2\/pages"}],"about":[{"href":"http:\/\/www.toletum-network.com\/es\/wp-json\/wp\/v2\/types\/page"}],"author":[{"embeddable":true,"href":"http:\/\/www.toletum-network.com\/es\/wp-json\/wp\/v2\/users\/1"}],"replies":[{"embeddable":true,"href":"http:\/\/www.toletum-network.com\/es\/wp-json\/wp\/v2\/comments?post=9397"}],"version-history":[{"count":9,"href":"http:\/\/www.toletum-network.com\/es\/wp-json\/wp\/v2\/pages\/9397\/revisions"}],"predecessor-version":[{"id":10296,"href":"http:\/\/www.toletum-network.com\/es\/wp-json\/wp\/v2\/pages\/9397\/revisions\/10296"}],"up":[{"embeddable":true,"href":"http:\/\/www.toletum-network.com\/es\/wp-json\/wp\/v2\/pages\/12"}],"wp:attachment":[{"href":"http:\/\/www.toletum-network.com\/es\/wp-json\/wp\/v2\/media?parent=9397"}],"curies":[{"name":"wp","href":"https:\/\/api.w.org\/{rel}","templated":true}]}}