{"id":9396,"date":"2016-10-07T16:57:03","date_gmt":"2016-10-07T15:57:03","guid":{"rendered":"http:\/\/www.toletum-network.com\/?page_id=9396"},"modified":"2017-09-24T19:04:10","modified_gmt":"2017-09-24T17:04:10","slug":"vii-workshop-2016","status":"publish","type":"page","link":"http:\/\/www.toletum-network.com\/es\/workshops\/vii-workshop-2016\/","title":{"rendered":"VII. Workshop 2016"},"content":{"rendered":"<p><img loading=\"lazy\" decoding=\"async\" class=\"alignnone wp-image-8630\" src=\"http:\/\/www.toletum-network.com\/wp-content\/uploads\/2016\/07\/Toletum-VII-web-WP-717x1024.jpg\" width=\"400\" height=\"572\" srcset=\"http:\/\/www.toletum-network.com\/wp-content\/uploads\/2016\/07\/Toletum-VII-web-WP-717x1024.jpg 717w, http:\/\/www.toletum-network.com\/wp-content\/uploads\/2016\/07\/Toletum-VII-web-WP-210x300.jpg 210w, http:\/\/www.toletum-network.com\/wp-content\/uploads\/2016\/07\/Toletum-VII-web-WP-768x1097.jpg 768w, http:\/\/www.toletum-network.com\/wp-content\/uploads\/2016\/07\/Toletum-VII-web-WP-1200x1715.jpg 1200w, http:\/\/www.toletum-network.com\/wp-content\/uploads\/2016\/07\/Toletum-VII-web-WP.jpg 2000w\" sizes=\"auto, (max-width: 400px) 85vw, 400px\" \/><\/p>\n<hr \/>\n<h1><span style=\"color: #e6b900;\">VII. Workshop<\/span><\/h1>\n<h5><strong><span style=\"color: #e6b900;\">17. \u2013 19. November 2016 in Hamburg<\/span><\/strong><\/h5>\n<h5>Die Stadt au\u00dferhalb der Stadt: <em>suburbia<\/em> zwischen Republik und Sp\u00e4tantike<strong><span style=\"color: #e6b900;\"><br \/>\n<\/span><\/strong><\/h5>\n<p><strong>Tagungsorte<br \/>\n<\/strong><a href=\"http:\/\/hamburgo.cervantes.es\/de\/default.shtm\">Instituto Cervantes<\/a> \u00b7 Chilehaus, Eingang B, 1. Etage, Fischertwiete 1 \u00b7 D-20095 Hamburg<br \/>\n<a href=\"http:\/\/www.warburg-haus.de\/\">Warburg-Haus<\/a> \u00b7 Heilwigstr. 116 \u00b7 D-20249 Hamburg<br \/>\nDownload <a href=\"http:\/\/www.toletum-network.com\/wp-content\/uploads\/2016\/07\/Programm-Workshop-2016-1.pdf\">Programm Workshop 2016<\/a> (PDF)<br \/>\nTagungsbericht von Dominik Kloss und Sabine Panzram:<br \/>\n<a href=\"http:\/\/www.hsozkult.de\/conferencereport\/id\/tagungsberichte-6972\">H-Soz-u-Kult<\/a> \/ <a href=\"http:\/\/www.toletum-network.com\/wp-content\/uploads\/2016\/10\/Bollettino-di-Studi-Latini-47-2017-320-324.pdf\">Bollettino di Studi Latini 47 (2017), 320-324<\/a><\/p>\n<hr \/>\n<h3>Tagungsprogramm<\/h3>\n<h3><span style=\"color: #e6b900;\"><strong>Donnerstag, 17.11.2016<\/strong><\/span><\/h3>\n<p><span style=\"color: #999999;\">\u2014 17.00 Uhr<\/span><br \/>\n<em>Begr\u00fc\u00dfung<br \/>\n<\/em><strong>PD Dr. Sabine Panzram<br \/>\n<\/strong><em>Alte Geschichte \/ Universit\u00e4t Hamburg<br \/>\n<\/em><strong>Prof. Dr. Markus Trunk<br \/>\n<\/strong><em>Klassische Arch\u00e4ologie \/ Universit\u00e4t Trier<\/em><br \/>\n<strong>Pedro Jes\u00fas Eusebio Cuesta<\/strong><br \/>\n<em>Instituto Cervantes \/ Hamburg<\/em><br \/>\n<strong>Generalkonsul Pedro Mart\u00ednez-Avial Mart\u00edn<\/strong><em><br \/>\nGeneralkonsulat von Spanien \/ Hamburg<\/em><\/p>\n<p><span style=\"color: #800080;\"><strong><em>Suburbia<\/em> \u2013 der Blick auf die Stadt au\u00dferhalb der Stadt<br \/>\n<\/strong><\/span><\/p>\n<p><span style=\"color: #999999;\">\u2014 17.15 Uhr<\/span><br \/>\n<strong>Prof. Dr. Juan Manuel Campos Carrasco<br \/>\n<\/strong><em>Klassische Arch\u00e4ologie \/ Universidad de Huelva<\/em><em><br \/>\nSuburbia <\/em>en el sudoeste hispano: los suburbios de Onoba Aestuaria<\/p>\n<p><span style=\"color: #999999;\">\u2014 18.00 Uhr<\/span><br \/>\n<strong>Prof. Dr. Juan Manuel Abascal Palaz\u00f3n<br \/>\n<\/strong><em>Alte Geschichte \/ Universidad de Alicante<\/em><strong><br \/>\n<\/strong>Pr\u00e1cticas epigr\u00e1ficas urbanas y extraurbanas en el <em>conventus Lucensis<\/em> (<em>Hispania citerior<\/em>)<\/p>\n<p><span style=\"color: #999999;\">\u2014 18.45 Uhr<\/span><br \/>\n<strong>Diego Romero Vera<br \/>\n<\/strong><em>Klassische Arch\u00e4ologie \/ Universidad de C\u00f3rdoba<\/em><strong><br \/>\n<\/strong>Las \u00e1reas suburbanas hispanas en el siglo II d.C. Una lectura sincr\u00f3nica<\/p>\n<p><span style=\"color: #999999;\">\u2014 <\/span><span style=\"color: #999999;\">19.15 Uhr<\/span><em><br \/>\n<\/em><strong>Dr. Janine Lehmann<br \/>\n<\/strong><em>Klassische Arch\u00e4ologie \/ Deutsches Arch\u00e4ologisches Institut Abteilung Madrid<\/em><strong><br \/>\n<\/strong>Sakralst\u00e4tten au\u00dferhalb der r\u00f6mischen Stadt \u2013 Das Beispiel <em>Fonte do \u00cddolo <\/em>in Braga<strong><br \/>\n<\/strong><br \/>\n<span style=\"color: #999999;\">\u2014 20.00 Uhr<\/span><br \/>\n<em>Empfang<\/em><\/p>\n<hr \/>\n<h3 style=\"clear: both;\"><span style=\"color: #e6b900;\"><strong>Freitag, 18.11.2016<\/strong><br \/>\n<\/span><\/h3>\n<p><span style=\"color: #800080;\"><strong><em>Suburbia<\/em> &#8211; der Blick auf H\u00e4fen, Stra\u00dfen, <em>villae<\/em> und Land<\/strong><br \/>\n<\/span><\/p>\n<p><span style=\"color: #999999;\">\u2014 9.30 Uhr<\/span><br \/>\n<strong>Prof. Dr. Ricardo Mar Medina<br \/>\n<\/strong><em>Bauforschung \/ Universitat Rovira i Virgili Tarragona<\/em><strong><br \/>\n<\/strong>Centro y perifer\u00eda en la ciudad antigua: el suburbio portuario de Tarraco<\/p>\n<p><span style=\"color: #999999;\">\u2014 10.15 Uhr<\/span><br \/>\n<strong>Ada Lasheras Gonz\u00e1lez<\/strong><br \/>\n<em>Klassische Arch\u00e4ologie \/ Institut Catal\u00e0 d\u2019Arqueologia Cl\u00e0ssica Tarragona<\/em><strong><br \/>\n<\/strong>El suburbio portuario de Tarraco en la Antig\u00fcedad tard\u00eda (siglos III-VIII)<\/p>\n<p><span style=\"color: #999999;\">\u2014 11.00 Uhr<\/span><br \/>\n<em>Kaffeepause<\/em><\/p>\n<p><span style=\"color: #999999;\">\u2014 11.30 Uhr<\/span><br \/>\n<strong>Jasmin Hettinger<\/strong><br \/>\n<em>Alte Geschichte \/ Universit\u00e4t Duisburg-Essen<\/em><strong><br \/>\n<\/strong>Fl\u00fcsse und Stra\u00dfen, Kataster und Meilensteine: Hispaniens periurbane Zonen<\/p>\n<p><span style=\"color: #999999;\">\u2014 12.15 Uhr<\/span><br \/>\n<strong>Pieter H.A. Houten<\/strong><br \/>\n<em>Alte Geschichte \/ Universiteit Leiden<\/em><strong><br \/>\n<\/strong>El papel de las aglomeraciones secundarias en la red urbana de las <em>Hispaniae<\/em><\/p>\n<p><span style=\"color: #999999;\">\u2014 13.00 Uhr<\/span><br \/>\n<em>Mittagspause<\/em><\/p>\n<p><span style=\"color: #999999;\">\u2014 15.30 Uhr<\/span><br \/>\n<strong>Beate Br\u00fchlmann<\/strong><br \/>\n<em>Klassische Arch\u00e4ologie \/ Universit\u00e4t Trier<\/em><br \/>\n\u201eDie feinen Unterschiede\u201c: Zur suburbanen Palastvilla von Cercadilla und ihrer Stellung innerhalb der hispanischen und gallischen Villenarchitektur<\/p>\n<p><span style=\"color: #999999;\">\u2014 16.15 Uhr<\/span><br \/>\n<strong>Dr. Jan Schneider<\/strong><br \/>\n<em>Klassische Arch\u00e4ologie \/ Justus-Liebig-Universit\u00e4t Gie\u00dfen<\/em><br \/>\nL\u00e4ndliche Siedlungsstrukturen im r\u00f6mischen Spanien. Untersuchungen im Becken von Vera und dem Camp de Tarragona: Ein Abschlussbericht<\/p>\n<p><strong><span style=\"color: #999999;\">\u2014 17.00 Uhr<\/span><br \/>\n<em>Kaffeepause<\/em><br \/>\n<\/strong><br \/>\n<span style=\"color: #800080;\"><strong><em>Suburbia<\/em> &#8211; der Blick auf die Welt der Toten<\/strong><br \/>\n<\/span><\/p>\n<p><span style=\"color: #999999;\">\u2014 17.30 Uhr<\/span><br \/>\n<strong>Dr. Philipp Kobusch<br \/>\n<\/strong><em>Klassische Arch\u00e4ologie \/ Christian Albrechts-Universit\u00e4t zu Kiel<\/em><strong><br \/>\n<\/strong>Soziale Distinktion in r\u00f6mischen Nekropolen der <em>Baetica<\/em><strong><br \/>\n<\/strong><strong><br \/>\n<span style=\"color: #999999;\">\u2014 <\/span><\/strong><span style=\"color: #999999;\">18.15 Uhr<\/span><strong><br \/>\nHanna Martin<br \/>\n<\/strong><em>Klassische Arch\u00e4ologie \/ Deutsches Arch\u00e4ologisches Institut Abteilung Madrid<\/em><strong><br \/>\n<\/strong>Die reliefierten Grabalt\u00e4re Hispaniens: Form, Funktion und Ikonographie<strong><br \/>\n<\/strong><strong><br \/>\n<span style=\"color: #999999;\">\u2014 <\/span><\/strong><span style=\"color: #999999;\">20.30 Uhr<\/span><strong><br \/>\n<\/strong><em>Gemeinsames Abendessen<\/em><\/p>\n<hr \/>\n<h3 style=\"clear: both;\"><span style=\"color: #e6b900;\"><strong>Samstag, 19.11.2016<\/strong><br \/>\n<\/span><\/h3>\n<p><span style=\"color: #800080;\"><strong>Berichte aus laufenden Qualifikationsarbeiten<\/strong><br \/>\n<\/span><\/p>\n<p><span style=\"color: #999999;\">\u2014 9.30 Uhr<\/span><br \/>\n<strong>Diana Morales Manzanares<br \/>\n<\/strong><em>Klassische Arch\u00e4ologie \/ Universidad Complutense de Madrid<\/em><strong><br \/>\n<\/strong>Los cambios urban\u00edsticos en los asentamientos ilergetes en \u00e9poca de conquista (siglos III-I a.C.)<strong><br \/>\n<\/strong><br \/>\n<span style=\"color: #999999;\">\u2014 10.10 Uhr<\/span><br \/>\n<strong>Dr. Nicole R\u00f6ring<\/strong><br \/>\n<em>Bauforschung \/ MEMVIER Bamberg \/ Technische Universit\u00e4t M\u00fcnchen<\/em><br \/>\nDie augusteischen Schauspielst\u00e4tten von Augusta Emerita<\/p>\n<p><span style=\"color: #999999;\">\u2014 10.50 Uhr<\/span><br \/>\n<em>Kaffeepause<\/em><\/p>\n<p><span style=\"color: #999999;\">\u2014 11.20 Uhr<\/span><br \/>\n<strong>Marta Pav\u00eda Page<br \/>\n<\/strong><em>Klassische Arch\u00e4ologie \/ Universidad de Murcia<\/em><strong><br \/>\n<\/strong>La arquitectura termal p\u00fablica de la <em>Hispania citerior<\/em>: tipolog\u00eda, transmisi\u00f3n de modelos e inserci\u00f3n urbana<strong><br \/>\n<\/strong><br \/>\n<span style=\"color: #999999;\">\u2014 12.00 Uhr<\/span><br \/>\n<strong>Dr. Jenny Abura<br \/>\n<\/strong><em>Christliche Arch\u00e4ologie und Byzantinische Kunstgeschichte \/ Georg-August-Universit\u00e4t G\u00f6ttingen<\/em><strong><br \/>\n<\/strong>Neue Forschungsergebnisse zu<em> Segobriga<\/em>. Vom r\u00f6mischen <em>municipium<\/em> zum sp\u00e4tantiken Bischofssitz<strong><br \/>\n<\/strong><br \/>\n<span style=\"color: #999999;\">\u2014 12.40 Uhr<\/span><br \/>\n<strong>Dr. Isabelle Mossong<br \/>\n<\/strong><em>Alte Geschichte \/ Kommission f\u00fcr Alte Geschichte und Epigraphik des Deutschen Arch\u00e4ologischen Instituts M\u00fcnchen<\/em><strong><br \/>\n<\/strong>Die Neuedition von <em>CIL II Conventus Asturum<\/em> \u2013 ein Werkstattbericht<\/p>\n<p><span style=\"color: #999999;\">\u2014 13.10 Uhr<\/span><br \/>\n<em>Mittagspause<br \/>\n<\/em><br \/>\n<span style=\"color: #999999;\">\u2014 15.30 Uhr<\/span><br \/>\n<strong>Stefan Pabst<\/strong><br \/>\n<em>Alte Kirchengeschichte, Patrologie und christliche Arch\u00e4ologie \/ Ruhr-Universit\u00e4t Bochum<\/em><br \/>\nDer Theologe Julian von Toledo im Kontext seiner Zeit<\/p>\n<p><span style=\"color: #800080;\"><strong><em>Suburbia<\/em> &#8211; der Blick auf Kontinuit\u00e4t und Wandel<\/strong><\/span><\/p>\n<p><span style=\"color: #999999;\">\u2014 16.10 Uhr<\/span><br \/>\nFrancesc Rodr\u00edguez Martorell<br \/>\nKlassische Arch\u00e4ologie \/ Institut Catal\u00e0 d\u2019Arqueologia Cl\u00e0ssica Tarragona<br \/>\nEl comercio mediterr\u00e1neo en la Tarraconensis a las puertas del Islam (siglos VII &#8211; VIII dC)<\/p>\n<p><strong><span style=\"color: #999999;\">\u2014 16.50 Uhr<\/span><br \/>\n<\/strong><em>Kaffeepause<\/em><strong><br \/>\n<\/strong><br \/>\n<span style=\"color: #800080;\"><strong><em>Suburbia<\/em> &#8211; der Blick auf die Welt der Toten<\/strong><br \/>\n<\/span><\/p>\n<p><span style=\"color: #999999;\">\u2014 17.20 Uhr<\/span><br \/>\n<strong>Dr. Jes\u00fas Lorenzo Jim\u00e9nez<br \/>\n<\/strong><em>Mittelalterliche Geschichte \/ Universidad del Pa\u00eds Vasco Vitoria-Gasteiz<\/em><br \/>\nLa transformaci\u00f3n del sistema urbano en la Frontera Superior de al-Andalus (siglos VII-X)<strong><br \/>\n<\/strong><strong><br \/>\n<span style=\"color: #999999;\">\u2014 <\/span><\/strong><span style=\"color: #999999;\">18.00 Uhr<\/span><strong><br \/>\nProf. Dr. Fernando Vald\u00e9s Fern\u00e1ndez<br \/>\n<\/strong><em>Islamwissenschaft \/ Universidad Aut\u00f3noma de Madrid<\/em><strong><br \/>\n<\/strong>Zu den Folgen der Conquista auf der Iberischen Halbinsel in der Urbanistik: die Vorst\u00e4dte \u2013 Kontinuit\u00e4t oder Wandel?<strong><br \/>\n<\/strong><strong><br \/>\n<span style=\"color: #999999;\">\u2014 <\/span><\/strong><span style=\"color: #999999;\">19.15 Uhr<\/span><strong><br \/>\n<\/strong><em>Abschlu\u00dfdiskussion<br \/>\n<strong><span style=\"color: #999999;\"><br \/>\n<\/span><\/strong><\/em><span style=\"color: #999999;\">\u2014 20.30 Uhr<\/span><em><strong><br \/>\n<\/strong>Gemeinsames Abendessen<\/em><\/p>\n<p>&nbsp;<\/p>\n","protected":false},"excerpt":{"rendered":"<p>VII. Workshop 17. \u2013 19. November 2016 in Hamburg Die Stadt au\u00dferhalb der Stadt: suburbia zwischen Republik und Sp\u00e4tantike Tagungsorte Instituto Cervantes \u00b7 Chilehaus, Eingang B, 1. Etage, Fischertwiete 1 \u00b7 D-20095 Hamburg Warburg-Haus \u00b7 Heilwigstr. 116 \u00b7 D-20249 Hamburg Download Programm Workshop 2016 (PDF) Tagungsbericht von Dominik Kloss und Sabine Panzram: H-Soz-u-Kult \/ Bollettino &hellip; <a href=\"http:\/\/www.toletum-network.com\/es\/workshops\/vii-workshop-2016\/\" class=\"more-link\">Continuar leyendo<span class=\"screen-reader-text\"> \u00abVII. Workshop 2016\u00bb<\/span><\/a><\/p>\n","protected":false},"author":1,"featured_media":0,"parent":12,"menu_order":1,"comment_status":"closed","ping_status":"closed","template":"","meta":{"jetpack_post_was_ever_published":false,"footnotes":""},"class_list":["post-9396","page","type-page","status-publish","hentry"],"jetpack_sharing_enabled":true,"jetpack_shortlink":"https:\/\/wp.me\/P82TDz-2ry","_links":{"self":[{"href":"http:\/\/www.toletum-network.com\/es\/wp-json\/wp\/v2\/pages\/9396","targetHints":{"allow":["GET"]}}],"collection":[{"href":"http:\/\/www.toletum-network.com\/es\/wp-json\/wp\/v2\/pages"}],"about":[{"href":"http:\/\/www.toletum-network.com\/es\/wp-json\/wp\/v2\/types\/page"}],"author":[{"embeddable":true,"href":"http:\/\/www.toletum-network.com\/es\/wp-json\/wp\/v2\/users\/1"}],"replies":[{"embeddable":true,"href":"http:\/\/www.toletum-network.com\/es\/wp-json\/wp\/v2\/comments?post=9396"}],"version-history":[{"count":8,"href":"http:\/\/www.toletum-network.com\/es\/wp-json\/wp\/v2\/pages\/9396\/revisions"}],"predecessor-version":[{"id":10590,"href":"http:\/\/www.toletum-network.com\/es\/wp-json\/wp\/v2\/pages\/9396\/revisions\/10590"}],"up":[{"embeddable":true,"href":"http:\/\/www.toletum-network.com\/es\/wp-json\/wp\/v2\/pages\/12"}],"wp:attachment":[{"href":"http:\/\/www.toletum-network.com\/es\/wp-json\/wp\/v2\/media?parent=9396"}],"curies":[{"name":"wp","href":"https:\/\/api.w.org\/{rel}","templated":true}]}}