{"id":9381,"date":"2016-10-07T16:36:25","date_gmt":"2016-10-07T15:36:25","guid":{"rendered":"http:\/\/www.toletum-network.com\/?page_id=9381"},"modified":"2016-12-10T12:46:23","modified_gmt":"2016-12-10T11:46:23","slug":"buchpraesentation-staedte-in-spanien-moderne-urbanitaet-seit-2000-jahren","status":"publish","type":"page","link":"http:\/\/www.toletum-network.com\/es\/aktivitaten\/buchpraesentation-staedte-in-spanien-moderne-urbanitaet-seit-2000-jahren\/","title":{"rendered":"Presentaci\u00f3n de libro \u201eSt\u00e4dte in Spanien \u2013 Moderne Urbanit\u00e4t seit 2000 Jahren\u201c"},"content":{"rendered":"<p><img loading=\"lazy\" decoding=\"async\" class=\"alignnone wp-image-947 size-full\" src=\"http:\/\/www.toletum-network.com\/wp-content\/uploads\/2016\/07\/Aktivitaten3.jpg\" width=\"400\" height=\"301\" srcset=\"http:\/\/www.toletum-network.com\/wp-content\/uploads\/2016\/07\/Aktivitaten3.jpg 400w, http:\/\/www.toletum-network.com\/wp-content\/uploads\/2016\/07\/Aktivitaten3-300x226.jpg 300w\" sizes=\"auto, (max-width: 400px) 85vw, 400px\" \/><\/p>\n<p><strong>Hora y lugar<\/strong><br \/>\n11.12.2014, jueves, 19 horas<br \/>\nInstituto Cervantes \u2013 Chilehaus, entrada B, 1<sup>o<\/sup> \u00b7 20095 Hamburg<\/p>\n<h3><strong>Programa<\/strong><\/h3>\n<ul>\n<li>Introducci\u00f3n, Helena Cort\u00e9s Gabaudan (Instituto Cervantes, Hamburg)<\/li>\n<li><strong>\u201e<a href=\"http:\/\/www.toletum-network.com\/blog\/?p=3318\">Stadtgeschichte leben\u201c \u2013 Das moderne Spanien und das alte Rom<\/a><\/strong>, Sabine Panzram (Historisches Seminar \u2013 Arbeitsbereich Alte Geschichte, Universit\u00e4t Hamburg)<\/li>\n<li>Moderaci\u00f3n, Annette N\u00fcnnerich-Asmus (N\u00fcnnerich-Asmus Verlag et Media, Arch\u00e4ologie \u2013 Kunst \u2013 Geschichte, Mainz)<\/li>\n<\/ul>\n<p>&nbsp;<\/p>","protected":false},"excerpt":{"rendered":"<p>Hora y lugar 11.12.2014, jueves, 19 horas Instituto Cervantes \u2013 Chilehaus, entrada B, 1o \u00b7 20095 Hamburg Programa Introducci\u00f3n, Helena Cort\u00e9s Gabaudan (Instituto Cervantes, Hamburg) \u201eStadtgeschichte leben\u201c \u2013 Das moderne Spanien und das alte Rom, Sabine Panzram (Historisches Seminar \u2013 Arbeitsbereich Alte Geschichte, Universit\u00e4t Hamburg) Moderaci\u00f3n, Annette N\u00fcnnerich-Asmus (N\u00fcnnerich-Asmus Verlag et Media, Arch\u00e4ologie \u2013 Kunst &hellip; <a href=\"http:\/\/www.toletum-network.com\/es\/aktivitaten\/buchpraesentation-staedte-in-spanien-moderne-urbanitaet-seit-2000-jahren\/\" class=\"more-link\">Continuar leyendo<span class=\"screen-reader-text\"> \u00abPresentaci\u00f3n de libro \u201eSt\u00e4dte in Spanien \u2013 Moderne Urbanit\u00e4t seit 2000 Jahren\u201c\u00bb<\/span><\/a><\/p>\n","protected":false},"author":1,"featured_media":0,"parent":15,"menu_order":4,"comment_status":"closed","ping_status":"closed","template":"","meta":{"jetpack_post_was_ever_published":false,"footnotes":""},"class_list":["post-9381","page","type-page","status-publish","hentry"],"jetpack_sharing_enabled":true,"jetpack_shortlink":"https:\/\/wp.me\/P82TDz-2rj","_links":{"self":[{"href":"http:\/\/www.toletum-network.com\/es\/wp-json\/wp\/v2\/pages\/9381","targetHints":{"allow":["GET"]}}],"collection":[{"href":"http:\/\/www.toletum-network.com\/es\/wp-json\/wp\/v2\/pages"}],"about":[{"href":"http:\/\/www.toletum-network.com\/es\/wp-json\/wp\/v2\/types\/page"}],"author":[{"embeddable":true,"href":"http:\/\/www.toletum-network.com\/es\/wp-json\/wp\/v2\/users\/1"}],"replies":[{"embeddable":true,"href":"http:\/\/www.toletum-network.com\/es\/wp-json\/wp\/v2\/comments?post=9381"}],"version-history":[{"count":4,"href":"http:\/\/www.toletum-network.com\/es\/wp-json\/wp\/v2\/pages\/9381\/revisions"}],"predecessor-version":[{"id":10179,"href":"http:\/\/www.toletum-network.com\/es\/wp-json\/wp\/v2\/pages\/9381\/revisions\/10179"}],"up":[{"embeddable":true,"href":"http:\/\/www.toletum-network.com\/es\/wp-json\/wp\/v2\/pages\/15"}],"wp:attachment":[{"href":"http:\/\/www.toletum-network.com\/es\/wp-json\/wp\/v2\/media?parent=9381"}],"curies":[{"name":"wp","href":"https:\/\/api.w.org\/{rel}","templated":true}]}}