{"id":9379,"date":"2016-10-07T16:35:36","date_gmt":"2016-10-07T15:35:36","guid":{"rendered":"http:\/\/www.toletum-network.com\/?page_id=9379"},"modified":"2016-12-10T12:05:05","modified_gmt":"2016-12-10T11:05:05","slug":"deutsch-spanische-fieldschool-in-segobrigatrier-antike-und-moderne-technologien","status":"publish","type":"page","link":"http:\/\/www.toletum-network.com\/es\/aktivitaten\/deutsch-spanische-fieldschool-in-segobrigatrier-antike-und-moderne-technologien\/","title":{"rendered":"Fieldschool hispano-alemana en Seg\u00f3briga\/Tr\u00e9veris \u2013 Antig\u00fcedad y tecnolog\u00edas actuales"},"content":{"rendered":"<p><img loading=\"lazy\" decoding=\"async\" class=\"alignnone wp-image-948 size-full\" src=\"http:\/\/www.toletum-network.com\/wp-content\/uploads\/2016\/07\/Aktivitaten4.jpg\" width=\"400\" height=\"301\" srcset=\"http:\/\/www.toletum-network.com\/wp-content\/uploads\/2016\/07\/Aktivitaten4.jpg 400w, http:\/\/www.toletum-network.com\/wp-content\/uploads\/2016\/07\/Aktivitaten4-300x226.jpg 300w\" sizes=\"auto, (max-width: 400px) 85vw, 400px\" \/><\/p>\n<p>Proyecto en el marco <a href=\"https:\/\/www.daad.de\/miniwebs\/icmadrid\/de\/27614\/index.html\">Di\u00e1logo universitario con el sur de Europa <\/a>\u2013 financiado por el <a href=\"https:\/\/www.daad.de\/de\/\">Servicio Alem\u00e1n de Intercambio Acad\u00e9mico <\/a>(DAAD) con fondos del Ministerio de Asuntos Exteriores de Alemania (AA) \u2013 y en cooperaci\u00f3n con Mar\u00eda del Rosario Cebr\u00edan Fern\u00e1ndez, Universidad Complutense de Madrid<a href=\"http:\/\/www.patrimoniohistoricoclm.es\/parque-arqueologico-de-segobriga\/\"><br \/>\n<\/a><\/p>\n<p><strong>Hora y lugar<\/strong><br \/>\ndel 23.03. al 28.03.2015, <strong>Seg\u00f3briga (Saelices, Cuenca)<br \/>\n<\/strong>25.03.2015, coloquio internacional <a href=\"http:\/\/www.patrimoniohistoricoclm.es\/parque-arqueologico-de-segobriga\/\">Parque Arqueol\u00f3gico de Seg\u00f3briga <\/a>\u201eLa Antig\u00fcedad y las tecnolog\u00edas actuales\u201d, Download <a href=\"http:\/\/www.toletum-network.com\/wp-content\/uploads\/2015\/04\/Programm-3.pdf\">Programa<\/a> (PDF) <img loading=\"lazy\" decoding=\"async\" src=\"http:\/\/www.toletum-network.com\/img\/pdf.gif\" alt=\"PDF\" width=\"16\" height=\"16\" \/><br \/>\ndel 22.06. al 27.06.2015, <strong>Tr\u00e9veris<\/strong><\/p>\n<p><strong>Participantes: <\/strong>Estudiantes alemanes y espa\u00f1oles de grado, de m\u00e1ster y de doctorado en Historia Antigua, Arqueolog\u00eda Cl\u00e1sica y Arqueolog\u00eda Paleocristina, Arqueolog\u00eda de la Arquitectura y Filolog\u00eda Cl\u00e1sica con epigraf\u00eda como \u00e1mbito de investigaci\u00f3n. Es el caso, por ejemplo, de <a href=\"http:\/\/www.toletum-network.com\/blog\/?p=4518\">Jasmin Hettinger <\/a>de la Universidad de Duisburg-Essen o de <a href=\"http:\/\/www.toletum-network.com\/blog\/?p=4513\">Israel Jacobo Alc\u00f3n Garc\u00eda <\/a>de la Universidad Complutense de Madrid. Los j\u00f3venes investigadores hablan sobre su motivaci\u00f3n para dedicarse al estudio de la Antig\u00fcedad, para participar en la escuela de campo y, no menos importante, sobre sus ideas acerca de un futuro profesional.<\/p>\n<p><strong>Objetivo:\u00a0 <\/strong>Introducci\u00f3n a las t\u00e9cnicas tradicionales de excavaci\u00f3n y a los m\u00e9todos de determinaci\u00f3n, pero tambi\u00e9n a los m\u00e9todos geomagn\u00e9ticos de prospecci\u00f3n y al aprovechamiento del material epigr\u00e1fico; es decir, a los m\u00e9todos de investigaci\u00f3n de la arqueolog\u00eda urbana en un sentido amplio, tal como se aplican actualmente en el <strong><em>municipium <\/em><\/strong>de<strong> <em>Segobriga<\/em> <\/strong>o en la<strong> <em>colonia Trevirorum<\/em><\/strong>.<\/p>\n<p><img loading=\"lazy\" decoding=\"async\" class=\"alignnone size-full wp-image-1115\" src=\"http:\/\/www.toletum-network.com\/wp-content\/uploads\/2016\/07\/Aktivitaten6-1.jpg\" alt=\"Aktivitaten6\" width=\"400\" height=\"301\" srcset=\"http:\/\/www.toletum-network.com\/wp-content\/uploads\/2016\/07\/Aktivitaten6-1.jpg 400w, http:\/\/www.toletum-network.com\/wp-content\/uploads\/2016\/07\/Aktivitaten6-1-300x226.jpg 300w\" sizes=\"auto, (max-width: 400px) 85vw, 400px\" \/><\/p>\n<p>Ser\u00e1 posible hacerse una idea de lo acontecido durante estas ajetreadas semana en Espa\u00f1a y Alemania a trav\u00e9s de los reportajes de los estudiantes: <a href=\"http:\/\/www.toletum-network.com\/blog\/?p=4472\">In einem Ort in La Mancha\u2026 Irgendwo im Nirgendwo<\/a>, <a href=\"http:\/\/www.toletum-network.com\/blog\/?p=4502\">II<\/a>, <a href=\"http:\/\/www.toletum-network.com\/blog\/?p=4524\">III<\/a> y <a href=\"http:\/\/www.toletum-network.com\/blog\/?p=4789\">Espa\u00f1oles por\u2026 Trier I<\/a>, <a href=\"http:\/\/www.toletum-network.com\/blog\/?p=4796\">II<\/a>, <a href=\"http:\/\/www.toletum-network.com\/blog\/?p=4801\">III<\/a> y de una entrevista (<a href=\"https:\/\/www.daad.de\/der-daad\/daad-aktuell\/de\/40164-antike-und-moderne-technologien-deutsch-spanische-fieldschool-in-trier-und-seg-briga\/\">alem\u00e1n<\/a> \/<a href=\"https:\/\/www.daad.de\/miniwebs\/icmadrid\/es\/28870\/index.html\"> espa\u00f1ol<\/a>), realizada por Marc Reznicek, Director del Centro de Informaci\u00f3n del DAAD en Madrid, a Sabine Panzram.<\/p>\n<p>&nbsp;<\/p>","protected":false},"excerpt":{"rendered":"<p>Proyecto en el marco Di\u00e1logo universitario con el sur de Europa \u2013 financiado por el Servicio Alem\u00e1n de Intercambio Acad\u00e9mico (DAAD) con fondos del Ministerio de Asuntos Exteriores de Alemania (AA) \u2013 y en cooperaci\u00f3n con Mar\u00eda del Rosario Cebr\u00edan Fern\u00e1ndez, Universidad Complutense de Madrid Hora y lugar del 23.03. al 28.03.2015, Seg\u00f3briga (Saelices, Cuenca) &hellip; <a href=\"http:\/\/www.toletum-network.com\/es\/aktivitaten\/deutsch-spanische-fieldschool-in-segobrigatrier-antike-und-moderne-technologien\/\" class=\"more-link\">Continuar leyendo<span class=\"screen-reader-text\"> \u00abFieldschool hispano-alemana en Seg\u00f3briga\/Tr\u00e9veris \u2013 Antig\u00fcedad y tecnolog\u00edas actuales\u00bb<\/span><\/a><\/p>\n","protected":false},"author":1,"featured_media":0,"parent":15,"menu_order":2,"comment_status":"closed","ping_status":"closed","template":"","meta":{"jetpack_post_was_ever_published":false,"footnotes":""},"class_list":["post-9379","page","type-page","status-publish","hentry"],"jetpack_sharing_enabled":true,"jetpack_shortlink":"https:\/\/wp.me\/P82TDz-2rh","_links":{"self":[{"href":"http:\/\/www.toletum-network.com\/es\/wp-json\/wp\/v2\/pages\/9379","targetHints":{"allow":["GET"]}}],"collection":[{"href":"http:\/\/www.toletum-network.com\/es\/wp-json\/wp\/v2\/pages"}],"about":[{"href":"http:\/\/www.toletum-network.com\/es\/wp-json\/wp\/v2\/types\/page"}],"author":[{"embeddable":true,"href":"http:\/\/www.toletum-network.com\/es\/wp-json\/wp\/v2\/users\/1"}],"replies":[{"embeddable":true,"href":"http:\/\/www.toletum-network.com\/es\/wp-json\/wp\/v2\/comments?post=9379"}],"version-history":[{"count":8,"href":"http:\/\/www.toletum-network.com\/es\/wp-json\/wp\/v2\/pages\/9379\/revisions"}],"predecessor-version":[{"id":10170,"href":"http:\/\/www.toletum-network.com\/es\/wp-json\/wp\/v2\/pages\/9379\/revisions\/10170"}],"up":[{"embeddable":true,"href":"http:\/\/www.toletum-network.com\/es\/wp-json\/wp\/v2\/pages\/15"}],"wp:attachment":[{"href":"http:\/\/www.toletum-network.com\/es\/wp-json\/wp\/v2\/media?parent=9379"}],"curies":[{"name":"wp","href":"https:\/\/api.w.org\/{rel}","templated":true}]}}