{"id":9378,"date":"2016-10-07T16:35:31","date_gmt":"2016-10-07T15:35:31","guid":{"rendered":"http:\/\/www.toletum-network.com\/?page_id=9378"},"modified":"2016-12-10T11:35:57","modified_gmt":"2016-12-10T10:35:57","slug":"staedte-des-weltkulturerbes-15-schaetze-spaniens","status":"publish","type":"page","link":"http:\/\/www.toletum-network.com\/es\/aktivitaten\/staedte-des-weltkulturerbes-15-schaetze-spaniens\/","title":{"rendered":"Ciudades Patrimonio de la Humanidad \u2013 15 Joyas de Espa\u00f1a"},"content":{"rendered":"<p><img loading=\"lazy\" decoding=\"async\" class=\"alignnone size-full wp-image-8638\" src=\"http:\/\/www.toletum-network.com\/wp-content\/uploads\/2016\/07\/Santiago-de-Compostela-2.jpg\" alt=\"santiago-de-compostela\" width=\"400\" height=\"258\" srcset=\"http:\/\/www.toletum-network.com\/wp-content\/uploads\/2016\/07\/Santiago-de-Compostela-2.jpg 400w, http:\/\/www.toletum-network.com\/wp-content\/uploads\/2016\/07\/Santiago-de-Compostela-2-300x194.jpg 300w\" sizes=\"auto, (max-width: 400px) 85vw, 400px\" \/><\/p>\n<p><strong>Hora y lugar<\/strong><br \/>\n30.05.2016 \u2013 27.10.2016; jueves, 19 \u2013 21 horas;<br \/>\nInstituto Cervantes \u2013 Chilehaus, entrada B, 1<sup>o<\/sup> \u00b7 20095 Hamburg<\/p>\n<p><strong>Download<\/strong> <a href=\"http:\/\/www.toletum-network.com\/wp-content\/uploads\/2016\/10\/Cervantes-15-Joyas-de-Espa\u00f1a-05.-10.2016.pdf\">Programa Ciclo de conferencias<\/a> (PDF)<\/p>\n<h3><strong>Programa<\/strong><\/h3>\n<p style=\"color: #999999;\"><span style=\"color: #999999;\">\u2014 30.05.2016<br \/>\n<\/span><a href=\"http:\/\/www.toletum-network.com\/es\/2016\/05\/ciudades-patrimonio-de-la-humanidad-15-joyas-de-espana\/\"><span style=\"color: #000000;\">Introducci\u00f3n a la exposici\u00f3n<\/span><\/a><br \/>\n<span style=\"color: #000000;\">Jos\u00e9 Luis Rivas (Presidente del Grupo de Ciudades Patrimonio de la Humanidad de Espa\u00f1a)<\/span><\/p>\n<p><span style=\"color: #999999;\">\u2014 07.06.2016<\/span><br \/>\n<span style=\"color: #000000;\">Tarragona, das Rom Hispaniens<\/span><br \/>\n<span style=\"color: #000000;\">Sabine Panzram (Universit\u00e4t Hamburg)<\/span><\/p>\n<p><span style=\"color: #999999;\">\u2014 30.06.2016<\/span><br \/>\n<a href=\"http:\/\/www.toletum-network.com\/2016\/06\/stadte-des-weltkulturerbes-15-schatze-spaniens-santiago-de-compostela\/\">Santiago de Compostela &#8211; eine Stadt f\u00fcr den Apostel und ein europ\u00e4ischer Erinnerungsort<\/a><br \/>\nKlaus Herbers (Universi\u00e4t N\u00fcrnberg-Erlangen)<\/p>\n<p><span style=\"color: #999999;\">\u2014 08.09.2016<\/span><br \/>\n<a href=\"http:\/\/www.toletum-network.com\/2016\/09\/stadte-des-weltkulturerbes-15-schatze-spaniens-salamanca\/\">Salamanca, Ignacio de Loyola y la Compa\u00f1\u00eda de Jes\u00fas<\/a><br \/>\nEnrique Garc\u00eda Hern\u00e1n (Consejo Superior de Investigaciones Cient\u00edficas Madrid)<\/p>\n<p><span style=\"color: #999999;\">\u2014 27.10.2016<\/span><br \/>\n<a href=\"http:\/\/www.toletum-network.com\/2016\/10\/staedte-des-weltkulturerbes-15-schaetze-spaniens-cordoba\/\">C\u00f3rdoba y Madinat al-Zahra. El patrimonio hist\u00f3rico de al-Andalus<\/a><br \/>\n<a href=\"http:\/\/www.toletum-network.com\/2016\/10\/staedte-des-weltkulturerbes-15-schaetze-spaniens-cordoba\/\">en la base de las declaraciones de Patrimonio de la Humanidad<\/a><br \/>\nAntonio Vallejo Triano (Museo de Bellas Artes de C\u00f3rdoba)<\/p>\n<p>&nbsp;<\/p>","protected":false},"excerpt":{"rendered":"<p>Hora y lugar 30.05.2016 \u2013 27.10.2016; jueves, 19 \u2013 21 horas; Instituto Cervantes \u2013 Chilehaus, entrada B, 1o \u00b7 20095 Hamburg Download Programa Ciclo de conferencias (PDF) Programa \u2014 30.05.2016 Introducci\u00f3n a la exposici\u00f3n Jos\u00e9 Luis Rivas (Presidente del Grupo de Ciudades Patrimonio de la Humanidad de Espa\u00f1a) \u2014 07.06.2016 Tarragona, das Rom Hispaniens Sabine &hellip; <a href=\"http:\/\/www.toletum-network.com\/es\/aktivitaten\/staedte-des-weltkulturerbes-15-schaetze-spaniens\/\" class=\"more-link\">Continuar leyendo<span class=\"screen-reader-text\"> \u00abCiudades Patrimonio de la Humanidad \u2013 15 Joyas de Espa\u00f1a\u00bb<\/span><\/a><\/p>\n","protected":false},"author":1,"featured_media":0,"parent":15,"menu_order":1,"comment_status":"closed","ping_status":"closed","template":"","meta":{"jetpack_post_was_ever_published":false,"footnotes":""},"class_list":["post-9378","page","type-page","status-publish","hentry"],"jetpack_sharing_enabled":true,"jetpack_shortlink":"https:\/\/wp.me\/P82TDz-2rg","_links":{"self":[{"href":"http:\/\/www.toletum-network.com\/es\/wp-json\/wp\/v2\/pages\/9378","targetHints":{"allow":["GET"]}}],"collection":[{"href":"http:\/\/www.toletum-network.com\/es\/wp-json\/wp\/v2\/pages"}],"about":[{"href":"http:\/\/www.toletum-network.com\/es\/wp-json\/wp\/v2\/types\/page"}],"author":[{"embeddable":true,"href":"http:\/\/www.toletum-network.com\/es\/wp-json\/wp\/v2\/users\/1"}],"replies":[{"embeddable":true,"href":"http:\/\/www.toletum-network.com\/es\/wp-json\/wp\/v2\/comments?post=9378"}],"version-history":[{"count":13,"href":"http:\/\/www.toletum-network.com\/es\/wp-json\/wp\/v2\/pages\/9378\/revisions"}],"predecessor-version":[{"id":10165,"href":"http:\/\/www.toletum-network.com\/es\/wp-json\/wp\/v2\/pages\/9378\/revisions\/10165"}],"up":[{"embeddable":true,"href":"http:\/\/www.toletum-network.com\/es\/wp-json\/wp\/v2\/pages\/15"}],"wp:attachment":[{"href":"http:\/\/www.toletum-network.com\/es\/wp-json\/wp\/v2\/media?parent=9378"}],"curies":[{"name":"wp","href":"https:\/\/api.w.org\/{rel}","templated":true}]}}