{"id":9377,"date":"2016-10-07T16:36:52","date_gmt":"2016-10-07T15:36:52","guid":{"rendered":"http:\/\/www.toletum-network.com\/?page_id=9377"},"modified":"2016-12-10T13:49:33","modified_gmt":"2016-12-10T12:49:33","slug":"tempus-barbaricum-das-imperium-romanum-die-iberische-halbinsel-und-das-ende-der-antike","status":"publish","type":"page","link":"http:\/\/www.toletum-network.com\/es\/aktivitaten\/tempus-barbaricum-das-imperium-romanum-die-iberische-halbinsel-und-das-ende-der-antike\/","title":{"rendered":"Tempus Barbaricum. El Imperio Romano y la Pen\u00ednsula Ib\u00e9rica al final de la Antig\u00fcedad"},"content":{"rendered":"<p><img loading=\"lazy\" decoding=\"async\" class=\"alignnone wp-image-949 size-full\" src=\"http:\/\/www.toletum-network.com\/wp-content\/uploads\/2016\/07\/Aktivitaten5.jpg\" width=\"400\" height=\"301\" srcset=\"http:\/\/www.toletum-network.com\/wp-content\/uploads\/2016\/07\/Aktivitaten5.jpg 400w, http:\/\/www.toletum-network.com\/wp-content\/uploads\/2016\/07\/Aktivitaten5-300x226.jpg 300w\" sizes=\"auto, (max-width: 400px) 85vw, 400px\" \/><\/p>\n<p>Ciclo de conferencias con motivo de la exposici\u00f3n hom\u00f3nima. \u00b7 Un evento conjunto de la Universidad Complutense de Madrid, el Instituto Arqueol\u00f3gico Alem\u00e1n de Berl\u00edn-Madrid, el Instituto de Arqueolog\u00eda y el Departamento de la Universidad de Historia de Hamburgo.<\/p>\n<p><strong>Hora y lugar<\/strong><br \/>\n20.10.2011 \u2013 30.01.2012, lunes, 18 (c.t.) \u2013 20 horas; Universit\u00e4t Hamburg \u00b7 Arch\u00e4ologisches Institut \u00b7 Edmund-Siemers-Allee 1 (edificio oeste) \u00b7 20146 Hamburg \u00b7<br \/>\nConferencias: sala 121 \u00b7 Exposici\u00f3n: vest\u00edbulo<\/p>\n<p><strong>Download<\/strong> <a href=\"http:\/\/www.toletum-network.com\/wp-content\/uploads\/2016\/10\/Programm-Vorlesungsreihe-2011.pdf\">Programa Ciclo de conferencias<\/a> (PDF)<\/p>\n<h3><strong>Programa<\/strong><\/h3>\n<p><span style=\"color: #999999;\">\u2014 jueves, 20.10.2011, 18 horas<\/span><br \/>\nInauguraci\u00f3n de la exposici\u00f3n: C\u00f3nsul General de Espa\u00f1a en Hamburgo, Joaqu\u00edn P\u00e9rez-Villanueva<br \/>\nPalabras de bienvenida: primera Directora del Instituto Arqueol\u00f3gico Alem\u00e1n de Madrid, Prof. Dr. Dirce Marzoli<br \/>\nConferencia inaugural: Prof. Dr. Rosa Mar\u00eda Sanz Serrano, Universidad Complutense de Madrid<br \/>\nHydatius und der Einfall der Barbaren in Hispanien<br \/>\nRecepci\u00f3n<\/p>\n<p><span style=\"color: #999999;\">\u2014 lunes, 31.10.2011, 18 horas<\/span><br \/>\nDr. Sabine Panzram (Universit\u00e4t Hamburg \/ Deutsches Arch\u00e4ologisches Institut Berlin-Madrid)<br \/>\n\u00abDie Verwandlung der Welt\u201c. Das kurze 5. Jh. n. Chr. auf der Iberischen Halbinsel<\/p>\n<p><span style=\"color: #999999;\">\u2014 lunes, 21.11.2011, 18 horas<\/span><br \/>\nDr. Philipp von Rummel (Deutsches Arch\u00e4ologisches Institut Abteilung Rom)<br \/>\n<a href=\"http:\/\/www.toletum-network.com\/2011\/11\/nordafrika-im-5-jh-n-chr\/\"><strong>Nordafrika im 5. Jh. n. Chr. zwischen Umbruch und Kontinuit\u00e4t. Eine arch\u00e4ologische Spurensuche<\/strong><\/a><\/p>\n<p><span style=\"color: #999999;\">\u2014 lunes, 5.12.2011, 18 horas<\/span><br \/>\nProf. Dr. Mischa Meier (Eberhard-Karls-Universit\u00e4t T\u00fcbingen)<br \/>\n<strong><a href=\"http:\/\/www.toletum-network.com\/blog\/?p=550\">Das Ende der Antike im Osten<\/a><\/strong><\/p>\n<p><span style=\"color: #999999;\">\u2014 lunes, 19.12.2011, 18 horas<\/span><br \/>\nProf. Dr. Volker Menze (Central European University Budapest)<br \/>\nThe Making of a Religious Topography in Late Antique Syria<\/p>\n<p><span style=\"color: #999999;\">\u2014 lunes, 16.01.2011, 18 horas<\/span><br \/>\nDr. Stephan Faust (Universit\u00e4t Hamburg)<br \/>\nPerserkrieg und Herrscherlob im Reliefschmuck des Galeriusbogens in Thessaloniki. Zur Funktion des Barbarenbildes in der sp\u00e4ten Kaiserzeit<\/p>\n<p><span style=\"color: #999999;\">\u2014 lunes, 30.01.2011, 18 horas<\/span><br \/>\nProf. Dr. Horst Pietschmann (Universit\u00e4t Hamburg)<br \/>\n<a href=\"http:\/\/www.toletum-network.com\/2012\/01\/von-der-wiederentdeckung-der-antike-im-15-und-16-jahrhundert\/\"><strong>Humanismus und Renaissance in Spanien: Wiederentdeckung der Antike und politische Instrumentalisierungsbem\u00fchungen im 15. und 16. Jahrhundert<\/strong><\/a><\/p>\n<p>&nbsp;<\/p>","protected":false},"excerpt":{"rendered":"<p>Ciclo de conferencias con motivo de la exposici\u00f3n hom\u00f3nima. \u00b7 Un evento conjunto de la Universidad Complutense de Madrid, el Instituto Arqueol\u00f3gico Alem\u00e1n de Berl\u00edn-Madrid, el Instituto de Arqueolog\u00eda y el Departamento de la Universidad de Historia de Hamburgo. Hora y lugar 20.10.2011 \u2013 30.01.2012, lunes, 18 (c.t.) \u2013 20 horas; Universit\u00e4t Hamburg \u00b7 Arch\u00e4ologisches &hellip; <a href=\"http:\/\/www.toletum-network.com\/es\/aktivitaten\/tempus-barbaricum-das-imperium-romanum-die-iberische-halbinsel-und-das-ende-der-antike\/\" class=\"more-link\">Continuar leyendo<span class=\"screen-reader-text\"> \u00abTempus Barbaricum. El Imperio Romano y la Pen\u00ednsula Ib\u00e9rica al final de la Antig\u00fcedad\u00bb<\/span><\/a><\/p>\n","protected":false},"author":1,"featured_media":0,"parent":15,"menu_order":6,"comment_status":"closed","ping_status":"closed","template":"","meta":{"jetpack_post_was_ever_published":false,"footnotes":""},"class_list":["post-9377","page","type-page","status-publish","hentry"],"jetpack_sharing_enabled":true,"jetpack_shortlink":"https:\/\/wp.me\/P82TDz-2rf","_links":{"self":[{"href":"http:\/\/www.toletum-network.com\/es\/wp-json\/wp\/v2\/pages\/9377","targetHints":{"allow":["GET"]}}],"collection":[{"href":"http:\/\/www.toletum-network.com\/es\/wp-json\/wp\/v2\/pages"}],"about":[{"href":"http:\/\/www.toletum-network.com\/es\/wp-json\/wp\/v2\/types\/page"}],"author":[{"embeddable":true,"href":"http:\/\/www.toletum-network.com\/es\/wp-json\/wp\/v2\/users\/1"}],"replies":[{"embeddable":true,"href":"http:\/\/www.toletum-network.com\/es\/wp-json\/wp\/v2\/comments?post=9377"}],"version-history":[{"count":9,"href":"http:\/\/www.toletum-network.com\/es\/wp-json\/wp\/v2\/pages\/9377\/revisions"}],"predecessor-version":[{"id":10189,"href":"http:\/\/www.toletum-network.com\/es\/wp-json\/wp\/v2\/pages\/9377\/revisions\/10189"}],"up":[{"embeddable":true,"href":"http:\/\/www.toletum-network.com\/es\/wp-json\/wp\/v2\/pages\/15"}],"wp:attachment":[{"href":"http:\/\/www.toletum-network.com\/es\/wp-json\/wp\/v2\/media?parent=9377"}],"curies":[{"name":"wp","href":"https:\/\/api.w.org\/{rel}","templated":true}]}}