{"id":9376,"date":"2016-10-07T16:36:39","date_gmt":"2016-10-07T15:36:39","guid":{"rendered":"http:\/\/www.toletum-network.com\/?page_id=9376"},"modified":"2016-12-10T12:54:48","modified_gmt":"2016-12-10T11:54:48","slug":"spaniens-staedte-moderne-urbanitaet-seit-2000-jahren-i%e2%80%a8-antike","status":"publish","type":"page","link":"http:\/\/www.toletum-network.com\/es\/aktivitaten\/spaniens-staedte-moderne-urbanitaet-seit-2000-jahren-i%e2%80%a8-antike\/","title":{"rendered":"Ciudades de Espa\u00f1a \u2013 Urbanidad moderna desde hace 2000 a\u00f1os (I): Antig\u00fcedad cl\u00e1sica"},"content":{"rendered":"<p><img loading=\"lazy\" decoding=\"async\" class=\"alignnone wp-image-946 size-full\" src=\"http:\/\/www.toletum-network.com\/wp-content\/uploads\/2016\/07\/Aktivitaten2.jpg\" width=\"400\" height=\"301\" srcset=\"http:\/\/www.toletum-network.com\/wp-content\/uploads\/2016\/07\/Aktivitaten2.jpg 400w, http:\/\/www.toletum-network.com\/wp-content\/uploads\/2016\/07\/Aktivitaten2-300x226.jpg 300w\" sizes=\"auto, (max-width: 400px) 85vw, 400px\" \/><\/p>\n<p>Ciclo de conferencias en el marco del \u00abCiclo de Conferencias Generales\u00bb de la Universidad de Hamburgo<\/p>\n<p><strong>Hora y lugar<\/strong><br \/>\n03.04.2014 \u2013 03.07.2014, jueves, 18 (c.t.) \u2013 20 horas<br \/>\nUniversit\u00e4t Hamburg \u00b7 edificio central, sala B \u00b7 Edmund-Siemers-Allee 1 \u00b7 20146 Hamburg y Instituto Cervantes \u2013 Chilehaus, entrada B, 1<sup>o<\/sup> \u00b7 20095 Hamburg<\/p>\n<p><strong>Download<\/strong> <a href=\"http:\/\/www.toletum-network.com\/wp-content\/uploads\/2016\/10\/Programm-Vorlesungsreihe-2014.pdf\">Programa Ciclo de conferencias<\/a> (PDF)<\/p>\n<h3><strong>Programa<\/strong><\/h3>\n<p><span style=\"color: #999999;\">\u2014 03.04.2014<\/span><br \/>\nOjo: lugar de la conferencia Instituto Cervantes<br \/>\n<a href=\"http:\/\/www.toletum-network.com\/blog\/?p=2702\"><strong>Las piedras hablan: arqueolog\u00eda e historia de las ciudades romanas de Mallorca \/ \u201eUnd ob die Steine sprechen\u201c: Arch\u00e4ologie und Geschichte der r\u00f6mischen St\u00e4dte Mallorcas <\/strong><\/a><br \/>\n(conferencia en espa\u00f1ol con traducci\u00f3n al alem\u00e1n)<br \/>\nProf. Dr. Enrique Garc\u00eda Riaza, \u00c0rea d&#8217;Hist\u00f2ria Antiga \u2013 Departament de Ciencies Hist\u00f2riques i Teoria de les Arts, Universitat de les Illes Balears \/ Palma de Mallorca<br \/>\n<a href=\"http:\/\/www.toletum-network.com\/blog\/?p=2780\">Reportaje desde el Instituto Cervantes<\/a><\/p>\n<p><span style=\"color: #999999;\">\u2014 17.04.2014<\/span><a href=\"http:\/\/www.toletum-network.com\/blog\/?p=2761\"><strong><br \/>\nDer r\u00f6mische Goldabbau auf der nordwestlichen Iberischen Halbinsel: das Beispiel Tres Minas <\/strong><\/a><br \/>\nJProf. Dr. Britta Ramminger, Vor- und Fr\u00fchgeschichtliche Arch\u00e4ologie, Universit\u00e4t Hamburg<\/p>\n<p><span style=\"color: #999999;\">\u2014 24.04.2014<\/span><strong><a href=\"http:\/\/www.toletum-network.com\/blog\/?p=2814\"><br \/>\nVom keltiberischen Oppidum zum r\u00f6mischen Municipium: Arch\u00e4ologische Forschungen in <\/a><a href=\"http:\/\/www.toletum-network.com\/blog\/?p=2814\">Segobriga (Castilla-La Mancha) <\/a><\/strong><br \/>\nProf. Dr. Markus Trunk, Klassische Arch\u00e4ologie, Universit\u00e4t Trier<\/p>\n<p><span style=\"color: #999999;\">\u2014 08.05.2014<\/span><a href=\"http:\/\/www.toletum-network.com\/blog\/?p=2834\"><strong><br \/>\nAus einer persischen H\u00f6hle in die St\u00e4dte Hispaniens: Der \u201eorientalische\u201c Kult des Mithras auf der Iberischen Halbinsel <\/strong><\/a><br \/>\nProf. Dr. Anja Kl\u00f6ckner, Institut f\u00fcr Altertumswissenschaften \u2013 Klassische Arch\u00e4ologie, Justus-Liebig-Universit\u00e4t Gie\u00dfen<\/p>\n<p><span style=\"color: #999999;\">\u2014 15.05.2014<\/span><br \/>\nOjo: lugar de la conferencia Instituto Cervantes<br \/>\n<a href=\"http:\/\/www.toletum-network.com\/blog\/?p=2840\"><strong>Colonia Iulia Urbs Nova Carthago: novedades para una historia arqueol\u00f3gica en construcci\u00f3n \/ Die Colonia Iulia Urbs Nova Carthago: Neues von der Geschichte einer Stadt, die sich noch im Bau befindet<\/strong><\/a> (conferencia en espa\u00f1ol con traducci\u00f3n al alem\u00e1n)<br \/>\nProf. Dr. Jos\u00e9 Miguel Noguera Celdr\u00e1n, Departamento de Prehistoria, Arqueolog\u00eda, Historia Antigua, Historia Medieval y Ciencias y T\u00e9cnicas Historiogr\u00e1ficas \u2013 Facultad de Letras, Universidad de Murcia<br \/>\n<a href=\"http:\/\/www.toletum-network.com\/blog\/?p=2896\">Reportaje desde el Instituto Cervantes<\/a><\/p>\n<p><span style=\"color: #999999;\">\u2014 29.05.2014<\/span><a href=\"http:\/\/www.toletum-network.com\/blog\/?p=2964\"><strong><br \/>\nDie Iberische Halbinsel: Eine Geschichte in sechs St\u00e4dten<\/strong><br \/>\n<\/a>PD Dr. Sabine Panzram, Historisches Seminar \u2013 Arbeitsbereich Alte Geschichte, Universit\u00e4t Hamburg<\/p>\n<p><span style=\"color: #999999;\">\u2014 05.06.2014<\/span><a href=\"http:\/\/www.toletum-network.com\/blog\/?p=2883\"><strong><br \/>\nVon Exportschlagern und \u201eCash Crops\u201c \u2013 zum Wirtschaftsleben Hispaniens <\/strong><\/a><br \/>\nPD Dr. Felix Teichner, Vorgeschichtliches Seminar, Philipps-Universit\u00e4t Marburg<\/p>\n<p><span style=\"color: #999999;\">\u2014 19.06.2014<\/span><a href=\"http:\/\/www.toletum-network.com\/blog\/?p=2935\"><strong><br \/>\nBeginnende Aufhellung, neue Perspektive: St\u00e4dtische Transformationen in den \u201edunklen Jahrhunderten\u201c des \u201esp\u00e4tantiken Niedergangs\u201c Hispaniens<\/strong><br \/>\n<\/a>Prof. Dr. Achim Arbeiter, Christliche Arch\u00e4ologie und Byzantinische Kunstgeschichte, Georg-August-Universit\u00e4t G\u00f6ttingen<\/p>\n<p><span style=\"color: #999999;\">\u2014 03.07.2014<\/span><br \/>\nOjo: lugar de la conferencia Instituto Cervantes<br \/>\n<a href=\"http:\/\/www.toletum-network.com\/blog\/?p=2947\"><strong>De Corduba a Roma y m\u00e1s all\u00e0: el cortejo triunfal del aceite de oliva baetico \/ Von C\u00f3rdoba nach Rom und weiter: Der Siegeszug des b\u00e4tischen Oliven\u00f6ls <\/strong><\/a>(conferencia en espa\u00f1ol con traducci\u00f3n al alem\u00e1n)<br \/>\nProf. Dr. Jos\u00e9 Remesal Rodr\u00edguez \/ Prof. Dr. Antonio Aguilera Mart\u00edn (Departamento de Prehistoria, Historia Antigua y Arqueolog\u00eda \u2013 Facultad de Geograf\u00eda e Historia, Universidad de Barcelona)<br \/>\n<a href=\"http:\/\/www.toletum-network.com\/blog\/?p=2977\">Reportaje desde el Instituto Cervantes<\/a><\/p>\n<p>&nbsp;<\/p>","protected":false},"excerpt":{"rendered":"<p>Ciclo de conferencias en el marco del \u00abCiclo de Conferencias Generales\u00bb de la Universidad de Hamburgo Hora y lugar 03.04.2014 \u2013 03.07.2014, jueves, 18 (c.t.) \u2013 20 horas Universit\u00e4t Hamburg \u00b7 edificio central, sala B \u00b7 Edmund-Siemers-Allee 1 \u00b7 20146 Hamburg y Instituto Cervantes \u2013 Chilehaus, entrada B, 1o \u00b7 20095 Hamburg Download Programa Ciclo &hellip; <a href=\"http:\/\/www.toletum-network.com\/es\/aktivitaten\/spaniens-staedte-moderne-urbanitaet-seit-2000-jahren-i%e2%80%a8-antike\/\" class=\"more-link\">Continuar leyendo<span class=\"screen-reader-text\"> \u00abCiudades de Espa\u00f1a \u2013 Urbanidad moderna desde hace 2000 a\u00f1os (I): Antig\u00fcedad cl\u00e1sica\u00bb<\/span><\/a><\/p>\n","protected":false},"author":1,"featured_media":0,"parent":15,"menu_order":5,"comment_status":"closed","ping_status":"closed","template":"","meta":{"jetpack_post_was_ever_published":false,"footnotes":""},"class_list":["post-9376","page","type-page","status-publish","hentry"],"jetpack_sharing_enabled":true,"jetpack_shortlink":"https:\/\/wp.me\/P82TDz-2re","_links":{"self":[{"href":"http:\/\/www.toletum-network.com\/es\/wp-json\/wp\/v2\/pages\/9376","targetHints":{"allow":["GET"]}}],"collection":[{"href":"http:\/\/www.toletum-network.com\/es\/wp-json\/wp\/v2\/pages"}],"about":[{"href":"http:\/\/www.toletum-network.com\/es\/wp-json\/wp\/v2\/types\/page"}],"author":[{"embeddable":true,"href":"http:\/\/www.toletum-network.com\/es\/wp-json\/wp\/v2\/users\/1"}],"replies":[{"embeddable":true,"href":"http:\/\/www.toletum-network.com\/es\/wp-json\/wp\/v2\/comments?post=9376"}],"version-history":[{"count":5,"href":"http:\/\/www.toletum-network.com\/es\/wp-json\/wp\/v2\/pages\/9376\/revisions"}],"predecessor-version":[{"id":10181,"href":"http:\/\/www.toletum-network.com\/es\/wp-json\/wp\/v2\/pages\/9376\/revisions\/10181"}],"up":[{"embeddable":true,"href":"http:\/\/www.toletum-network.com\/es\/wp-json\/wp\/v2\/pages\/15"}],"wp:attachment":[{"href":"http:\/\/www.toletum-network.com\/es\/wp-json\/wp\/v2\/media?parent=9376"}],"curies":[{"name":"wp","href":"https:\/\/api.w.org\/{rel}","templated":true}]}}