{"id":19002,"date":"2025-01-14T22:56:24","date_gmt":"2025-01-14T20:56:24","guid":{"rendered":"http:\/\/www.toletum-network.com\/?page_id=19002"},"modified":"2025-01-31T23:02:52","modified_gmt":"2025-01-31T21:02:52","slug":"iberica-selecta-2-fluide-raeume","status":"publish","type":"page","link":"http:\/\/www.toletum-network.com\/es\/iberica-selecta\/iberica-selecta-2-fluide-raeume\/","title":{"rendered":"Iberica Selecta 2: Espacios que fluyen"},"content":{"rendered":"<p><strong><a href=\"https:\/\/www.steiner-verlag.de\/Fluide-Raeume\/9783515138291\"><img loading=\"lazy\" decoding=\"async\" class=\"alignleft wp-image-19004 size-medium\" src=\"http:\/\/www.toletum-network.com\/wp-content\/uploads\/2024\/12\/Fluide-Raeume.jpg\" alt=\"\" width=\"360\" height=\"640\" \/><\/a><\/strong><strong>Los valles fluviales han sido considerados durante mucho tiempo como escenarios meramente est\u00e1ticos de procesos hist\u00f3ricos. Ahora se entienden como espacios din\u00e1micos y con poder de acci\u00f3n propio. Este volumen pone foco en este papel activo de los paisajes fluviales.<br \/>\n<\/strong>La pen\u00ednsula ib\u00e9rica es especialmente adecuada como laboratorio para este cambio de perspectiva: por un lado, por su ubicaci\u00f3n entre el Mediterr\u00e1neo y el Atl\u00e1ntico, con varios reg\u00edmenes fluviales diferentes; y por otro, por su agitada historia desde el Imperio romano hasta el Imperio isl\u00e1mico. En el contexto del largo plazo, la interacci\u00f3n entre humanos y r\u00edos se convierte en un campo productivo de investigaci\u00f3n para los ling\u00fc\u00edsticos, culturales y geocient\u00edficos. <strong>En el contexto del largo plazo, la interacci\u00f3n entre humanos y r\u00edos se convierte en un campo productivo de investigaci\u00f3n para los ling\u00fc\u00edsticos, culturales y geocient\u00edficos.<\/strong> <strong>Las contribuciones reflejan diferentes m\u00e9todos, as\u00ed como datos de disciplinas concretas, que van desde estudios y excavaciones hasta an\u00e1lisis del lenguaje asistido por ordenador, pasando por SIG y LiDAR.<\/strong> De este modo, este volumen resulta ser una instant\u00e1nea de las tendencias actuales de investigaci\u00f3n sobre los r\u00edos de la pen\u00ednsula ib\u00e9rica entre la Antig\u00fcedad y la Edad Media. Se destacan oportunidades prometedoras de cooperaci\u00f3n interdisciplinar que estimulan nuevos enfoques y preguntas en la investigaci\u00f3n fluvial (hist\u00f3rica).<\/p>\n<p><strong>Los \u00abespacios flu\u00eddos\u00bb, que se remontan a una <a href=\"https:\/\/www.toletum-network.com\/es\/workshops\/xiii-workshop-2022\/\">conferencia<\/a> celebrada en Hamburgo en octobre de 2021, son el segundo tomo de la colecci\u00f3n \u00ab<a href=\"https:\/\/www.steiner-verlag.de\/series\/2943-2960\">Ib\u00e9rica Selecta<\/a>\u00ab, que es un foro para todas las \u00e1reas de los estudios de la Antig\u00fcedad dedicados a la Pen\u00ednsula Ib\u00e9rica.<\/strong><\/p>\n<p><strong>Con art\u00edculos de:<\/strong><br \/>\nMar\u00eda Juana L\u00f3pez Medina \/ Jan Schneider \/ Henry H. B. Clarke \/ Juan Manuel Mart\u00edn Casado \/ Pepa Castillo Pascual \/ Enrique Arag\u00f3n N\u00fa\u00f1ez &amp; Patricia Ana Arg\u00fcelles \u00c1lvarez \/ Isabel Rond\u00e1n-Sevilla \/ Gisela Ripoll &amp; Inma Mesas &amp; Joan Tuset Estany &amp; Jelena Behaim &amp; Ram\u00f3n Juli\u00e0 &amp; Ivor Kranjec &amp; Santiago Riera &amp; Alejandro Valenzuela Oliver &amp; Francesc Tuset Bertran \/ Almudena Orejas &amp; Francisco Javier S\u00e1nchez-Palencia &amp; Brais X. Curr\u00e1s Refojos &amp; In\u00e9s Sastre Prats \/ Isis Alexandra Oates \/ Miriam Gonz\u00e1lez Nieto &amp; Jos\u00e9 Luis Dom\u00ednguez Jim\u00e9nez \/ Ana Cl\u00e1udia Silveira \/ Valery A. Berthoud Fr\u00edas \/ Gero Fassbeck<\/p>\n<p><a href=\"http:\/\/www.toletum-network.com\/wp-content\/uploads\/2024\/12\/IbS-2-Fluide-Raeume-Flyer.pdf\">IbS 2 Fluide R\u00e4ume Folleto<\/a>; para m\u00e1s informaci\u00f3n, ve\u00e1se la p\u00e1gina de la <a href=\"https:\/\/www.steiner-verlag.de\/Noheda\/9783515136389\">editorial Steiner<\/a><\/p>","protected":false},"excerpt":{"rendered":"<p>Los valles fluviales han sido considerados durante mucho tiempo como escenarios meramente est\u00e1ticos de procesos hist\u00f3ricos. Ahora se entienden como espacios din\u00e1micos y con poder de acci\u00f3n propio. Este volumen pone foco en este papel activo de los paisajes fluviales. La pen\u00ednsula ib\u00e9rica es especialmente adecuada como laboratorio para este cambio de perspectiva: por un &hellip; <a href=\"http:\/\/www.toletum-network.com\/es\/iberica-selecta\/iberica-selecta-2-fluide-raeume\/\" class=\"more-link\">Continuar leyendo<span class=\"screen-reader-text\"> \u00abIberica Selecta 2: Espacios que fluyen\u00bb<\/span><\/a><\/p>\n","protected":false},"author":8,"featured_media":0,"parent":14402,"menu_order":0,"comment_status":"closed","ping_status":"closed","template":"","meta":{"jetpack_post_was_ever_published":false,"footnotes":""},"class_list":["post-19002","page","type-page","status-publish","hentry"],"jetpack_sharing_enabled":true,"jetpack_shortlink":"https:\/\/wp.me\/P82TDz-4Wu","_links":{"self":[{"href":"http:\/\/www.toletum-network.com\/es\/wp-json\/wp\/v2\/pages\/19002","targetHints":{"allow":["GET"]}}],"collection":[{"href":"http:\/\/www.toletum-network.com\/es\/wp-json\/wp\/v2\/pages"}],"about":[{"href":"http:\/\/www.toletum-network.com\/es\/wp-json\/wp\/v2\/types\/page"}],"author":[{"embeddable":true,"href":"http:\/\/www.toletum-network.com\/es\/wp-json\/wp\/v2\/users\/8"}],"replies":[{"embeddable":true,"href":"http:\/\/www.toletum-network.com\/es\/wp-json\/wp\/v2\/comments?post=19002"}],"version-history":[{"count":18,"href":"http:\/\/www.toletum-network.com\/es\/wp-json\/wp\/v2\/pages\/19002\/revisions"}],"predecessor-version":[{"id":19171,"href":"http:\/\/www.toletum-network.com\/es\/wp-json\/wp\/v2\/pages\/19002\/revisions\/19171"}],"up":[{"embeddable":true,"href":"http:\/\/www.toletum-network.com\/es\/wp-json\/wp\/v2\/pages\/14402"}],"wp:attachment":[{"href":"http:\/\/www.toletum-network.com\/es\/wp-json\/wp\/v2\/media?parent=19002"}],"curies":[{"name":"wp","href":"https:\/\/api.w.org\/{rel}","templated":true}]}}