{"id":17655,"date":"2023-10-04T00:36:48","date_gmt":"2023-10-03T22:36:48","guid":{"rendered":"https:\/\/www.toletum-network.com\/?page_id=17655"},"modified":"2024-11-21T01:46:21","modified_gmt":"2024-11-20T23:46:21","slug":"xiv-workshop-2023","status":"publish","type":"page","link":"http:\/\/www.toletum-network.com\/es\/workshops\/xiv-workshop-2023\/","title":{"rendered":"XIV. Workshop 2023"},"content":{"rendered":"<p><img loading=\"lazy\" decoding=\"async\" class=\"medium alignnone wp-image-17654 size-medium\" src=\"http:\/\/www.toletum-network.com\/wp-content\/uploads\/2023\/10\/toletum-xiv.jpg\" alt=\"\" width=\"400\" height=\"566\" \/><\/p>\n<hr \/>\n<h1><span style=\"color: #e6b900;\">XIV. Workshop<\/span><\/h1>\n<h5><strong><span style=\"color: #e6b900;\">19.-21. Oktober 2023 in Hamburg<\/span><\/strong><\/h5>\n<h5>R\u00e4ume f\u00fcr den Dialog &#8211; Die Diplomatie Hispaniens zwischen Republik und al-Andalus (3. Jh. v. \u2013 9. Jh. n. Chr.) <span style=\"color: #e6b900;\"><br \/>\n<\/span><\/h5>\n<p><strong>Tagungsort<br \/>\n<\/strong><a href=\"http:\/\/www.warburg-haus.de\/\">Warburg-Haus<\/a> \u00b7 Heilwigstr. 116 \u00b7 D-20249 Hamburg<br \/>\nDownload <a href=\"http:\/\/www.toletum-network.com\/wp-content\/uploads\/2023\/07\/Toletum-XIV-10.2023.pdf\">Programm Workshop 2023<\/a> (PDF)<br \/>\nTagungsbericht von Dominik Kloss und Sabine Panzram:<br \/>\n<a href=\"https:\/\/www.hsozkult.de\/conferencereport\/id\/fdkn-140956?title=toletum-netzwerk-zur-erforschung-der-iberischen-halbinsel-in-der-antike&amp;recno=1&amp;q=toletum&amp;sort=newestPublished&amp;fq=&amp;total=22\">H-Soz-u-Kult <\/a>\/ <a href=\"http:\/\/www.toletum-network.com\/wp-content\/uploads\/2024\/11\/Kloss-Panzram-Toletum-XIV-Bollettino-12.2023.pdf\">Bollettino di Studi Latini <\/a><\/p>\n<hr \/>\n<h3>Tagungsprogramm<\/h3>\n<h3><strong>Donnerstag, 19.10.2023<\/strong><\/h3>\n<p>\u2014 18.00 Uhr<br \/>\n<em>Begr\u00fc\u00dfung<\/em><br \/>\n<strong>Sabine Panzram<\/strong><br \/>\n<em>Universit\u00e4t Hamburg<\/em><br \/>\n<strong>Enrique Garc\u00eda Riaza<\/strong><br \/>\n<em>Universitat de les Illes Balears \/ RomanIslam \u2013 Universit\u00e4t Hamburg<\/em><\/p>\n<p>Generalkonsul <strong>Francisco Dago Elorza<\/strong><br \/>\n<em>Generalkonsulat von Spanien in Hamburg<\/em><\/p>\n<p>\u2014 18.30 Uhr<br \/>\n<strong>Hannah Cornwell<\/strong><br \/>\n<em>University of Birmingham<\/em><br \/>\nThe negotiation of diplomacy as a spatial practice in the Roman world<\/p>\n<p>\u2014 19.15 Uhr<br \/>\n<strong>Jorge L\u00f3pez Quiroga<\/strong><br \/>\n<em>Universidad Aut\u00f3noma de Madrid \/ RomanIslam \u2013 Universit\u00e4t Hamburg<\/em><br \/>\nEspacios de poder \u00bfespacios para la diplomacia? en el Occidente de Hispania durante la Antig\u00fcedad Tard\u00eda<\/p>\n<p>\u2014 20.00 Uhr<br \/>\n<em>Empfang<\/em><\/p>\n<hr \/>\n<h3><strong>Freitag, 20.10.2023<\/strong><\/h3>\n<h3><span style=\"color: #800080;\"><strong>Espacios para el di\u00e1logo: diplomacia en tiempos de guerra<\/strong><\/span><\/h3>\n<p>Diskussionsleitung: <strong>Enrique Garc\u00eda Riaza<\/strong><br \/>\n<em>Universitat de les Illes Balears \/ RomanIslam \u2013 Universit\u00e4t Hamburg<\/em><\/p>\n<p>\u2014 9.30 Uhr<br \/>\n<strong>Gabriel Rossell\u00f3 Calafell<\/strong><br \/>\n<em>Universitat de les Illes Balears<\/em><br \/>\n\u039d\u03bf\u03c5\u03bd\u03b5\u03c7\u1ff6\u03c2 \u03ba\u03b1\u1f76 \u03c0\u03c1\u03b1\u03b3\u03bc\u03b1\u03c4\u03b9\u03ba\u1ff6\u03c2. Importancia de la estrategia y el espacio en la diplomacia cartaginesa de la pen\u00ednsula ib\u00e9rica<\/p>\n<p>\u2014 10.15 Uhr<br \/>\n<strong>Eduardo S\u00e1nchez Moreno<\/strong><br \/>\n<em>Universidad Aut\u00f3noma de Madrid<\/em><br \/>\nSantuarios, campamentos, senados, casas. Espacios de negociaci\u00f3n y middle-grounds en lainteracci\u00f3n diplom\u00e1tica hispano-romana durante la \u00e9poca republicana<\/p>\n<p>\u2014 11.00 Uhr<br \/>\n<em>Kaffeepause<\/em><\/p>\n<p>\u2014 11.30 Uhr<br \/>\n<strong>Jan-Markus K\u00f6tter<\/strong><br \/>\n<em>Universit\u00e4t D\u00fcsseldorf<\/em><br \/>\nFeldlager oder Senat? Die gescheiterten Friedensschl\u00fcsse im Zweiten Keltiberischen Krieg und die Frage nach der Kontrolle (in) der Peripherie<\/p>\n<p>\u2014 11.45 Uhr<br \/>\n<strong>Elena Torregaray Pagola<\/strong><br \/>\n<em>Universidad del Pa\u00eds Vasco\/Euskal Herriko Unibertsitatea<\/em><br \/>\nLos escenarios de la pr\u00e1ctica diplom\u00e1tica en Hispania: de la coyuntura a la institucionalizaci\u00f3n<\/p>\n<p>\u2014 12.30 Uhr<br \/>\n<strong>Alejandro D\u00edaz Fern\u00e1ndez<\/strong><br \/>\n<em>Universidad de M\u00e1laga<\/em><br \/>\nHispaniae prouinciae: la delimitaci\u00f3n de las provincias hispanas como espacio jur\u00eddico y pol\u00edtico en \u00e9poca republicana<\/p>\n<p>\u2014 13.15 Uhr<br \/>\n<em>Mittagspause<\/em><\/p>\n<h3><span style=\"color: #800080;\"><strong>Espacios para el di\u00e1logo: las redes socio-econ\u00f3micas<\/strong><br \/>\n<\/span><\/h3>\n<p>Diskussionsleitung: <strong>Markus Trunk<\/strong><br \/>\n<em>Universit\u00e4t Trier<\/em><\/p>\n<p>\u2014 15.30 Uhr<br \/>\n<strong>Luis Silva Reneses<\/strong><br \/>\n<em>Universit\u00e9 de Gen\u00e8ve<\/em><br \/>\nEspacios p\u00fablicos y espacios privados en el \u00e1mbito de la diplomacia hispana: los pactos de hospitalidad<\/p>\n<p>\u2014 16.15 Uhr<br \/>\n<strong>Isabelle Mossong<\/strong><br \/>\n<em>DAI M\u00fcnchen \/ RomanIslam \u2013 Universit\u00e4t Hamburg<\/em><br \/>\n\u00dcber <em>fides<\/em>, <em>foedera<\/em> und Freundschaften: Die Konsolidierung der r\u00f6mischen Eroberungen im Nordwesten der Iberischen Halbinsel<\/p>\n<p>\u2014 17.00 Uhr<br \/>\n<em>Kaffeepause<\/em><\/p>\n<p>\u2014 17.30 Uhr<br \/>\n<strong>Pieter Houten<\/strong><br \/>\n<em>ATLAS \u2013 Universit\u00e4t Hamburg<\/em><br \/>\n\u00bfLa colonizaci\u00f3n como di\u00e1logo? La pen\u00ednsula ib\u00e9rica desde los Escipiones hasta los Flavios<\/p>\n<p>\u2014 18.15 Uhr<br \/>\n<strong>Pau Marim\u00f3n Ribas<\/strong><br \/>\n<em>Universitat de les Illes Balears<\/em><br \/>\nRedes personales en la comercializaci\u00f3n de los primeros productos hispanos en la Galia (siglos I a.C. &#8211; I d.C.)<\/p>\n<p>\u2014 19.00 Uhr<br \/>\n<strong>Mateo Gonz\u00e1lez V\u00e1zquez<\/strong><br \/>\n<em>Universit\u00e4t Trier<\/em><br \/>\n<em>Legationes<\/em>, vida c\u00edvica e identidades locales en Hispania durante el Alto Imperio Romano (siglos I-III d.C.)<\/p>\n<p>\u2014 20.30 Uhr<br \/>\n<em>Gemeinsames Abendessen<\/em><\/p>\n<hr \/>\n<h3><strong>Samstag, 21.10.2023<\/strong><\/h3>\n<h3><span style=\"color: #800080;\"><strong>Espacios para el di\u00e1logo en la \u2018long Late Antiquity\u2019<\/strong><br \/>\n<\/span><\/h3>\n<p>Diskussionsleitung: <strong>Jorge L\u00f3pez Quiroga<\/strong><br \/>\n<em>Universidad Aut\u00f3noma de Madrid \/ RomanIslam \u2013 Universit\u00e4t Hamburg<\/em><\/p>\n<p>\u2014 9.30 Uhr<br \/>\n<strong>Aitor Fern\u00e1ndez Delgado<\/strong><br \/>\n<em>Universidad de Alcal\u00e1<\/em><br \/>\nEx iure quiritium: disposiciones legislativas sobre la espacialidad en la praxis diplom\u00e1tica romana en \u00e9poca justinianea<\/p>\n<p>\u2014 10.15 Uhr<br \/>\n<strong>Fedor Schlimbach<\/strong><br \/>\n<em>Universit\u00e4t G\u00f6ttingen \/ RomanIslam \u2013 Universit\u00e4t Hamburg<\/em><br \/>\nIn den St\u00e4dten \u2013 auf dem Lande: R\u00e4ume f\u00fcr Diplomatie und Dialog im westgotischen K\u00f6nigreich von Toledo<\/p>\n<p>\u2014 10.50 Uhr<br \/>\n<em>Kaffeepause<\/em><\/p>\n<p>\u2014 11.20 Uhr<br \/>\n<strong>Rocco Selvaggi<\/strong><br \/>\n<em>RomanIslam \u2013 Universit\u00e4t Hamburg<\/em><br \/>\nEntre Roma y los visigodos: los suevos y la batalla por la autodeterminaci\u00f3n pol\u00edtica a trav\u00e9s de las relaciones diplom\u00e1ticas en el siglo V<\/p>\n<p>\u2014 11.55 Uhr<br \/>\n<strong>Paulo Pach\u00e1<\/strong><br \/>\n<em>Universidade Federal do Rio de Janeiro<\/em><br \/>\nUn di\u00e1logo tenso: Hispania y Roma en el siglo VII<\/p>\n<p>\u2014 12.30 Uhr<br \/>\n<strong>Juan Signes Codo\u00f1er<\/strong><br \/>\n<em>Universidad Complutense de Madrid<\/em><br \/>\nConstantinopla y los cristianos de la Pen\u00ednsula Ib\u00e9rica en los siglos VII-IX<\/p>\n<p>\u2014 13.05 Uhr<br \/>\n<em>Mittagspause<\/em><\/p>\n<h3><span style=\"color: #800080;\"><strong>Espacios para el di\u00e1logo en al-Andalus<\/strong><\/span><\/h3>\n<p>Diskussionsleitung: <strong>Sabine Panzram<\/strong><br \/>\n<em>Universit\u00e4t Hamburg<\/em><\/p>\n<p>\u2014 15.30 Uhr<br \/>\n<strong>Maribel Fierro<\/strong><br \/>\n<em>CSIC Madrid<\/em><br \/>\nNormas y pr\u00e1cticas de la diplomacia andalus\u00ed a trav\u00e9s de su historia<\/p>\n<p>\u2014 16.15 Uhr<br \/>\n<strong>Alejandro Pel\u00e1ez Mart\u00edn<\/strong><br \/>\n<em>Universit\u00e4t Konstanz<\/em><br \/>\n\u201cEl poder que se exhibe\u201d: la manifestaci\u00f3n del soberano andalus\u00ed en las embajadas<\/p>\n<p>\u2014 17.00 Uhr<br \/>\n<em>Kaffeepause<\/em><\/p>\n<p>\u2014 17.30 Uhr<br \/>\n<strong>Javier Arce<\/strong><br \/>\n<em>Universit\u00e9 de Lille<\/em><br \/>\nConclusiones<\/p>\n<p>\u2014 20.30 Uhr<br \/>\n<em>Gemeinsames Abendessen<\/em><\/p>\n","protected":false},"excerpt":{"rendered":"<p>XIV. Workshop 19.-21. Oktober 2023 in Hamburg R\u00e4ume f\u00fcr den Dialog &#8211; Die Diplomatie Hispaniens zwischen Republik und al-Andalus (3. Jh. v. \u2013 9. Jh. n. Chr.) Tagungsort Warburg-Haus \u00b7 Heilwigstr. 116 \u00b7 D-20249 Hamburg Download Programm Workshop 2023 (PDF) Tagungsbericht von Dominik Kloss und Sabine Panzram: H-Soz-u-Kult \/ Bollettino di Studi Latini Tagungsprogramm Donnerstag, &hellip; <a href=\"http:\/\/www.toletum-network.com\/es\/workshops\/xiv-workshop-2023\/\" class=\"more-link\">Continuar leyendo<span class=\"screen-reader-text\"> \u00abXIV. Workshop 2023\u00bb<\/span><\/a><\/p>\n","protected":false},"author":8,"featured_media":0,"parent":12,"menu_order":0,"comment_status":"closed","ping_status":"closed","template":"","meta":{"jetpack_post_was_ever_published":false,"footnotes":""},"class_list":["post-17655","page","type-page","status-publish","hentry"],"jetpack_sharing_enabled":true,"jetpack_shortlink":"https:\/\/wp.me\/P82TDz-4AL","_links":{"self":[{"href":"http:\/\/www.toletum-network.com\/es\/wp-json\/wp\/v2\/pages\/17655","targetHints":{"allow":["GET"]}}],"collection":[{"href":"http:\/\/www.toletum-network.com\/es\/wp-json\/wp\/v2\/pages"}],"about":[{"href":"http:\/\/www.toletum-network.com\/es\/wp-json\/wp\/v2\/types\/page"}],"author":[{"embeddable":true,"href":"http:\/\/www.toletum-network.com\/es\/wp-json\/wp\/v2\/users\/8"}],"replies":[{"embeddable":true,"href":"http:\/\/www.toletum-network.com\/es\/wp-json\/wp\/v2\/comments?post=17655"}],"version-history":[{"count":12,"href":"http:\/\/www.toletum-network.com\/es\/wp-json\/wp\/v2\/pages\/17655\/revisions"}],"predecessor-version":[{"id":18874,"href":"http:\/\/www.toletum-network.com\/es\/wp-json\/wp\/v2\/pages\/17655\/revisions\/18874"}],"up":[{"embeddable":true,"href":"http:\/\/www.toletum-network.com\/es\/wp-json\/wp\/v2\/pages\/12"}],"wp:attachment":[{"href":"http:\/\/www.toletum-network.com\/es\/wp-json\/wp\/v2\/media?parent=17655"}],"curies":[{"name":"wp","href":"https:\/\/api.w.org\/{rel}","templated":true}]}}