{"id":16643,"date":"2022-07-27T11:08:09","date_gmt":"2022-07-27T09:08:09","guid":{"rendered":"https:\/\/www.toletum-network.com\/?page_id=16643"},"modified":"2023-04-28T18:42:22","modified_gmt":"2023-04-28T16:42:22","slug":"xiii-workshop-2022","status":"publish","type":"page","link":"http:\/\/www.toletum-network.com\/es\/workshops\/xiii-workshop-2022\/","title":{"rendered":"XIII. Workshop 2022"},"content":{"rendered":"<p><img loading=\"lazy\" decoding=\"async\" class=\"medium alignnone wp-image-16624 size-full\" src=\"http:\/\/www.toletum-network.com\/wp-content\/uploads\/2022\/07\/Toletum-XIII-1-scaled.jpg\" alt=\"\" width=\"400\" height=\"566\" \/><\/p>\n<hr \/>\n<h1><span style=\"color: #e6b900;\">XIII. Workshop<\/span><\/h1>\n<h5><strong><span style=\"color: #e6b900;\">20.-22. Oktober 2022 in Hamburg<\/span><\/strong><\/h5>\n<h5>Hispaniens Flusst\u00e4ler in diachroner Perspektive &#8211; Interdependenz von Mensch und Umwelt zwischen Republik und \u201along Late Antiquity\u2018 (3. Jh. v. \u2013 9. Jh. n. Chr.) <span style=\"color: #e6b900;\"><br \/>\n<\/span><\/h5>\n<p><strong>Tagungsort<br \/>\n<\/strong><a href=\"http:\/\/www.warburg-haus.de\/\">Warburg-Haus<\/a> \u00b7 Heilwigstr. 116 \u00b7 D-20249 Hamburg<br \/>\nDownload <a href=\"http:\/\/www.toletum-network.com\/wp-content\/uploads\/2022\/07\/Toletum-XIII-10.2022.pdf\">Programm Workshop 2022<\/a> (PDF)<br \/>\nTagungsbericht von Dominik Kloss und Sabine Panzram:<br \/>\n<a href=\"https:\/\/www.hsozkult.de\/conferencereport\/id\/fdkn-132519?utm_source=hskhtml&amp;utm_medium=email&amp;utm_term=2022-12&amp;utm_campaign=htmldigest\">H-Soz-u-Kult<\/a> \/ <a href=\"http:\/\/www.toletum-network.com\/wp-content\/uploads\/2023\/04\/Bollettino-di-Studi-Latini-53-2023-250-254.pdf\">Bollettino di Studi Latini 53 (2023), 250-254<\/a><\/p>\n<hr \/>\n<h3>Tagungsprogramm<\/h3>\n<h3><strong>Donnerstag, 20.10.2022<\/strong><\/h3>\n<p>\u2014 17.00 Uhr<br \/>\n<em>Begr\u00fc\u00dfung<br \/>\n<\/em><strong>Prof. Dr. Sabine Panzram<br \/>\n<\/strong><em>Alte Geschichte \/ Universit\u00e4t Hamburg<br \/>\n<\/em><strong>Dr. Jasmin Hettinger<br \/>\n<\/strong><em>Alte Geschichte \/ RomanIslam \u2013 Universit\u00e4t Hamburg<\/em><br \/>\n<strong>Dr. Janine Lehmann<br \/>\n<\/strong><em>Klassische Arch\u00e4ologie \/ RomanIslam \u2013 Universit\u00e4t Hamburg<\/em><\/p>\n<h3><span style=\"color: #800080;\"><strong>Fluide R\u00e4ume: Schlaglichter auf Hispaniens Flusst\u00e4ler<\/strong><\/span><\/h3>\n<p>\u2014 17.30 Uhr<br \/>\n<strong>Prof. Dr. Thomas Schattner<br \/>\n<\/strong><em>Klassische Arch\u00e4ologie \/ Universit\u00e4t Gie\u00dfen<br \/>\n<\/em>Aspekte r\u00f6mischer Siedlungspolitik im hispanischen Nordwesten<\/p>\n<p>\u2014 18.15 Uhr<br \/>\n<strong>Prof. Dr. L\u00e1zaro Lag\u00f3stena Barrios<br \/>\n<\/strong><em>Historia antigua \/ Universidad de C\u00e1diz<br \/>\n<\/em>La cuenca fluvial: unidad geogr\u00e1fica y espacio hist\u00f3rico<\/p>\n<p>\u2014 19.00 Uhr<br \/>\n<strong>Prof. Dr. Mar\u00eda Juana L\u00f3pez Medina<br \/>\n<\/strong><em>Historia antigua \/ Universidad de Almer\u00eda<br \/>\n<\/em>Medio ambiente y poblamiento romano en el Alto Valle del Almanzora (Almer\u00eda): un an\u00e1lisis diacr\u00f3nico<\/p>\n<p>\u2014 19.45 Uhr<br \/>\n<strong>Dr. Jasmin Hettinger<br \/>\n<\/strong><em>Alte Geschichte \/ RomanIslam \u2013 Universit\u00e4t Hamburg<br \/>\n<\/em>Die antiken Wasserl\u00e4ufe Hispaniens zwischen Altertums- und Geowissenschaften<\/p>\n<p>\u2014 20.30 Uhr<br \/>\n<em>Empfang<\/em><\/p>\n<hr \/>\n<h3><strong>Freitag, 21.10.2022<\/strong><\/h3>\n<h3><span style=\"color: #800080;\"><strong>Hispaniens S\u00fcden: zwischen Mittelmeer und Atlantik<\/strong><\/span><\/h3>\n<p>Diskussionsleitung:<strong> <strong>Dr. Jasmin Hettinger<br \/>\n<\/strong><\/strong><em>Alte Geschichte \/ RomanIslam \u2013 Universit\u00e4t Hamburg<\/em><\/p>\n<p>\u2014 9.30 Uhr<br \/>\n<strong>Prof. Dr. Jos\u00e9 Beltr\u00e1n Fortes<br \/>\n<\/strong><em>Arqueolog\u00eda cl\u00e1sica \/ Universidad de Sevilla<br \/>\n<\/em><strong>Dr. Diego Romero Vera<\/strong><em><strong><br \/>\n<\/strong><em>Arqueolog\u00eda cl\u00e1sica \/ Universidad de Sevilla<br \/>\n<\/em><\/em><strong>Dr. Janine Lehmann<\/strong><em><em><strong><br \/>\n<\/strong><em>Klassische Arch\u00e4ologie \/ RomanIslam \u2013 Universit\u00e4t Hamburg<br \/>\n<\/em><\/em><\/em>Carissa Aurelia en el valle fluvial del Guadalete: algunas reflexiones sobre su caracter cultural<\/p>\n<p>\u2014 10.15 Uhr<br \/>\n<strong>Isabel Rond\u00e1n Sevilla<\/strong><br \/>\n<em>Arqueolog\u00eda cl\u00e1sica \/ Universidad de C\u00e1diz<\/em><br \/>\nEl asentamiento romano de Sierra Aznar-Calduba: control y gesti\u00f3n del agua en la cabecera fluvial de la cuenca del Guadalete (Arcos de la Frontera, C\u00e1diz)<\/p>\n<p>\u2014 10.50 Uhr<br \/>\n<em>Kaffeepause<\/em><\/p>\n<p>\u2014 11.20 Uhr<br \/>\n<strong>\u00c1lvaro Fonteseca Torralvo<\/strong><br \/>\n<em>Arqueolog\u00eda cl\u00e1sica \/ Universidad de C\u00e1diz<br \/>\n<\/em>An\u00e1lisis del suburbium artesanal del municipio de Arva a trav\u00e9s de la investigaci\u00f3n no invasiva. Un caso de estudio fluvial en la cuenca del r\u00edo Baetis<\/p>\n<p>\u2014 11.55 Uhr<br \/>\n<strong>Juan Manuel Mart\u00edn Casado <\/strong><br \/>\n<em>Historia antigua \/ Universidad de M\u00e1laga<br \/>\n<\/em>Un peligro infinito. Dep\u00f3sitos de inundaciones marinas de alta energ\u00eda, tsunamis y tormentas, en los estuarios del Golfo de C\u00e1diz entre los siglos III-V d.C.<\/p>\n<p>\u2014 12.30 Uhr<br \/>\n<strong>Dr. Enrique Arag\u00f3n N\u00fa\u00f1ez <\/strong><br \/>\n<em>Arqueolog\u00eda cl\u00e1sica \/ Universidad de Almer\u00eda<\/em><strong><br \/>\n<strong>Dra. Patricia A. Arg\u00fcelles \u00c1lvarez <\/strong><br \/>\n<\/strong><em>Historia antigua \/ Universidad de Almer\u00eda<\/em><strong><strong><br \/>\n<\/strong><\/strong>An\u00e1lisis de la conectividad en la Bah\u00eda de Almer\u00eda durante el mundo romano y su contribuci\u00f3n a la valorizaci\u00f3n Hist\u00f3rica, Patrimonial y Arqueol\u00f3gica de los espacios litorales y de ribera<\/p>\n<p>\u2014 13.05 Uhr<br \/>\n<em>Mittagspause<\/em><\/p>\n<h3><span style=\"color: #800080;\"><strong>Flusssysteme und nat\u00fcrliche Ressourcen<\/strong><br \/>\n<\/span><\/h3>\n<p>Diskussionsleitung: <strong>Prof. Dr. Thomas Schattner<\/strong><br \/>\n<em>Klassische Arch\u00e4ologie \/ Universit\u00e4t Gie\u00dfen<\/em><\/p>\n<p>\u2014 15.30 Uhr<br \/>\n<strong>Prof. Dr. Almudena Orejas Saco del Valle<br \/>\n<\/strong><em>Historia antigua \/ Consejo Superior de Investigaciones Cient\u00edficas<\/em><br \/>\nEl agua y las minas de oro del Noroeste de Hispania<\/p>\n<p>\u2014 16.15 Uhr<br \/>\n<strong>Alicia Hern\u00e1ndez-T\u00f3rtoles<\/strong><br \/>\n<em>Arqueolog\u00eda cl\u00e1sica \/ CSIC Madrid<br \/>\n<\/em>El agua mueve monta\u00f1as. Los recursos fluviales como mecanismos para la<br \/>\nexplotaci\u00f3n minera aur\u00edfera y la transmisi\u00f3n cultural a trav\u00e9s de la cer\u00e1mica en el Noroeste de la Pen\u00ednsula Ib\u00e9rica<\/p>\n<p>\u2014 16.50 Uhr<br \/>\n<em>Kaffeepause<\/em><\/p>\n<p>\u2014 17.20 Uhr<br \/>\n<strong>Ana Cl\u00e1udia Silveira<br \/>\n<\/strong><em>Historia medieval \/ Universidad de Nova de Lisboa<br \/>\n<\/em>Ambientes salinos a trav\u00e9s de los tiempos: la configuraci\u00f3n de un paisaje medieval en el estuario del Sado<\/p>\n<p>\u2014 17.55 Uhr<br \/>\n<strong>Isis Alexandra Offen<br \/>\n<\/strong><em>Alte Geschichte \/ Universit\u00e4t Hamburg<\/em><br \/>\nDas Potenzial von GIS und Fernerkundung f\u00fcr die Untersuchung von (antiken) Landschaften auf der Iberischen Halbinsel<\/p>\n<p>\u2014 18.30 Uhr<br \/>\n<strong>Diana Morales Manzanares<br \/>\n<\/strong><em>Arqueolog\u00eda cl\u00e1sica \/ Universidad Rey Juan Carlos de Madrid<\/em><br \/>\nLas relaciones espaciales entre los valles fluviales-v\u00edas pecuarias y el poblado entre los siglos III y I a.C. en el Valle Medio del Tajo: El SIG aplicado a las transformaciones territoriales<\/p>\n<p>\u2014 20.30 Uhr<strong><br \/>\n<\/strong><em>Gemeinsames Abendessen<\/em><\/p>\n<hr \/>\n<h3><strong>Samstag, 22.10.2022<\/strong><\/h3>\n<h3><span style=\"color: #800080;\"><strong>Aktionsraum Fluss: Schiffbarkeit, Handel, Mobilit\u00e4t<\/strong><br \/>\n<\/span><\/h3>\n<p>Diskussionsleitung: <strong>Prof. Dr. Markus Trunk <\/strong><br \/>\n<em>Klassische Arch\u00e4ologie \/ Universit\u00e4t Trier<\/em><\/p>\n<p>\u2014 9.30 Uhr<br \/>\n<strong>Prof. Dr. Pepa Castillo Pascual<br \/>\n<\/strong><em>Historia antigua \/ Universidad de La Rioja<br \/>\n<\/em>Die schiffbaren Fl\u00fcsse in Hispania: einige wichtige Fragestellungen<\/p>\n<p>\u2014 10.15 Uhr<br \/>\n<strong>Prof. Dr. Gisela Ripoll<\/strong><br \/>\n<strong>Inma Mesas<\/strong><br \/>\n<strong>Joan Tuset Estany <\/strong><br \/>\n<strong>Prof. Dr. Francesc Tuset Bertran<br \/>\n<\/strong><em>Arqueolog\u00eda medieval \/ Universitat de Barcelona<\/em><br \/>\nSant Hilari d\u2019Abrera (Abrera, Baix Llobregat, Barcelona), entre \u00e9poca imperial y medieval<\/p>\n<p>\u2014 10.50 Uhr<br \/>\n<em>Kaffeepause<\/em><\/p>\n<p>\u2014 11.20 Uhr<br \/>\n<strong>Francisco Jos\u00e9 Blanco Arcos<br \/>\n<\/strong><em>Arqueolog\u00eda cl\u00e1sica \/ Universidad de Sevilla<\/em><br \/>\nUna parada en el r\u00edo. Presencia y comercio it\u00e1lico en el curso final del Guadalquivir. Los casos de Cerro Macareno y Mesas de Asta<\/p>\n<p>\u2014 11.55 Uhr<br \/>\n<strong>Jos\u00e9 Luis Dom\u00ednguez Jim\u00e9nez<br \/>\n<\/strong><em>Arqueolog\u00eda cl\u00e1sica \/ Universidad de C\u00f3rdoba<\/em><strong><em><br \/>\n<\/em><strong>Miriam Gonz\u00e1lez Nieto<\/strong><em><strong><br \/>\n<\/strong><\/em><\/strong><em><em>Arqueolog\u00eda cl\u00e1sica \/ Universidad Nacional de Educaci\u00f3n a Distancia<\/em><\/em><br \/>\nLos pasos del sur hispano en Sierra Morena: los valles de Alcudia y del Guadiato como estructuradores del espacio socio-econ\u00f3mico<em><br \/>\n<\/em><\/p>\n<p>\u2014 12.30 Uhr<br \/>\n<strong>Dr. Jan Schneider<br \/>\n<\/strong><em>Klassische Arch\u00e4ologie \/ SPAU M\u00fcnzenberg<\/em><strong><em><br \/>\n<\/em><\/strong>Siedlungsstrukturen im r\u00f6mischen Hinterland: Versuch eines Entwicklungsvergleichs<\/p>\n<p>\u2014 13.05 Uhr<br \/>\n<em>Mittagspause<\/em><\/p>\n<h3><span style=\"color: #800080;\"><strong>Fl\u00fcsse im literarischen Diskurs<\/strong><\/span><\/h3>\n<p>Diskussionsleitung: <strong>Dr. Jonas Borsch<\/strong><br \/>\n<em>Alte Geschichte \/ Universit\u00e4t Bern<\/em><\/p>\n<p>\u2014 15.30 Uhr<br \/>\n<strong>Dr. Eleonora Voltan<br \/>\n<\/strong><em>Arqueolog\u00eda cl\u00e1sica \/ Universidad de M\u00e1laga \u2013 Universit\u00e0 degli Studi di Padova<br \/>\n<\/em>Los dioses-r\u00edos Aqueloo, \u00c9ufrates y Nilo en Hispania: intercambio y transmisiones culturales en la Pen\u00ednsula Ib\u00e9rica de \u00e9poca romana<\/p>\n<p>\u2014 16.05 Uhr<br \/>\n<strong>Valery Berthoud<\/strong><br \/>\n<em>Digital Humanities \/ Berlin Graduate School of Ancient Studies<\/em><br \/>\nLos valles fluviales en la \u00abHistoria Natural\u00bb de Plinio el Viejo VS la \u00abGeographia\u00bb de Claudio Ptolomeo<\/p>\n<p><strong>\u2014 <\/strong>16.40 Uhr<br \/>\n<em>Kaffeepause<\/em><\/p>\n<p>\u2014 17.10 Uhr<br \/>\n<strong>Dr. Gero Fa\u00dfbeck<br \/>\n<\/strong><em>Romanistik \/ Heinrich-Heine-Universit\u00e4t D\u00fcsseldorf<\/em><strong><br \/>\n<\/strong>Fl\u00fcsse in der spanischen Dichtung der Fr\u00fchen Neuzeit, c. 1500-1700<\/p>\n<p>\u2014 18.15 Uhr<strong><br \/>\n<strong>Prof. Dr. Javier Arce<br \/>\n<\/strong><\/strong><em>Historia Antigua \/ Universit\u00e9 de Lille<\/em><br \/>\nConclusiones<\/p>\n<p>\u2014 20.30 Uhr<em><strong><br \/>\n<\/strong>Gemeinsames Abendessen<\/em><\/p>","protected":false},"excerpt":{"rendered":"<p>XIII. Workshop 20.-22. Oktober 2022 in Hamburg Hispaniens Flusst\u00e4ler in diachroner Perspektive &#8211; Interdependenz von Mensch und Umwelt zwischen Republik und \u201along Late Antiquity\u2018 (3. Jh. v. \u2013 9. Jh. n. Chr.) Tagungsort Warburg-Haus \u00b7 Heilwigstr. 116 \u00b7 D-20249 Hamburg Download Programm Workshop 2022 (PDF) Tagungsbericht von Dominik Kloss und Sabine Panzram: H-Soz-u-Kult \/ Bollettino &hellip; <a href=\"http:\/\/www.toletum-network.com\/es\/workshops\/xiii-workshop-2022\/\" class=\"more-link\">Continuar leyendo<span class=\"screen-reader-text\"> \u00abXIII. Workshop 2022\u00bb<\/span><\/a><\/p>\n","protected":false},"author":8,"featured_media":0,"parent":12,"menu_order":0,"comment_status":"closed","ping_status":"closed","template":"","meta":{"jetpack_post_was_ever_published":false,"footnotes":""},"class_list":["post-16643","page","type-page","status-publish","hentry"],"jetpack_sharing_enabled":true,"jetpack_shortlink":"https:\/\/wp.me\/P82TDz-4kr","_links":{"self":[{"href":"http:\/\/www.toletum-network.com\/es\/wp-json\/wp\/v2\/pages\/16643","targetHints":{"allow":["GET"]}}],"collection":[{"href":"http:\/\/www.toletum-network.com\/es\/wp-json\/wp\/v2\/pages"}],"about":[{"href":"http:\/\/www.toletum-network.com\/es\/wp-json\/wp\/v2\/types\/page"}],"author":[{"embeddable":true,"href":"http:\/\/www.toletum-network.com\/es\/wp-json\/wp\/v2\/users\/8"}],"replies":[{"embeddable":true,"href":"http:\/\/www.toletum-network.com\/es\/wp-json\/wp\/v2\/comments?post=16643"}],"version-history":[{"count":36,"href":"http:\/\/www.toletum-network.com\/es\/wp-json\/wp\/v2\/pages\/16643\/revisions"}],"predecessor-version":[{"id":17393,"href":"http:\/\/www.toletum-network.com\/es\/wp-json\/wp\/v2\/pages\/16643\/revisions\/17393"}],"up":[{"embeddable":true,"href":"http:\/\/www.toletum-network.com\/es\/wp-json\/wp\/v2\/pages\/12"}],"wp:attachment":[{"href":"http:\/\/www.toletum-network.com\/es\/wp-json\/wp\/v2\/media?parent=16643"}],"curies":[{"name":"wp","href":"https:\/\/api.w.org\/{rel}","templated":true}]}}