{"id":15847,"date":"2021-11-24T11:56:10","date_gmt":"2021-11-24T09:56:10","guid":{"rendered":"https:\/\/www.toletum-network.com\/?page_id=15847"},"modified":"2021-12-08T17:16:26","modified_gmt":"2021-12-08T16:16:26","slug":"kevin-grotherr","status":"publish","type":"page","link":"http:\/\/www.toletum-network.com\/es\/teilnehmer\/kevin-grotherr\/","title":{"rendered":"Kevin Grotherr"},"content":{"rendered":"<p><\/p>\n<p class=\"entry-title\"><img loading=\"lazy\" decoding=\"async\" class=\"alignnone size-full wp-image-15850\" src=\"http:\/\/www.toletum-network.com\/wp-content\/uploads\/2021\/11\/kevin-grotherr.jpg\" alt=\"Kevin Grotherr\" width=\"314\" height=\"334\" srcset=\"http:\/\/www.toletum-network.com\/wp-content\/uploads\/2021\/11\/kevin-grotherr.jpg 314w, http:\/\/www.toletum-network.com\/wp-content\/uploads\/2021\/11\/kevin-grotherr-282x300.jpg 282w\" sizes=\"auto, (max-width: 314px) 85vw, 314px\" \/><\/p>\n<h3 class=\"entry-title\">Kevin Grotherr, M.A.<\/h3>\n<div class=\"entry-content\">\n<p>RomanIslam \u2013 Center for Comparative Empire and Transcultural Studies<br \/>\nUniversit\u00e4t Hamburg<br \/>\nEdmund-Siemers-Allee 1, R#20<br \/>\n20146 Hamburg<br \/>\n<a href=\"mailto:kevin.grotherr@uni-hamburg.de\">kevin.grotherr@uni-hamburg.de<\/a><\/p>\n<hr \/>\n<p><strong>Studium<\/strong><\/p>\n<p><span style=\"color: #999999;\">\u2014 2015-2018<\/span><br \/>\nBachelorstudium an der Universit\u00e4t Hamburg<br \/>\nHauptfach: Geschichte<br \/>\nNebenfach: Klassische Arch\u00e4ologie<br \/>\nAbschlussarbeit: Kreuz oder Kranz? Christliche Soldaten zwischen Fr\u00f6mmigkeit und Tradition<\/p>\n<p><span style=\"color: #999999;\">\u2014 2019\/2020<\/span><br \/>\nAuslandssemester an der Universidad de Salamanca <\/p>\n<p><span style=\"color: #999999;\">\u2014 2015-2018<\/span><br \/>\nMasterstudium an der Universit\u00e4t Hamburg<br \/>\nFach: Geschichte<br \/>\nAbschlussarbeit: Heilige Bisch\u00f6fe und bisch\u00f6fliche Heilige \u2013 Eine \u2019Bischofsherrschaft\u2018 im sp\u00e4tantiken Augusta Emerita?<\/p>\n<hr \/>\n<p><strong>T\u00e4tigkeiten<\/strong><\/p>\n<p><span style=\"color: #999999;\">\u2014 2017-2019<\/span><br \/>\nStudentischer Angestellter im Fachbereich Geschichte der Universit\u00e4t Hamburg<\/p>\n<p><span style=\"color: #999999;\">\u2014 2019<\/span><br \/>\nStudentische Hilfskraft bei Dr. Anja Busch im DFG-Projekt \u201ePolitischer Mord und monarchische Herrschaft im Zeitalter des Hellenismus\u201c<\/p>\n<p><span style=\"color: #999999;\">\u2014 2020-2021<\/span><br \/>\nStudentische Hilfskraft im RomanIslam \u2013 Center for Comparative Empire and Transcultural Studies<\/p>\n<p><span style=\"color: #999999;\">\u2014 2020-2021<\/span><br \/>\nTutor am Arbeitsbereich \u201aAlte Geschichte\u2018 der Universit\u00e4t Hamburg<\/p>\n<p><span style=\"color: #999999;\">\u2014 seit 2021<\/span><br \/>\nWissenschaftlicher Mitarbeiter im RomanIslam \u2013 Center for Comparative Empire and Transcultural Studies<\/p>\n<hr \/>\n<p><strong>Projektarbeit<\/strong><\/p>\n<p><span style=\"color: #999999;\">\u2014 seit 2018<\/span><br \/>\nMitarbeit im Projekt \u201e<a href=\"http:\/\/www.linothorax.de\" rel=\"noopener\" target=\"_blank\">Linothorax<\/a>\u201c bei Dr. Michael Zerjadtke <\/p>\n<hr \/>\n<p><strong>Mitgliedschaften<\/strong><\/p>\n<p>Medi\u00e4vistenverband e. V.<br \/>\nHansischer Geschichtsverein e. V.<br \/>\nGesellschaft f\u00fcr Schleswig-Holsteinische Geschichte e.V.<\/p>","protected":false},"excerpt":{"rendered":"<p>Kevin Grotherr, M.A. RomanIslam \u2013 Center for Comparative Empire and Transcultural Studies Universit\u00e4t Hamburg Edmund-Siemers-Allee 1, R#20 20146 Hamburg kevin.grotherr@uni-hamburg.de Studium \u2014 2015-2018 Bachelorstudium an der Universit\u00e4t Hamburg Hauptfach: Geschichte Nebenfach: Klassische Arch\u00e4ologie Abschlussarbeit: Kreuz oder Kranz? Christliche Soldaten zwischen Fr\u00f6mmigkeit und Tradition \u2014 2019\/2020 Auslandssemester an der Universidad de Salamanca \u2014 2015-2018 Masterstudium an &hellip; <a href=\"http:\/\/www.toletum-network.com\/es\/teilnehmer\/kevin-grotherr\/\" class=\"more-link\">Continuar leyendo<span class=\"screen-reader-text\"> \u00abKevin Grotherr\u00bb<\/span><\/a><\/p>\n","protected":false},"author":8,"featured_media":0,"parent":18,"menu_order":0,"comment_status":"closed","ping_status":"closed","template":"","meta":{"jetpack_post_was_ever_published":false,"footnotes":""},"class_list":["post-15847","page","type-page","status-publish","hentry"],"jetpack_sharing_enabled":true,"jetpack_shortlink":"https:\/\/wp.me\/P82TDz-47B","_links":{"self":[{"href":"http:\/\/www.toletum-network.com\/es\/wp-json\/wp\/v2\/pages\/15847","targetHints":{"allow":["GET"]}}],"collection":[{"href":"http:\/\/www.toletum-network.com\/es\/wp-json\/wp\/v2\/pages"}],"about":[{"href":"http:\/\/www.toletum-network.com\/es\/wp-json\/wp\/v2\/types\/page"}],"author":[{"embeddable":true,"href":"http:\/\/www.toletum-network.com\/es\/wp-json\/wp\/v2\/users\/8"}],"replies":[{"embeddable":true,"href":"http:\/\/www.toletum-network.com\/es\/wp-json\/wp\/v2\/comments?post=15847"}],"version-history":[{"count":7,"href":"http:\/\/www.toletum-network.com\/es\/wp-json\/wp\/v2\/pages\/15847\/revisions"}],"predecessor-version":[{"id":15971,"href":"http:\/\/www.toletum-network.com\/es\/wp-json\/wp\/v2\/pages\/15847\/revisions\/15971"}],"up":[{"embeddable":true,"href":"http:\/\/www.toletum-network.com\/es\/wp-json\/wp\/v2\/pages\/18"}],"wp:attachment":[{"href":"http:\/\/www.toletum-network.com\/es\/wp-json\/wp\/v2\/media?parent=15847"}],"curies":[{"name":"wp","href":"https:\/\/api.w.org\/{rel}","templated":true}]}}