{"id":15639,"date":"2021-09-17T09:23:08","date_gmt":"2021-09-17T07:23:08","guid":{"rendered":"https:\/\/www.toletum-network.com\/?page_id=15639"},"modified":"2022-05-22T12:09:30","modified_gmt":"2022-05-22T10:09:30","slug":"armee-und-romanisierung-hispanien-und-germanien-im-vergleich","status":"publish","type":"page","link":"http:\/\/www.toletum-network.com\/es\/aktivitaten\/armee-und-romanisierung-hispanien-und-germanien-im-vergleich\/","title":{"rendered":"Ej\u00e9rcito y romanizaci\u00f3n. Hispania y Germania en comparaci\u00f3n"},"content":{"rendered":"<p><img loading=\"lazy\" decoding=\"async\" class=\"alignnone wp-image-15667 size-full\" src=\"http:\/\/www.toletum-network.com\/wp-content\/uploads\/2021\/09\/armee-und-romanisierung-2.jpg\" alt=\"\" width=\"400\" height=\"477\" srcset=\"http:\/\/www.toletum-network.com\/wp-content\/uploads\/2021\/09\/armee-und-romanisierung-2.jpg 400w, http:\/\/www.toletum-network.com\/wp-content\/uploads\/2021\/09\/armee-und-romanisierung-2-252x300.jpg 252w\" sizes=\"auto, (max-width: 400px) 85vw, 400px\" \/><\/p>\n<p>Coloquio Internacional del Departamento de Historia Antigua de la Universit\u00e4t Hamburg, el LVR-Arch\u00e4ologischer Park Xanten y el Departamento de Arqueolog\u00eda cl\u00e1sica de la Universit\u00e4t Trier<\/p>\n<p><strong>Hora y lugar<br \/>\n<\/strong>Del 7 al 9 de octubre de 2021, 9:30-19:30\/20:00 horas<\/p>\n<p>LVR-Arch\u00e4ologischer Park Xanten<br \/>\nLVR-R\u00f6merMuseum<\/p>\n<p>Descargar el folleto: <a href=\"http:\/\/www.toletum-network.com\/wp-content\/uploads\/2021\/09\/Xanten-Hispania-Germania-10.2021.pdf\" target=\"_blank\" rel=\"noopener\">Ejerc\u00edto y romanizaci\u00f3n 10.2021<\/a><br \/>\nInforme por parte de Dominik Kloss:<br \/>\n<a href=\"https:\/\/www.hsozkult.de\/conferencereport\/id\/tagungsberichte-9311\">H-Soz-u-Kult<\/a> \/ <a href=\"http:\/\/www.toletum-network.com\/wp-content\/uploads\/2022\/05\/Bollettino-di-Studi-Latini-52-2022-186-191.pdf\">Bollettino di Studi Latini 52 (2022), 186-191<\/a><\/p>\n<h3>Programa<\/h3>\n<h3>Jueves, 07.10.2021<\/h3>\n<p>-09.30 horas<br \/>\nProf. Dr. Sabine Panzram (Universit\u00e4t Hamburg)<br \/>\nDr. Martin M\u00fcller &#8211; PD Dr. Christoph Eger (LVR-Arch\u00e4ologischer Park Xanten)<br \/>\nProf. Dr. Markus Trunk (Universit\u00e4t Trier)<br \/>\n<em>Bienvenida y introducci\u00f3n<br \/>\n<\/em><\/p>\n<p>-09.45 horas<br \/>\nProf. Dr. \u00c1ngel Morillo Cerd\u00e1n (Universidad Complutense Madrid)<br \/>\n<strong>El ej\u00e9rcito romano en Hispania: visiones desde la Arqueolog\u00eda Militar<\/strong><\/p>\n<p>-10.30 horas<br \/>\nProf. Dr. Reinhard Wolters (Universit\u00e4t Wien)<br \/>\n<strong>Die Rolle des Heeres bei der milit\u00e4rischen Landnahme und Romanisierung Germaniens<\/strong><\/p>\n<p>-11.15 horas<br \/>\n<em>Pausa<\/em><\/p>\n<h3>Hispania \u2013 entre la conquista militar y la provincializaci\u00f3n<\/h3>\n<p><em>Presidencia<\/em>: Prof. Dr. Eckhard Deschler-Erb (Universit\u00e4t zu K\u00f6ln)<\/p>\n<p>-11.45 horas<br \/>\nPD Dr. Martin Luik (Ludwig-Maximilians-Universit\u00e4t M\u00fcnchen)<br \/>\n<strong>Die r\u00f6mischen Lager um Numantia. Stand der Erforschung, zuk\u00fcnftige Perspektive<\/strong><em>n<\/em><\/p>\n<p>-12.30 horas<br \/>\nProf. Dr. Jes\u00fas F. Torres-Mart\u00ednez (Instituto Monte Bernorio de la Antig\u00fcedad del Cant\u00e1brico)<br \/>\nProf. Dr. Manuel Fern\u00e1ndez-G\u00f6tz (University of Edinburgh)<br \/>\nProf. Dr. Felix Teichner (Universit\u00e4t Marburg)<br \/>\n<strong>Die Eroberung des Monte Bernorio als Schl\u00fcsselereignis der Kantabrischen Kriege<\/strong><\/p>\n<p>-13.15 horas<br \/>\n<em>Pausa<\/em><\/p>\n<p>-15.30 horas<br \/>\n<em>Visita al parque arqueol\u00f3gico<\/em><\/p>\n<p>-18.00 horas<br \/>\nProf. Dr. Juan Jos\u00e9 Palao Vicente (Universidad de Salamanca)<br \/>\n<strong>Ej\u00e9rcito romano y comunidades locales durante la conquista de Hispania (218-19 a. C.): entre la dominaci\u00f3n y la integraci\u00f3n<\/strong><\/p>\n<p>-19.30 horas<br \/>\n<em>Recepci\u00f3n en el albergue romano de la LVR-APX<\/em><\/p>\n<h3>Viernes, 08.10.2021<\/h3>\n<p><em>Presidencia<\/em>: Prof. Dr. Sabine Panzram (Universit\u00e4t Hamburg)<\/p>\n<p>-9.30 horas<br \/>\nProf. Dr. Francisco Pina Polo (Universidad de Zaragoza)<br \/>\n<strong>Fundaciones urbanas en la Hispania republicana: el caso de las ciudades con nombre de imperator<\/strong><\/p>\n<h3>Germania \u2013 entre la conquista militar y la provincializaci\u00f3n<\/h3>\n<p>-10.15 horas<br \/>\nProf. Dr. Sabine Hornung (Universit\u00e4t des Saarlandes)<br \/>\n<strong>Von Innovationen, Migrationen und Eroberern \u2013 das Rheinland zwischen Kelten, Germanen und Iulius Caesars Gallischem Krieg<\/strong><\/p>\n<p>-11.00 horas<br \/>\n<em>Pausa<\/em><\/p>\n<p>-11.30 horas<br \/>\nProf. Dr. Markus Trunk (Universit\u00e4t Trier)<br \/>\n<strong>\u201edie Treverer, \u2026, die Cantabrer, die Vaccaeer und Asturer unter Waffen\u201c \u2013 vom niedergeschlagenen Aufstand zur Befriedung der westlichen Welt<\/strong><\/p>\n<p>-12.15 horas<br \/>\nPD Dr. Armin Becker (LVR-Arch\u00e4ologischer Park Xanten)<br \/>\n<strong>Waldgirmes und die augusteische Germanienpolitik<\/strong><\/p>\n<p>-13.00 horas<br \/>\n<em>Pausa<\/em><\/p>\n<p>-15.30 Pausa<br \/>\n<em>Visita al LVR-R\u00f6merMuseums y al Exposici\u00f3n\u00a0 \u201eRoms flie\u00dfende Grenzen \u2013 Der Limes am Niederrhein\u201c en el marco del programa de Exposici\u00f3n estatal NRW<\/em><\/p>\n<p>-18.00 horas<br \/>\nSteve Boedecker, M.A. (LVR-Amt f\u00fcr Bodendenkmalpflege im Rheinland)<br \/>\n<strong>Roms Grenze am Niederrhein. Neue Forschungen zwischen Lippe und Waal<\/strong><\/p>\n<p>-19.30 horas<br \/>\n<em>Cena<br \/>\n<\/em><\/p>\n<h3>S\u00e1bado, 09.10.2021<\/h3>\n<h3>Hispania y Germania en comparaci\u00f3n<\/h3>\n<p><em>Presidencia<\/em>: PD Dr. Christoph Eger (LVR-Arch\u00e4ologischer Park Xanten)<\/p>\n<p>-9.30 horas<br \/>\nDr. Ted Szadzinski (King\u2019s College London)<br \/>\n<strong>Iberia, Germania, and Roman Military Innovation<\/strong><\/p>\n<p>-10.15 horas<br \/>\nProf. Dr. Michael Rathmann (Universit\u00e4t Eichst\u00e4tt)<br \/>\n<strong>Die Anf\u00e4nge eines r\u00f6mischen Stra\u00dfennetzes. Iberien und Germanien im Vergleich<\/strong><\/p>\n<p>-11.00 horas<br \/>\n<em>Pausa<\/em><\/p>\n<p>-11.30 horas<br \/>\nProf. Dr. Jos\u00e9 Remesal Rodr\u00edguez (Universidad de Barcelona)<br \/>\n<strong>Pol\u00edtica y econom\u00eda imperial: el abastecimiento del ej\u00e9rcito en Germania desde Hispania<\/strong><\/p>\n<p>-12.15 horas<br \/>\nProf. Dr. Mar\u00eda Paz Garc\u00eda Bellido (Consejo Superior de Investigaciones Cient\u00edficas Madrid)<br \/>\n<strong>La primera llegada de plata hispana a Germania: las legiones aug\u00fasteas<\/strong><\/p>\n<p>-13.00 horas<br \/>\n<em>Pausa<\/em><\/p>\n<h3>Hispania y Germania<br \/>\n\u2013 urbanizaci\u00f3n y romanizaci\u00f3n<\/h3>\n<p><em>Presidencia<\/em>: Prof. Dr. Markus Trunk (Universit\u00e4t Trier)<\/p>\n<p>-15.30 horas<br \/>\nDr. Trinidad Nogales Basarrate (Museo Nacional de Arte Romano M\u00e9rida)<br \/>\n<strong>Augusta Emerita: los primeros a\u00f1os<\/strong><br \/>\n<strong>de una colonia de veteranos<\/strong><\/p>\n<p>-16.15 horas<br \/>\nProf. Dr. Alfred Sch\u00e4fer (R\u00f6misch-Germanisches Museum der Stadt K\u00f6ln &#8211; Arch\u00e4ologische Bodendenkmalpflege)<br \/>\n<strong>Rom am Rhein &#8211; vom oppidum Ubiorum zur Provinzhauptstadt CCAA<\/strong><\/p>\n<p>-17.00 horas<br \/>\n<em>Pausa<\/em><\/p>\n<p>-17.30 horas<br \/>\nDr. Martin M\u00fcller \/ PD Dr. Christoph Eger (LVR-Arch\u00e4ologischer Park Xanten)<br \/>\n<strong>Von der Vorcolonia zur Colonia Ulpia Traiana \u2013 zu den Stadtgr\u00fcndungen Trajans<\/strong><\/p>\n<p>-18.15 horas<br \/>\nProf. Dr. Christian Witschel (Universit\u00e4t Heidelberg)<br \/>\n<strong>Das St\u00e4dtewesen in Hispanien und Germanien am \u00dcbergang vom 2. zum 3. Jahrhundert<\/strong><\/p>\n<p>-19.15 horas<br \/>\nProf. Dr. Javier Arce (Universit\u00e9 de Lille)<br \/>\n<em>Debate final<br \/>\n<\/em><\/p>\n<p>-20.00 horas<br \/>\n<em>Cena<br \/>\n<\/em><\/p>","protected":false},"excerpt":{"rendered":"<p>Coloquio Internacional del Departamento de Historia Antigua de la Universit\u00e4t Hamburg, el LVR-Arch\u00e4ologischer Park Xanten y el Departamento de Arqueolog\u00eda cl\u00e1sica de la Universit\u00e4t Trier Hora y lugar Del 7 al 9 de octubre de 2021, 9:30-19:30\/20:00 horas LVR-Arch\u00e4ologischer Park Xanten LVR-R\u00f6merMuseum Descargar el folleto: Ejerc\u00edto y romanizaci\u00f3n 10.2021 Informe por parte de Dominik Kloss: &hellip; <a href=\"http:\/\/www.toletum-network.com\/es\/aktivitaten\/armee-und-romanisierung-hispanien-und-germanien-im-vergleich\/\" class=\"more-link\">Continuar leyendo<span class=\"screen-reader-text\"> \u00abEj\u00e9rcito y romanizaci\u00f3n. Hispania y Germania en comparaci\u00f3n\u00bb<\/span><\/a><\/p>\n","protected":false},"author":8,"featured_media":0,"parent":15,"menu_order":0,"comment_status":"closed","ping_status":"closed","template":"","meta":{"jetpack_post_was_ever_published":false,"footnotes":""},"class_list":["post-15639","page","type-page","status-publish","hentry"],"jetpack_sharing_enabled":true,"jetpack_shortlink":"https:\/\/wp.me\/P82TDz-44f","_links":{"self":[{"href":"http:\/\/www.toletum-network.com\/es\/wp-json\/wp\/v2\/pages\/15639","targetHints":{"allow":["GET"]}}],"collection":[{"href":"http:\/\/www.toletum-network.com\/es\/wp-json\/wp\/v2\/pages"}],"about":[{"href":"http:\/\/www.toletum-network.com\/es\/wp-json\/wp\/v2\/types\/page"}],"author":[{"embeddable":true,"href":"http:\/\/www.toletum-network.com\/es\/wp-json\/wp\/v2\/users\/8"}],"replies":[{"embeddable":true,"href":"http:\/\/www.toletum-network.com\/es\/wp-json\/wp\/v2\/comments?post=15639"}],"version-history":[{"count":24,"href":"http:\/\/www.toletum-network.com\/es\/wp-json\/wp\/v2\/pages\/15639\/revisions"}],"predecessor-version":[{"id":15655,"href":"http:\/\/www.toletum-network.com\/es\/wp-json\/wp\/v2\/pages\/15639\/revisions\/15655"}],"up":[{"embeddable":true,"href":"http:\/\/www.toletum-network.com\/es\/wp-json\/wp\/v2\/pages\/15"}],"wp:attachment":[{"href":"http:\/\/www.toletum-network.com\/es\/wp-json\/wp\/v2\/media?parent=15639"}],"curies":[{"name":"wp","href":"https:\/\/api.w.org\/{rel}","templated":true}]}}