{"id":15518,"date":"2021-07-29T16:48:18","date_gmt":"2021-07-29T14:48:18","guid":{"rendered":"https:\/\/www.toletum-network.com\/?page_id=15518"},"modified":"2021-11-27T22:27:06","modified_gmt":"2021-11-27T20:27:06","slug":"bishops-under-threat-contexts-and-episcopal-strategies-between-late-antiquity-and-the-early-middle-ages-in-the-west","status":"publish","type":"page","link":"http:\/\/www.toletum-network.com\/es\/aktivitaten\/bishops-under-threat-contexts-and-episcopal-strategies-between-late-antiquity-and-the-early-middle-ages-in-the-west\/","title":{"rendered":"Bishops under Threat: Contexts and Episcopal Strategies between Late Antiquity and the Early Middle Ages in the West"},"content":{"rendered":"<p>Coloquio internacional del Departamento de Historia Antigua de la Universit\u00e4t Hamburg en colaboraci\u00f3n con Toletum<\/p>\n<p><strong>Hora y lugar<br \/>\n<\/strong>24 de junio de 2021 de 17:00 a 19:45 horas, el 25 de junio de 2021 de 10:30 a 19:15 horas y el 26 de junio de 2021 de 9:30 a 12:30 horas, en l\u00ednea<\/p>\n<p>Descargar el folleto: <a href=\"http:\/\/www.toletum-network.com\/wp-content\/uploads\/2021\/06\/Bishops-under-Threat.-Hamburg-06.2021.pdf\">Bishops under Threat. Hamburg, 06.2021<\/a><br \/>\nInforme por parte de Dominik Kloss y Sabine Panzram:<br \/>\n<a href=\"https:\/\/www.hsozkult.de\/conferencereport\/id\/tagungsberichte-9028?title=bishops-under-threat-contexts-and-episcopal-strategies-between-late-antiquity-and-the-early-middle-ages-in-the-west&amp;recno=3&amp;q=&amp;sort=&amp;fq=&amp;total=8719\">H-Soz-u-Kult<\/a> \/ <a href=\"http:\/\/www.toletum-network.com\/wp-content\/uploads\/2021\/11\/Bollettino-di-Studi-Latini-51-2021.pdf\">Bollettino di Studi Latini 51 (2021)<\/a><\/p>\n<h3>Programa<\/h3>\n<h3>Jueves, 24.06.2021<\/h3>\n<p>&#8211; 17:00-17:15 horas<br \/>\n<em>Bienvenida\/Introducci\u00f3n<\/em><br \/>\nSabine Panzram (Historia Antigua, Universit\u00e4t Hamburg) &#8211; Pablo Poveda Arias (Historia Antigua, Universit\u00e4t Hamburg)<\/p>\n<p>&#8211; 17:15-17:45 horas<br \/>\n<strong>Suffering Bishop and the Priests of Satan. Clerical Violence and Its Image in Late Antique Literature<\/strong><br \/>\nRobert <span class=\"fontstyle0\">Wi<\/span><span class=\"fontstyle0\">\u015b<\/span><span class=\"fontstyle0\">niewski (Historia Antigua, Uniwersytet Warsawski)<br \/>\n<\/span><\/p>\n<p>&#8211; 17:45-18:00 horas<br \/>\n<em>Pausa de caf\u00e9<br \/>\n<\/em><\/p>\n<h3>Perspectivas regionales<\/h3>\n<p><em>Presidencia<\/em>: Francesca Tinti (Historia Medieval, Universidad del Pa\u00eds Vasco Euskal Herriko Unibertsitatea &#8211; Ikerbasque)<\/p>\n<p>&#8211; 18:00-18:30 horas<br \/>\n<strong>The Only Peninsular Voices of Byzantine Spania<\/strong><br \/>\nMargarita Vallejo Girv\u00e9s (Historia Antigua, Universidad de Alcal\u00e1)<\/p>\n<p>&#8211; 18:30-19:00 horas<br \/>\n<strong>The Tenth-Century Castilian Church: The Large Gap between Ideal and Reality<\/strong><br \/>\nJulio Escalona (Historia Medieval, Instituto de Historia &#8211; Consejo Superior de Inverstigaciones Cient\u00edficas Madrid)<\/p>\n<p>&#8211; 19:00-19:30 horas<br \/>\n<strong>Suspicious Minds: \u00abCourt Bishops\u00bb and Bishops without Seat in Agilolfinfian Bavaria<\/strong><br \/>\nKatharina Winkler (Historia Medieval, Institut f\u00fcr Mittelalterforschung &#8211; \u00d6sterreichische Akademie der Wissenschaften)<\/p>\n<h3>Viernes, 25.06.2021<\/h3>\n<p>&#8211; 10:00-10:30 horas<br \/>\n<strong>Threatened Bishops in Southern Italy between the Eight and Eleventh Centuries<\/strong><br \/>\nAmalia Galdi (Historia Medieval, Universit\u00e0 degli Studi di Salerno)<\/p>\n<p>&#8211; 10:30-11:00 horas<br \/>\n<strong>Episcopal Authority and Diocesan Structure in England c. 650-1066<\/strong><br \/>\nKaty Cubitt (Historia Medieval, University of East Anglia)<\/p>\n<p>&#8211; 11:00-11:30 horas<br \/>\n<em>Pausa de caf\u00e9<br \/>\n<\/em><\/p>\n<h3>Perspectivas locales e individuales<\/h3>\n<p><em>Presidencia:<\/em> Pablo Poveda Arias (Historia Antigua, Universit\u00e4t Hamburg)<\/p>\n<p>&#8211; 11:30-12:00 horas<br \/>\n<strong>The World of Yesterday. Space and Politics in the Life of Germanus of Auxerre<\/strong><br \/>\nDavid Natal (Historia Antigua, University of London)<\/p>\n<p>&#8211; 12:00-12:30 horas<br \/>\n<strong>Dumio-Braga. A functional Duality, a Legal Anomaly<\/strong><br \/>\nPablo C. D\u00edaz (Historia Antigua, Universidad de Salamanca)<\/p>\n<p>&#8211; 12:30-13:00 horas<br \/>\n<strong>The Bishop and the King in the <em>Vita Sancti Ildefonsi<\/em><\/strong><br \/>\nThomas Deswarte (Historia Medieval, Universit\u00e9 d&#8217;Angers)<\/p>\n<p>&#8211; 13:00-16:00 horas<br \/>\n<em>Comida<\/em><\/p>\n<h3>Obispos y pol\u00edtica<\/h3>\n<p><em>Presidencia<\/em>: Hans-Werner Goetz (Historia Medieval, Universit\u00e4t Hamburg)<\/p>\n<p>&#8211; 16:00-16:30 horas<br \/>\n<strong>Victims, Actors or Spectators? The Bishops of the Merovingian Kingdom during the Civil War of 575-613<\/strong><br \/>\nBruno Dum\u00e9zil (Historia Medieval, Sorbonne Paris)<\/p>\n<p>&#8211; 16:30-17:00 horas<br \/>\n<strong>Sailing to Byzantium: Sixth Century Popes under Threat in Constantinople<\/strong><br \/>\nMarco Cristini (Filolog\u00eda Cl\u00e1sica, Scuola Normale di Pisa)<\/p>\n<p>&#8211; 17:00-17:30 horas<br \/>\n<em>Pausa de caf\u00e9<br \/>\n<\/em><\/p>\n<p>&#8211; 17:30-18:00 horas<br \/>\n<strong>Deposition as Weapon against Bishops in the Carolingian Empire<\/strong><br \/>\nPhilippe Depreux (Historia Medieval, Universit\u00e4t Hamburg)<\/p>\n<h3>Amenazas y estrategias individualizadas<\/h3>\n<p><em>Presidencia<\/em>: Sabine Panzram (Historia Antigua, Universit\u00e4t Hamburg)<\/p>\n<p>&#8211; 18:00-18:30 horas<br \/>\n<strong>Episcopal Responses to War and Warfare in Late Antiquity<\/strong><br \/>\nKristina Sessa (Historia Antigua y Medieval, The Ohio State University)<\/p>\n<p>&#8211; 18:30-19:00 horas<br \/>\n<strong>Metropolitan Bishops under Threat in Fifth-Century Gaul<\/strong><br \/>\nPablo Poveda Arias (Historia Antigua, Universit\u00e4t Hamburg)<\/p>\n<h3>S\u00e1bado, 26.06.2021<\/h3>\n<p>&#8211; 9:30-10:00 horas<br \/>\n<strong>Italy&#8217;s Late Antique Bishops in Exlie: The Epigraphic Point of View<\/strong><br \/>\nIsabelle Mossong (Historia Antigua, Kommission f\u00fcr Alte Geschichte und Epigraphik des Deutschen Arch\u00e4ologischen Instituts M\u00fcnchen)<\/p>\n<p>&#8211; 10:00-10:30 horas<br \/>\n<strong>Bishops under Pressure: Priests and episcopal Authority in Carolingian Francia<\/strong><br \/>\nCharles M\u00e9riaux (Historia Medieval, Universit\u00e9 de Lille)<\/p>\n<p>&#8211; 10:30-11:00 horas<br \/>\n<strong>The Role of Relics in Contexts of Episcopal Adversity in Carolingian Italy (8th-9th Centuries)<\/strong><br \/>\nFrancesco Veronese (Historia Medieval, Universit\u00e0 degli Studi di Padova)<\/p>\n<p>&#8211; 11:00-11:30 horas<br \/>\n<em>Pausa de caf\u00e9<br \/>\n<\/em><\/p>\n<p>&#8211; 11:30-12:00 horas<br \/>\n<strong>The Ordinary Life of the Bishop in Visigothic Spain. Concluding Remarks<\/strong><br \/>\nJavier Arce (Historia Antigua, Universit\u00e9 de Lille)<\/p>","protected":false},"excerpt":{"rendered":"<p>Coloquio internacional del Departamento de Historia Antigua de la Universit\u00e4t Hamburg en colaboraci\u00f3n con Toletum Hora y lugar 24 de junio de 2021 de 17:00 a 19:45 horas, el 25 de junio de 2021 de 10:30 a 19:15 horas y el 26 de junio de 2021 de 9:30 a 12:30 horas, en l\u00ednea Descargar el &hellip; <a href=\"http:\/\/www.toletum-network.com\/es\/aktivitaten\/bishops-under-threat-contexts-and-episcopal-strategies-between-late-antiquity-and-the-early-middle-ages-in-the-west\/\" class=\"more-link\">Continuar leyendo<span class=\"screen-reader-text\"> \u00abBishops under Threat: Contexts and Episcopal Strategies between Late Antiquity and the Early Middle Ages in the West\u00bb<\/span><\/a><\/p>\n","protected":false},"author":8,"featured_media":15519,"parent":15,"menu_order":0,"comment_status":"closed","ping_status":"closed","template":"","meta":{"jetpack_post_was_ever_published":false,"footnotes":""},"class_list":["post-15518","page","type-page","status-publish","has-post-thumbnail","hentry"],"jetpack_sharing_enabled":true,"jetpack_shortlink":"https:\/\/wp.me\/P82TDz-42i","_links":{"self":[{"href":"http:\/\/www.toletum-network.com\/es\/wp-json\/wp\/v2\/pages\/15518","targetHints":{"allow":["GET"]}}],"collection":[{"href":"http:\/\/www.toletum-network.com\/es\/wp-json\/wp\/v2\/pages"}],"about":[{"href":"http:\/\/www.toletum-network.com\/es\/wp-json\/wp\/v2\/types\/page"}],"author":[{"embeddable":true,"href":"http:\/\/www.toletum-network.com\/es\/wp-json\/wp\/v2\/users\/8"}],"replies":[{"embeddable":true,"href":"http:\/\/www.toletum-network.com\/es\/wp-json\/wp\/v2\/comments?post=15518"}],"version-history":[{"count":21,"href":"http:\/\/www.toletum-network.com\/es\/wp-json\/wp\/v2\/pages\/15518\/revisions"}],"predecessor-version":[{"id":15580,"href":"http:\/\/www.toletum-network.com\/es\/wp-json\/wp\/v2\/pages\/15518\/revisions\/15580"}],"up":[{"embeddable":true,"href":"http:\/\/www.toletum-network.com\/es\/wp-json\/wp\/v2\/pages\/15"}],"wp:featuredmedia":[{"embeddable":true,"href":"http:\/\/www.toletum-network.com\/es\/wp-json\/wp\/v2\/media\/15519"}],"wp:attachment":[{"href":"http:\/\/www.toletum-network.com\/es\/wp-json\/wp\/v2\/media?parent=15518"}],"curies":[{"name":"wp","href":"https:\/\/api.w.org\/{rel}","templated":true}]}}