{"id":15510,"date":"2021-07-29T20:02:29","date_gmt":"2021-07-29T18:02:29","guid":{"rendered":"https:\/\/www.toletum-network.com\/?page_id=15510"},"modified":"2021-08-16T21:53:33","modified_gmt":"2021-08-16T19:53:33","slug":"spanien-im-mittelalter-von-gestern-nach-heute-narrative-einer-multikulturellen-vergangenheit","status":"publish","type":"page","link":"http:\/\/www.toletum-network.com\/es\/aktivitaten\/spanien-im-mittelalter-von-gestern-nach-heute-narrative-einer-multikulturellen-vergangenheit\/","title":{"rendered":"Entre di\u00e1logo y conflicto, pluma y espada: al-Andalus, un pasado instrumentalizado"},"content":{"rendered":"<p><strong>Hora y lugar<\/strong><br \/>\n07.10.2021 \u2013 24.02.2022; martes \/ jueves, 19 \u2013 21 horas;<br \/>\nEn l\u00ednea<\/p>\n<p>El simposio en l\u00ednea est\u00e1 abierto a todos los interesados. Para registrarse y acceder escriban a <a href=\"mailto: cultham@cervantes.es\">cultham@cervantes.es<\/a>.<\/p>\n<p><strong>Download<\/strong> <a href=\"http:\/\/www.toletum-network.com\/wp-content\/uploads\/2021\/08\/Ciclo-de-conferencias-2021-22.pdf\">Ciclo de conferencias 2021-22<\/a> (PDF)<\/p>\n<h3><strong>Programa<\/strong><\/h3>\n<p>\u2014 07.10.2021<br \/>\nLa Iberia medieval a trav\u00e9s del turbante<br \/>\n<strong>Prof. Dr. Maribel Fierro<\/strong> (Consejo Superior de Investigaciones Cient\u00edficas Madrid)<\/p>\n<p>\u2014 09.11.2021<br \/>\nLos cristianos de al-Andalus, \u00bfconvivencia o apartheid?<br \/>\n<strong>Dr. Javier Albarr\u00e1n Iruela <\/strong>(Universidad Aut\u00f3noma de Madrid \u2013 RomanIslam Center Universit\u00e4t)<\/p>\n<p>\u2014 27.01.2022<br \/>\nLa Escuela de Traductores de Toledo: \u00bfmito o realidad?<br \/>\n<strong>Prof. Dr. Carlos de Ayala <\/strong>(Universidad Aut\u00f3noma de Madrid)<\/p>\n<p>\u2014 24.02.2022<br \/>\nLa Mezquita de C\u00f3rdoba: un debate acad\u00e9mico y social sobre el pasado medieval peninsular<br \/>\n<strong>Prof. Dr. Alejandro Garc\u00eda Sanju\u00e1n <\/strong>(Universidad de Huelva)<\/p>\n<p>&nbsp;<\/p>","protected":false},"excerpt":{"rendered":"<p>Hora y lugar 07.10.2021 \u2013 24.02.2022; martes \/ jueves, 19 \u2013 21 horas; En l\u00ednea El simposio en l\u00ednea est\u00e1 abierto a todos los interesados. Para registrarse y acceder escriban a cultham@cervantes.es. Download Ciclo de conferencias 2021-22 (PDF) Programa \u2014 07.10.2021 La Iberia medieval a trav\u00e9s del turbante Prof. Dr. Maribel Fierro (Consejo Superior de &hellip; <a href=\"http:\/\/www.toletum-network.com\/es\/aktivitaten\/spanien-im-mittelalter-von-gestern-nach-heute-narrative-einer-multikulturellen-vergangenheit\/\" class=\"more-link\">Continuar leyendo<span class=\"screen-reader-text\"> \u00abEntre di\u00e1logo y conflicto, pluma y espada: al-Andalus, un pasado instrumentalizado\u00bb<\/span><\/a><\/p>\n","protected":false},"author":8,"featured_media":15542,"parent":15,"menu_order":0,"comment_status":"closed","ping_status":"closed","template":"","meta":{"jetpack_post_was_ever_published":false,"footnotes":""},"class_list":["post-15510","page","type-page","status-publish","has-post-thumbnail","hentry"],"jetpack_sharing_enabled":true,"jetpack_shortlink":"https:\/\/wp.me\/P82TDz-42a","_links":{"self":[{"href":"http:\/\/www.toletum-network.com\/es\/wp-json\/wp\/v2\/pages\/15510","targetHints":{"allow":["GET"]}}],"collection":[{"href":"http:\/\/www.toletum-network.com\/es\/wp-json\/wp\/v2\/pages"}],"about":[{"href":"http:\/\/www.toletum-network.com\/es\/wp-json\/wp\/v2\/types\/page"}],"author":[{"embeddable":true,"href":"http:\/\/www.toletum-network.com\/es\/wp-json\/wp\/v2\/users\/8"}],"replies":[{"embeddable":true,"href":"http:\/\/www.toletum-network.com\/es\/wp-json\/wp\/v2\/comments?post=15510"}],"version-history":[{"count":15,"href":"http:\/\/www.toletum-network.com\/es\/wp-json\/wp\/v2\/pages\/15510\/revisions"}],"predecessor-version":[{"id":15548,"href":"http:\/\/www.toletum-network.com\/es\/wp-json\/wp\/v2\/pages\/15510\/revisions\/15548"}],"up":[{"embeddable":true,"href":"http:\/\/www.toletum-network.com\/es\/wp-json\/wp\/v2\/pages\/15"}],"wp:featuredmedia":[{"embeddable":true,"href":"http:\/\/www.toletum-network.com\/es\/wp-json\/wp\/v2\/media\/15542"}],"wp:attachment":[{"href":"http:\/\/www.toletum-network.com\/es\/wp-json\/wp\/v2\/media?parent=15510"}],"curies":[{"name":"wp","href":"https:\/\/api.w.org\/{rel}","templated":true}]}}