{"id":15,"date":"2016-07-06T10:20:03","date_gmt":"2016-07-06T10:20:03","guid":{"rendered":"http:\/\/www.toletum-network.com\/?page_id=15"},"modified":"2023-01-04T13:16:33","modified_gmt":"2023-01-04T12:16:33","slug":"aktivitaten","status":"publish","type":"page","link":"http:\/\/www.toletum-network.com\/es\/aktivitaten\/","title":{"rendered":"Actividades"},"content":{"rendered":"<p><\/p>\n<h3 class=\"entry-title\"><a href=\"https:\/\/www.toletum-network.com\/aktivitaten\/conditoria-provinciarum-roman-sarcophagi-in-the-provinces\/\">Conditoria provinciarum. Roman sarcophagi in the provinces<\/a><\/h3>\n<p><img loading=\"lazy\" decoding=\"async\" class=\"alignnone size-full wp-image-17039\" src=\"http:\/\/www.toletum-network.com\/wp-content\/uploads\/2023\/01\/conditoria-provinciarum.jpg\" alt=\"\" width=\"400\" height=\"300\" srcset=\"http:\/\/www.toletum-network.com\/wp-content\/uploads\/2023\/01\/conditoria-provinciarum.jpg 400w, http:\/\/www.toletum-network.com\/wp-content\/uploads\/2023\/01\/conditoria-provinciarum-300x225.jpg 300w\" sizes=\"auto, (max-width: 400px) 85vw, 400px\" \/><\/p>\n<hr \/>\n<h3 class=\"entry-title\"><a href=\"https:\/\/www.toletum-network.com\/es\/aktivitaten\/spanien-im-mittelalter-von-gestern-nach-heute-narrative-einer-multikulturellen-vergangenheit\/\">La Iberia medieval, de ayer a hoy: narrativas de un pasado multicultural<\/a><\/h3>\n<p><img loading=\"lazy\" decoding=\"async\" class=\"alignnone size-full wp-image-15542\" src=\"http:\/\/www.toletum-network.com\/wp-content\/uploads\/2021\/07\/vortragsreihe-cervantes-2021.jpg\" alt=\"\" width=\"400\" height=\"380\" srcset=\"http:\/\/www.toletum-network.com\/wp-content\/uploads\/2021\/07\/vortragsreihe-cervantes-2021.jpg 400w, http:\/\/www.toletum-network.com\/wp-content\/uploads\/2021\/07\/vortragsreihe-cervantes-2021-300x285.jpg 300w\" sizes=\"auto, (max-width: 400px) 85vw, 400px\" \/><\/p>\n<hr \/>\n<h3 class=\"entry-title\"><a href=\"https:\/\/www.toletum-network.com\/es\/aktivitaten\/von-gades-nach-tanger-med-die-zukunft-der-tradition-in-der-strasse-von-gibraltar\/\">De Gades a T\u00e1nger Med: el futuro de la tradici\u00f3n en el Estrecho de Gibraltar<\/a><\/h3>\n<p><img loading=\"lazy\" decoding=\"async\" class=\"alignnone size-full wp-image-13884\" src=\"http:\/\/www.toletum-network.com\/wp-content\/uploads\/2020\/03\/Tanger-400x300-final.jpg\" alt=\"\u00a9 TangerMed, El Estrecho de Gibraltar\" width=\"400\" height=\"300\" srcset=\"http:\/\/www.toletum-network.com\/wp-content\/uploads\/2020\/03\/Tanger-400x300-final.jpg 400w, http:\/\/www.toletum-network.com\/wp-content\/uploads\/2020\/03\/Tanger-400x300-final-300x225.jpg 300w\" sizes=\"auto, (max-width: 400px) 85vw, 400px\" \/><\/p>\n<hr \/>\n<h3 class=\"entry-title\"><a href=\"https:\/\/www.toletum-network.com\/aktivitaten\/armee-und-romanisierung-hispanien-und-germanien-im-vergleich\/\">Ej\u00e9rcito y romanizaci\u00f3n. Hispania y Germania en comparaci\u00f3n<\/a><\/h3>\n<p><img loading=\"lazy\" decoding=\"async\" class=\"alignnone size-full wp-image-15667\" src=\"http:\/\/www.toletum-network.com\/wp-content\/uploads\/2021\/09\/armee-und-romanisierung-2.jpg\" alt=\"\" width=\"400\" height=\"477\" srcset=\"http:\/\/www.toletum-network.com\/wp-content\/uploads\/2021\/09\/armee-und-romanisierung-2.jpg 400w, http:\/\/www.toletum-network.com\/wp-content\/uploads\/2021\/09\/armee-und-romanisierung-2-252x300.jpg 252w\" sizes=\"auto, (max-width: 400px) 85vw, 400px\" \/><\/p>\n<hr \/>\n<h3 class=\"entry-title\"><a href=\"https:\/\/www.toletum-network.com\/es\/aktivitaten\/noheda-ueberschwang-der-bilder-und-hispanisch-spaetantike-villenkultur\/\">Noheda: La opulencia de las im\u00e1genes y las grandes <em>villae<\/em> de la Hispania tardoantigua<\/a><\/h3>\n<p><img loading=\"lazy\" decoding=\"async\" class=\"alignnone size-full wp-image-15534\" src=\"http:\/\/www.toletum-network.com\/wp-content\/uploads\/2021\/07\/noheda_mosaik.jpg\" alt=\"\" width=\"400\" height=\"224\" srcset=\"http:\/\/www.toletum-network.com\/wp-content\/uploads\/2021\/07\/noheda_mosaik.jpg 400w, http:\/\/www.toletum-network.com\/wp-content\/uploads\/2021\/07\/noheda_mosaik-300x168.jpg 300w\" sizes=\"auto, (max-width: 400px) 85vw, 400px\" \/><\/p>\n<hr \/>\n<h3 class=\"entry-title\"><a href=\"https:\/\/www.toletum-network.com\/es\/aktivitaten\/bishops-under-threat-contexts-and-episcopal-strategies-between-late-antiquity-and-the-early-middle-ages-in-the-west\/\">Bishops under Threat: Contexts and Episcopal Strategies between Late Antiquity and the Early Middle Ages in the West<\/a><\/h3>\n<p><img loading=\"lazy\" decoding=\"async\" class=\"alignnone size-full wp-image-15519\" src=\"http:\/\/www.toletum-network.com\/wp-content\/uploads\/2021\/07\/tagung-bishops-under-threat.jpg\" alt=\"\" width=\"400\" height=\"300\" srcset=\"http:\/\/www.toletum-network.com\/wp-content\/uploads\/2021\/07\/tagung-bishops-under-threat.jpg 400w, http:\/\/www.toletum-network.com\/wp-content\/uploads\/2021\/07\/tagung-bishops-under-threat-300x225.jpg 300w\" sizes=\"auto, (max-width: 400px) 85vw, 400px\" \/><\/p>\n<hr \/>\n<h3><a href=\"https:\/\/www.toletum-network.com\/es\/aktivitaten\/internationale-herbstschule-onlinekurs-qgis-fuer-altertumswissenschaftler-innen\/\">Escuela internacional de oto\u00f1o: curso online QGIS para estudiosos de la Antig\u00fcedad<\/a><\/h3>\n<p><img loading=\"lazy\" decoding=\"async\" class=\"alignnone size-full wp-image-14287\" src=\"http:\/\/www.toletum-network.com\/wp-content\/uploads\/2020\/08\/QGIS-10.2020.jpg\" alt=\"\" width=\"400\" height=\"300\" srcset=\"http:\/\/www.toletum-network.com\/wp-content\/uploads\/2020\/08\/QGIS-10.2020.jpg 400w, http:\/\/www.toletum-network.com\/wp-content\/uploads\/2020\/08\/QGIS-10.2020-300x225.jpg 300w\" sizes=\"auto, (max-width: 400px) 85vw, 400px\" \/><\/p>\n<hr \/>\n<h3><a href=\"https:\/\/www.toletum-network.com\/es\/aktivitaten\/frauen-in-der-geschichte-die-iberische-halbinsel-und-lateinamerika\/\">Mujeres en la historia. La Pen\u00ednsula Ib\u00e9rica y Am\u00e9rica Latina <\/a><\/h3>\n<p><img loading=\"lazy\" decoding=\"async\" class=\"alignnone wp-image-13208 size-full\" src=\"http:\/\/www.toletum-network.com\/wp-content\/uploads\/2019\/07\/Museo-Nacional-de-Arte-Romano-M\u00e9rida-c-Archivo.png\" alt=\"\" width=\"400\" height=\"258\" srcset=\"http:\/\/www.toletum-network.com\/wp-content\/uploads\/2019\/07\/Museo-Nacional-de-Arte-Romano-M\u00e9rida-c-Archivo.png 400w, http:\/\/www.toletum-network.com\/wp-content\/uploads\/2019\/07\/Museo-Nacional-de-Arte-Romano-M\u00e9rida-c-Archivo-300x194.png 300w\" sizes=\"auto, (max-width: 400px) 85vw, 400px\" \/><\/p>\n<hr \/>\n<h3><a href=\"https:\/\/www.toletum-network.com\/es\/aktivitaten\/meerengen-im-antiken-mittelmeerraum\/\">Estrechos en el mediterr\u00e1neo antiguo<\/a><\/h3>\n<p><img loading=\"lazy\" decoding=\"async\" class=\"alignnone size-full wp-image-12891\" src=\"http:\/\/www.toletum-network.com\/wp-content\/uploads\/2019\/04\/Estrecho-c-NASA-1.png\" alt=\"\" width=\"400\" height=\"300\" srcset=\"http:\/\/www.toletum-network.com\/wp-content\/uploads\/2019\/04\/Estrecho-c-NASA-1.png 400w, http:\/\/www.toletum-network.com\/wp-content\/uploads\/2019\/04\/Estrecho-c-NASA-1-300x225.png 300w\" sizes=\"auto, (max-width: 400px) 85vw, 400px\" \/><\/p>\n<hr \/>\n<h3><a href=\"https:\/\/www.toletum-network.com\/es\/aktivitaten\/staedte-verbinden-staedtische-lebenswelten-auf-beiden-seiten-der-strasse-von-gibraltar-5-jh-v-chr-12-jh-n-chr\/\">\u00bfConexi\u00f3n entre ciudades? Cultura urbana en las dos orillas del Estrecho (siglos V a.C. \u2013 XII d.C.)<\/a><\/h3>\n<p><img loading=\"lazy\" decoding=\"async\" class=\"alignnone size-full wp-image-12595\" src=\"http:\/\/www.toletum-network.com\/wp-content\/uploads\/2019\/02\/CdV-Estrecho-Gibraltar-1.png\" alt=\"\" width=\"400\" height=\"300\" srcset=\"http:\/\/www.toletum-network.com\/wp-content\/uploads\/2019\/02\/CdV-Estrecho-Gibraltar-1.png 400w, http:\/\/www.toletum-network.com\/wp-content\/uploads\/2019\/02\/CdV-Estrecho-Gibraltar-1-300x225.png 300w\" sizes=\"auto, (max-width: 400px) 85vw, 400px\" \/><\/p>\n<hr \/>\n<h3 id=\"event6\"><a href=\"http:\/\/www.toletum-network.com\/?page_id=11659&amp;preview=true\"><strong>\u00abSpain is different!?\u00bb Nationalism and Identity between Antiquity and Today<\/strong><\/a><\/h3>\n<p><img loading=\"lazy\" decoding=\"async\" class=\"alignnone size-full wp-image-12892\" src=\"http:\/\/www.toletum-network.com\/wp-content\/uploads\/2019\/04\/Spain-is-different-1.png\" alt=\"\" width=\"400\" height=\"300\" srcset=\"http:\/\/www.toletum-network.com\/wp-content\/uploads\/2019\/04\/Spain-is-different-1.png 400w, http:\/\/www.toletum-network.com\/wp-content\/uploads\/2019\/04\/Spain-is-different-1-300x225.png 300w\" sizes=\"auto, (max-width: 400px) 85vw, 400px\" \/><\/p>\n<hr \/>\n<h3 id=\"event6\"><a href=\"http:\/\/www.toletum-network.com\/aktivitaten\/el-entramado-provincial-de-la-peninsula-iberica-entre-antigueedad-tardia-y-alta-edad-media\/?preview_id=9887&amp;preview_nonce=29d9af9d70&amp;_thumbnail_id=-1&amp;preview=true\"><strong>La trame provinciale en p\u00e9ninsule Ib\u00e9rique, entre Antiquit\u00e9 tardive et premier Moyen \u00c2ge<\/strong><\/a><\/h3>\n<p><img loading=\"lazy\" decoding=\"async\" class=\"alignleft wp-image-9951 size-full\" src=\"http:\/\/www.toletum-network.com\/wp-content\/uploads\/2016\/07\/Collage-Rahmen-mit-Schatten-e1478880629558-1.jpg\" width=\"400\" height=\"272\" srcset=\"http:\/\/www.toletum-network.com\/wp-content\/uploads\/2016\/07\/Collage-Rahmen-mit-Schatten-e1478880629558-1.jpg 400w, http:\/\/www.toletum-network.com\/wp-content\/uploads\/2016\/07\/Collage-Rahmen-mit-Schatten-e1478880629558-1-300x204.jpg 300w\" sizes=\"auto, (max-width: 400px) 85vw, 400px\" \/><\/p>\n<p>&nbsp;<\/p>\n<p>&nbsp;<\/p>\n<p>&nbsp;<\/p>\n<p>&nbsp;<\/p>\n<p>&nbsp;<\/p>\n<p>&nbsp;<\/p>\n<hr \/>\n<h3><a href=\"http:\/\/www.toletum-network.com\/aktivitaten\/staedte-des-weltkulturerbes-15-schaetze-spaniens\/\">Ciudades Patrimonio de la Humanidad \u2013 15 Joyas de Espa\u00f1a<\/a><\/h3>\n<p><a href=\"http:\/\/www.toletum-network.com\/aktivitaten\/staedte-des-weltkulturerbes-15-schaetze-spaniens\/\"><img loading=\"lazy\" decoding=\"async\" class=\"alignnone size-full wp-image-8638\" src=\"http:\/\/www.toletum-network.com\/wp-content\/uploads\/2016\/07\/Santiago-de-Compostela-2.jpg\" alt=\"santiago-de-compostela\" width=\"400\" height=\"258\" srcset=\"http:\/\/www.toletum-network.com\/wp-content\/uploads\/2016\/07\/Santiago-de-Compostela-2.jpg 400w, http:\/\/www.toletum-network.com\/wp-content\/uploads\/2016\/07\/Santiago-de-Compostela-2-300x194.jpg 300w\" sizes=\"auto, (max-width: 400px) 85vw, 400px\" \/><\/a><\/p>\n<hr \/>\n<h3 id=\"event5\"><a href=\"http:\/\/www.toletum-network.com\/aktivitaten\/deutsch-spanische-fieldschool-in-segobrigatrier-antike-und-moderne-technologien\/\">Fieldschool hispano-alemana en Seg\u00f3briga\/Tr\u00e9veris \u2013 Antig\u00fcedad y tecnolog\u00edas actuales<\/a><\/h3>\n<p><a href=\"http:\/\/www.toletum-network.com\/aktivitaten\/deutsch-spanische-fieldschool-in-segobrigatrier-antike-und-moderne-technologien\/\"><img loading=\"lazy\" decoding=\"async\" class=\"alignnone wp-image-948 size-full\" src=\"http:\/\/www.toletum-network.com\/wp-content\/uploads\/2016\/07\/Aktivitaten4.jpg\" width=\"400\" height=\"301\" srcset=\"http:\/\/www.toletum-network.com\/wp-content\/uploads\/2016\/07\/Aktivitaten4.jpg 400w, http:\/\/www.toletum-network.com\/wp-content\/uploads\/2016\/07\/Aktivitaten4-300x226.jpg 300w\" sizes=\"auto, (max-width: 400px) 85vw, 400px\" \/><\/a><\/p>\n<hr \/>\n<h3 id=\"event4\"><a href=\"http:\/\/www.toletum-network.com\/aktivitaten\/spaniens-staedte-moderne-urbanitaet-seit-2000-jahren-ii-mittelalter-und-fruehe-neuzeit\/\"><strong>Ciudades de Espa\u00f1a \u2013 Urbanidad moderna desde hace 2000 a\u00f1os (II): Edad Media y \u00c9poca Moderna<\/strong><\/a><\/h3>\n<p><a href=\"http:\/\/www.toletum-network.com\/aktivitaten\/spaniens-staedte-moderne-urbanitaet-seit-2000-jahren-ii-mittelalter-und-fruehe-neuzeit\/\"><img loading=\"lazy\" decoding=\"async\" class=\"alignnone wp-image-452\" src=\"http:\/\/www.toletum-network.com\/wp-content\/uploads\/2016\/07\/C\u00f3rdoba-Stadt-der-drei-Kulturen-\u00a9-S.-Panzram-300x225-300x225.png\" alt=\"C\u00f3rdoba-Stadt-der-drei-Kulturen-\u00a9-S.-Panzram-300x225\" width=\"400\" height=\"300\" \/><\/a><\/p>\n<hr \/>\n<h3 id=\"event3\"><a href=\"http:\/\/www.toletum-network.com\/aktivitaten\/buchpraesentation-staedte-in-spanien-moderne-urbanitaet-seit-2000-jahren\/\">Presentaci\u00f3n de libro \u201eSt\u00e4dte in Spanien \u2013 Moderne Urbanit\u00e4t seit 2000 Jahren\u201c<\/a><\/h3>\n<p><a href=\"http:\/\/www.toletum-network.com\/aktivitaten\/buchpraesentation-staedte-in-spanien-moderne-urbanitaet-seit-2000-jahren\/\"><img loading=\"lazy\" decoding=\"async\" class=\"alignnone wp-image-947 size-full\" src=\"http:\/\/www.toletum-network.com\/wp-content\/uploads\/2016\/07\/Aktivitaten3.jpg\" width=\"400\" height=\"301\" srcset=\"http:\/\/www.toletum-network.com\/wp-content\/uploads\/2016\/07\/Aktivitaten3.jpg 400w, http:\/\/www.toletum-network.com\/wp-content\/uploads\/2016\/07\/Aktivitaten3-300x226.jpg 300w\" sizes=\"auto, (max-width: 400px) 85vw, 400px\" \/><\/a><\/p>\n<hr \/>\n<h3 id=\"event2\"><a href=\"http:\/\/www.toletum-network.com\/aktivitaten\/spaniens-staedte-moderne-urbanitaet-seit-2000-jahren-i%e2%80%a8-antike\/\">Ciudades de Espa\u00f1a \u2013 Urbanidad moderna desde hace 2000 a\u00f1os (I): Antig\u00fcedad cl\u00e1sica<\/a><\/h3>\n<p><a href=\"http:\/\/www.toletum-network.com\/aktivitaten\/spaniens-staedte-moderne-urbanitaet-seit-2000-jahren-i%e2%80%a8-antike\/\"><img loading=\"lazy\" decoding=\"async\" class=\"alignnone wp-image-946 size-full\" src=\"http:\/\/www.toletum-network.com\/wp-content\/uploads\/2016\/07\/Aktivitaten2.jpg\" width=\"400\" height=\"301\" srcset=\"http:\/\/www.toletum-network.com\/wp-content\/uploads\/2016\/07\/Aktivitaten2.jpg 400w, http:\/\/www.toletum-network.com\/wp-content\/uploads\/2016\/07\/Aktivitaten2-300x226.jpg 300w\" sizes=\"auto, (max-width: 400px) 85vw, 400px\" \/><\/a><\/p>\n<hr \/>\n<h3 id=\"event1\"><a href=\"http:\/\/www.toletum-network.com\/aktivitaten\/tempus-barbaricum-das-imperium-romanum-die-iberische-halbinsel-und-das-ende-der-antike\/\">Tempus Barbaricum. El Imperio Romano y la Pen\u00ednsula Ib\u00e9rica al final de la Antig\u00fcedad<\/a><\/h3>\n<p><a href=\"http:\/\/www.toletum-network.com\/aktivitaten\/tempus-barbaricum-das-imperium-romanum-die-iberische-halbinsel-und-das-ende-der-antike\/\"><img loading=\"lazy\" decoding=\"async\" class=\"alignnone wp-image-949 size-full\" src=\"http:\/\/www.toletum-network.com\/wp-content\/uploads\/2016\/07\/Aktivitaten5.jpg\" width=\"400\" height=\"301\" srcset=\"http:\/\/www.toletum-network.com\/wp-content\/uploads\/2016\/07\/Aktivitaten5.jpg 400w, http:\/\/www.toletum-network.com\/wp-content\/uploads\/2016\/07\/Aktivitaten5-300x226.jpg 300w\" sizes=\"auto, (max-width: 400px) 85vw, 400px\" \/><\/a><\/p>","protected":false},"excerpt":{"rendered":"<p>Conditoria provinciarum. Roman sarcophagi in the provinces La Iberia medieval, de ayer a hoy: narrativas de un pasado multicultural De Gades a T\u00e1nger Med: el futuro de la tradici\u00f3n en el Estrecho de Gibraltar Ej\u00e9rcito y romanizaci\u00f3n. Hispania y Germania en comparaci\u00f3n Noheda: La opulencia de las im\u00e1genes y las grandes villae de la Hispania &hellip; <a href=\"http:\/\/www.toletum-network.com\/es\/aktivitaten\/\" class=\"more-link\">Continuar leyendo<span class=\"screen-reader-text\"> \u00abActividades\u00bb<\/span><\/a><\/p>\n","protected":false},"author":7,"featured_media":0,"parent":0,"menu_order":0,"comment_status":"closed","ping_status":"closed","template":"","meta":{"jetpack_post_was_ever_published":false,"footnotes":""},"class_list":["post-15","page","type-page","status-publish","hentry"],"jetpack_sharing_enabled":true,"jetpack_shortlink":"https:\/\/wp.me\/P82TDz-f","_links":{"self":[{"href":"http:\/\/www.toletum-network.com\/es\/wp-json\/wp\/v2\/pages\/15","targetHints":{"allow":["GET"]}}],"collection":[{"href":"http:\/\/www.toletum-network.com\/es\/wp-json\/wp\/v2\/pages"}],"about":[{"href":"http:\/\/www.toletum-network.com\/es\/wp-json\/wp\/v2\/types\/page"}],"author":[{"embeddable":true,"href":"http:\/\/www.toletum-network.com\/es\/wp-json\/wp\/v2\/users\/7"}],"replies":[{"embeddable":true,"href":"http:\/\/www.toletum-network.com\/es\/wp-json\/wp\/v2\/comments?post=15"}],"version-history":[{"count":149,"href":"http:\/\/www.toletum-network.com\/es\/wp-json\/wp\/v2\/pages\/15\/revisions"}],"predecessor-version":[{"id":15669,"href":"http:\/\/www.toletum-network.com\/es\/wp-json\/wp\/v2\/pages\/15\/revisions\/15669"}],"wp:attachment":[{"href":"http:\/\/www.toletum-network.com\/es\/wp-json\/wp\/v2\/media?parent=15"}],"curies":[{"name":"wp","href":"https:\/\/api.w.org\/{rel}","templated":true}]}}