{"id":14820,"date":"2020-12-02T11:25:03","date_gmt":"2020-12-02T09:25:03","guid":{"rendered":"http:\/\/www.toletum-network.com\/?page_id=14820"},"modified":"2020-12-05T12:10:41","modified_gmt":"2020-12-05T10:10:41","slug":"emmanuelle-boube","status":"publish","type":"page","link":"http:\/\/www.toletum-network.com\/es\/teilnehmer\/emmanuelle-boube\/","title":{"rendered":"Emmanuelle Boube"},"content":{"rendered":"<p><img loading=\"lazy\" decoding=\"async\" class=\"alignnone wp-image-14821 size-full\" src=\"http:\/\/www.toletum-network.com\/wp-content\/uploads\/2020\/12\/IS-Wiss.-Beirat-Emmanuelle-Boube.jpg\" alt=\"Emmanuelle Boube\" width=\"300\" height=\"225\" \/><\/p>\n<h3 class=\"entry-title\">Dr. Emmanuelle Boube<\/h3>\n<div class=\"entry-content\">\n<p>D\u00e9partement Histoire de l&#8217;art et arch\u00e9ologie<br \/>\nUniversit\u00e9 Toulouse Jean Jaur\u00e8s<br \/>\nMaison de la Recherche 5<br \/>\nLaboratoire TRACES UMR 5608<br \/>\nAll\u00e9es Antonio Machado<br \/>\nF-31058 Toulouse Cedex 9<br \/>\n<a href=\"mailto:boube@univ-tlse2.fr\">boube@univ-tlse2.fr<\/a><\/p>\n<p><a href=\"https:\/\/traces.univ-tlse2.fr\/accueil\/navigation\/la-recherche\/rhadamante-recherches-en-histoire-et-archeologie-des-ages-des-metaux-et-de-l-antiquite-en-europe\/emmanuelle-boube--48566.kjsp#\/ \"><strong>CV<\/strong><\/a><\/p>\n","protected":false},"excerpt":{"rendered":"<p>Dr. Emmanuelle Boube D\u00e9partement Histoire de l&#8217;art et arch\u00e9ologie Universit\u00e9 Toulouse Jean Jaur\u00e8s Maison de la Recherche 5 Laboratoire TRACES UMR 5608 All\u00e9es Antonio Machado F-31058 Toulouse Cedex 9 boube@univ-tlse2.fr CV<\/p>\n","protected":false},"author":8,"featured_media":0,"parent":18,"menu_order":0,"comment_status":"closed","ping_status":"closed","template":"","meta":{"jetpack_post_was_ever_published":false,"footnotes":""},"class_list":["post-14820","page","type-page","status-publish","hentry"],"jetpack_sharing_enabled":true,"jetpack_shortlink":"https:\/\/wp.me\/P82TDz-3R2","_links":{"self":[{"href":"http:\/\/www.toletum-network.com\/es\/wp-json\/wp\/v2\/pages\/14820","targetHints":{"allow":["GET"]}}],"collection":[{"href":"http:\/\/www.toletum-network.com\/es\/wp-json\/wp\/v2\/pages"}],"about":[{"href":"http:\/\/www.toletum-network.com\/es\/wp-json\/wp\/v2\/types\/page"}],"author":[{"embeddable":true,"href":"http:\/\/www.toletum-network.com\/es\/wp-json\/wp\/v2\/users\/8"}],"replies":[{"embeddable":true,"href":"http:\/\/www.toletum-network.com\/es\/wp-json\/wp\/v2\/comments?post=14820"}],"version-history":[{"count":10,"href":"http:\/\/www.toletum-network.com\/es\/wp-json\/wp\/v2\/pages\/14820\/revisions"}],"predecessor-version":[{"id":14842,"href":"http:\/\/www.toletum-network.com\/es\/wp-json\/wp\/v2\/pages\/14820\/revisions\/14842"}],"up":[{"embeddable":true,"href":"http:\/\/www.toletum-network.com\/es\/wp-json\/wp\/v2\/pages\/18"}],"wp:attachment":[{"href":"http:\/\/www.toletum-network.com\/es\/wp-json\/wp\/v2\/media?parent=14820"}],"curies":[{"name":"wp","href":"https:\/\/api.w.org\/{rel}","templated":true}]}}