{"id":14518,"date":"2020-10-07T10:55:36","date_gmt":"2020-10-07T08:55:36","guid":{"rendered":"http:\/\/www.toletum-network.com\/?page_id=14518"},"modified":"2020-12-02T11:03:22","modified_gmt":"2020-12-02T09:03:22","slug":"carlos-marquez-moreno","status":"publish","type":"page","link":"http:\/\/www.toletum-network.com\/es\/teilnehmer\/carlos-marquez-moreno\/","title":{"rendered":"Carlos M\u00e1rquez Moreno"},"content":{"rendered":"<h3><img loading=\"lazy\" decoding=\"async\" class=\"alignleft wp-image-14519 size-medium\" src=\"http:\/\/www.toletum-network.com\/wp-content\/uploads\/2020\/10\/IS-Wiss.-Beirat-Carlos-Marquez-300x250.jpg\" alt=\"Carlos M\u00e1rquez Moreno\" width=\"300\" height=\"250\" srcset=\"http:\/\/www.toletum-network.com\/wp-content\/uploads\/2020\/10\/IS-Wiss.-Beirat-Carlos-Marquez-300x250.jpg 300w, http:\/\/www.toletum-network.com\/wp-content\/uploads\/2020\/10\/IS-Wiss.-Beirat-Carlos-Marquez-1024x852.jpg 1024w, http:\/\/www.toletum-network.com\/wp-content\/uploads\/2020\/10\/IS-Wiss.-Beirat-Carlos-Marquez-768x639.jpg 768w, http:\/\/www.toletum-network.com\/wp-content\/uploads\/2020\/10\/IS-Wiss.-Beirat-Carlos-Marquez-1536x1278.jpg 1536w, http:\/\/www.toletum-network.com\/wp-content\/uploads\/2020\/10\/IS-Wiss.-Beirat-Carlos-Marquez-2048x1704.jpg 2048w, http:\/\/www.toletum-network.com\/wp-content\/uploads\/2020\/10\/IS-Wiss.-Beirat-Carlos-Marquez-1200x998.jpg 1200w\" sizes=\"auto, (max-width: 300px) 85vw, 300px\" \/><\/h3>\n<h3 class=\"entry-title\">Carlos M\u00e1rquez Moreno<\/h3>\n<p>Universidad de C\u00f3rdoba<br \/>\nFacultad de Filosof\u00eda y Letras<br \/>\nDepartamento de Historia del Arte, Arqueolog\u00eda y M\u00fasica<br \/>\nPlaza del Cardenal Salazar 3<br \/>\nE-14071 C\u00f3rdoba<br \/>\nT. +34 957481349<br \/>\n<a href=\"mailto:carlos.marquez@uco.es\">carlos.marquez@uco.es<\/a><\/p>\n<p><a href=\"https:\/\/uco-es.academia.edu\/CarlosM\u00e1rquez\"><strong>CV<\/strong><\/a><\/p>\n","protected":false},"excerpt":{"rendered":"<p>Carlos M\u00e1rquez Moreno Universidad de C\u00f3rdoba Facultad de Filosof\u00eda y Letras Departamento de Historia del Arte, Arqueolog\u00eda y M\u00fasica Plaza del Cardenal Salazar 3 E-14071 C\u00f3rdoba T. +34 957481349 carlos.marquez@uco.es CV<\/p>\n","protected":false},"author":8,"featured_media":0,"parent":18,"menu_order":0,"comment_status":"closed","ping_status":"closed","template":"","meta":{"jetpack_post_was_ever_published":false,"footnotes":""},"class_list":["post-14518","page","type-page","status-publish","hentry"],"jetpack_sharing_enabled":true,"jetpack_shortlink":"https:\/\/wp.me\/P82TDz-3Ma","_links":{"self":[{"href":"http:\/\/www.toletum-network.com\/es\/wp-json\/wp\/v2\/pages\/14518","targetHints":{"allow":["GET"]}}],"collection":[{"href":"http:\/\/www.toletum-network.com\/es\/wp-json\/wp\/v2\/pages"}],"about":[{"href":"http:\/\/www.toletum-network.com\/es\/wp-json\/wp\/v2\/types\/page"}],"author":[{"embeddable":true,"href":"http:\/\/www.toletum-network.com\/es\/wp-json\/wp\/v2\/users\/8"}],"replies":[{"embeddable":true,"href":"http:\/\/www.toletum-network.com\/es\/wp-json\/wp\/v2\/comments?post=14518"}],"version-history":[{"count":5,"href":"http:\/\/www.toletum-network.com\/es\/wp-json\/wp\/v2\/pages\/14518\/revisions"}],"predecessor-version":[{"id":14665,"href":"http:\/\/www.toletum-network.com\/es\/wp-json\/wp\/v2\/pages\/14518\/revisions\/14665"}],"up":[{"embeddable":true,"href":"http:\/\/www.toletum-network.com\/es\/wp-json\/wp\/v2\/pages\/18"}],"wp:attachment":[{"href":"http:\/\/www.toletum-network.com\/es\/wp-json\/wp\/v2\/media?parent=14518"}],"curies":[{"name":"wp","href":"https:\/\/api.w.org\/{rel}","templated":true}]}}