{"id":14402,"date":"2020-09-08T21:28:03","date_gmt":"2020-09-08T19:28:03","guid":{"rendered":"http:\/\/www.toletum-network.com\/?page_id=14402"},"modified":"2025-04-11T20:20:50","modified_gmt":"2025-04-11T18:20:50","slug":"iberica-selecta","status":"publish","type":"page","link":"http:\/\/www.toletum-network.com\/es\/iberica-selecta\/","title":{"rendered":"Iberica Selecta"},"content":{"rendered":"<p><img loading=\"lazy\" decoding=\"async\" class=\"wp-image-14502 size-full alignnone\" src=\"http:\/\/www.toletum-network.com\/wp-content\/uploads\/2020\/10\/IS-Toletum-schwarz.jpg\" alt=\"\" width=\"840\" height=\"236\" srcset=\"http:\/\/www.toletum-network.com\/wp-content\/uploads\/2020\/10\/IS-Toletum-schwarz.jpg 840w, http:\/\/www.toletum-network.com\/wp-content\/uploads\/2020\/10\/IS-Toletum-schwarz-300x84.jpg 300w, http:\/\/www.toletum-network.com\/wp-content\/uploads\/2020\/10\/IS-Toletum-schwarz-768x216.jpg 768w\" sizes=\"auto, (max-width: 709px) 85vw, (max-width: 909px) 67vw, (max-width: 1362px) 62vw, 840px\" \/><\/p>\n<p>La serie <a href=\"https:\/\/www.steiner-verlag.de\/series\/2943-2960\">Iberica Selecta<\/a> est\u00e1 dedicada a la investigaci\u00f3n de la Pen\u00ednsula Ib\u00e9rica y <strong>cubre un per\u00edodo<\/strong> que se extiende desde el siglo III a. C. hasta el siglo X d. C.: desde la expansi\u00f3n de Roma por el Mediterr\u00e1neo occidental hasta el establecimiento de los reinos posrromanos en esta regi\u00f3n y la ocupaci\u00f3n del poder por parte de los omeyas. <strong>Desde un punto de vista geogr\u00e1fico<\/strong>, incluye el estrecho de Gibraltar y \u00e1reas de los diferentes sistemas de gobierno situadas en el norte de \u00c1frica.<br \/>\n<strong>Es un foro para todas las \u00e1reas de los estudios de la Antig\u00fcedad:<\/strong> tanto para los <strong>temas hist\u00f3ricos fundamentales<\/strong> (pol\u00edtica, sociedad, religi\u00f3n, econom\u00eda, etc.) como especialmente para el panorama enormemente rico de las <strong>ciencias arqueol\u00f3gicas<\/strong>, incluyendo la arqueolog\u00eda de la arquitectura; tambi\u00e9n son bienvenidos estudios sobre epigraf\u00eda, numism\u00e1tica y cuestiones sobre la historia de la recepci\u00f3n. <a href=\"https:\/\/www.steiner-verlag.de\/series\/2943-2960\"><strong>Iberica Selecta<\/strong><\/a> publica monograf\u00edas, ediciones fuente y antolog\u00edas con coherencia tem\u00e1tica, en alem\u00e1n, espa\u00f1ol e ingl\u00e9s. Las contribuciones enviadas est\u00e1n sujetas a un proceso de revisi\u00f3n an\u00f3nimo <em>(double blind peer review),<\/em> mediante el cual se decide si deben ser incluidas en la serie.<\/p>\n<p><strong>Hasta la fecha se han publicado:<\/strong><br \/>\nS. Panzram \/ A. Arbeiter et al. (Eds.): Noheda \u2013 \u00dcberschwang der Bilder und hispanisch-sp\u00e4tantike Villenkultur \/ Noheda \u2013 La opulencia de las im\u00e1genes y las grandes <em>villae<\/em> de la Hispania tardoantigua, Stuttgart 2024 (= <a href=\"https:\/\/www.steiner-verlag.de\/series\/2943-2960\">Iberica Selecta; 1<\/a>)<br \/>\nJ. Hettinger \/ J. Lehmann (Eds.): Fluide R\u00e4ume. Schlaglichter auf Hispaniens Flusst\u00e4ler, Stuttgart 2025 (= <a href=\"https:\/\/www.steiner-verlag.de\/Fluide-Raeume\/9783515138291\">Iberica Selecta; 2<\/a>)<br \/>\nM. Claver\u00eda Nadal \/ M. Trunk (Eds.):<em> Conditoria provinciarum<\/em>. Roman sarcophagi in the provinces \/ El sarc\u00f3fago romano en las provincias, Stuttgart 2025 (= <a href=\"https:\/\/www.steiner-verlag.de\/Conditoria-Provinciarum\/9783515138819\">Iberica Selecta; 3<\/a>)<br \/>\nB. Torre Miguel: Teor\u00eda y pr\u00e1ctica del <em>spolium<\/em> \u2013 Los sarc\u00f3fagos de la Antig\u00fcedad reutilizados en los reinos cristianos medievales de la Pen\u00ednsula Ib\u00e9rica, Stuttgart 2025 (= <a href=\"https:\/\/www.steiner-verlag.de\/Teoria-y-practica-del-spolium\/9783515135290\">Iberica Selecta; 4<\/a>)<br \/>\n<strong>Actualmente se estan preparando los siguientes volumines para la publicaci\u00f3n en 2025\/2026:<\/strong><br \/>\n<strong>&#8211;<\/strong> N. Cases Mora: Un lugar entre los dioses: <em>Augustus<\/em> en las ciudades de la <em>Hispania<\/em> romana (ss. I-III d.C.)<br \/>\n<strong>&#8211; <\/strong>N. Cases Mora \/ S. Panzram (Eds.): Imperial Cult in the Iberian Peninsula and North Africa: Challenges and Perspectives of Comparison<br \/>\n<strong>&#8211; <\/strong>R. Blanco Guzm\u00e1n \/ S. Panzram (Eds.): Villas, monasterios y almunias: \u00e9lites, econom\u00eda y poder (ss. IV-X) \/ Villen, Kl\u00f6ster und <em>almunias<\/em>: Eliten, Wirtschaft und Macht (4.-10. Jh.)<\/p>\n<dl class=\"accordion\">\n<dt><a class=\"akkordion_titel\">Normas de citaci\u00f3n<\/a><\/dt>\n<dd><a href=\"http:\/\/www.toletum-network.com\/wp-content\/uploads\/2021\/08\/IbS-Hoja-de-estilo.pdf\">IbS Hoja de estilo<\/a><br \/>\n<a href=\"http:\/\/www.toletum-network.com\/wp-content\/uploads\/2023\/04\/IbS-Normas-de-citacion.pdf\">IbS Normas de citaci\u00f3n<\/a>; <a href=\"http:\/\/www.toletum-network.com\/wp-content\/uploads\/2023\/05\/IbS-Publication-guidelines.pdf\">IbS Publication guidelines<\/a><br \/>\n<a href=\"http:\/\/www.toletum-network.com\/wp-content\/uploads\/2020\/10\/IbS-Listado-de-abreviaturas.pdf\">IbS Listado de abreviaturas<\/a>; <a href=\"http:\/\/www.toletum-network.com\/wp-content\/uploads\/2020\/10\/IbS-List-of-abbreviations.pdf\">IbS List of abbreviations<\/a><\/dd>\n<dt><a class=\"akkordion_titel\">Iberica Selecta se publicar\u00e1 en la editorial Steiner (Stuttgart)<\/a><\/dt>\n<dd><a href=\"http:\/\/www.steiner-verlag.de\">Editorial Franz Steiner<\/a>; <a href=\"http:\/\/www.toletum-network.com\/wp-content\/uploads\/2023\/11\/IbS-Folleto.pdf\">folleto<\/a><br \/>\n<a href=\"http:\/\/www.steiner-verlag.de\/kontakt\/kontakt.html#c11237\">Responsable para la colecci\u00f3n: Katharina St\u00fcdemann<\/a><\/dd>\n<dt><a class=\"akkordion_titel\">Env\u00edo de manuscritos<\/a><\/dt>\n<dd>Los editores acogen con satisfacci\u00f3n las propuestas para la publicaci\u00f3n de monograf\u00edas, as\u00ed como ediciones fuente y antolog\u00edas tem\u00e1ticamente coherentes.<\/dd>\n<\/dl>\n<h3><strong>Editores<\/strong><\/h3>\n<div class=\"grid\">\n<div class=\"grid-item\"><a href=\"http:\/\/www.toletum-network.com\/teilnehmer\/prof-dr-achim-arbeiter\"><img loading=\"lazy\" decoding=\"async\" class=\"alignnone wp-image-604 size-full\" src=\"http:\/\/www.toletum-network.com\/wp-content\/uploads\/2016\/07\/Gaste3.jpg\" alt=\"Gaste3\" width=\"170\" height=\"170\" srcset=\"http:\/\/www.toletum-network.com\/wp-content\/uploads\/2016\/07\/Gaste3.jpg 170w, http:\/\/www.toletum-network.com\/wp-content\/uploads\/2016\/07\/Gaste3-150x150.jpg 150w\" sizes=\"auto, (max-width: 170px) 85vw, 170px\" \/><\/a><a href=\"http:\/\/www.toletum-network.com\/teilnehmer\/prof-dr-achim-arbeiter\">Achim <strong>Arbeiter<\/strong><\/a><\/div>\n<div class=\"grid-item\"><a href=\"http:\/\/www.toletum-network.com\/teilnehmer\/pd-dr-sabine-panzram\/\"><img loading=\"lazy\" decoding=\"async\" class=\"alignnone wp-image-14817 size-full\" src=\"http:\/\/www.toletum-network.com\/wp-content\/uploads\/2020\/12\/panzram_miembros.jpg\" alt=\"\" width=\"170\" height=\"170\" srcset=\"http:\/\/www.toletum-network.com\/wp-content\/uploads\/2020\/12\/panzram_miembros.jpg 170w, http:\/\/www.toletum-network.com\/wp-content\/uploads\/2020\/12\/panzram_miembros-150x150.jpg 150w\" sizes=\"auto, (max-width: 170px) 85vw, 170px\" \/><\/a><a href=\"http:\/\/www.toletum-network.com\/teilnehmer\/pd-dr-sabine-panzram\/\">Sabine <strong>Panzram<\/strong><br \/>\n<\/a><\/div>\n<div class=\"grid-item\"><a href=\"http:\/\/www.toletum-network.com\/teilnehmer\/pd-dr-felix-teichner\"><img loading=\"lazy\" decoding=\"async\" class=\"alignnone size-full wp-image-14857\" src=\"http:\/\/www.toletum-network.com\/wp-content\/uploads\/2019\/10\/Foto-Teichner-klein.jpg\" alt=\"Felix Teichner\" width=\"170\" height=\"170\" srcset=\"http:\/\/www.toletum-network.com\/wp-content\/uploads\/2019\/10\/Foto-Teichner-klein.jpg 170w, http:\/\/www.toletum-network.com\/wp-content\/uploads\/2019\/10\/Foto-Teichner-klein-150x150.jpg 150w\" sizes=\"auto, (max-width: 170px) 85vw, 170px\" \/><\/a><a href=\"http:\/\/www.toletum-network.com\/teilnehmer\/pd-dr-felix-teichner\">Felix <strong>Teichner<\/strong><\/a><\/div>\n<div class=\"grid-item\"><a href=\"http:\/\/www.toletum-network.com\/teilnehmer\/prof-dr-markus-trunk\"><img loading=\"lazy\" decoding=\"async\" class=\"alignnone size-full wp-image-595\" src=\"http:\/\/www.toletum-network.com\/wp-content\/uploads\/2016\/07\/Miembros20.jpg\" alt=\"Miembros20\" width=\"170\" height=\"170\" srcset=\"http:\/\/www.toletum-network.com\/wp-content\/uploads\/2016\/07\/Miembros20.jpg 170w, http:\/\/www.toletum-network.com\/wp-content\/uploads\/2016\/07\/Miembros20-150x150.jpg 150w\" sizes=\"auto, (max-width: 170px) 85vw, 170px\" \/><\/a><a href=\"http:\/\/www.toletum-network.com\/teilnehmer\/prof-dr-markus-trunk\">Markus <strong>Trunk<\/strong><\/a><\/div>\n<\/div>\n<hr \/>\n<h3><strong>Comit\u00e9 cient\u00edfico<\/strong><\/h3>\n<div class=\"grid\">\n<div class=\"grid-item\"><a href=\"http:\/\/www.toletum-network.com\/teilnehmer\/prof-dr-dario-bernal-casasola\"><img loading=\"lazy\" decoding=\"async\" class=\"alignnone size-full wp-image-605\" src=\"http:\/\/www.toletum-network.com\/wp-content\/uploads\/2016\/07\/Gaste4.jpg\" alt=\"Gaste4\" width=\"170\" height=\"170\" srcset=\"http:\/\/www.toletum-network.com\/wp-content\/uploads\/2016\/07\/Gaste4.jpg 170w, http:\/\/www.toletum-network.com\/wp-content\/uploads\/2016\/07\/Gaste4-150x150.jpg 150w\" sizes=\"auto, (max-width: 170px) 85vw, 170px\" \/><\/a><a href=\"http:\/\/www.toletum-network.com\/teilnehmer\/prof-dr-dario-bernal-casasola\">Dar\u00edo <strong>Bernal Casasola<\/strong><\/a><\/div>\n<div class=\"grid-item\"><a href=\"https:\/\/www.toletum-network.com\/joao-pedro-bernardes\"><img loading=\"lazy\" decoding=\"async\" class=\"alignnone size-full wp-image-14503\" src=\"http:\/\/www.toletum-network.com\/wp-content\/uploads\/2020\/10\/IS-Wiss.-Beirat-Joao-Pedro-Bernardes_klein.jpg\" alt=\"Joao Pedro Bernardes\" width=\"170\" height=\"170\" srcset=\"http:\/\/www.toletum-network.com\/wp-content\/uploads\/2020\/10\/IS-Wiss.-Beirat-Joao-Pedro-Bernardes_klein.jpg 170w, http:\/\/www.toletum-network.com\/wp-content\/uploads\/2020\/10\/IS-Wiss.-Beirat-Joao-Pedro-Bernardes_klein-150x150.jpg 150w\" sizes=\"auto, (max-width: 170px) 85vw, 170px\" \/><\/a><a href=\"https:\/\/www.toletum-network.com\/joao-pedro-bernardes\">Jo\u00e3o Pedro <strong>Bernardes<\/strong><\/a><\/div>\n<div class=\"grid-item\"><a href=\"http:\/\/www.toletum-network.com\/teilnehmer\/emmanuelle-boube\"><img loading=\"lazy\" decoding=\"async\" class=\"alignnone wp-image-14827 size-full\" src=\"http:\/\/www.toletum-network.com\/wp-content\/uploads\/2020\/12\/IS-Wiss.-Beirat-Boube_klein.jpg\" alt=\"Emmanuelle Boube\" width=\"170\" height=\"170\" srcset=\"http:\/\/www.toletum-network.com\/wp-content\/uploads\/2020\/12\/IS-Wiss.-Beirat-Boube_klein.jpg 170w, http:\/\/www.toletum-network.com\/wp-content\/uploads\/2020\/12\/IS-Wiss.-Beirat-Boube_klein-150x150.jpg 150w\" sizes=\"auto, (max-width: 170px) 85vw, 170px\" \/><\/a><a href=\"http:\/\/www.toletum-network.com\/teilnehmer\/emmanuelle-boube\">Emmanuelle <strong>Boube<\/strong><\/a><\/div>\n<div class=\"grid-item\"><a href=\"http:\/\/www.toletum-network.com\/teilnehmer\/laurent-brassous\/\"><img loading=\"lazy\" decoding=\"async\" class=\"alignnone wp-image-11134 size-full\" src=\"http:\/\/www.toletum-network.com\/wp-content\/uploads\/2016\/07\/s200_laurent.brassous170x170.jpg\" alt=\"\" width=\"170\" height=\"170\" srcset=\"http:\/\/www.toletum-network.com\/wp-content\/uploads\/2016\/07\/s200_laurent.brassous170x170.jpg 170w, http:\/\/www.toletum-network.com\/wp-content\/uploads\/2016\/07\/s200_laurent.brassous170x170-150x150.jpg 150w\" sizes=\"auto, (max-width: 170px) 85vw, 170px\" \/><\/a><a href=\"http:\/\/www.toletum-network.com\/teilnehmer\/laurent-brassous\/\">Laurent <strong>Brassous<\/strong><\/a><\/div>\n<div class=\"grid-item\"><a href=\"http:\/\/www.toletum-network.com\/teilnehmer\/jonathan-edmondson\"><img loading=\"lazy\" decoding=\"async\" class=\"alignnone size-full wp-image-14537\" src=\"http:\/\/www.toletum-network.com\/wp-content\/uploads\/2019\/10\/IS-Wiss.-Beirat-Edmondson_klein.jpg\" alt=\"Jonathan Edmondson\" width=\"170\" height=\"170\" srcset=\"http:\/\/www.toletum-network.com\/wp-content\/uploads\/2019\/10\/IS-Wiss.-Beirat-Edmondson_klein.jpg 170w, http:\/\/www.toletum-network.com\/wp-content\/uploads\/2019\/10\/IS-Wiss.-Beirat-Edmondson_klein-150x150.jpg 150w\" sizes=\"auto, (max-width: 170px) 85vw, 170px\" \/><\/a><a href=\"https:\/\/www.toletum-network.com\/jonathan-edmondson\">Jonathan <strong>Edmondson<\/strong><\/a><\/div>\n<div class=\"grid-item\"><a href=\"http:\/\/www.toletum-network.com\/teilnehmer\/pd-dr-christoph-eger\/\"><img loading=\"lazy\" decoding=\"async\" class=\"alignnone size-full wp-image-580\" src=\"http:\/\/www.toletum-network.com\/wp-content\/uploads\/2016\/07\/Miembros5.jpg\" alt=\"Miembros5\" width=\"170\" height=\"170\" srcset=\"http:\/\/www.toletum-network.com\/wp-content\/uploads\/2016\/07\/Miembros5.jpg 170w, http:\/\/www.toletum-network.com\/wp-content\/uploads\/2016\/07\/Miembros5-150x150.jpg 150w\" sizes=\"auto, (max-width: 170px) 85vw, 170px\" \/><\/a><a href=\"http:\/\/www.toletum-network.com\/teilnehmer\/pd-dr-christoph-eger\/\">Christoph <strong>Eger<\/strong><\/a><\/div>\n<div class=\"grid-item\"><a href=\"http:\/\/www.toletum-network.com\/teilnehmer\/manuel-fernandez-goetz\"><img loading=\"lazy\" decoding=\"async\" class=\"alignnone size-full wp-image-14538\" src=\"http:\/\/www.toletum-network.com\/wp-content\/uploads\/2019\/10\/IS-Wiss.-Beirat-Fernandez-Gotz_klein.jpg\" alt=\"Manuel F\u00e9rnandez-Goetz\" width=\"170\" height=\"170\" srcset=\"http:\/\/www.toletum-network.com\/wp-content\/uploads\/2019\/10\/IS-Wiss.-Beirat-Fernandez-Gotz_klein.jpg 170w, http:\/\/www.toletum-network.com\/wp-content\/uploads\/2019\/10\/IS-Wiss.-Beirat-Fernandez-Gotz_klein-150x150.jpg 150w\" sizes=\"auto, (max-width: 170px) 85vw, 170px\" \/><\/a><a href=\"https:\/\/www.toletum-network.com\/manuel-fernandez-gotz\">Manuel <strong>Fern\u00e1ndes-G\u00f6tz<\/strong><\/a><\/div>\n<div class=\"grid-item\"><a href=\"http:\/\/www.toletum-network.com\/es\/teilnehmer\/prof-dr-ricardo-gonzalez-villaescusa\/\"><img loading=\"lazy\" decoding=\"async\" class=\"alignnone wp-image-11186 size-full\" src=\"http:\/\/www.toletum-network.com\/wp-content\/uploads\/2017\/11\/Foto-Gonz\u00e1lez-Villaescusa-3-170x170.jpg\" alt=\"\" width=\"170\" height=\"170\" srcset=\"http:\/\/www.toletum-network.com\/wp-content\/uploads\/2017\/11\/Foto-Gonz\u00e1lez-Villaescusa-3-170x170.jpg 170w, http:\/\/www.toletum-network.com\/wp-content\/uploads\/2017\/11\/Foto-Gonz\u00e1lez-Villaescusa-3-170x170-150x150.jpg 150w\" sizes=\"auto, (max-width: 170px) 85vw, 170px\" \/><\/a><a href=\"http:\/\/www.toletum-network.com\/es\/teilnehmer\/prof-dr-ricardo-gonzalez-villaescusa\/\">R. <strong>Gonz\u00e1lez Villaescusa<\/strong><\/a><\/div>\n<div class=\"grid-item\"><a href=\"http:\/\/www.toletum-network.com\/teilnehmer\/prof-dr-sonia-gutierrez-lloret\"><img loading=\"lazy\" decoding=\"async\" class=\"alignnone size-full wp-image-610\" src=\"http:\/\/www.toletum-network.com\/wp-content\/uploads\/2016\/07\/Gaste9.jpg\" alt=\"Gaste9\" width=\"170\" height=\"170\" srcset=\"http:\/\/www.toletum-network.com\/wp-content\/uploads\/2016\/07\/Gaste9.jpg 170w, http:\/\/www.toletum-network.com\/wp-content\/uploads\/2016\/07\/Gaste9-150x150.jpg 150w\" sizes=\"auto, (max-width: 170px) 85vw, 170px\" \/><\/a><a href=\"http:\/\/www.toletum-network.com\/teilnehmer\/prof-dr-sonia-gutierrez-lloret\">Sonia <strong>Guti\u00e9rrez Lloret<\/strong><\/a><\/div>\n<div class=\"grid-item\"><a href=\"http:\/\/www.toletum-network.com\/teilnehmer\/manuel-justino-pinheiro-maciel\"><img loading=\"lazy\" decoding=\"async\" class=\"alignnone size-full wp-image-14539\" src=\"http:\/\/www.toletum-network.com\/wp-content\/uploads\/2019\/10\/IS-Wiss.-Beirat-manuel-justino-maciel_klein.jpg\" alt=\"Manuel Justino Pinheiro Maciel\" width=\"170\" height=\"170\" srcset=\"http:\/\/www.toletum-network.com\/wp-content\/uploads\/2019\/10\/IS-Wiss.-Beirat-manuel-justino-maciel_klein.jpg 170w, http:\/\/www.toletum-network.com\/wp-content\/uploads\/2019\/10\/IS-Wiss.-Beirat-manuel-justino-maciel_klein-150x150.jpg 150w\" sizes=\"auto, (max-width: 170px) 85vw, 170px\" \/><\/a><a href=\"https:\/\/www.toletum-network.com\/manuel-justino-pinheiro-maciel\">M. Justino<strong> Maciel<\/strong><\/a><\/div>\n<div class=\"grid-item\"><a href=\"http:\/\/www.toletum-network.com\/teilnehmer\/ricardo-mar-medina\/\"><img loading=\"lazy\" decoding=\"async\" class=\"alignnone size-full wp-image-10055\" src=\"http:\/\/www.toletum-network.com\/wp-content\/uploads\/2016\/07\/TN-Ricardo-Mar-Tarragona-2-170x170.jpg\" alt=\"tn-ricardo-mar-tarragona-2-170x170\" width=\"170\" height=\"170\" srcset=\"http:\/\/www.toletum-network.com\/wp-content\/uploads\/2016\/07\/TN-Ricardo-Mar-Tarragona-2-170x170.jpg 170w, http:\/\/www.toletum-network.com\/wp-content\/uploads\/2016\/07\/TN-Ricardo-Mar-Tarragona-2-170x170-150x150.jpg 150w\" sizes=\"auto, (max-width: 170px) 85vw, 170px\" \/><\/a><a href=\"http:\/\/www.toletum-network.com\/teilnehmer\/ricardo-mar-medina\/\">Ricardo <strong>Mar Medina<\/strong><\/a><\/div>\n<div class=\"grid-item\"><a href=\"http:\/\/www.toletum-network.com\/teilnehmer\/carlos-marquez-moreno\"><img loading=\"lazy\" decoding=\"async\" class=\"alignnone size-full wp-image-14536\" src=\"http:\/\/www.toletum-network.com\/wp-content\/uploads\/2019\/10\/IS-Wiss.-Beirat-Carlos-Marquez_klein.jpg\" alt=\"Carlos M\u00e1rquez Moreno\" width=\"170\" height=\"170\" srcset=\"http:\/\/www.toletum-network.com\/wp-content\/uploads\/2019\/10\/IS-Wiss.-Beirat-Carlos-Marquez_klein.jpg 170w, http:\/\/www.toletum-network.com\/wp-content\/uploads\/2019\/10\/IS-Wiss.-Beirat-Carlos-Marquez_klein-150x150.jpg 150w\" sizes=\"auto, (max-width: 170px) 85vw, 170px\" \/><\/a><a href=\"https:\/\/www.toletum-network.com\/carlos-marquez-moreno\">Carlos <strong>M\u00e1rquez Moreno<\/strong><\/a><\/div>\n<div class=\"grid-item\"><a href=\"http:\/\/www.toletum-network.com\/teilnehmer\/prof-dr-jose-miguel-noguera-celdran\/\"><img loading=\"lazy\" decoding=\"async\" class=\"alignnone size-full wp-image-614\" src=\"http:\/\/www.toletum-network.com\/wp-content\/uploads\/2016\/07\/Gaste13.jpg\" alt=\"Gaste13\" width=\"170\" height=\"170\" srcset=\"http:\/\/www.toletum-network.com\/wp-content\/uploads\/2016\/07\/Gaste13.jpg 170w, http:\/\/www.toletum-network.com\/wp-content\/uploads\/2016\/07\/Gaste13-150x150.jpg 150w\" sizes=\"auto, (max-width: 170px) 85vw, 170px\" \/><\/a><a href=\"http:\/\/www.toletum-network.com\/teilnehmer\/prof-dr-jose-miguel-noguera-celdran\/\">Jos\u00e9 M.<strong> Noguera Celdr\u00e1n<\/strong><\/a><\/div>\n<\/div>\n<p><\/p>","protected":false},"excerpt":{"rendered":"<p>La serie Iberica Selecta est\u00e1 dedicada a la investigaci\u00f3n de la Pen\u00ednsula Ib\u00e9rica y cubre un per\u00edodo que se extiende desde el siglo III a. C. hasta el siglo X d. C.: desde la expansi\u00f3n de Roma por el Mediterr\u00e1neo occidental hasta el establecimiento de los reinos posrromanos en esta regi\u00f3n y la ocupaci\u00f3n del &hellip; <a href=\"http:\/\/www.toletum-network.com\/es\/iberica-selecta\/\" class=\"more-link\">Continuar leyendo<span class=\"screen-reader-text\"> \u00abIberica Selecta\u00bb<\/span><\/a><\/p>\n","protected":false},"author":8,"featured_media":0,"parent":0,"menu_order":0,"comment_status":"closed","ping_status":"closed","template":"","meta":{"jetpack_post_was_ever_published":false,"footnotes":""},"class_list":["post-14402","page","type-page","status-publish","hentry"],"jetpack_sharing_enabled":true,"jetpack_shortlink":"https:\/\/wp.me\/P82TDz-3Ki","_links":{"self":[{"href":"http:\/\/www.toletum-network.com\/es\/wp-json\/wp\/v2\/pages\/14402","targetHints":{"allow":["GET"]}}],"collection":[{"href":"http:\/\/www.toletum-network.com\/es\/wp-json\/wp\/v2\/pages"}],"about":[{"href":"http:\/\/www.toletum-network.com\/es\/wp-json\/wp\/v2\/types\/page"}],"author":[{"embeddable":true,"href":"http:\/\/www.toletum-network.com\/es\/wp-json\/wp\/v2\/users\/8"}],"replies":[{"embeddable":true,"href":"http:\/\/www.toletum-network.com\/es\/wp-json\/wp\/v2\/comments?post=14402"}],"version-history":[{"count":133,"href":"http:\/\/www.toletum-network.com\/es\/wp-json\/wp\/v2\/pages\/14402\/revisions"}],"predecessor-version":[{"id":19343,"href":"http:\/\/www.toletum-network.com\/es\/wp-json\/wp\/v2\/pages\/14402\/revisions\/19343"}],"wp:attachment":[{"href":"http:\/\/www.toletum-network.com\/es\/wp-json\/wp\/v2\/media?parent=14402"}],"curies":[{"name":"wp","href":"https:\/\/api.w.org\/{rel}","templated":true}]}}