{"id":14285,"date":"2020-08-07T10:58:50","date_gmt":"2020-08-07T08:58:50","guid":{"rendered":"http:\/\/www.toletum-network.com\/?page_id=14285"},"modified":"2021-01-24T13:02:41","modified_gmt":"2021-01-24T11:02:41","slug":"internationale-herbstschule-onlinekurs-qgis-fuer-altertumswissenschaftler-innen","status":"publish","type":"page","link":"http:\/\/www.toletum-network.com\/es\/aktivitaten\/internationale-herbstschule-onlinekurs-qgis-fuer-altertumswissenschaftler-innen\/","title":{"rendered":"Escuela internacional de oto\u00f1o: curso online QGIS para estudiosos de la Antig\u00fcedad"},"content":{"rendered":"<p><img loading=\"lazy\" decoding=\"async\" class=\"alignnone size-full wp-image-14287\" src=\"http:\/\/www.toletum-network.com\/wp-content\/uploads\/2020\/08\/QGIS-10.2020.jpg\" alt=\"\" width=\"400\" height=\"300\" srcset=\"http:\/\/www.toletum-network.com\/wp-content\/uploads\/2020\/08\/QGIS-10.2020.jpg 400w, http:\/\/www.toletum-network.com\/wp-content\/uploads\/2020\/08\/QGIS-10.2020-300x225.jpg 300w\" sizes=\"auto, (max-width: 400px) 85vw, 400px\" \/><\/p>\n<p><strong>Curso online sobre el sistema de informaci\u00f3n geogr\u00e1fica QGIS<\/strong><\/p>\n<p><strong>Hora y lugar<\/strong><br \/>\n<strong>del<\/strong> <strong>15 al 22 de octubre de 2020<\/strong>, online via Github<br \/>\n<strong>Organizaci\u00f3n y profesorado:<\/strong> Dr. Pieter Houten (University of Nottingham \/ CSAD University of Oxford); Dr. Jan Schneider (SPAU GmbH)<br \/>\n<strong>M\u00e1s informaci\u00f3n: <a href=\"http:\/\/www.toletum-network.com\/wp-content\/uploads\/2020\/07\/Toletum-QGIS-Escuela-de-oto\u00f1o-10.2020.pdf\">Toletum QGIS Escuela de oto\u00f1o 10.2020<\/a>; <a href=\"http:\/\/www.toletum-network.com\/wp-content\/uploads\/2020\/06\/Toletum-QGIS-Autumnschool-10.2020.pdf\">Toletum QGIS Autumnschool 10.2020<\/a><\/strong><\/p>\n<p><strong>Participantes: <\/strong>Estudiantes de (pos)grado, doctorandos y postdocs especializados en estudios de la Antig\u00fcedad (especialmente en historia antigua, arqueolog\u00eda cl\u00e1sica y paleocristiana, arqueolog\u00eda de la arquitectura y epigraf\u00eda).<\/p>\n<p><strong>El objetivo del curso es<\/strong> aprender a utilizar QGIS, desde las funciones b\u00e1sicas hasta los primeros an\u00e1lisis. El curso (en ingl\u00e9s) se basa en indicaciones \u201cpaso a paso\u201d respaldadas por presentaciones online, documentos y tutor\u00edas personalizadas de dos investigadores experimentados en el uso de QGIS. En cuanto a contenido, el curso se basa en datos de c\u00f3digo abierto, que se centran en la investigaci\u00f3n de los estudios de la Antig\u00fcedad sobre la Pen\u00ednsula Ib\u00e9rica. Aunque se parte de esta orientaci\u00f3n, los contenidos pueden trasladarse f\u00e1cilmente a otras regiones y estudios.<\/p>\n<p><strong>\u00a1OJO!<\/strong> El curso esta ahora disponible <strong>online como herramienta para estudios autodid\u00e1cticos <\/strong>(Open Access): https:\/\/github.com\/Toletum-Network\/QGIS_Classical_Studies<\/p>","protected":false},"excerpt":{"rendered":"<p>Curso online sobre el sistema de informaci\u00f3n geogr\u00e1fica QGIS Hora y lugar del 15 al 22 de octubre de 2020, online via Github Organizaci\u00f3n y profesorado: Dr. Pieter Houten (University of Nottingham \/ CSAD University of Oxford); Dr. Jan Schneider (SPAU GmbH) M\u00e1s informaci\u00f3n: Toletum QGIS Escuela de oto\u00f1o 10.2020; Toletum QGIS Autumnschool 10.2020 Participantes: &hellip; <a href=\"http:\/\/www.toletum-network.com\/es\/aktivitaten\/internationale-herbstschule-onlinekurs-qgis-fuer-altertumswissenschaftler-innen\/\" class=\"more-link\">Continuar leyendo<span class=\"screen-reader-text\"> \u00abEscuela internacional de oto\u00f1o: curso online QGIS para estudiosos de la Antig\u00fcedad\u00bb<\/span><\/a><\/p>\n","protected":false},"author":8,"featured_media":0,"parent":15,"menu_order":0,"comment_status":"closed","ping_status":"closed","template":"","meta":{"jetpack_post_was_ever_published":false,"footnotes":""},"class_list":["post-14285","page","type-page","status-publish","hentry"],"jetpack_sharing_enabled":true,"jetpack_shortlink":"https:\/\/wp.me\/P82TDz-3Ip","_links":{"self":[{"href":"http:\/\/www.toletum-network.com\/es\/wp-json\/wp\/v2\/pages\/14285","targetHints":{"allow":["GET"]}}],"collection":[{"href":"http:\/\/www.toletum-network.com\/es\/wp-json\/wp\/v2\/pages"}],"about":[{"href":"http:\/\/www.toletum-network.com\/es\/wp-json\/wp\/v2\/types\/page"}],"author":[{"embeddable":true,"href":"http:\/\/www.toletum-network.com\/es\/wp-json\/wp\/v2\/users\/8"}],"replies":[{"embeddable":true,"href":"http:\/\/www.toletum-network.com\/es\/wp-json\/wp\/v2\/comments?post=14285"}],"version-history":[{"count":9,"href":"http:\/\/www.toletum-network.com\/es\/wp-json\/wp\/v2\/pages\/14285\/revisions"}],"predecessor-version":[{"id":15049,"href":"http:\/\/www.toletum-network.com\/es\/wp-json\/wp\/v2\/pages\/14285\/revisions\/15049"}],"up":[{"embeddable":true,"href":"http:\/\/www.toletum-network.com\/es\/wp-json\/wp\/v2\/pages\/15"}],"wp:attachment":[{"href":"http:\/\/www.toletum-network.com\/es\/wp-json\/wp\/v2\/media?parent=14285"}],"curies":[{"name":"wp","href":"https:\/\/api.w.org\/{rel}","templated":true}]}}