{"id":1406,"date":"2016-09-05T14:39:25","date_gmt":"2016-09-05T14:39:25","guid":{"rendered":"http:\/\/www.toletum-network.com\/?page_id=1406"},"modified":"2020-11-18T11:28:56","modified_gmt":"2020-11-18T09:28:56","slug":"prof-dr-maria-del-rosario-cebrian-fernandez","status":"publish","type":"page","link":"http:\/\/www.toletum-network.com\/es\/teilnehmer\/prof-dr-maria-del-rosario-cebrian-fernandez\/","title":{"rendered":"Prof. Dr. Mar\u00eda del Rosario Cebr\u00edan"},"content":{"rendered":"<p><img loading=\"lazy\" decoding=\"async\" class=\"alignnone wp-image-5683 size-full\" src=\"http:\/\/www.toletum-network.com\/wp-content\/uploads\/2016\/09\/Charo-Cebrian-227x300.jpg\" width=\"227\" height=\"300\" \/><\/p>\n<h3 class=\"entry-title\">Prof. Dr. Mar\u00eda del Rosario Cebr\u00edan Fern\u00e1ndez<\/h3>\n<div class=\"entry-content\">\n<p>Universidad Complutense de Madrid<br \/>\nFacultad de Geograf\u00eda e Historia<br \/>\nDepartamento de Ciencias y T\u00e9cnicas Historiogr\u00e1ficas y de Arqueolog\u00eda<br \/>\nc\/ Profesor Aranguren s\/n<br \/>\nE-28040 Madrid<br \/>\n<a href=\"mailto:marcebri@ucm.es\">marcebri@ucm.es<\/a><\/p>\n<p><span style=\"color: #999999;\"><a style=\"color: #999999;\" href=\"https:\/\/www.ucm.es\/citehar\/maria-del-rosario-cebrian-fernandez\">CV<\/a><\/span><\/p>\n<p><strong><span style=\"color: #800080;\"><a style=\"color: #800080; text-decoration: underline;\" href=\"http:\/\/www.toletum-network.com\/aktivitaten\/deutsch-spanische-fieldschool-in-segobrigatrier-antike-und-moderne-technologien\/\">Fieldschool Seg\u00f3briga\/Trier<\/a><\/span><\/strong><\/p>\n<\/div>\n","protected":false},"excerpt":{"rendered":"<p>Prof. Dr. Mar\u00eda del Rosario Cebr\u00edan Fern\u00e1ndez Universidad Complutense de Madrid Facultad de Geograf\u00eda e Historia Departamento de Ciencias y T\u00e9cnicas Historiogr\u00e1ficas y de Arqueolog\u00eda c\/ Profesor Aranguren s\/n E-28040 Madrid marcebri@ucm.es CV Fieldschool Seg\u00f3briga\/Trier<\/p>\n","protected":false},"author":7,"featured_media":0,"parent":18,"menu_order":0,"comment_status":"closed","ping_status":"closed","template":"","meta":{"jetpack_post_was_ever_published":false,"footnotes":""},"class_list":["post-1406","page","type-page","status-publish","hentry"],"jetpack_sharing_enabled":true,"jetpack_shortlink":"https:\/\/wp.me\/P82TDz-mG","_links":{"self":[{"href":"http:\/\/www.toletum-network.com\/es\/wp-json\/wp\/v2\/pages\/1406","targetHints":{"allow":["GET"]}}],"collection":[{"href":"http:\/\/www.toletum-network.com\/es\/wp-json\/wp\/v2\/pages"}],"about":[{"href":"http:\/\/www.toletum-network.com\/es\/wp-json\/wp\/v2\/types\/page"}],"author":[{"embeddable":true,"href":"http:\/\/www.toletum-network.com\/es\/wp-json\/wp\/v2\/users\/7"}],"replies":[{"embeddable":true,"href":"http:\/\/www.toletum-network.com\/es\/wp-json\/wp\/v2\/comments?post=1406"}],"version-history":[{"count":12,"href":"http:\/\/www.toletum-network.com\/es\/wp-json\/wp\/v2\/pages\/1406\/revisions"}],"predecessor-version":[{"id":9525,"href":"http:\/\/www.toletum-network.com\/es\/wp-json\/wp\/v2\/pages\/1406\/revisions\/9525"}],"up":[{"embeddable":true,"href":"http:\/\/www.toletum-network.com\/es\/wp-json\/wp\/v2\/pages\/18"}],"wp:attachment":[{"href":"http:\/\/www.toletum-network.com\/es\/wp-json\/wp\/v2\/media?parent=1406"}],"curies":[{"name":"wp","href":"https:\/\/api.w.org\/{rel}","templated":true}]}}