{"id":1374,"date":"2016-09-05T14:07:50","date_gmt":"2016-09-05T14:07:50","guid":{"rendered":"http:\/\/www.toletum-network.com\/?page_id=1374"},"modified":"2020-11-18T11:28:12","modified_gmt":"2020-11-18T09:28:12","slug":"prof-dr-jose-miguel-noguera-celdran","status":"publish","type":"page","link":"http:\/\/www.toletum-network.com\/es\/teilnehmer\/prof-dr-jose-miguel-noguera-celdran\/","title":{"rendered":"Prof. Dr. Jos\u00e9 Miguel Noguera Celdr\u00e1n"},"content":{"rendered":"<p><img loading=\"lazy\" decoding=\"async\" class=\"alignnone wp-image-1803 size-full\" src=\"http:\/\/www.toletum-network.com\/wp-content\/uploads\/2016\/09\/Jose-Miguel-Noguera-Celdran-220x300-1.jpg\" width=\"220\" height=\"300\" \/><\/p>\n<h3 class=\"entry-title\">Prof. Dr. Jos\u00e9 Miguel Noguera Celdr\u00e1n<\/h3>\n<div class=\"entry-content\">\n<p>Departamento de Prehistoria, Arqueolog\u00eda, Historia Antigua,<br \/>\nHistoria Medieval y Ciencias y T\u00e9cnicas Historiogr\u00e1ficas<br \/>\nFacultad de Letras<br \/>\nUniversidad de Murcia<br \/>\nC\/ Santo Cristo, 1<br \/>\nE-30001 Murcia<br \/>\n<strong>T.<\/strong> +34 868 883287<br \/>\n<strong>F.<\/strong> +34 868 887019<br \/>\n<a href=\"mailto:%20noguera@um.es\">noguera@um.es<\/a><\/p>\n<p><a href=\"http:\/\/www.ua.es\/personal\/juan.abascal\/noguera_celdran.html\">CV<\/a><\/p>\n<p><strong><span style=\"color: #800080;\"><a style=\"color: #800080;\" href=\"http:\/\/www.toletum-network.com\/workshops\/iv-workshop-2013\/\">Toletum IV Skulpturenausstattung<\/a><\/span><span style=\"color: #800080;\"> \/ <\/span><span style=\"color: #800080;\"><a style=\"color: #800080;\" href=\"http:\/\/www.toletum-network.com\/aktivitaten\/spaniens-staedte-moderne-urbanitaet-seit-2000-jahren-i\u2028-antike\">Ciclo de conferencias \u201eCiudades de Espa\u00f1a, I\u201c<\/a><\/span><\/strong><\/p>\n<\/div>\n<p><\/p>","protected":false},"excerpt":{"rendered":"<p>Prof. Dr. Jos\u00e9 Miguel Noguera Celdr\u00e1n Departamento de Prehistoria, Arqueolog\u00eda, Historia Antigua, Historia Medieval y Ciencias y T\u00e9cnicas Historiogr\u00e1ficas Facultad de Letras Universidad de Murcia C\/ Santo Cristo, 1 E-30001 Murcia T. +34 868 883287 F. +34 868 887019 noguera@um.es CV Toletum IV Skulpturenausstattung \/ Ciclo de conferencias \u201eCiudades de Espa\u00f1a, I\u201c<\/p>\n","protected":false},"author":7,"featured_media":0,"parent":18,"menu_order":0,"comment_status":"closed","ping_status":"closed","template":"","meta":{"jetpack_post_was_ever_published":false,"footnotes":""},"class_list":["post-1374","page","type-page","status-publish","hentry"],"jetpack_sharing_enabled":true,"jetpack_shortlink":"https:\/\/wp.me\/P82TDz-ma","_links":{"self":[{"href":"http:\/\/www.toletum-network.com\/es\/wp-json\/wp\/v2\/pages\/1374","targetHints":{"allow":["GET"]}}],"collection":[{"href":"http:\/\/www.toletum-network.com\/es\/wp-json\/wp\/v2\/pages"}],"about":[{"href":"http:\/\/www.toletum-network.com\/es\/wp-json\/wp\/v2\/types\/page"}],"author":[{"embeddable":true,"href":"http:\/\/www.toletum-network.com\/es\/wp-json\/wp\/v2\/users\/7"}],"replies":[{"embeddable":true,"href":"http:\/\/www.toletum-network.com\/es\/wp-json\/wp\/v2\/comments?post=1374"}],"version-history":[{"count":14,"href":"http:\/\/www.toletum-network.com\/es\/wp-json\/wp\/v2\/pages\/1374\/revisions"}],"predecessor-version":[{"id":10988,"href":"http:\/\/www.toletum-network.com\/es\/wp-json\/wp\/v2\/pages\/1374\/revisions\/10988"}],"up":[{"embeddable":true,"href":"http:\/\/www.toletum-network.com\/es\/wp-json\/wp\/v2\/pages\/18"}],"wp:attachment":[{"href":"http:\/\/www.toletum-network.com\/es\/wp-json\/wp\/v2\/media?parent=1374"}],"curies":[{"name":"wp","href":"https:\/\/api.w.org\/{rel}","templated":true}]}}