{"id":1316,"date":"2016-09-05T11:42:51","date_gmt":"2016-09-05T11:42:51","guid":{"rendered":"http:\/\/www.toletum-network.com\/?page_id=1316"},"modified":"2022-01-03T10:21:11","modified_gmt":"2022-01-03T09:21:11","slug":"dr-antonio-aguilera-martin","status":"publish","type":"page","link":"http:\/\/www.toletum-network.com\/es\/teilnehmer\/dr-antonio-aguilera-martin\/","title":{"rendered":"Prof. Dr. Antonio Aguilera Mart\u00edn"},"content":{"rendered":"<p><span style=\"color: #e6b900;\"><img loading=\"lazy\" decoding=\"async\" class=\"alignnone wp-image-1786 size-full\" src=\"http:\/\/www.toletum-network.com\/wp-content\/uploads\/2016\/09\/Antonio-Aguilera-Martin.jpg\" width=\"300\" height=\"225\" \/><\/span><\/p>\n<h3>Prof. Dr. Antonio Aguilera Mart\u00edn<\/h3>\n<p>Dpto. Prehistoria, Historia Antigua y Arqueolog\u00eda<br \/>\nFacultad de Geograf\u00eda e Historia<br \/>\nUniversidad de Barcelona<br \/>\nc\/ Montealegre, 6-8<br \/>\n08001 Barcelona<br \/>\n<strong>T.<\/strong> +34 93 4037557<br \/>\n<strong>F.<\/strong> +34 93 4037541<br \/>\n<span style=\"color: #999999;\">antonioaguilera@ub.edu<\/span><\/p>\n<p><strong>Website<br \/>\n<\/strong><a href=\"http:\/\/ceipac.ub.edu\/\">http:\/\/ceipac.ub.edu\/<\/a><\/p>\n<p><strong><span style=\"color: #800080;\"><a style=\"color: #800080; text-decoration: underline;\" href=\"http:\/\/www.toletum-network.com\/aktivitaten\/spaniens-staedte-moderne-urbanitaet-seit-2000-jahren-i\u2028-antike\">Ciclo de conferencias \u201eCiudades de Espa\u00f1a, I\u201c<\/a><\/span><\/strong><\/p>","protected":false},"excerpt":{"rendered":"<p>Prof. Dr. Antonio Aguilera Mart\u00edn Dpto. Prehistoria, Historia Antigua y Arqueolog\u00eda Facultad de Geograf\u00eda e Historia Universidad de Barcelona c\/ Montealegre, 6-8 08001 Barcelona T. +34 93 4037557 F. +34 93 4037541 antonioaguilera@ub.edu Website http:\/\/ceipac.ub.edu\/ Ciclo de conferencias \u201eCiudades de Espa\u00f1a, I\u201c<\/p>\n","protected":false},"author":7,"featured_media":0,"parent":18,"menu_order":0,"comment_status":"closed","ping_status":"closed","template":"","meta":{"jetpack_post_was_ever_published":false,"footnotes":""},"class_list":["post-1316","page","type-page","status-publish","hentry"],"jetpack_sharing_enabled":true,"jetpack_shortlink":"https:\/\/wp.me\/P82TDz-le","_links":{"self":[{"href":"http:\/\/www.toletum-network.com\/es\/wp-json\/wp\/v2\/pages\/1316","targetHints":{"allow":["GET"]}}],"collection":[{"href":"http:\/\/www.toletum-network.com\/es\/wp-json\/wp\/v2\/pages"}],"about":[{"href":"http:\/\/www.toletum-network.com\/es\/wp-json\/wp\/v2\/types\/page"}],"author":[{"embeddable":true,"href":"http:\/\/www.toletum-network.com\/es\/wp-json\/wp\/v2\/users\/7"}],"replies":[{"embeddable":true,"href":"http:\/\/www.toletum-network.com\/es\/wp-json\/wp\/v2\/comments?post=1316"}],"version-history":[{"count":26,"href":"http:\/\/www.toletum-network.com\/es\/wp-json\/wp\/v2\/pages\/1316\/revisions"}],"predecessor-version":[{"id":16063,"href":"http:\/\/www.toletum-network.com\/es\/wp-json\/wp\/v2\/pages\/1316\/revisions\/16063"}],"up":[{"embeddable":true,"href":"http:\/\/www.toletum-network.com\/es\/wp-json\/wp\/v2\/pages\/18"}],"wp:attachment":[{"href":"http:\/\/www.toletum-network.com\/es\/wp-json\/wp\/v2\/media?parent=1316"}],"curies":[{"name":"wp","href":"https:\/\/api.w.org\/{rel}","templated":true}]}}