{"id":1306,"date":"2016-09-05T11:14:25","date_gmt":"2016-09-05T11:14:25","guid":{"rendered":"http:\/\/www.toletum-network.com\/?page_id=1306"},"modified":"2020-11-18T11:20:28","modified_gmt":"2020-11-18T09:20:28","slug":"judit-vegh-m-a","status":"publish","type":"page","link":"http:\/\/www.toletum-network.com\/es\/teilnehmer\/judit-vegh-m-a\/","title":{"rendered":"Judit V\u00e9gh, M. A."},"content":{"rendered":"<p><img loading=\"lazy\" decoding=\"async\" class=\"alignnone wp-image-1307\" src=\"http:\/\/www.toletum-network.com\/wp-content\/uploads\/2016\/09\/vegh-kl.jpg\" alt=\"vegh-kl\" width=\"148\" height=\"245\" \/><\/p>\n<h3 class=\"entry-title\">Judit V\u00e9gh, M. A.<\/h3>\n<div class=\"entry-content\">\n<p>Universit\u00e4t Heidelberg<br \/>\nSeminar f\u00fcr Alte Geschichte und Epigraphik<br \/>\nMarstallstr. 4<br \/>\nD-69117 Heidelberg<br \/>\n<span style=\"color: #999999;\">judit.vegh@zaw.uni-heidelberg.de<\/span><\/p>\n<p><strong>Promotionsprojekt: <a href=\"http:\/\/www.toletum-network.com\/wp-content\/uploads\/2016\/09\/V\u00e9gh-Christianisierung-Hispaniens.pdf\">Christianisierung Hispaniens<\/a><\/strong><\/p>\n<hr \/>\n<p><span style=\"color: #999999;\">\u2014 1980<\/span><br \/>\nGeboren in Debrecen (Ungarn)<\/p>\n<p><span style=\"color: #999999;\">\u2014 1998<\/span><br \/>\nAbitur am Gymnasium Fazekas Mih\u00e1ly, Debrecen (Ungarn)<\/p>\n<p><span style=\"color: #999999;\">\u2014 1998 &#8211; 2004<\/span><br \/>\nStudium an der Universit\u00e4t Debrecen, Abschluss in Klassischer Philologie und Franz\u00f6sischer Philologie. Austauschjahr in 2000\/01 an der LMU M\u00fcnchen. Zweitstudium (als Fernstudium) an der Katholischen Universit\u00e4t P\u00e9ter P\u00e1zm\u00e1ny, Budapest, Abschluss in Hispanistik.<\/p>\n<p><span style=\"color: #999999;\">\u2014 2004 &#8211; 2006<\/span><br \/>\nPromotionsstudiengang in Klassischer Philologie an der Universit\u00e4t Debrecen.<\/p>\n<p><span style=\"color: #999999;\">\u2014 2006 &#8211; 2007<\/span><br \/>\nWissenschaftliche Hilfskraft am Seminar f\u00fcr Alte Geschichte und Epigraphik, Univ. Heidelberg.<\/p>\n<p><span style=\"color: #999999;\">\u2014 2008 &#8211; 2010<\/span><br \/>\nPromotionsstipendiatin der Landesgraduiertenf\u00f6rderung Baden-W\u00fcrttemberg an der Universit\u00e4t Heidelberg, Fach Alte Geschichte.<\/p>\n<p><span style=\"color: #999999;\">\u2014 2011 &#8211; 2012<\/span><br \/>\nWissenschaftliche Hilfskraft am Seminar f\u00fcr Alte Geschichte und Epigraphik, Univ. Heidelberg<\/p>\n<p><span style=\"color: #999999;\">\u2014 Seit 2013<\/span><br \/>\nForschungsaufenthalt in Madrid, freie Mitarbeit als \u00dcbersetzerin<\/p>\n<\/div>\n","protected":false},"excerpt":{"rendered":"<p>Judit V\u00e9gh, M. A. Universit\u00e4t Heidelberg Seminar f\u00fcr Alte Geschichte und Epigraphik Marstallstr. 4 D-69117 Heidelberg judit.vegh@zaw.uni-heidelberg.de Promotionsprojekt: Christianisierung Hispaniens \u2014 1980 Geboren in Debrecen (Ungarn) \u2014 1998 Abitur am Gymnasium Fazekas Mih\u00e1ly, Debrecen (Ungarn) \u2014 1998 &#8211; 2004 Studium an der Universit\u00e4t Debrecen, Abschluss in Klassischer Philologie und Franz\u00f6sischer Philologie. Austauschjahr in 2000\/01 an &hellip; <a href=\"http:\/\/www.toletum-network.com\/es\/teilnehmer\/judit-vegh-m-a\/\" class=\"more-link\">Continuar leyendo<span class=\"screen-reader-text\"> \u00abJudit V\u00e9gh, M. A.\u00bb<\/span><\/a><\/p>\n","protected":false},"author":7,"featured_media":0,"parent":18,"menu_order":0,"comment_status":"closed","ping_status":"closed","template":"","meta":{"jetpack_post_was_ever_published":false,"footnotes":""},"class_list":["post-1306","page","type-page","status-publish","hentry"],"jetpack_sharing_enabled":true,"jetpack_shortlink":"https:\/\/wp.me\/P82TDz-l4","_links":{"self":[{"href":"http:\/\/www.toletum-network.com\/es\/wp-json\/wp\/v2\/pages\/1306","targetHints":{"allow":["GET"]}}],"collection":[{"href":"http:\/\/www.toletum-network.com\/es\/wp-json\/wp\/v2\/pages"}],"about":[{"href":"http:\/\/www.toletum-network.com\/es\/wp-json\/wp\/v2\/types\/page"}],"author":[{"embeddable":true,"href":"http:\/\/www.toletum-network.com\/es\/wp-json\/wp\/v2\/users\/7"}],"replies":[{"embeddable":true,"href":"http:\/\/www.toletum-network.com\/es\/wp-json\/wp\/v2\/comments?post=1306"}],"version-history":[{"count":10,"href":"http:\/\/www.toletum-network.com\/es\/wp-json\/wp\/v2\/pages\/1306\/revisions"}],"predecessor-version":[{"id":9641,"href":"http:\/\/www.toletum-network.com\/es\/wp-json\/wp\/v2\/pages\/1306\/revisions\/9641"}],"up":[{"embeddable":true,"href":"http:\/\/www.toletum-network.com\/es\/wp-json\/wp\/v2\/pages\/18"}],"wp:attachment":[{"href":"http:\/\/www.toletum-network.com\/es\/wp-json\/wp\/v2\/media?parent=1306"}],"curies":[{"name":"wp","href":"https:\/\/api.w.org\/{rel}","templated":true}]}}