{"id":1301,"date":"2016-09-05T11:07:53","date_gmt":"2016-09-05T11:07:53","guid":{"rendered":"http:\/\/www.toletum-network.com\/?page_id=1301"},"modified":"2021-02-19T14:52:14","modified_gmt":"2021-02-19T12:52:14","slug":"prof-dr-markus-trunk","status":"publish","type":"page","link":"http:\/\/www.toletum-network.com\/es\/teilnehmer\/prof-dr-markus-trunk\/","title":{"rendered":"Prof. Dr. Markus Trunk"},"content":{"rendered":"<p><img loading=\"lazy\" decoding=\"async\" class=\"alignnone size-full wp-image-1302\" src=\"http:\/\/www.toletum-network.com\/wp-content\/uploads\/2016\/09\/trunk-kl.jpg\" alt=\"trunk-kl\" width=\"267\" height=\"200\" \/><\/p>\n<h3 class=\"entry-title\">Prof. Dr. Markus Trunk<\/h3>\n<p>Universit\u00e4t Trier<br \/>\nFachbereich III \u2013 Klassische Arch\u00e4ologie<br \/>\nD-54286 Trier<br \/>\n<strong>T.<\/strong> +49 651 201 2428<br \/>\n<strong>F.<\/strong> +49 651 201 3926<br \/>\n<a href=\"mailto:trunk@uni-trier.de\">trunk@uni-trier.de<\/a><\/p>\n<hr \/>\n<h5>Studium<\/h5>\n<p><span style=\"color: #999999;\">\u2014 WS 1980\/81 &#8211; SS 1989<\/span><br \/>\nWestf\u00e4lische Wilhelms-Universit\u00e4t, M\u00fcnster<br \/>\nHauptfach: Klassische Arch\u00e4ologie<br \/>\nNebenf\u00e4cher: Alte Geschichte<br \/>\nUr- und Fr\u00fchgeschichte<\/p>\n<p><span style=\"color: #999999;\">\u2014 01.08. &#8211; 30.10.1987<\/span><br \/>\nDAAD-Stipendium in Rom<\/p>\n<p><span style=\"color: #999999;\">\u2014 28.06.1989<\/span><br \/>\nTag des Rigorosums, Promotion zum Dr. phil.<\/p>\n<hr \/>\n<h5>Beruflicher Werdegang<\/h5>\n<p><span style=\"color: #999999;\">\u2014 01.04.1990 &#8211; 30.09.1990<\/span><br \/>\nWissenschaftlicher Mitarbeiter am Arch\u00e4ologischen Seminar der Universit\u00e4t M\u00fcnster in Vertretung des Assistenten<\/p>\n<p><span style=\"color: #999999;\">\u2014 01.10.1990 &#8211; 30.09.1991<\/span><br \/>\nReisestipendium des Deutschen Arch\u00e4ologischen Instituts<\/p>\n<p><span style=\"color: #999999;\">\u2014 01.10.1991 &#8211; 31.03.1994<\/span><br \/>\nErneut Wissenschaftlicher Mitarbeiter am Arch\u00e4ologischen Seminar der Universit\u00e4t M\u00fcnster in Vertretung des Assistenten<\/p>\n<p><span style=\"color: #999999;\">\u2014 01.04.1994 &#8211; 31.03.1996<\/span><br \/>\nWissenschaftlicher Assistent am Arch\u00e4ologischen Seminar der Universit\u00e4t M\u00fcnster<\/p>\n<p><span style=\"color: #999999;\">\u2014 01.04.1996 &#8211; 31.03.2001<\/span><br \/>\nWissenschaftlicher Referent an der Abteilung Madrid des Deutschen Arch\u00e4ologischen Instituts, Leiter der Bibliothek<\/p>\n<p><span style=\"color: #999999;\">\u2014 Seit SS 2001<\/span><br \/>\nLehrbeauftragter am Winckelmann-Institut der Humboldt-Universit\u00e4t zu Berlin<\/p>\n<p><span style=\"color: #999999;\">\u2014 11.02.2002<\/span><br \/>\nHabilitation an der Philosophischen Fakult\u00e4t der Humboldt-Universit\u00e4t zu Berlin<\/p>\n<p><span style=\"color: #999999;\">\u2014 SS 2002 &#8211; SS 2003<\/span><br \/>\nPrivatdozent an der Humboldt-Universit\u00e4t zu Berlin<\/p>\n<p><span style=\"color: #999999;\">\u2014 Seit WS 2003\/04<\/span><br \/>\nProfessor (C 3) f\u00fcr Klassische Arch\u00e4ologie an der Universit\u00e4t Trier<\/p>\n<hr \/>\n<h5><strong>Publikationen<\/strong><\/h5>\n<p><strong>Monographien<\/strong><\/p>\n<p>R\u00f6mische Tempel in den Rhein- und westlichen Donauprovinzen.<br \/>\nForschungen in Augst 14 (Augst 1991).<\/p>\n<p>Die \u201aCasa de Pilatos\u2018 in Sevilla: Studien zu Sammlung, Aufstellung und Rezeption antiker Skulpturen im Spanien des 16. Jhs., Madrider Beitr\u00e4ge 28 (Mainz 2002).<\/p>\n<p>Los capiteles del foro de Seg\u00f3briga. Evaluaci\u00f3n tipol\u00f3gica y estil\u00edstica (Cuenca 2008).<\/p>\n<p><strong>Aufs\u00e4tze<\/strong><\/p>\n<p>Antiken der Sammlung W.W.: Unteritalische Keramik, Boreas 8, 1985, 238-246 Taf. 27-29.<\/p>\n<p>Ein stadtr\u00f6misches Kapitell in Soest?, Boreas 12, 1989, 141-146 Taf. 38-39.<\/p>\n<p style=\"margin: 0cm; margin-bottom: .0001pt;\"><span lang=\"DE\">(zusammen mit P.A. Schwarz) Die Ergebnisse der Sondierung und Bauuntersuchung an der Curia und Basilika-St\u00fctzmauer in Augusta Rauricorum (Grabung 1990.53), Jahresberichte aus Augst und Kaiseraugst 12, 1991, 211-232.<\/span><\/p>\n<p>Villa oder Heiligtum? Zur Deutung zweier Wandbilder aus Pompeji, in: \u039c\u039f\u03a5\u03a3\u0399\u039a\u039f\u03a3 \u0391\u039d\u0397\u03a1.<br \/>\nFestschrift f\u00fcr Max Wegner zum 90. Geburtstag (1992) 455-460 Taf. 38.<\/p>\n<p>Ringbossen. Zur Herstellungstechnik korinthischer Kapitelle in Gallien, Boreas 14\/15, 1991\/92, 137-143 Taf. 7-9.<\/p>\n<p>Das Traiansforum \u2013 Ein \u201esteinernes Heerlager in der Stadt\u201c?, Arch\u00e4ologischer Anzeiger 1993, 285-291.<\/p>\n<p>Das Theater von Neandria? Vorbericht zu einer Stufenanlage im Stadtzentrum, in: Neue Forschungen zu Neandria und Alexandria Troas, Asia Minor Studien 11, 1994, 91-100 Taf. 11-14 Beil. 11-12.<\/p>\n<p>Pompeius Magnus. Zur \u00dcberlieferung und \u201eZwiesp\u00e4ltigkeit\u201c seines Portr\u00e4ts, Arch\u00e4ologischer Anzeiger 1994, 473-487.<\/p>\n<p>Ein \u201avergessenes\u2018 Bildnis des Pompeius Magnus, Boreas 17, 1994, 267-275 Taf. 22,3.4.<\/p>\n<p>Ein Tierkampffries aus Kyzikos, in: Forschungen zum antiken Kleinasien III, Asia Minor Studien 16, 1995, 161-166 Taf. 22.<\/p>\n<p>R\u00f6merbildnisse in Angers, Boreas 18, 1995, 95-99 Taf. 8-9.<\/p>\n<p>Sondagen am Stufenkomplex von Neandria, in: Die Troas. Neue Forschungen zu Neandria und Alexandria Troas II, Asia Minor Studien 22, 1996, 149-156 Taf. 16-18.<\/p>\n<p>Zur Bauornamentik des r\u00f6mischen Theaters von Seg\u00f3briga, Madrider Mitteilungen 39, 1998, 151-175 Taf. 13-20.<\/p>\n<p>Zu einem Relieffragment aus Troja in Madrid, Istanbuler Mitteilungen 48, 1998, 465-468 Taf. 71-72.<\/p>\n<p>Zum ersten Bildnistypus der Faustina Minor, Madrider Mitteilungen 40, 1999, 146-154 Taf. 50-54.<\/p>\n<p>Leda in Sevilla, in: Munus. Festschrift f\u00fcr Hans Wiegartz (2000) 305-311 Taf. 67-68.<\/p>\n<p>R\u00f6mische Kaiserbildnisse als panegyrisches Programm im Spanien des 16.\u00a0Jhs., in: 300 Jahre Thesaurus Brandenburgicus, Akten des Internationalen Kolloquiums in Berlin\/Stendal vom 30.9.-2.10.2000 (2006) 463-481.<\/p>\n<p>Die korinthischen Kapitelle des Apsidensaales in Seg\u00f3briga, Madrider Mitteilungen 43, 2002, 162-167 Taf. 19-22.<\/p>\n<p>La actividad constructora de Trajano en Roma, in: J. Alvar \u2013 J.M. Bl\u00e1zquez (Hrsg.), Trajano. Tagung El Escorial 1998 (2003) 257-268.<\/p>\n<p>La colecci\u00f3n de esculturas antiguas del primer Duque de Alcal\u00e1 de la \u201aCasa de Pilatos\u2018 en Sevilla, in: El coleccionismo de escultura cl\u00e1sica en Espa\u00f1a, Kolloquium Museo del Prado Madrid 2001 (2001) 89-100.<\/p>\n<p>Early Restorations of Ancient Sculptures in the \u201aCasa de Pilatos\u2018 (Seville\/Spain): Sources and Evidence, in: History of Restoration of Ancient Stone Sculptures, Symposium J.P. Getty Museum Malibu 2001 (2003) 255-264.<\/p>\n<p>Neufunde r\u00f6mischer Bauplastik in Seg\u00f3briga, in: Akten des VII. Internationalen Colloquiums \u00fcber Probleme des Provinzialr\u00f6mischen Kunstschaffens, K\u00f6ln 2001 (2003) 647-650.<\/p>\n<p>Eine adlige Sammlung. Antike Skulpturen in der \u201eCasa de Pilatos\u201c in Sevilla, Antike Welt 34, 2003, 115-120.<\/p>\n<p>(zusammen mit J.M. Abascal und R. Cebri\u00e1n) Epigraf\u00eda, arquitectura y decoraci\u00f3n arquitect\u00f3nica del foro de Seg\u00f3briga, in: S.F. Ramallo Asensio (Hrsg.), La decoraci\u00f3n arquitect\u00f3nica en las ciudades romanas de occidente (2004) 219-256.<\/p>\n<p>Grab- oder Weihrelief? Klassisch oder klassizistisch? \u00dcberlegungen zu einem Relief der Sammlung Odescalchi in La Granja de San Ildefonso, Madrider Mitteilungen 46, 2005, 112-134.<\/p>\n<p>Anmerkungen zum r\u00f6mischen Theater von Belginum, in: R. Cordie (Hrsg.), Belginum. 50 Jahre Ausgrabungen und Forschungen (2007) 321-332.<\/p>\n<p>Rom und Spanien: Tendenzen der Antikerezeption im 16. Jahrhundert, in: Zentren und Wirkungsr\u00e4ume der Antikerezeption. Tagung Berlin 2005 (M\u00fcnster 2007) 123-130.<\/p>\n<p><span lang=\"fr-FR\" xml:lang=\"fr-FR\">Imitaciones y falsificaciones de sarc\u00f3fagos romanos en la Pen\u00ednsula Ib\u00e9rica<\/span><span lang=\"fr-FR\" xml:lang=\"fr-FR\">, in: Actas de la V reuni\u00f3n sobre escultura romana en Hispania. Kongress Murcia 2005 (Murcia 2008) 209-219.<\/span><\/p>\n<p>Augustus aus der Sicht der Iberischen Halbinsel, in: Augustus. Der Blick von Aussen. Die Wahrnehmung des Kaisers in den Provinzen des Reiches und Nachbarstaaten. Tagung Mainz 2006 (Wiesbaden 2008) 121-140.<\/p>\n<p>(zusammen mit H. L\u00f6hr) Ein neues Milit\u00e4rlager auf dem Petrisberg bei Trier, in: M. Paz Garc\u00eda Bellido \u2013 A. Mostalac \u2013 A. Jim\u00e9nez (Hrsg.), Del <em>imperium<\/em> de Pompeyo a la <em>auctoritas<\/em> de Augusto. Homenaje a Michael Grant, Anejos AEspA 47 (Madrid 2008) 141-150.<\/p>\n<p>Sieg in den Bergen. Die augusteische Expansion in Kantabrien, in: 2000 Jahre Varusschlacht: Imperium (Stuttgart 2009) 87-90.<\/p>\n<p>Studien zur Ikonographie des Pompeius Magnus \u2013 die numismatischen und glyptischen Quellen, Jahrbuch des Deutschen Arch\u00e4ologischen Instituts 123, 2008, 101-170.<\/p>\n<p><span lang=\"en-US\" xml:lang=\"en-US\">Augusta Treverorum \u2013 D\u00e9buts et d\u00e9veloppement d\u00b4une m\u00e9tropole, in: Simulacra Romae II. <\/span><span lang=\"en-US\" xml:lang=\"en-US\">Rome, les capitals de province et la creation d\u00b4un espace commun europ\u00e9en. Kongress Reims (Reims 2010) 195-200.<\/span><\/p>\n<p lang=\"en-US\" xml:lang=\"en-US\"><span lang=\"en-US\" xml:lang=\"en-US\">Batalla y triunfo: Los relieves hist\u00f3ricos de la colecci\u00f3n del primer Duque de Alcal\u00e1, in: <\/span><span lang=\"fr-FR\" xml:lang=\"fr-FR\">Actas de la VI reuni\u00f3n sobre escultura romana en Hispania. Kongress Seg\u00f3briga<\/span> (Murcia 2010) 27-44.<\/p>\n<p>Der Caesar Farnese und das Traiansforum, Arch\u00e4ologischer Anzeiger 2010, 61-76.<\/p>\n<p>Ein neues Relief mit Kampfszenen aus Trier, in: T. Nogales \u2013 I. Rod\u00e0 (Hrsg.), Roma y las provincias: modelo y difusi\u00f3n I (Rom 2011) 241-249.<\/p>\n<p>\u00bfAntiguo o moderno? \u2013 La \u00e9poca de los Antoninos y el siglo XVI: un esp\u00edritu art\u00edstico com\u00fan con 1400 a\u00f1os de intervalo, in: M. Claveria (Hrsg.), Antiguo o moderno. Encuadre de la escultura de estilo cl\u00e1sico en su per\u00edodo correspondiente (Barcelona 2013) 37-48.<\/p>\n<p>Novedades de la Colecci\u00f3n de los Duques de Alcal\u00e1 y de Medinaceli, in\u00a0: Actas de la VII reuni\u00f3n sobre escultura romana en Hispania. Kongress Santiago de Compostela, Homenaje al Prof. Dr. Alberto Balil (Santiago de Compostela 2013) 79-88.<\/p>\n<p>(zusammen mit J.M. Abascal und R. Cebri\u00e1n) Vom keltiberischen <em>oppidum<\/em> zum r\u00f6mischen <em>municipium<\/em>: Arch\u00e4ologische Forschungen in Segobriga (Castilla-La Mancha), in: S. Panzram (Hrsg.), St\u00e4dte in Spanien. Moderne Urbanit\u00e4t seit 2000 Jahren (Mainz 2014) 45-56.<\/p>\n<p><em>In fastigio posita signa, sed propter altitudinem loci minus celebrata<\/em>. Bemerkungen zu Giebel- und Akroterskulpturen stadtr\u00f6mischer Bauten, Jahreshefte des \u00d6sterreichischen Arch\u00e4ologischen Institutes 83, 2014, 281-313.<\/p>\n<p>Fragmente r\u00f6mischer Grabbauten aus Segobriga und Augusta Emerita, Madrider Mitteilungen 56, 2015, 326-341.<\/p>\n<p>La decoraci\u00f3n arquitect\u00f3nica de los monumentos funerarios desaparecidos, in: R. Cebri\u00e1n \u2013 I. Hortelano (Hrsg.), La necr\u00f3polis noroccidental de Segobriga (Saelices, Hispania Citerior): Arquitectura funeraria, organizaci\u00f3n espacial y cronolog\u00eda. Segobriga VI (Cuenca 2016) 167-178.<\/p>\n<p>Das Bildnis des Pompeius auf M\u00fcnzen des Q. Nasidius, in: H. Schwarzer \u2013 H.H. Nieswandt (Hrsg.), \u201eMan kann es sich nicht pr\u00e4chtig genug vorstellen!\u201c, FS Dieter Salzmann I (Marsberg 2016) 193-198.<\/p>\n<p>La tradici\u00f3n iconogr\u00e1fica de Cicer\u00f3n y de Julio C\u00e9sar en la Edad Moderna: a prop\u00f3sito de tres retratos escult\u00f3ricos en el Museo del Prado, in: M. Claveria (Hrsg.), Viri Antiqui, Sevilla 2017, 223-236.<\/p>\n<p>(zusammen mit Philipp Gro\u00df) Suburbium und Stadterweiterung: Bemerkungen zu Ober- und Unterstadt von Los Ba\u00f1ales (Uncastillo, Zaragoza), in: S. Panzram (Hrsg.), Oppidum \u2013 Civitas \u2013 Urbs. St\u00e4dteforschung auf der Iberischen Halbinsel zwischen Rom und Al-Andalus (Berlin 2017) 723-738.<\/p>\n<p>Cabezas de Atenas en el Museo Arqueol\u00f3gico Nacional de Madrid, in: Actas de la VIII Reuni\u00f3n de escultura romana en Hispania (C\u00f3rdoba 2018) 139-155.<\/p>\n<p>Spanische Landeskunde zur Zeit Philipps II, in: D. Boschung \u2013 A. Sch\u00e4fer (Hrsg.), Monumenta illustrata. Raumwissen und antiquarische Gelehrsamkeit, K\u00f6ln 2017, 91-108.<\/p>\n<p>Ein J\u00fcnglingskopf des Strengen Stils im Arch\u00e4ologischen Nationalmuseum von Madrid, in: Argonautica. Festschrift f\u00fcr Reinhard Stupperich, Boreas Beiheft 12 (Marsberg\/Padberg 2019) 66-72.<\/p>\n<p>Die Dioskurengruppe von der Iuturnaquelle.: Giebelfiguren des metellischen Castortempels auf dem Forum Romanum? Eine Hypothese, in: J. M. Noguera Celdr\u00e1n \u2013 I. L\u00f3pez Garc\u00eda \u2013 L. Baena del Alc\u00e1zar (Hrsg.), Satyrica signa. Estudios de Arqueolog\u00eda Cl\u00e1sica en Homenaje al Profesor Pedro Rodr\u00edguez Oliva (Granada 2020) 247-258.<\/p>\n<p>Ein Schritt zur\u00fcck: Octavian und Otto Brendels \u203aTypus B\u2039, in: J. Lang \u2013 C. Marcks-Jacobs (Hrsg.), Arbeit am Bildnis. Festschrift f\u00fcr Dietrich Boschung (Regensburg 2021) 365-376.<\/p>\n<p><strong>Rezensionen<\/strong><\/p>\n<p>R. Schenk, Der korinthische Tempel bis zum Ende des Prinzipats des Augustus, Gnomon 73, 2001, 159-164.<\/p>\n<p>Un prince de la Renaissance: Pierre-Ernest de Mansfeld (1517-1604), Kunstchronik Juli 2008, 339-342 (zusammen mit A. Tacke).<\/p>\n<p>Un prince de la Renaissance: Pierre-Ernest de Mansfeld (1517-1604), Kunstchronik Juli 2008, 339-342 (zusammen mit A. Tacke).<\/p>\n<p>F. Teichner, Entre tierra y mar. Zwischen Land und Meer. Architektur und Wirtschaftsweise l\u00e4ndlicher Siedlungspl\u00e4tze im S\u00fcden der r\u00f6mischen Provinz Lusitanien, Studia Lusitania 5 (M\u00e9rida 2008), BJb 207, 2007 (2009), 447-449.<\/p>","protected":false},"excerpt":{"rendered":"<p>Prof. Dr. Markus Trunk Universit\u00e4t Trier Fachbereich III \u2013 Klassische Arch\u00e4ologie D-54286 Trier T. +49 651 201 2428 F. +49 651 201 3926 trunk@uni-trier.de Studium \u2014 WS 1980\/81 &#8211; SS 1989 Westf\u00e4lische Wilhelms-Universit\u00e4t, M\u00fcnster Hauptfach: Klassische Arch\u00e4ologie Nebenf\u00e4cher: Alte Geschichte Ur- und Fr\u00fchgeschichte \u2014 01.08. &#8211; 30.10.1987 DAAD-Stipendium in Rom \u2014 28.06.1989 Tag des Rigorosums, &hellip; <a href=\"http:\/\/www.toletum-network.com\/es\/teilnehmer\/prof-dr-markus-trunk\/\" class=\"more-link\">Continuar leyendo<span class=\"screen-reader-text\"> \u00abProf. Dr. Markus Trunk\u00bb<\/span><\/a><\/p>\n","protected":false},"author":7,"featured_media":0,"parent":18,"menu_order":0,"comment_status":"closed","ping_status":"closed","template":"","meta":{"jetpack_post_was_ever_published":false,"footnotes":""},"class_list":["post-1301","page","type-page","status-publish","hentry"],"jetpack_sharing_enabled":true,"jetpack_shortlink":"https:\/\/wp.me\/P82TDz-kZ","_links":{"self":[{"href":"http:\/\/www.toletum-network.com\/es\/wp-json\/wp\/v2\/pages\/1301","targetHints":{"allow":["GET"]}}],"collection":[{"href":"http:\/\/www.toletum-network.com\/es\/wp-json\/wp\/v2\/pages"}],"about":[{"href":"http:\/\/www.toletum-network.com\/es\/wp-json\/wp\/v2\/types\/page"}],"author":[{"embeddable":true,"href":"http:\/\/www.toletum-network.com\/es\/wp-json\/wp\/v2\/users\/7"}],"replies":[{"embeddable":true,"href":"http:\/\/www.toletum-network.com\/es\/wp-json\/wp\/v2\/comments?post=1301"}],"version-history":[{"count":13,"href":"http:\/\/www.toletum-network.com\/es\/wp-json\/wp\/v2\/pages\/1301\/revisions"}],"predecessor-version":[{"id":15080,"href":"http:\/\/www.toletum-network.com\/es\/wp-json\/wp\/v2\/pages\/1301\/revisions\/15080"}],"up":[{"embeddable":true,"href":"http:\/\/www.toletum-network.com\/es\/wp-json\/wp\/v2\/pages\/18"}],"wp:attachment":[{"href":"http:\/\/www.toletum-network.com\/es\/wp-json\/wp\/v2\/media?parent=1301"}],"curies":[{"name":"wp","href":"https:\/\/api.w.org\/{rel}","templated":true}]}}