{"id":1283,"date":"2016-09-05T10:22:18","date_gmt":"2016-09-05T10:22:18","guid":{"rendered":"http:\/\/www.toletum-network.com\/?page_id=1283"},"modified":"2020-11-18T11:10:40","modified_gmt":"2020-11-18T09:10:40","slug":"dr-fedor-schlimbach","status":"publish","type":"page","link":"http:\/\/www.toletum-network.com\/es\/teilnehmer\/dr-fedor-schlimbach\/","title":{"rendered":"Dr. Fedor Schlimbach"},"content":{"rendered":"<p class=\"entry-title\"><img loading=\"lazy\" decoding=\"async\" class=\"alignnone size-full wp-image-1286\" src=\"http:\/\/www.toletum-network.com\/wp-content\/uploads\/2016\/09\/schlimbach.jpg\" alt=\"schlimbach\" width=\"278\" height=\"254\" \/><\/p>\n<h3 class=\"entry-title\">Dr. Fedor Schlimbach<\/h3>\n<div class=\"entry-content\">\n<p>Georg-August-Universit\u00e4t G\u00f6ttingen<br \/>\nPhilosophische Fakult\u00e4t<br \/>\nChristliche Arch\u00e4ologie und Byzantinische Kunstgeschichte<br \/>\nNikolausberger Weg 15<br \/>\nD-37073 G\u00f6ttingen<br \/>\n<a href=\"mailto:fedor.schlimbach@freenet.de\">fedor.schlimbach@freenet.de<\/a><\/p>\n<hr \/>\n<h5>Lebenslauf<\/h5>\n<p><span style=\"color: #999999;\">\u2014 1976<\/span><br \/>\ngeboren in Wiesbaden<\/p>\n<p><span style=\"color: #999999;\">\u2014 1995<\/span><br \/>\nErwerb der Allgemeinen Hochschulreife in Wiesbaden<\/p>\n<p><span style=\"color: #999999;\">\u2014 1995 \u2013 1996<\/span><br \/>\nWehrdienst bei RakArtLehrBtl 52 und Drohnenlehrbatterie 300 in Idar-Oberstein.<\/p>\n<p><span style=\"color: #999999;\">\u2014 1996 \u2013 2004<\/span><br \/>\nMagisterstudium der Christlichen Arch\u00e4ologie und Byzantinischen Kunstgeschichte, Kunstgeschichte und Klassischen Arch\u00e4ologie an der Johannes Gutenberg-Universit\u00e4t Mainz, an der Universit\u00e9 de Bourgogne in Dijon und an der Georg-August-Universit\u00e4t G\u00f6ttingen. Abschlu\u00df mit der Magisterarbeit \u00abDie Ermita de Nuestra Se\u00f1ora de Pe\u00f1alba bei Arnedillo (La Rioja)\u00bb.<\/p>\n<p><span style=\"color: #999999;\">\u2014 2004 \u2013 2008<\/span><br \/>\nPromotionsstudium in G\u00f6ttingen. Dissertation \u00abSan Juan de Ba\u00f1os und der westgotenzeitliche Kirchenbau\u00bb (eingereicht im September 2008), Promotion im April 2009.<br \/>\n2005 und 2006 au\u00dferdem Mitarbeit in Al-Andarin (DFG-gef\u00f6rdertes Grabungsprojekt der Universit\u00e4t Heidelberg), und zwar an der Ausgrabung des byzantinischen Wohnhauses.<\/p>\n<p><span style=\"color: #999999;\">\u2014 2008 \u2013 2012<\/span><br \/>\nVon Oktober 2008 bis September 2012 Assistent am Institut f\u00fcr Byzantinische Arch\u00e4ologie und Kunstgeschichte an der Ruprecht-Karls-Universit\u00e4t Heidelberg.<\/p>\n<p><span style=\"color: #999999;\">\u2014 Seit 2010<\/span><br \/>\nGrabungsleiter der Ausgrabungen an der Hauptkirche in al-Andarin in Syrien (DFG-gef\u00f6rdertes Projekt der Universit\u00e4t Heidelberg).<\/p>\n<p><span style=\"color: #999999;\">\u2014 2012 &#8211; 2016<\/span><br \/>\nVon September 2012 bis Oktober 2016 Referent am DAI, Abteilung Madrid. Seit 2013 Leiter des Projektes &#8216;Der Fundplatz &#8216;La Losilla&#8217; bei A\u00f1ora (C\u00f3rdoba): Eine sp\u00e4tantike Kirche im l\u00e4ndlichen Bereich der <em>Baetica&#8217;<\/em>.<\/p>\n<p><span style=\"color: #999999;\">\u2014 2016 \u2013 2017<\/span><br \/>\nVom 17. Oktober 2016 bis 17. Oktober 2017 in Elternzeit.<\/p>\n<p><span style=\"color: #999999;\">\u2014 2018 \u2013 2019<\/span><br \/>\nVon April bis Juli 2018 wissenschaftlicher Mitarbeiter am Institut f\u00fcr Christliche Arch\u00e4ologie und Byzantinische Kunstgeschichte an der Philipps-Universit\u00e4t Marburg.<\/p>\n<p>Seit August 2018 wissenschaftlicher Mitarbeiter am Institut f\u00fcr Christliche Arch\u00e4ologie und Byzantinische Kunstgeschichte an der Georg-August-Universit\u00e4t G\u00f6ttingen: Eigenes Forschungsprojekt \u201eDas Christentum an neuen Pl\u00e4tzen. Zur Ausbildung neuer Siedlungsstrukturen im l\u00e4ndlichen Bereich der Baetica im 6. Jh.\u201c, F\u00f6rderung durch das Bundesministerium f\u00fcr Bildung und Forschung (BMBF) im Rahmen des Programmes \u201eKleine F\u00e4cher \u2013 Gro\u00dfe Potenziale\u201c (s. u. unter \u201aForschungsprojekte\u2018).<\/p>\n<hr \/>\n<h5><strong>Publikationen<\/strong><\/h5>\n<ul>\n<li>Nike auf einer Nolanischen Amphora, in: Klaus Junker (Hrsg.), Aus Mythos und Lebenswelt. Griechische Vasen aus der Sammlung der Universit\u00e4t Mainz, Worms 1999, 60\u201362.<\/li>\n<li>Die Ermita de Nuestra Se\u00f1ora de Pe\u00f1alba bei Arnedillo (La Rioja), in: Madrider Mitteilungen 47, 2006, 253\u2013284 und Taf. 28\u201333.<\/li>\n<li>San Rom\u00e1n de Hornija, Chindasvinth und Reciberga. Zur westgotischen Gr\u00fcndung des Klosters in der Tierra de Campos, in: Anales de Arqueolog\u00eda Cordobesa\u00a020, 2009, 349\u2013378.<\/li>\n<li>Byzantinische Einfl\u00fcsse auf den westgotenzeitlichen Kirchenbau in Hispanien? Bemerkungen zur Herleitung der Motive innerhalb der Baudekoration von Santa Mar\u00eda de Quintanilla de las Vi\u00f1as (Burgos) im Streit zwischen <em>Visigotistas<\/em> und <em>Mozarabistas<\/em>, in: Michael Altripp (Hrsg.), Byzanz in Europa. Europas \u00f6stliches Erbe. Akten des Kolloquiums \u201aByzanz in Europa\u2018 vom 11. bis 15. Dezember 2007 in Greifswald (Turnhout 2011), 184-243.<\/li>\n<li>San Juan de Ba\u00f1os und der Kirchenbau im westgotischen K\u00f6nigreich von Toledo. Iberia Archaeologica 17, Darmstadt 2014.<\/li>\n<li>San Rom\u00e1n de Hornija, Chindasvinth und Reciberga. Zur westgotischen Gr\u00fcndung des Klosters in der <em>Tierra de Campos<\/em>, in: Anales de Arqueolog\u00eda Cordobesa 20, 2009, 349-378.<\/li>\n<li>San Juan de Ba\u00f1os und der Kirchenbau im westgotischen K\u00f6nigreich von Toledo. Iberia Archaeologica\u00a017, Darmstadt\u00a02014.<\/li>\n<li>Der Fundplatz \u201aLa Losilla\u2018 bei A\u00f1ora (C\u00f3rdoba) \u2013 eine sp\u00e4tantike Kirche im l\u00e4ndlichen Bereich der Baetica. Die Arbeiten des Jahres 2013, in: e-Forschungsberichte des DAI\u00a02014, Faszikel\u00a03 [urn:nbn:de:0048-DAI-EDAI-F.2014-3-0], 82\u201384.<\/li>\n<li>Die sogenannte \u201eKrypta\u201c im sp\u00e4tantiken Kuppelraum von Centcelles bei Tarragona, in: Der Kuppelbau von Centcelles. Neue Forschungen zu einem enigmatischen Monument von Weltrang. Iberia Archaeologica 21, T\u00fcbingen 2015, 65-79.<\/li>\n<li>Der Fundplatz \u201aLa Losilla\u2018 bei A\u00f1ora (C\u00f3rdoba) \u2013 eine sp\u00e4tantike Kirche im l\u00e4ndlichen Bereich der Baetica. Die Arbeiten des Jahres 2014, in: e-Forschungsberichte des DAI\u00a02015, Faszikel\u00a02 [urn:nbn:de:0048-DAI-EDAI-F.2015-2-20-0], 87\u201389.<\/li>\n<li>Die Basilika San Juan Bautista in Ba\u00f1os de Cerrato (Palencia) und die \u201awestgotischen Quaderbauten\u2018. Bemerkungen zum aktuellen Forschungsstand, in: J.\u00a0Staebel\u00a0(Hrsg.), Im Schnittpunkt der Kulturen: Architektur und ihre Ausstattung auf der Iberischen Halbinsel im 6.\u00a0\u2013\u00a010.\/11.\u00a0Jahrhundert. Akten der Internationalen Tagung\u00a0(Heidelberg 30.\u00a0Oktober bis 1.\u00a0November 2009), Frankfurt am Main 2016, 537\u2013556.<\/li>\n<li>Der Fundplatz \u201aLa Losilla\u2018 bei A\u00f1ora (C\u00f3rdoba) \u2013 eine sp\u00e4tantike Kirche im l\u00e4ndlichen Bereich der Baetica. Die Arbeiten des Jahres 2015, in: e-Forschungsberichte des DAI\u00a02016, Faszikel\u00a03 [urn:nbn:de:0048-DAI-EDAI-F.2016-3-27-9], 161\u2013168.<\/li>\n<li>Die Kapitelle in Reccesvinths Basilika. Zur Verwendung von Spolien im 7.\u00a0Jh., in: S.\u00a0Panz-ram\u00a0(Hrsg.): Oppidum \u2013 civitas \u2013 urbs. St\u00e4dteforschung auf der Iberischen Halbinsel zwischen Rom und al-Andalus. Geschichte und Kultur der Iberischen Welt\u00a013, Berlin \u2013 M\u00fcnster\u00a02017, 519\u2013534.<\/li>\n<li>Der Fundplatz \u201aLa Losilla\u2018 bei A\u00f1ora (C\u00f3rdoba) \u2013 eine sp\u00e4tantike Kirche im l\u00e4ndlichen Bereich der Baetica. Die Arbeiten des Jahres 2016, in: e-Forschungsberichte des DAI\u00a02017, Faszikel\u00a01 [urn:nbn:de:0048-journals.efb-2017-1-p119-127-v6103.8], 119\u2013127.<\/li>\n<li>Der sp\u00e4tantike Fundplatz \u201aLa Losilla\u2018 bei A\u00f1ora (C\u00f3rdoba). Neue Forschungen 2013 und 2014, in: M.\u00a0Perlines Benito \u2013 P.\u00a0Hevia G\u00f3mez (Hrsg.), La Meseta Sur entre la Tard\u00eda Antig\u00fcedad y la Alta Edad Media, Madrid\u00a02018, 303\u2013311.<\/li>\n<li>Neue Forschungen in al-Andar\u012bn: Das Ensemble der \u201aHauptkirche\u2018 von Androna. Mit einem Beitrag von Nadine Viermann zu den Inschriften-Neufunden der Kampagne 2010, Heidelberg 2020.<\/li>\n<\/ul>\n<\/div>\n","protected":false},"excerpt":{"rendered":"<p>Dr. Fedor Schlimbach Georg-August-Universit\u00e4t G\u00f6ttingen Philosophische Fakult\u00e4t Christliche Arch\u00e4ologie und Byzantinische Kunstgeschichte Nikolausberger Weg 15 D-37073 G\u00f6ttingen fedor.schlimbach@freenet.de Lebenslauf \u2014 1976 geboren in Wiesbaden \u2014 1995 Erwerb der Allgemeinen Hochschulreife in Wiesbaden \u2014 1995 \u2013 1996 Wehrdienst bei RakArtLehrBtl 52 und Drohnenlehrbatterie 300 in Idar-Oberstein. \u2014 1996 \u2013 2004 Magisterstudium der Christlichen Arch\u00e4ologie und Byzantinischen &hellip; <a href=\"http:\/\/www.toletum-network.com\/es\/teilnehmer\/dr-fedor-schlimbach\/\" class=\"more-link\">Continuar leyendo<span class=\"screen-reader-text\"> \u00abDr. Fedor Schlimbach\u00bb<\/span><\/a><\/p>\n","protected":false},"author":7,"featured_media":0,"parent":18,"menu_order":0,"comment_status":"closed","ping_status":"closed","template":"","meta":{"jetpack_post_was_ever_published":false,"footnotes":""},"class_list":["post-1283","page","type-page","status-publish","hentry"],"jetpack_sharing_enabled":true,"jetpack_shortlink":"https:\/\/wp.me\/P82TDz-kH","_links":{"self":[{"href":"http:\/\/www.toletum-network.com\/es\/wp-json\/wp\/v2\/pages\/1283","targetHints":{"allow":["GET"]}}],"collection":[{"href":"http:\/\/www.toletum-network.com\/es\/wp-json\/wp\/v2\/pages"}],"about":[{"href":"http:\/\/www.toletum-network.com\/es\/wp-json\/wp\/v2\/types\/page"}],"author":[{"embeddable":true,"href":"http:\/\/www.toletum-network.com\/es\/wp-json\/wp\/v2\/users\/7"}],"replies":[{"embeddable":true,"href":"http:\/\/www.toletum-network.com\/es\/wp-json\/wp\/v2\/comments?post=1283"}],"version-history":[{"count":21,"href":"http:\/\/www.toletum-network.com\/es\/wp-json\/wp\/v2\/pages\/1283\/revisions"}],"predecessor-version":[{"id":14142,"href":"http:\/\/www.toletum-network.com\/es\/wp-json\/wp\/v2\/pages\/1283\/revisions\/14142"}],"up":[{"embeddable":true,"href":"http:\/\/www.toletum-network.com\/es\/wp-json\/wp\/v2\/pages\/18"}],"wp:attachment":[{"href":"http:\/\/www.toletum-network.com\/es\/wp-json\/wp\/v2\/media?parent=1283"}],"curies":[{"name":"wp","href":"https:\/\/api.w.org\/{rel}","templated":true}]}}