{"id":1273,"date":"2016-09-05T10:04:51","date_gmt":"2016-09-05T10:04:51","guid":{"rendered":"http:\/\/www.toletum-network.com\/?page_id=1273"},"modified":"2020-11-18T11:14:47","modified_gmt":"2020-11-18T09:14:47","slug":"dr-nicole-roring","status":"publish","type":"page","link":"http:\/\/www.toletum-network.com\/es\/teilnehmer\/dr-nicole-roring\/","title":{"rendered":"Dr. Nicole R\u00f6ring"},"content":{"rendered":"<p><img loading=\"lazy\" decoding=\"async\" class=\"alignnone wp-image-1274\" src=\"http:\/\/www.toletum-network.com\/wp-content\/uploads\/2016\/09\/roering-kl.jpg\" alt=\"roering-kl\" width=\"165\" height=\"219\" \/><\/p>\n<h3 class=\"entry-title\">Dr. Nicole R\u00f6ring<\/h3>\n<div class=\"entry-content\">\n<p>architekturb\u00fcro<br \/>\nM E M V I E R<br \/>\ndenkmalpflege &amp; bauforschung<\/p>\n<p>dr.-ing. nicole r\u00f6ring<br \/>\nmemmelsdorfer stra\u00dfe 4<br \/>\nd-96052 bamberg<\/p>\n<p><strong>t.<\/strong> +49 951 64312<br \/>\nf<strong>.<\/strong> +49 951 9328028<br \/>\n<a href=\"mailto:nicoleroering@memvier.de\">nicoleroering@memvier.de<\/a><\/p>\n<div><strong>Habilitationsprojekt: <a href=\"http:\/\/www.toletum-network.com\/wp-content\/uploads\/2016\/09\/R\u00f6ring-Bauhistorische-Untersuchungen-Theater-und-sog.-Marmorforum-M\u00e9rida.pdf\">Bauhistorische Untersuchungen &#8211; Theater und sog. Marmorforum, M\u00e9rida<\/a><\/strong><\/div>\n<div><strong><strong><br \/>\n<\/strong><\/strong><\/p>\n<hr \/>\n<h5>\u00a0Studium<\/h5>\n<\/div>\n<div class=\"entry-content\">\n<div><span style=\"color: #999999;\">\u2014 1992 &#8211; 1999<\/span><br \/>\nStudium der Architektur an der BTU Cottbus, Diplomthema: \u00abForschungseinrichtung in Marib\/Jemen\u00bb, Prof. Inken Baller<\/div>\n<div><\/div>\n<div><span style=\"color: #999999;\">\u2014 2006<\/span><br \/>\nPromotion zum Dr.-Ing. an der BTU Cottbus:\u00bbBauhistorische Untersuchungen am Almaqah-Heiligtum von Sirwah. Vom Kultplatz zum Heiligtum\u00bb, LS Baugeschichte Prof. Adolf Hoffmann<\/p>\n<hr \/>\n<h5>Forschungen und T\u00e4tigkeiten<\/h5>\n<\/div>\n<div class=\"entry-content\">\n<div><span style=\"color: #999999;\">\u2014 1999<\/span><br \/>\nwissenschaftliche Hilfskraft der Universit\u00e4t K\u00f6ln:Bauaufnahme beim Survey in Ashraffiye\/Jordanien<\/div>\n<div><\/div>\n<div><span style=\"color: #999999;\">\u2014 1999 &#8211; 2006<\/span><br \/>\nwissenschaftliche Hilfskraft des DAI, Orientabteilung\/Au\u00dfenstelle Sanaa: Bauaufnahme am Jabal al-&#8216;Awd, Leitung der Bauaufnahme am Friedhof des Awam-Tempels und Rekonstruktion der Gr\u00e4ber, Leitung der Bauaufnahme des Almaqah-Heiligtums in Sirwah, Bauaufnahme und Dokumentation des Wasserwirtschaftsbaus im Wadi \u011eufaina in Marib<\/div>\n<div><\/div>\n<div><span style=\"color: #999999;\">\u2014 2000<\/span><br \/>\ndreij\u00e4hriges Fortbildungsstipendium des DAI Berlin<\/div>\n<div><\/div>\n<div><span style=\"color: #999999;\">\u2014 2000 &#8211; 2006<\/span><br \/>\nKurzzeitexpertin der Deutschen Gesellschaft f\u00fcr Technische Zusammenarbeit (GTZ) GmbH: Leitung der Bauaufnahme und Bauleitung bei den Konsolidierungsarbeiten des Bar`an-Tempels in Marib\/Jemen, LPH 1\u20139, Bauleitung des Magazins in Marib\/Jemen, LPH 7\u20139, Leitung der Bauaufnahme sowie Bauleitung bei den Konsolidierungsarbeiten des Gro\u00dfen Damms von Marib\/Jemen, LPH 1\u20139<\/div>\n<div><\/div>\n<div><span style=\"color: #999999;\">\u2014 2005<\/span><br \/>\nwissenschaftliche Hilfskraft des DAI, Kommission f\u00fcr Arch\u00e4ologie Au\u00dfereurop\u00e4ischer Kulturen (KAAK) Bonn: Leitung der Bauaufnahme der Gro\u00dfen Anlage sowie begleitende Konsolidierungsarbeiten und Schadenskartierung am L\u00f6wen-Tempel von Musawwarat es Sufra\/Sudan<\/div>\n<div><\/div>\n<div><span style=\"color: #999999;\">\u2014 2005\/06<\/span><br \/>\nwissenschaftliche Mitarbeiterin der Universit\u00e4t W\u00fcrzburg, Survey in Kastabos und in Bybassos\/T\u00fcrkei (DFG \u2013 SPP 1209): Leitung der Architekturdokumentation mehrer Besiedlungsh\u00fcgel sowie des Hemithea-Heiligtums in Kastosab<\/div>\n<div><\/div>\n<div><span style=\"color: #999999;\">\u2014 2005 &#8211; 2010<\/span><br \/>\nLeitung der Bauaufnahmekampagnen, Dokumentation des R\u00f6mischen Theaters und des \u203aMarmorforums\u2039 in M\u00e9rida\/Spanien<\/div>\n<div><\/div>\n<div><span style=\"color: #999999;\">\u2014 2007 &#8211; 2010<\/span><br \/>\nAuslandsstipendiatin des DAI\/Abteilung Madrid<\/div>\n<div><\/div>\n<div><span style=\"color: #999999;\">\u2014 seit 2005<\/span><br \/>\nSelbst\u00e4ndige Mitarbeiterin im B\u00fcro M E M V I E R:<\/div>\n<div>Bauaufma\u00df und Bauforschung<\/div>\n<div>&#8211; am Schloss Zinzendorf in Berthelsdorf\/Oberlausitz, Schloss Birnbaum\/Mittelfranken, Schloss Frankenberg\/Mittelfranken, Brander M\u00fchle Eckenthal\/Mittelfranken, Zehntscheune in Schl\u00fcsselfeld\/Oberfranken<\/div>\n<div>&#8211; der j\u00fcdischen Friedh\u00f6fe in Schopfloch\/Mittelfranken, Bechhofen\/Mittelfrankenund Pappenheim\/Mittelfranken,<\/div>\n<div>&#8211; der Friedenskirche (ehem. St. Nikolaikirche), Frankfurt (Oder)\/Brandenburg, des Turms der Oberen Pfarre Bamberg\/Oberfranken<\/div>\n<div>\n<p>&#8211; Koleitung der Bauaufnahmekampagne und Dokumentation des R\u00f6mischen Amphitheaters in Carnuntum\/\u00d6sterreich<\/p>\n<hr \/>\n<\/div>\n<h5><strong>Lehre<\/strong><\/h5>\n<div><span style=\"color: #999999;\">\u2014 SS 2002<\/span><br \/>\nLehrbeauftragte der BTU Cottbus im Fach Baugeschichte:<\/div>\n<div>Betreuung zweier Bauaufnahme\u00fcbungen und ein Seminar:<\/div>\n<div>\u00abOriente Lux \u2013 die Architektur Arabiens\u00bb<\/div>\n<div><\/div>\n<div><span style=\"color: #999999;\">\u2014 WS 2003\/04<\/span><br \/>\nGastvortrag an der HU Berlin, Winckelmann-Institut, Seminar f\u00fcr klassische Arch\u00e4ologie, \u00abMuseumsbauten \u2013 Entwurf und Konzeption\u00bb<\/div>\n<div><\/div>\n<div><span style=\"color: #999999;\">\u2014 SS 2005<\/span><br \/>\nGastvortrag an der HU Berlin, Winckelmann-Institut, Seminar f\u00fcr klassische Arch\u00e4ologie, \u00abRekonstruktionen heute \u2013 Darstellungsmethoden und -werkzeuge\u00bb<\/div>\n<div><\/div>\n<div><span style=\"color: #999999;\">\u2014 SS 2006<\/span><br \/>\nWissenschaftliche Mitarbeiterin an der BTU Cottbus, am Lehrstuhl Baugeschichte, Blockseminar f\u00fcr den Masterstudiengang Bauen und Erhalten: \u00abBauaufnahme und Photogrammetrie eines Spreewaldhauses in Burg\u00bb; Unterstufenseminar: \u00abTextilstadt Cottbus\u00bb; Betreuung der Bauaufnahme\u00fcbung<\/div>\n<div><\/div>\n<div><span style=\"color: #999999;\">\u2014 WS 2007\/08<\/span><br \/>\nSeminarvortrag an der Universit\u00e4t Aut\u00f3noma Madrid, \u00abIII Jornadas del Instituto Arqueol\u00f3gico Alem\u00e1n y la Universidad Aut\u00f3noma de Madrid\u00bb, Thema: \u00abEl &#8216;Foro de M\u00e1rmol&#8217; de Emerita Augusta: estudios de su arquitectura\u00bb.<\/div>\n<div><\/div>\n<div><span style=\"color: #999999;\">\u2014 SS 2011<\/span><br \/>\nWissenschaftliche Mitarbeiterin, TU M\u00fcnchen, Lehrstuhl f\u00fcr Baugeschichte, Historische Bauforschung und Denkmalpflege, Vertretung von Prof. Dr.-Ing. M. Schuller f\u00fcr die Vorlesung Stadtbaugeschichte<\/div>\n<div><\/div>\n<div><span style=\"color: #999999;\">\u2014 SS 2012<\/span><br \/>\nLehrbeauftragte der HBC. Hochschule Biberach \u2013 University of Applied Sciences, Vertretung der Baugeschichtevorlesung f\u00fcr Prof. Dr. S. Traber, Lehrstuhl Baugeschichte und Architekturtheorie<\/div>\n<div><\/div>\n<div><span style=\"color: #999999;\">\u2014 SS 2012<\/span><br \/>\nWissenschaftliche Mitarbeiterin, Lehrstuhl f\u00fcr Baugeschichte, Historische Bauforschung und Denkmalpflege an der TU M\u00fcnchen; Betreuung des Workshops Building Archaeology<\/p>\n<hr \/>\n<h5><strong>Schriftenverzeichnis<\/strong><\/h5>\n<\/div>\n<div>\n<p><strong>Monographien<\/strong><\/p>\n<p>B. Vogt \u2013 W. Herberg \u2013 N. R\u00f6ring, \u201eArsh Bilqis\u201c \u2013 Der Tempel des Almaqah von Bar`an in Marib, \u201eArsh Bilqis\u201c \u2013 The Temple of Almaqah of Bar`an in Marib, Sanaa (2000).<\/p>\n<p>N. R\u00f6ring, Bauhistorische Untersuchungen am Almaqah-Heiligtum von Sirwah. Vom Kultplatz zum Heiligtum, Onlinepublikation an der Brandenburgischen Technischen Universit\u00e4t Cottbus (2007): <a href=\"http:\/\/opus.kobv.de\/btu\/volltexte\/2007\/95\/index.html\">http:\/\/opus.kobv.de\/btu\/volltexte\/2007\/95\/index.html<\/a>.<\/p>\n<p>N. R\u00f6ring, Bauhistorische Untersuchungen am Almaqah-Heiligtum von Sirwah. Im Land der K\u00f6nigin von Saba. Vom Kultplatz zum Heiligtum (2008).<\/p>\n<p><strong>Aufs\u00e4tze<\/strong><\/p>\n<p>N. R\u00f6ring, Grabbauten im Friedhof des Awam-Tempels als Beispiele sab\u00e4ischer Sepulkralarchitektur, in: Arch\u00e4ologische Berichte aus dem Yemen 9 (ABADY 9), 2002, 93\u2013115.<\/p>\n<p>N. R\u00f6ring, Die architektonische Inszenierung des Kultes im Almaqah-Heiligtum von Sirwah, in: Koldewey-Gesellschaft, Bericht \u00fcber die 42. Tagung f\u00fcr Ausgrabungswissenschaft und Bauforschung, M\u00fcnchen 2002. (2004) 233\u2013239.<\/p>\n<p>N. R\u00f6ring, Heiligtum der sab\u00e4ischen Vereiniger \u2013 Politische Macht in einem peripheren Ort, in: E.-L. Schwandner \u2013 K. Rheidt (Hrsg.), Architektur der Macht \u2013 Macht der Architektur, Diskussionen zur Arch\u00e4ologischen Bauforschung 8 (DiskAB 8), 2004, 55\u201362.<\/p>\n<p>N. R\u00f6ring, The fa\u00e7ades of the monumental tombs at Marib and their relation to South Arabian sacred architecture, in: ABADY 10, 2005, 153\u2013160.<\/p>\n<p>N. R\u00f6ring, Erste Ergebnisse zur bauhistorischen Untersuchung am r\u00f6mischen Theater von M\u00e9rida, in: Koldewey-Gesellschaft, Bericht \u00fcber die 45. Tagung f\u00fcr Ausgrabungswissenschaft und Bauforschung, Regensburg 2008 (2010) 191\u2013196.<\/p>\n<p>N. R\u00f6ring, Nuevo estudio arquitect\u00f3nico de la fachada esc\u00e9nica del teatro de Augusta Emerita, in: S. F. Ramallo Asensio \u2013 N. R\u00f6ring (Hrsg.), La scaenae frons en la arquitectura teatral romana, Symposio Internacional en Cartagena 12 al 14 marzo de 2009 (2010) 163\u2013172.<\/p>\n<p>N. R\u00f6ring, Estudio arquitect\u00f3nico del edificio: -Planta del edificio y sus fases. -Alzado y reconstrucci\u00f3n del edificio. -Materiales y su ubicaci\u00f3n, in: J. M. \u00c1lvarez Mart\u00ednez \u2013 T. Nogales Basarrate (Hrsg.), Forum Coloniae Augustate Emeritae II. El p\u00f3rtico del foro (im Druck).<\/p>\n<p><strong>In Zusammenarbeit<\/strong><\/p>\n<p>J. Heckes \u2013 A. Hornschuch \u2013 U. Kapp \u2013 N. R\u00f6ring, Digital Photogrammetry \u201eon the Job\u201c. On-Site-Documentation of the Oasis of Sirwah in the Republic of Yemen, in: Proceedings of the ISPRS Commission V Symposium, Close-Range Imaging, Long-Range Imaging XXXIV Teil 5 Kommission V, 2002, 373\u2013378.<\/p>\n<p>B. Vogt \u2013 W. Brettschneider \u2013 U. Brunner \u2013 W. Herberg \u2013 N. R\u00f6ring, Der gro\u00dfe Damm von Marib, Republik Jemen, in: Beitr\u00e4ge zur allgemeinen und vergleichenden Arch\u00e4ologie 23 (BeitrAllgA 23), 2003, 49\u201374.<\/p>\n<p>A. Hornschuch \u2013 N. R\u00f6ring, haptisch \u2013 visuell \u2013 virtuell. Das Zusammenspiel interdisziplin\u00e4rer Methoden der bauforscherischen Dokumentation in Sirwah, in: Von Handaufma\u00df bis High Tech II, Interdisziplin\u00e4res Kolloquium an der BTU Cottbus vom 23. bis 26.02.2005, 2006, 181\u2013189.<\/p>\n<p>B. Marr \u2013 M. Aumer \u2013 N. R\u00f6ring, Schloss Birnbaum \u2013 Die Spuren der Jahrhunderte. Mit einem Beitrag zur Baugeschichte durch die Bauforschung, in: Denkmalpflege Informationen, Ausgabe B, Nr.137, 2007, 31-34.<\/p>\n<p>N. R\u00f6ring \u2013 W. Trillmich, <em>Agrippina<\/em> y la <em>Concordia Augusti. <\/em>Elementos para la interpretaci\u00f3n del \u201eforo provincial\u201c de la <em>Colonia <\/em><em>Augusta Emerita, <\/em>in: T. Nogales Basarrate (Hrsg.) Studia Lusitana, vol. 4: Ciudad y Foro en Lusitania Romana\/Cidade e Foro na Lusit\u00e2nia Romana, 273\u2013284.<\/p>\n<p>Beitrag in: I. Ochs (Hrsg.), V. R\u00f6\u00dfner \u2013 S. Achternkamp \u2013 B. Marr \u2013 P. Turek, Schloss Frankenberg. Baugeschichtliche Untersuchung (2009).<\/p>\n<p><strong>Herausgeberschaften<\/strong><\/p>\n<p>S. F. Ramallo Asensio \u2013 N. R\u00f6ring (Hrsg.), La scaenae frons en la arquitectura teatral romana, Symposio Internacional en Cartagena 12.-14. M\u00e4rz 2009, 2010.<\/p>\n<\/div>\n<\/div>\n<\/div>\n<\/div>\n","protected":false},"excerpt":{"rendered":"<p>Dr. Nicole R\u00f6ring architekturb\u00fcro M E M V I E R denkmalpflege &amp; bauforschung dr.-ing. nicole r\u00f6ring memmelsdorfer stra\u00dfe 4 d-96052 bamberg t. +49 951 64312 f. +49 951 9328028 nicoleroering@memvier.de Habilitationsprojekt: Bauhistorische Untersuchungen &#8211; Theater und sog. Marmorforum, M\u00e9rida \u00a0Studium \u2014 1992 &#8211; 1999 Studium der Architektur an der BTU Cottbus, Diplomthema: \u00abForschungseinrichtung in &hellip; <a href=\"http:\/\/www.toletum-network.com\/es\/teilnehmer\/dr-nicole-roring\/\" class=\"more-link\">Continuar leyendo<span class=\"screen-reader-text\"> \u00abDr. Nicole R\u00f6ring\u00bb<\/span><\/a><\/p>\n","protected":false},"author":7,"featured_media":0,"parent":18,"menu_order":0,"comment_status":"closed","ping_status":"closed","template":"","meta":{"jetpack_post_was_ever_published":false,"footnotes":""},"class_list":["post-1273","page","type-page","status-publish","hentry"],"jetpack_sharing_enabled":true,"jetpack_shortlink":"https:\/\/wp.me\/P82TDz-kx","_links":{"self":[{"href":"http:\/\/www.toletum-network.com\/es\/wp-json\/wp\/v2\/pages\/1273","targetHints":{"allow":["GET"]}}],"collection":[{"href":"http:\/\/www.toletum-network.com\/es\/wp-json\/wp\/v2\/pages"}],"about":[{"href":"http:\/\/www.toletum-network.com\/es\/wp-json\/wp\/v2\/types\/page"}],"author":[{"embeddable":true,"href":"http:\/\/www.toletum-network.com\/es\/wp-json\/wp\/v2\/users\/7"}],"replies":[{"embeddable":true,"href":"http:\/\/www.toletum-network.com\/es\/wp-json\/wp\/v2\/comments?post=1273"}],"version-history":[{"count":34,"href":"http:\/\/www.toletum-network.com\/es\/wp-json\/wp\/v2\/pages\/1273\/revisions"}],"predecessor-version":[{"id":9636,"href":"http:\/\/www.toletum-network.com\/es\/wp-json\/wp\/v2\/pages\/1273\/revisions\/9636"}],"up":[{"embeddable":true,"href":"http:\/\/www.toletum-network.com\/es\/wp-json\/wp\/v2\/pages\/18"}],"wp:attachment":[{"href":"http:\/\/www.toletum-network.com\/es\/wp-json\/wp\/v2\/media?parent=1273"}],"curies":[{"name":"wp","href":"https:\/\/api.w.org\/{rel}","templated":true}]}}