{"id":1260,"date":"2016-09-05T09:21:10","date_gmt":"2016-09-05T09:21:10","guid":{"rendered":"http:\/\/www.toletum-network.com\/?page_id=1260"},"modified":"2020-11-18T11:08:00","modified_gmt":"2020-11-18T09:08:00","slug":"dr-carmen-marcks-jacobs","status":"publish","type":"page","link":"http:\/\/www.toletum-network.com\/es\/teilnehmer\/dr-carmen-marcks-jacobs\/","title":{"rendered":"Dr. Carmen Marcks-Jacobs"},"content":{"rendered":"<p><img loading=\"lazy\" decoding=\"async\" class=\"alignnone size-full wp-image-1261\" src=\"http:\/\/www.toletum-network.com\/wp-content\/uploads\/2016\/09\/Carmen-Marcks-Jacobs-300x225.jpg\" alt=\"Carmen-Marcks-Jacobs-300x225\" width=\"300\" height=\"225\" \/><\/p>\n<h3>Dr. Carmen Marcks-Jacobs<\/h3>\n<p>Humboldt-Universit\u00e4t zu Berlin<br \/>\nBerliner Antike-Kolleg<br \/>\nHumboldt Graduate School<br \/>\nBerlin Graduate School of Ancient Studies<br \/>\nUnter den Linden 6<br \/>\nD-10099 Berlin<br \/>\n<span style=\"color: #999999;\"><a style=\"color: #999999;\" href=\"mailto:carmen.marcks@rz.hu-berlin.de\">carmen.marcks@rz.hu-berlin.de<br \/>\n<\/a><\/span><\/p>\n<hr \/>\n<h5>Curriculum Vitae<\/h5>\n<p><span style=\"color: #999999;\">\u2014 1992 &#8211; 1999<\/span><br \/>\nStudium der Klassischen Arch\u00e4ologie, Kunstgeschichte, Alten Geschichte und Italienischen Philologie an der Philipps-Universit\u00e4t Marburg und an der Universit\u00e4t zu K\u00f6ln<\/p>\n<p><span style=\"color: #999999;\">\u2014 2000<\/span><br \/>\nMagister Artium im Fach Klassische Arch\u00e4ologie an der Universit\u00e4t zu K\u00f6ln<\/p>\n<p><span style=\"color: #999999;\">\u2014 2000 &#8211; 2001<\/span><br \/>\nWissenschaftliche Hilfskraft am Forschungsarchiv f\u00fcr Antike Plastik (Universit\u00e4t zu K\u00f6ln) und beim SFB 493 \u201cFunktionen von Religion in antiken Gesellschaften des Vorderen Orients\u201d (Westf\u00e4lische Wilhelms-Universit\u00e4t M\u00fcnster)<\/p>\n<p><span style=\"color: #999999;\">\u2014 2003 &#8211; 2005<\/span><br \/>\nPromotionsstipendium der Graduiertenf\u00f6rderung des Landes NRW<\/p>\n<p><span style=\"color: #999999;\">\u2014 2005<\/span><br \/>\nPromotion an der Universit\u00e4t zu K\u00f6ln mit einer Arbeit \u00fcber die \u00abStatuarische Repr\u00e4sentation von Privatpersonen im R\u00f6mischen Hispanien zur Zeit der Republik und in der Kaiserzeit\u00bb<\/p>\n<p><span style=\"color: #999999;\">\u2014 2005 &#8211; 2006<\/span><br \/>\nWissenschaftliche Hilfskraft am Arch\u00e4ologischen Institut der Universit\u00e4t zu K\u00f6ln, Zentrum f\u00fcr die antiken Kulturen des Mittelmeerraumes<\/p>\n<p><span style=\"color: #999999;\">\u2014 2006<\/span><br \/>\nRedakteurin bei der Firma Stadt- und Landschaftsarch\u00e4ologie (SuLA), K\u00f6ln<\/p>\n<p><span style=\"color: #999999;\">\u2014 10.2006 &#8211; 09.2008<\/span><br \/>\nWissenschaftliche Assistentin in Vertretung am Arch\u00e4ologischen Institut der Universit\u00e4t zu K\u00f6ln<\/p>\n<p><span style=\"color: #999999;\">\u2014 10.2008 &#8211; 09.2011<\/span><br \/>\nWissenschaftliche Mitarbeiterin beim Exzellenzcluster 264 Topoi &#8211; The Formationand Transformation of Space and Knowledge in Ancient Civilizations, Research Area E-I \u00abAncient spaces as spaces of motion in post-ancient times.Factography, imagination, and construction\u00bb<\/p>\n<p><span style=\"color: #999999;\">\u2014 10\/2011 &#8211; 11\/2012<\/span><br \/>\nWissenschaftliche Mitarbeiterin beim Exzellenzcluster 264 Topoi,Research Area B \u00abMechanisms of control and social Spaces\u00bb<\/p>\n<p><span style=\"color: #999999;\">\u2014 11\/2015 &#8211; 10\/2017<\/span><br \/>\nMitglied der Forschergruppe B-5-3 \u00abAuthorization of early Christian knowledge claims in Greece\u00bb des Exzellenzclusters 264 Topoi<\/p>\n<p><span style=\"color: #999999;\">\u2014 seit 11\/2011<\/span><br \/>\nKoordinatorin der Berlin Graduate School of Ancient Studies (BerGSAS) f\u00fcr die Humboldt-Universit\u00e4t zu Berlin<\/p>\n","protected":false},"excerpt":{"rendered":"<p>Dr. Carmen Marcks-Jacobs Humboldt-Universit\u00e4t zu Berlin Berliner Antike-Kolleg Humboldt Graduate School Berlin Graduate School of Ancient Studies Unter den Linden 6 D-10099 Berlin carmen.marcks@rz.hu-berlin.de Curriculum Vitae \u2014 1992 &#8211; 1999 Studium der Klassischen Arch\u00e4ologie, Kunstgeschichte, Alten Geschichte und Italienischen Philologie an der Philipps-Universit\u00e4t Marburg und an der Universit\u00e4t zu K\u00f6ln \u2014 2000 Magister Artium im &hellip; <a href=\"http:\/\/www.toletum-network.com\/es\/teilnehmer\/dr-carmen-marcks-jacobs\/\" class=\"more-link\">Continuar leyendo<span class=\"screen-reader-text\"> \u00abDr. Carmen Marcks-Jacobs\u00bb<\/span><\/a><\/p>\n","protected":false},"author":7,"featured_media":0,"parent":18,"menu_order":0,"comment_status":"closed","ping_status":"closed","template":"","meta":{"jetpack_post_was_ever_published":false,"footnotes":""},"class_list":["post-1260","page","type-page","status-publish","hentry"],"jetpack_sharing_enabled":true,"jetpack_shortlink":"https:\/\/wp.me\/P82TDz-kk","_links":{"self":[{"href":"http:\/\/www.toletum-network.com\/es\/wp-json\/wp\/v2\/pages\/1260","targetHints":{"allow":["GET"]}}],"collection":[{"href":"http:\/\/www.toletum-network.com\/es\/wp-json\/wp\/v2\/pages"}],"about":[{"href":"http:\/\/www.toletum-network.com\/es\/wp-json\/wp\/v2\/types\/page"}],"author":[{"embeddable":true,"href":"http:\/\/www.toletum-network.com\/es\/wp-json\/wp\/v2\/users\/7"}],"replies":[{"embeddable":true,"href":"http:\/\/www.toletum-network.com\/es\/wp-json\/wp\/v2\/comments?post=1260"}],"version-history":[{"count":16,"href":"http:\/\/www.toletum-network.com\/es\/wp-json\/wp\/v2\/pages\/1260\/revisions"}],"predecessor-version":[{"id":14762,"href":"http:\/\/www.toletum-network.com\/es\/wp-json\/wp\/v2\/pages\/1260\/revisions\/14762"}],"up":[{"embeddable":true,"href":"http:\/\/www.toletum-network.com\/es\/wp-json\/wp\/v2\/pages\/18"}],"wp:attachment":[{"href":"http:\/\/www.toletum-network.com\/es\/wp-json\/wp\/v2\/media?parent=1260"}],"curies":[{"name":"wp","href":"https:\/\/api.w.org\/{rel}","templated":true}]}}