{"id":1243,"date":"2016-09-02T13:02:43","date_gmt":"2016-09-02T13:02:43","guid":{"rendered":"http:\/\/www.toletum-network.com\/?page_id=1243"},"modified":"2020-11-18T11:09:14","modified_gmt":"2020-11-18T09:09:14","slug":"dr-des-janine-lehmann","status":"publish","type":"page","link":"http:\/\/www.toletum-network.com\/es\/teilnehmer\/dr-des-janine-lehmann\/","title":{"rendered":"Dr. des. Janine Lehmann"},"content":{"rendered":"<p><img loading=\"lazy\" decoding=\"async\" class=\"alignnone size-full wp-image-13582\" src=\"http:\/\/www.toletum-network.com\/wp-content\/uploads\/2019\/12\/Janine-Lehmann-1.jpg\" alt=\"\" width=\"150\" height=\"200\" \/><\/p>\n<h3 class=\"entry-title\">Dr. des. Janine Lehmann<\/h3>\n<div class=\"entry-content\">\n<p>Universit\u00e4t Leipzig<br \/>\nInstitut f\u00fcr Klassische Arch\u00e4ologie<br \/>\nRitterstra\u00dfe 14<br \/>\nD-04109 Leipzig<br \/>\n<a href=\"mailto:j.lehmann6@gmx.de\">j.lehmann6@gmx.de<\/a><\/p>\n<hr \/>\n<p><span style=\"color: #808080;\">\u2014 seit 1.10.2019<\/span><br \/>\nWissenschaftliche Mitarbeiterin am Institut f\u00fcr Klassische Arch\u00e4ologie<br \/>\nund Antikenmuseum der Universit\u00e4t Leipzig<\/p>\n<p><span style=\"color: #808080;\">\u2014 2018, 2019<\/span><br \/>\nLehrauftr\u00e4ge an den Universit\u00e4ten W\u00fcrzburg und Leipzig<\/p>\n<p><span style=\"color: #808080;\">\u2014 12.2015 &#8211; 12.2018<\/span><br \/>\nAuslandsstipendiatin des Deutschen Arch\u00e4ologischen Instituts an der Abteilung Madrid<\/p>\n<p><span style=\"color: #808080;\">\u2014 07.2015<\/span><br \/>\nPromotion im Fach Klassische Arch\u00e4ologie an der Universit\u00e4t zu K\u00f6ln mit der Doktorarbeit:<br \/>\n<em>Die Auswirkungen der r\u00f6mischen Eroberung auf die Architektur der Iberischen Halbinsel. Zum Monumentalisierungsprozess in Hispanien w\u00e4hrend der letzten beiden Jahrhunderte v. Chr.<\/em><\/p>\n<p><span style=\"color: #808080;\">\u2014 05.2012 &#8211; 01.2014<\/span><br \/>\nWissenschaftliche Hilfskraft, Koordination f\u00fcr den Verbund Arch\u00e4ologischer Institutionen K\u00f6ln\/Bonn (VarI)<\/p>\n<p><span style=\"color: #808080;\">\u2014 01.2010 &#8211; 01.2012<\/span><br \/>\nWissenschaftliche Hilfskraft, Gesch\u00e4ftsf\u00fchrung und Koordination der F\u00e4chergruppe 2 an der Philosophischen Fakult\u00e4t der Universit\u00e4t zu K\u00f6ln<\/p>\n<p><span style=\"color: #808080;\">\u2014 05.2010 &#8211; 07.2010<\/span><br \/>\nForschungsaufenthalt in Spanien (Promotionsstipendium des DAAD)<\/p>\n<p><span style=\"color: #808080;\">\u2014 08.2009 &#8211; 02.2010<\/span><br \/>\nWissenschaftliche Hilfskraft im Projekt \u201eColonia 3D\u201c am Arch\u00e4ologischen Institut der Universit\u00e4t zu K\u00f6ln<\/p>\n<p><span style=\"color: #808080;\">\u2014 06.2008 &#8211; 10.2008<\/span><br \/>\nForschungsaufenthalt in Spanien (Promotionsstipendium des DAAD)<\/p>\n<p><span style=\"color: #808080;\">\u2014 11.2007 &#8211; 02.2008<\/span><br \/>\nTeilnahme an Ausgrabungen in K\u00f6ln (Leitung R\u00f6misch-Germanisches Museum)<\/p>\n<p><span style=\"color: #808080;\">\u2014 04.2007 &#8211; 07.2007<\/span><br \/>\nLeitung des Tutoriums ,,Einf\u00fchrung in die mediterran-r\u00f6mische Arch\u00e4ologie\u201c am Arch\u00e4ologischen Institut der Universit\u00e4t zu K\u00f6ln<\/p>\n<p><span style=\"color: #808080;\">\u2014 01.2007<\/span><br \/>\nMagisterabschluss an der Universit\u00e4t zu K\u00f6ln<\/p>\n<p><span style=\"color: #808080;\">\u2014 04.2006 &#8211; 01.2007<\/span><br \/>\nStudentische Hilfskraft am Forschungsarchiv f\u00fcr Antike Plastik der Universit\u00e4t zu K\u00f6ln im Rahmen des Projekts \u201eDigitalisierung der Glasnegative des Deutschen Arch\u00e4ologischen Instituts (Emagines)\u201c<\/p>\n<p><span style=\"color: #808080;\">\u2014 06.2005 &#8211; 09.2005<\/span><br \/>\nForschungsaufenthalt in C\u00f3rdoba, Spanien<\/p>\n<p><span style=\"color: #808080;\">\u2014 04.2004 &#8211; 05.2005 \u2014 10.2005 \u2013 03.2006<\/span><br \/>\nStudentische Hilfskraft am Forschungsarchiv f\u00fcr Antike Plastik der Universit\u00e4t zu K\u00f6ln im Rahmen des Projekts \u201eDigitalisierung der Skulpturennegative des Deutschen Arch\u00e4ologischen Instituts Rom\u201c<\/p>\n<p><span style=\"color: #808080;\">\u2014 10.2002 &#8211; 03.2003<\/span><br \/>\nStudentische Hilfskraft am Arch\u00e4ologischen Institut der Georg-August-Universit\u00e4t G\u00f6ttingen<\/p>\n<p><span style=\"color: #808080;\">\u2014 2001 \u2013 2007<\/span><br \/>\nTeilnahme an Ausgrabungen und Surveys in C\u00f3rdoba, Einbeck, Pednelissos und Stade<\/p>\n<p><span style=\"color: #808080;\">\u2014 10.2000 &#8211; 01.2007<\/span><br \/>\nStudium der Klassischen Arch\u00e4ologie, Alten Geschichte und \u00c4gyptologie in G\u00f6ttingen und K\u00f6ln<\/p>\n<\/div>\n","protected":false},"excerpt":{"rendered":"<p>Dr. des. Janine Lehmann Universit\u00e4t Leipzig Institut f\u00fcr Klassische Arch\u00e4ologie Ritterstra\u00dfe 14 D-04109 Leipzig j.lehmann6@gmx.de \u2014 seit 1.10.2019 Wissenschaftliche Mitarbeiterin am Institut f\u00fcr Klassische Arch\u00e4ologie und Antikenmuseum der Universit\u00e4t Leipzig \u2014 2018, 2019 Lehrauftr\u00e4ge an den Universit\u00e4ten W\u00fcrzburg und Leipzig \u2014 12.2015 &#8211; 12.2018 Auslandsstipendiatin des Deutschen Arch\u00e4ologischen Instituts an der Abteilung Madrid \u2014 07.2015 &hellip; <a href=\"http:\/\/www.toletum-network.com\/es\/teilnehmer\/dr-des-janine-lehmann\/\" class=\"more-link\">Continuar leyendo<span class=\"screen-reader-text\"> \u00abDr. des. Janine Lehmann\u00bb<\/span><\/a><\/p>\n","protected":false},"author":7,"featured_media":0,"parent":18,"menu_order":0,"comment_status":"closed","ping_status":"closed","template":"","meta":{"jetpack_post_was_ever_published":false,"footnotes":""},"class_list":["post-1243","page","type-page","status-publish","hentry"],"jetpack_sharing_enabled":true,"jetpack_shortlink":"https:\/\/wp.me\/P82TDz-k3","_links":{"self":[{"href":"http:\/\/www.toletum-network.com\/es\/wp-json\/wp\/v2\/pages\/1243","targetHints":{"allow":["GET"]}}],"collection":[{"href":"http:\/\/www.toletum-network.com\/es\/wp-json\/wp\/v2\/pages"}],"about":[{"href":"http:\/\/www.toletum-network.com\/es\/wp-json\/wp\/v2\/types\/page"}],"author":[{"embeddable":true,"href":"http:\/\/www.toletum-network.com\/es\/wp-json\/wp\/v2\/users\/7"}],"replies":[{"embeddable":true,"href":"http:\/\/www.toletum-network.com\/es\/wp-json\/wp\/v2\/comments?post=1243"}],"version-history":[{"count":14,"href":"http:\/\/www.toletum-network.com\/es\/wp-json\/wp\/v2\/pages\/1243\/revisions"}],"predecessor-version":[{"id":13424,"href":"http:\/\/www.toletum-network.com\/es\/wp-json\/wp\/v2\/pages\/1243\/revisions\/13424"}],"up":[{"embeddable":true,"href":"http:\/\/www.toletum-network.com\/es\/wp-json\/wp\/v2\/pages\/18"}],"wp:attachment":[{"href":"http:\/\/www.toletum-network.com\/es\/wp-json\/wp\/v2\/media?parent=1243"}],"curies":[{"name":"wp","href":"https:\/\/api.w.org\/{rel}","templated":true}]}}