{"id":12417,"date":"2018-12-22T10:17:33","date_gmt":"2018-12-22T08:17:33","guid":{"rendered":"http:\/\/www.toletum-network.com\/?page_id=12417"},"modified":"2022-01-03T10:30:11","modified_gmt":"2022-01-03T09:30:11","slug":"dr-jaime-vizcaino-sanchez","status":"publish","type":"page","link":"http:\/\/www.toletum-network.com\/es\/teilnehmer\/dr-jaime-vizcaino-sanchez\/","title":{"rendered":"Dr. Jaime Vizca\u00edno S\u00e1nchez"},"content":{"rendered":"<p><\/p>\n<h3><img loading=\"lazy\" decoding=\"async\" class=\"alignnone size-full wp-image-12448\" src=\"http:\/\/www.toletum-network.com\/wp-content\/uploads\/2018\/12\/Jaime-Vizcaino-Sanchez-CV-1.jpg\" alt=\"\" width=\"300\" height=\"300\" srcset=\"http:\/\/www.toletum-network.com\/wp-content\/uploads\/2018\/12\/Jaime-Vizcaino-Sanchez-CV-1.jpg 300w, http:\/\/www.toletum-network.com\/wp-content\/uploads\/2018\/12\/Jaime-Vizcaino-Sanchez-CV-1-150x150.jpg 150w\" sizes=\"auto, (max-width: 300px) 85vw, 300px\" \/><\/h3>\n<h3 class=\"entry-title\">Dr. Jaime Vizca\u00edno S\u00e1nchez<\/h3>\n<p>Departamento de Historia del Arte<br \/>\nUniversidad Complutense Madrid<br \/>\nCiudad Universitaria<br \/>\nFacultad de Geograf\u00eda e Historia Edificio B<br \/>\nc\/ Profesor Aranguren, s\/n<br \/>\nE-28040 Madrid<br \/>\n<a href=\"mailto:jaimeviz@ucm.es\">jaimeviz@ucm.es<\/a><\/p>\n<p><strong>Website<\/strong><br \/>\nhttps:\/\/ucm.academia.edu\/JAIMEVIZCA%C3%8DNOS%C3%81NCHEZ<\/p>\n<hr \/>\n<h5><strong>Formaci\u00f3n Acad\u00e9mica<\/strong><\/h5>\n<p>\u2014 2000<br \/>\nLicenciado en Historia. Universidad de Murcia.<br \/>\nCertificado-Diploma de Estudios Avanzados en Arqueolog\u00eda.<\/p>\n<p>\u2014 2007<br \/>\nDoctor en Arqueolog\u00eda. Tesis: \u201cEstudio de la presencia bizantina en Espa\u00f1a a partir de la documentaci\u00f3n arqueol\u00f3gica\u201d. Calificaci\u00f3n: Sobresaliente cum laude.<\/p>\n<hr \/>\n<h5><strong>Becas de investigaci\u00f3n<\/strong><\/h5>\n<p>\u2014 2001 \u2013 2005<br \/>\nBecario del programa de Formaci\u00f3n de Profesorado Universitario del Ministerio de Educaci\u00f3n, Cultura y Deporte en el Departamento de Prehistoria, Arqueolog\u00eda, H. Antigua, H. Medieval y CC. y TT. Historiogr\u00e1ficas de la Universidad de Murcia.<\/p>\n<p>\u2014 2007 \u2013 2011<br \/>\nBecario de consolidaci\u00f3n de la investigaci\u00f3n de la Fundaci\u00f3n Cajamurcia en el Departamento de Prehistoria, Arqueolog\u00eda, H. Antigua, H. Medieval y CC. y TT. Historiogr\u00e1ficas-Universidad de Murcia.<\/p>\n<p>\u2014 2007<br \/>\nBeneficiario de adjudicaci\u00f3n de Beca PosTdoctoral de la Fundaci\u00f3n S\u00e9neca, en el Programa S\u00e9neca.<\/p>\n<hr \/>\n<h5><strong>Estancias en el extranjero<\/strong><\/h5>\n<p>\u2014 2001, 2002, 2003, 2010<br \/>\nEscuela Espa\u00f1ola de Historia y Arqueolog\u00eda en Roma.<\/p>\n<p>\u2014 2007<br \/>\nUniversidad de Siena (Italia).<\/p>\n<p>\u2014 2011<br \/>\nInstitute of Archeology, University of Oxford.<\/p>\n<hr \/>\n<h5><strong>Premios acad\u00e9micos<\/strong><\/h5>\n<p>\u2014 1999 &#8211; 2000<br \/>\nPremio Fin de Carrera en la Licenciatura en Historia.<\/p>\n<p>\u2014 2006 &#8211; 2007<br \/>\nPremio Extraordinario de Doctorado en Letras.<\/p>\n<p>\u2014 2007<br \/>\nPremio Pastor de Tesis Doctorales de la Fundaci\u00f3n Pastor de Estudios Cl\u00e1sicos.<\/p>\n<hr \/>\n<h5><strong>Experiencia acad\u00e9mica<\/strong><\/h5>\n<p>\u2014 2011 &#8211; 2013<br \/>\nProfesor Asociado a Tiempo Parcial del \u00c1rea de Arqueolog\u00eda de la Universidad de Murcia.<\/p>\n<p>\u2014 2013 &#8211; 2018<br \/>\nProfesor Asociado a Tiempo Parcial del Departamento de Historia del Arte de la Universidad de Murcia.<\/p>\n<p>\u2014 2011 &#8211; 2018<br \/>\nProfesor colaborador en<br \/>\n&#8211; M\u00e1ster Universitario en Historia y Patrimonio Hist\u00f3rico (UMU)<br \/>\n&#8211; M\u00e1ster Universitario en Educaci\u00f3n y Museos: Patrimonio, Identidad, Mediaci\u00f3n (UMU)<br \/>\n&#8211; M\u00e1ster Interuniversitario en Identidad Europea Medieval (UdL, UAB, UdG, UMU)<\/p>\n<hr \/>\n<h5><strong>Participaci\u00f3n en proyectos de investigaci\u00f3n<\/strong><\/h5>\n<p>&#8211; <em>Los teatros romanos de Carthago Nova, Corduba y Bilbilis: paradigma de romanizaci\u00f3n<\/em> (BHA 2002-045-08-C03-01)<br \/>\n&#8211; <em>Carthago Nova y su territorium: modelos de ocupaci\u00f3n en el sureste de Iberia entre \u00e9poca tardorrepublicana y la Antig\u00fcedad Tard\u00eda<\/em> (HAR2008-06115)<br \/>\n&#8211; <em>Carthago Nova: Topograf\u00eda y urban\u00edstica de una urbe mediterr\u00e1nea privilegiada<\/em> (HAR 2011- 29330)<br \/>\n&#8211; <em>Perduraci\u00f3n, Reutilizaci\u00f3n y Transformaci\u00f3n en Carthago Nova, Valentia y Lucentum<\/em> (HAR2015- 64386-C4-2-P). Ministerio de Econom\u00eda y Competitividad (2016-2019)<\/p>\n<hr \/>\n<h5><strong>Publicaciones relevantes<\/strong><\/h5>\n<p>&#8211; VIZCA\u00cdNO S\u00c1NCHEZ, J., 2009, La presencia bizantina en Hispania (siglos VI-VII). La documentaci\u00f3n arqueol\u00f3gica, Antig\u00fcedad y Cristianismo, XXIV, 2007, Murcia.<br \/>\n&#8211; RAMALLO ASENSIO, S.F., y VIZCA\u00cdNO S\u00c1NCHEZ, J., 2007, \u201cEvoluci\u00f3n del sistema defensivo de Cartagena durante la Antig\u00fcedad\u201d. Murallas de Ciudades Romanas en el Occidente del Impero. Lucus Augusti como paradigma, Actas del Congreso Internacional celebrado en Lugo (26-29, XI. 2005) en el V aniversario de la declaraci\u00f3n, por la UNESCO, de la Muralla de Lugo como Patrimonio de la Humanidad, Lugo, pp. 483-522.<br \/>\n&#8211; VIZCA\u00cdNO S\u00c1NCHEZ, J., 2008, \u00abEarly Byzantine Lamellar Armour from Carthago Spartaria (Cartagena, Spain)\u00bb, Gladius, XXVIII, 2008, p.195-210<br \/>\n&#8211; VIZCA\u00cdNO S\u00c1NCHEZ, J. Y P\u00c9REZ MART\u00cdN, I, 2008, \u201cUng\u00fcentarios bizantinos con sello epigr\u00e1fico en Carthago Spartaria\u201d, Archivo Espa\u00f1ol de Arqueolog\u00eda, vol. 81, pp. 151-176.<br \/>\n&#8211; RAMALLO ASENSIO, S.F., MURCIA MU\u00d1OZ, A.J., y VIZCA\u00cdNO S\u00c1NCHEZ, J., 2010, \u00abCarthago Nova y su espacio suburbano. Din\u00e1micas de ocupaci\u00f3n en la periferia de la ciuitas\u00bb, Congreso Internacional Las \u00e1reas suburbanas en la ciudad hist\u00f3rica. Topograf\u00eda, usos, funci\u00f3n. C\u00f3rdoba, 19-21 de octubre, 2010, pp. 211-254.<br \/>\n&#8211; EGEA VIVANCOS, A., VIZCA\u00cdNO S\u00c1NCHEZ, J., y RUIZ VALDERAS, E., 2011, \u201cLa gesti\u00f3n de los residuos en Carthago Nova\u201d, en J.A. REMOL\u00c0 VALLVERD\u00da y J. ACERO P\u00c9REZ (eds), La gesti\u00f3n de los residuos urbanos en Hispania. Xavier Dupr\u00e9 Ravent\u00f3s (1956-2006). In Memoriam, Anejos de Archivo Espa\u00f1ol de Arqueolog\u00eda, LX, Instituto de Arqueolog\u00eda de M\u00e9rida, M\u00e9rida, 2011, pp. 281-296.<br \/>\n&#8211; RAMALLO ASENSIO, S.F., y VIZCA\u00cdNO S\u00c1NCHEZ, J., 2011, \u201cEstructuras de almacenamiento en Carthago Noua y su territorium (s.III a.C. \u2013 VII d.C.)\u201d, en J. ARCE, B. GOFFAUX y P. MATEOS (ed.), Horrea hispaniques. La question du stockage en m\u00e9diterran\u00e9e romaine, pp. 225-263.<br \/>\n&#8211; RAMALLO ASENSIO, S.F.; GARC\u00cdA BL\u00c1NQUEZ, L.A.; y VIZCA\u00cdNO S\u00c1NCHEZ, 2012, \u201cPoblamiento rural de \u00e9poca tard\u00eda en el entorno de Murcia\u201d, en L. CABALLERO, P. MATEOS, T. CORDERO (eds), Omeyas. El Territorio, Anejos de Archivo Espa\u00f1ol de Arqueolog\u00eda, LXI, pp. 329-374.<br \/>\n&#8211; VIZCA\u00cdNO S\u00c1NCHEZ, J., 2013, \u201cHispania y Oriente durante el per\u00edodo de ocupaci\u00f3n bizantina (siglos VI-VII). La documentaci\u00f3n arqueol\u00f3gica\u201d, en DE HOZ, M\u00aaP.; MORA, G. (eds.), El Oriente griego en la Pen\u00ednsula Ib\u00e9rica. Epigraf\u00eda e Historia, Bibliotheca Archaeologica Hispana, 39, Real Academia de la Historia, Madrid, pp. 281-305.<br \/>\n&#8211; GARC\u00cdA BL\u00c1NQUEZ, L.A., y VIZCA\u00cdNO S\u00c1NCHEZ, J., 2013, \u201cEl conjunto arqueol\u00f3gico de Algezares, un nuevo espacio monumental de \u00e9poca tard\u00eda en el sureste hispano\u201d, XV Congreso [5] Internacional de Arqueolog\u00eda Cristiana, Toledo, 8-12 septiembre de 2008, Roma, pp. 1251- 1267.<br \/>\n&#8211; VIZCA\u00cdNO S\u00c1NCHEZ, J., 2017, \u201cVestido, comida y las dem\u00e1s cosas de la vida. Elementos met\u00e1licos de indumentaria y adorno personal en los contextos tardoantiguos de Carthago Spartaria\u201d, en I. Baldini y A.L. Morelli (ed.), Tempo e preziosi. Techniche di datazione per l\u2019oficeria, Bologna, pp. 49-76.<br \/>\n&#8211; VIZCA\u00cdNO S\u00c1NCHEZ, J., NOGUERA CELDR\u00c1N, J. M.; MADRID BALANZA, M. J., 2017, \u201cPistores dulciarii en el barrio del foro de Carthago Nova. A prop\u00f3sito del hallazgo de dos moldes cer\u00e1micos bivalvos\u201d, Anales de Arqueolog\u00eda Cordobesa, 28, pp. 127-152.<br \/>\n&#8211; VIZCA\u00cdNO S\u00c1NCHEZ, J., 2018, \u00abAd pristinum decus. La metamorfosis urbana de Carthago Spartaria durante el siglo V\u00bb, en Sabine Panzram y Laurent Callegarin (eds.), Entre civitas y mad\u012bna. El mundo de las ciudades en la Pen\u00ednsula Ib\u00e9rica y en el norte de \u00c1frica (siglos IV IX), Collection de la Casa de Vel\u00e1zquez (167), Madrid, pp. 75 104.<\/p>","protected":false},"excerpt":{"rendered":"<p>Dr. Jaime Vizca\u00edno S\u00e1nchez Departamento de Historia del Arte Universidad Complutense Madrid Ciudad Universitaria Facultad de Geograf\u00eda e Historia Edificio B c\/ Profesor Aranguren, s\/n E-28040 Madrid jaimeviz@ucm.es Website https:\/\/ucm.academia.edu\/JAIMEVIZCA%C3%8DNOS%C3%81NCHEZ Formaci\u00f3n Acad\u00e9mica \u2014 2000 Licenciado en Historia. Universidad de Murcia. Certificado-Diploma de Estudios Avanzados en Arqueolog\u00eda. \u2014 2007 Doctor en Arqueolog\u00eda. Tesis: \u201cEstudio de la &hellip; <a href=\"http:\/\/www.toletum-network.com\/es\/teilnehmer\/dr-jaime-vizcaino-sanchez\/\" class=\"more-link\">Continuar leyendo<span class=\"screen-reader-text\"> \u00abDr. Jaime Vizca\u00edno S\u00e1nchez\u00bb<\/span><\/a><\/p>\n","protected":false},"author":8,"featured_media":0,"parent":18,"menu_order":0,"comment_status":"closed","ping_status":"closed","template":"","meta":{"jetpack_post_was_ever_published":false,"footnotes":""},"class_list":["post-12417","page","type-page","status-publish","hentry"],"jetpack_sharing_enabled":true,"jetpack_shortlink":"https:\/\/wp.me\/P82TDz-3eh","_links":{"self":[{"href":"http:\/\/www.toletum-network.com\/es\/wp-json\/wp\/v2\/pages\/12417","targetHints":{"allow":["GET"]}}],"collection":[{"href":"http:\/\/www.toletum-network.com\/es\/wp-json\/wp\/v2\/pages"}],"about":[{"href":"http:\/\/www.toletum-network.com\/es\/wp-json\/wp\/v2\/types\/page"}],"author":[{"embeddable":true,"href":"http:\/\/www.toletum-network.com\/es\/wp-json\/wp\/v2\/users\/8"}],"replies":[{"embeddable":true,"href":"http:\/\/www.toletum-network.com\/es\/wp-json\/wp\/v2\/comments?post=12417"}],"version-history":[{"count":19,"href":"http:\/\/www.toletum-network.com\/es\/wp-json\/wp\/v2\/pages\/12417\/revisions"}],"predecessor-version":[{"id":16066,"href":"http:\/\/www.toletum-network.com\/es\/wp-json\/wp\/v2\/pages\/12417\/revisions\/16066"}],"up":[{"embeddable":true,"href":"http:\/\/www.toletum-network.com\/es\/wp-json\/wp\/v2\/pages\/18"}],"wp:attachment":[{"href":"http:\/\/www.toletum-network.com\/es\/wp-json\/wp\/v2\/media?parent=12417"}],"curies":[{"name":"wp","href":"https:\/\/api.w.org\/{rel}","templated":true}]}}