{"id":1237,"date":"2016-09-02T12:56:02","date_gmt":"2016-09-02T12:56:02","guid":{"rendered":"http:\/\/www.toletum-network.com\/?page_id=1237"},"modified":"2020-11-18T11:16:00","modified_gmt":"2020-11-18T09:16:00","slug":"dr-philipp-kobusch","status":"publish","type":"page","link":"http:\/\/www.toletum-network.com\/es\/teilnehmer\/dr-philipp-kobusch\/","title":{"rendered":"Dr. Philipp Kobusch"},"content":{"rendered":"<p><img loading=\"lazy\" decoding=\"async\" class=\"alignnone size-full wp-image-1238\" src=\"http:\/\/www.toletum-network.com\/wp-content\/uploads\/2016\/09\/Philipp-Kobusch-231x300.jpg\" alt=\"Philipp-Kobusch-231x300\" width=\"231\" height=\"300\" \/><\/p>\n<h3 class=\"entry-title\">Dr. Philipp Kobusch<\/h3>\n<div class=\"entry-content\">\n<p>Institut f\u00fcr Altertumskunde \u2013 Bereich Klassische Arch\u00e4ologie<br \/>\nChristian Albrechts-Universit\u00e4t zu Kiel<br \/>\nJohanna-Mestorf-Str. 5<br \/>\nD-24118 Kiel<br \/>\n<span style=\"color: #999999;\"><a style=\"color: #999999;\" href=\"mailto:kobusch@klassarch.uni-kiel.de\">kobusch@klassarch.uni-kiel.de<\/a><\/span><\/p>\n<p><strong>Promotionsprojekt: <a href=\"http:\/\/www.toletum-network.com\/wp-content\/uploads\/2016\/09\/Kobusch-Grabbauten-im-r\u00f6mischen-Hispanien.pdf\">Grabbauten im r\u00f6mischen Hispanien<\/a><\/strong><\/p>\n<hr \/>\n<h5 id=\"box\"><strong>Lebenslauf<\/strong><\/h5>\n<div><span style=\"color: #999999;\">\u2014 2000<\/span><br \/>\nAbitur am Gymnasium am Ostring in Bochum, anschlie\u00dfend Zivildienst<\/div>\n<div><\/div>\n<div><span style=\"color: #999999;\">\u2014 2001 &#8211; 2006<\/span><br \/>\nMagisterstudium der Klassischen Arch\u00e4ologie \/ Mittleren und Neueren Geschichte an der JLU-Gie\u00dfen<\/div>\n<div><\/div>\n<div><span style=\"color: #999999;\">\u2014 2004\/2008<\/span><br \/>\nTeilnahme an dem Grabungsprojekt Perge, unter der Leitung von W. Martini<\/div>\n<div><\/div>\n<div><span style=\"color: #999999;\">\u2014 2008 &#8211; 2010<\/span><br \/>\nPromotionsstipendium der Studienstiftung des Deutschen Volkes<\/div>\n<div><\/div>\n<div><span style=\"color: #999999;\">\u2014 2011<\/span><br \/>\nPromotion an der JLU-Gie\u00dfen. Thema: \u00abDie r\u00f6mischen Grabbauten auf der Iberischen Halbinsel \u2013 Zur kulturellen Beeinflussung der Sepulkralarchitektur\u00bb<\/div>\n<div><\/div>\n<div><span style=\"color: #999999;\">\u2014 2011\/2012<\/span><br \/>\nMitarbeit am Grabungsprojekt in Hala Sultan Tekke (Zypern) unter der Leitung von K. Nys (Br\u00fcssel)<\/div>\n<div><\/div>\n<div><span style=\"color: #999999;\">\u2014 2011 &#8211; 2012<\/span><br \/>\nReisestipendium des Deutschen Arch\u00e4ologischen Instituts<\/div>\n<div><\/div>\n<div><span style=\"color: #999999;\">\u2014 seit Okt. 2012<\/span><br \/>\nWiss. Mitarbeiter im Institut f\u00fcr Klassische Altertumskunde, Bereich Klassische Arch\u00e4ologie der CAU Kiel<\/div>\n<div><\/div>\n<div><span style=\"color: #999999;\">\u2014 04\/2018 \u2013 03\/2019<\/span><br \/>\nDFG-Forschungsstipendium an der University of Cambridge, Faculty of Classics, auf Einladung von Prof. Dr. R. Osborne<\/div>\n<div><\/div>\n<div><span style=\"color: #999999;\">\u2014 seit 10\/2019<\/span><br \/>\nLehrstuhlvertretung (60 %) am Fachbereich Klassische Arch\u00e4ologie der CAU Kiel (Vertretung Prof. Dr. A. Haug)<\/p>\n<\/div>\n<hr \/>\n<h5><strong>Publikationen<\/strong><\/h5>\n<p>P. Kobusch, Die Grabbauten im r\u00f6mischen Hispanien. Zur kulturellen Pr\u00e4gung der Sepulkralarchitektur (Rahden\/Westf. 2014)<\/p>\n<p>P. Kobusch, Kriegerdenkm\u00e4ler der Zwischenkriegszeit in Gie\u00dfen, in: MOHG (Mitteilungen des Oberhessischen Geschichtsvereins Gie\u00dfen) 90 (2005) 1\u201344<\/p>\n<p>P. Kobusch, Texte, in: M. Recke (Hrsg.), Wahre Helden? Daumier und die Antike (Norderstedt 2007) 58\u201359; 70\u201385<\/p>\n<p>P. Kobusch, R\u00f6mische Grabbauten im Eingangsbereich hispanischer St\u00e4dte, in: D. Vaquerizo (Hrsg.), Las \u00e1reas suburbanas en la ciudad hist\u00f3rica. Topograf\u00eda, usos, funci\u00f3n (C\u00f3rdoba 2010) 117\u2013134<\/p>\n<p>M. Recke \u2013 P. Kobusch, Bare Kunst. Meisterwerke im Miniaturformat. Griechische und r\u00f6mische M\u00fcnzen der Gie\u00dfener Antikensammlung (Gie\u00dfen 2011)<\/p>\n<\/div>\n<p><\/p>","protected":false},"excerpt":{"rendered":"<p>Dr. Philipp Kobusch Institut f\u00fcr Altertumskunde \u2013 Bereich Klassische Arch\u00e4ologie Christian Albrechts-Universit\u00e4t zu Kiel Johanna-Mestorf-Str. 5 D-24118 Kiel kobusch@klassarch.uni-kiel.de Promotionsprojekt: Grabbauten im r\u00f6mischen Hispanien Lebenslauf \u2014 2000 Abitur am Gymnasium am Ostring in Bochum, anschlie\u00dfend Zivildienst \u2014 2001 &#8211; 2006 Magisterstudium der Klassischen Arch\u00e4ologie \/ Mittleren und Neueren Geschichte an der JLU-Gie\u00dfen \u2014 2004\/2008 Teilnahme &hellip; <a href=\"http:\/\/www.toletum-network.com\/es\/teilnehmer\/dr-philipp-kobusch\/\" class=\"more-link\">Continuar leyendo<span class=\"screen-reader-text\"> \u00abDr. Philipp Kobusch\u00bb<\/span><\/a><\/p>\n","protected":false},"author":7,"featured_media":0,"parent":18,"menu_order":0,"comment_status":"closed","ping_status":"closed","template":"","meta":{"jetpack_post_was_ever_published":false,"footnotes":""},"class_list":["post-1237","page","type-page","status-publish","hentry"],"jetpack_sharing_enabled":true,"jetpack_shortlink":"https:\/\/wp.me\/P82TDz-jX","_links":{"self":[{"href":"http:\/\/www.toletum-network.com\/es\/wp-json\/wp\/v2\/pages\/1237","targetHints":{"allow":["GET"]}}],"collection":[{"href":"http:\/\/www.toletum-network.com\/es\/wp-json\/wp\/v2\/pages"}],"about":[{"href":"http:\/\/www.toletum-network.com\/es\/wp-json\/wp\/v2\/types\/page"}],"author":[{"embeddable":true,"href":"http:\/\/www.toletum-network.com\/es\/wp-json\/wp\/v2\/users\/7"}],"replies":[{"embeddable":true,"href":"http:\/\/www.toletum-network.com\/es\/wp-json\/wp\/v2\/comments?post=1237"}],"version-history":[{"count":22,"href":"http:\/\/www.toletum-network.com\/es\/wp-json\/wp\/v2\/pages\/1237\/revisions"}],"predecessor-version":[{"id":14764,"href":"http:\/\/www.toletum-network.com\/es\/wp-json\/wp\/v2\/pages\/1237\/revisions\/14764"}],"up":[{"embeddable":true,"href":"http:\/\/www.toletum-network.com\/es\/wp-json\/wp\/v2\/pages\/18"}],"wp:attachment":[{"href":"http:\/\/www.toletum-network.com\/es\/wp-json\/wp\/v2\/media?parent=1237"}],"curies":[{"name":"wp","href":"https:\/\/api.w.org\/{rel}","templated":true}]}}