{"id":1233,"date":"2016-09-02T12:47:10","date_gmt":"2016-09-02T12:47:10","guid":{"rendered":"http:\/\/www.toletum-network.com\/?page_id=1233"},"modified":"2023-07-24T22:55:08","modified_gmt":"2023-07-24T20:55:08","slug":"timo-klar-m-a","status":"publish","type":"page","link":"http:\/\/www.toletum-network.com\/es\/teilnehmer\/timo-klar-m-a\/","title":{"rendered":"Dr. Timo Kl\u00e4r"},"content":{"rendered":"<p><img loading=\"lazy\" decoding=\"async\" class=\"alignnone wp-image-11351 size-medium\" src=\"http:\/\/www.toletum-network.com\/wp-content\/uploads\/2017\/12\/Dr_-TimoKlaer_Passbild300x225-300x225.jpg\" alt=\"\" width=\"300\" height=\"225\" \/><\/p>\n<h3 class=\"entry-title\">PD Dr. Timo Kl\u00e4r<\/h3>\n<div class=\"entry-content\">Universit\u00e4t des Saarlandes<br \/>\nFR 3.5 Altertumswissenschaften<br \/>\nInstitut f\u00fcr Alte Geschichte Campus, Geb. B3.2, Zimmer 2.04<br \/>\nD-66123 Saarbr\u00fccken<\/div>\n<div class=\"entry-content\">\n<p><a href=\"mailto:timo.klaer@mx.uni-saarland.de\">timo.klaer@mx.uni-saarland.de<\/a><\/p>\n<p><a href=\"https:\/\/orcid.org\/0000-0002-0663-8051\">ORCID-Nr. 0000-0002-0663-8051<\/a><\/p>\n<div id=\"box\">\n<hr \/>\n<h5><strong>Lebenslauf<\/strong><\/h5>\n<p><span style=\"color: #999999;\">\u2014 WS 2004 \u2013 2011<\/span><br \/>\nMagisterstudium der Spanischen Sprach- und Literaturwissenschaft, Alten Geschichte und Lateinamerikanistik an der Universit\u00e4t des Saarlandes<\/p>\n<p><span style=\"color: #999999;\">\u2014 WS 2007\/08<\/span><br \/>\nHalbj\u00e4hriger Auslandsaufenthalt mit Erasmus in Barcelona, Studium an der Universitat Aut\u00f2noma (UAB).<\/p>\n<p><span style=\"color: #999999;\">\u2014 2011<\/span><br \/>\nMagister Artium in den F\u00e4chern Spanische Sprach- und Literaturwissenschaft sowie in Alter Geschichte<\/p>\n<p><span style=\"color: #999999;\">\u2014 05\/2012 \u2013 09\/2013<\/span><br \/>\nWissenschaftlicher Mitarbeiter in der Fachrichtung 3.5 Altertumswissenschaften und der Fachrichtung 3.4 Geschichte der Universit\u00e4t des Saarlandes<\/p>\n<p><span style=\"color: #999999;\">\u2014 10\/2013 \u2013 02\/2016<\/span><br \/>\nLehrbeauftragter an der Universit\u00e4t des Saarlandes Saarbr\u00fccken<\/p>\n<p><span style=\"color: #999999;\">\u2014 11\/2015<\/span><br \/>\nAbschluss des Promotionsverfahrens in Alter Geschichte an der Universit\u00e4t des Saarlandes (Thema: Die Vaskonen &#8211; Untersuchungen zur Romanisierung im n\u00f6rdlichen Spanien)<\/p>\n<p><span style=\"color: #999999;\">\u2014 01\/2016 \u2013 03\/2017<\/span><br \/>\nVertretung der Akademischen Assistenz am Lehrstuhl f\u00fcr Alte Geschichte der Technischen Universit\u00e4t Dresden<br \/>\nKoordinator des Master-Studienganges \u201eAntike Kulturen\u201c an der TU Dresden<\/p>\n<p><span style=\"color: #999999;\">\u2014 04\/2017 \u2013 09\/2017<\/span><br \/>\nLehrbeauftragter an der Universit\u00e4t des Saarlandes Saarbr\u00fccken<\/p>\n<p><span style=\"color: #999999;\">\u2014 10\/2017 &#8211; 09\/2021<\/span><br \/>\nWissenschaftlicher Mitarbeiter am Institut f\u00fcr Alte Geschichte der Universit\u00e4t des Saarlandes Saarbr\u00fccken<\/p>\n<p><span style=\"color: #999999;\">\u2014 10\/2021 &#8211; 09\/2022<\/span><br \/>\nLeiter des Arbeitsbereiches Alte Geschichte (Wissenschaftlicher Mitarbeiter, 12 SWS) am Historischen Institut der Universit\u00e4t Greifswald in Vertretung von Frau PD Dr. Susanne Froehlich<\/p>\n<p><span style=\"color: #999999;\">\u2014 12\/2022<\/span><br \/>\nHabilitationskolloquium (Thema: Die Reichsteilung von 395 n. Chr. als Problem der Forschung \u2013 Z\u00e4sur oder Kontinuum?)<\/p>\n<p><span style=\"color: #999999;\">\u2014 01\/2023<\/span><br \/>\nVerleihung der <em>Venia legendi<\/em> im Fach Alte Geschichte<\/p>\n<p><span style=\"color: #999999;\">\u2014 04\/2023<\/span><br \/>\nAbschluss des Habilitationsverfahrens und Verleihung der Privatdozentur f\u00fcr Alte Geschichte (Habilitationsschrift: Kreta im Spannungsfeld der hellenistischen Monarchien. Von Ptolemaios I. bis zur Einrichtung der Provinz Creta et Cyrenae 67 v. Chr.)<\/p>\n<hr \/>\n<h5><strong>Mitgliedschaften<\/strong><\/h5>\n<ul>\n<li>Toletum \u2013 Netzwerk zur Erforschung der Iberischen Halbinsel in der Antike \/ Network para la investigaci\u00f3n sobre la Pen\u00ednsulaIb\u00e9rica en la Antig\u00fcedad<\/li>\n<li>Freunde der Antike im Saarland e.V.<\/li>\n<li>Mommsen-Gesellschaft e.V. \u2013 Verband der deutschen Forscherinnen und Forscher auf dem Gebiet des Griechisch-R\u00f6mischen Altertums<\/li>\n<li>Verband der Historiker und Historikerinnen Deutschlands e.V.<\/li>\n<\/ul>\n<hr \/>\n<h5><strong>Publikationen<\/strong><\/h5>\n<p><strong>Monographie<\/strong><u><br \/>\n<\/u><\/p>\n<p>Die Vasconen und das R\u00f6mische Reich. Der Romanisierungsprozess im Norden der Iberischen Halbinsel (Potsdamer Altertumswissenschaftliche Beitr\u00e4ge 59), Stuttgart 2017.<br \/>\n<span style=\"font-size: 12px;\">Rezensionen: J. Andreu Pintado, in: AAHG 70 (2017), Sp. 56\u201361 | D. Schmitz, in: Forum Classicum 2 (2018), S. 140\u2013143 | M. Vitale, Gymnasium 125 (2018), S.599\u2013601 | P. Houten, in: HSozKult (13. Mai 2019) | C. Degelmann, in: Ancient West and East 18 (2019), S. 415\u2013417 | I. Mossong, in: HZ 310\/1 (2020), S. 153\u2013154 | E. Torregaray Pagola, in: Latomus 79 (2020), S. 253\u2013256.<\/span><\/p>\n<p><strong>Herausgeberschaft<\/strong><\/p>\n<p>Zwischen Hunger und \u00dcberfluss. Antike Diskurse \u00fcber die Ern\u00e4hrung. Hrsg. von Eike Faber\/Timo Kl\u00e4r (Potsdamer Altertumswissenschaftliche Beitr\u00e4ge 71), Stuttgart 2020.<br \/>\n<span style=\"font-size: 12px;\">Rezension: J. Auberger, in: Sehepunkte 20 (2020), Nr. 10 (15.10.2020) | M. Lindner, in: HZ 311\/3 (2020), S.704\u2013705.<\/span><\/p>\n<p><strong>Aufs\u00e4tze<\/strong><\/p>\n<p>Das Symposion Ptolemaios\u02bc II. Zur Repr\u00e4sentation des Herrschers beim Bankett am ptolem\u00e4ischen K\u00f6nigshof. In: Les \u00c9tudes Classiques 86 (2018), S. 207\u2013249.<\/p>\n<p>Feinschmecker der Antike. Der kulinarische Genuss in r\u00f6mischer Zeit. In: Antike Welt 50\/1 (2019), S. 75\u201383.<\/p>\n<p>Zwischen Hunger und \u00dcberfluss. Antike Diskurse \u00fcber die Ern\u00e4hrung. Zur Einf\u00fchrung. In: Zwischen Hunger und \u00dcberfluss. Antike Diskurse \u00fcber die Ern\u00e4hrung. Hrsg. von Eike Faber\/Timo Kl\u00e4r (Potsdamer Altertumswissenschaftliche Beitr\u00e4ge 71), Stuttgart 2020, S. 11\u201322 (zusammen mit Eike Faber).<\/p>\n<p>Das griechische G\u00f6ttermahl. Fleisch als Medium der g\u00f6ttlich-menschlichen Interaktion. In: Zwischen Hunger und \u00dcberfluss. Antike Diskurse \u00fcber die Ern\u00e4hrung. Hrsg. von Eike<br \/>\nFaber\/Timo Kl\u00e4r (Potsdamer Altertumswissenschaftliche Beitr\u00e4ge 71), Stuttgart 2020, S. 329\u2013346.<\/p>\n<p>Seeraub im Mittelmeer \u2013 Piraterie als Ph\u00e4nomen der antiken Staatengeschichte von der hellenistischen Zeit bis in die Sp\u00e4tantike. In: Marburger Beitr\u00e4ge zur antiken Handels-, Wirtschafts- und Sozialgeschichte 39 (2021), S. 109\u2013147.<\/p>\n<p>Tiberius and the Romanization of the Vasconia \u2013 Continuity and Change in the Early Principate based on a Tiberian Coin Type from Calagurris. In: Cuadernos de Arqueolog\u00eda de Navarra 30 (2022), S. 115\u2013134. <span style=\"font-size: 12px;\">(auch online verf\u00fcgbar unter &lt;<a href=\"https:\/\/revistas.unav.edu\/index.php\/cuadernos-de-arqueologia\/article\/view\/41858\/35471\">https:\/\/revistas.unav.edu\/index.php\/cuadernos-de-arqueologia\/article\/view\/41858\/35471<\/a>&gt;).<\/span><\/p>\n<p>L\u2019organisation du repas communautaire dans les premi\u00e8res communaut\u00e9s religieuses : sur la relation entre la C\u00e8ne du premier christianisme et le repas des Ess\u00e9niens. In: Pratiques et<br \/>\nstrat\u00e9gies alimentaires dans l\u2019Antiquit\u00e9 tardive. Hrsg. von Marie-H\u00e9l\u00e8ne Marganne\/Gabriel Nocchi Macedo avec la collaboration d\u2019Heinrich Schlange-Sch\u00f6ningen (Cahiers du CeDoPaL 11), Li\u00e8ge 2022, S. 103\u2013117; 145\u2013169.<\/p>\n<p>Der <em>Caudillo<\/em> als <em>nouus Augustus<\/em>. Zur Augustusrezeption in den ersten Jahren der franquistischen Herrschaft in Spanien, in: Augustus through the Ages. Receptions, Readings and Appropriations of the Historical Figure of the First Roman Emperor. Hrsg. von Pierre Assenmaker\/Mattia Cavagna\/Marco Cavalieri\/David Engels, Br\u00fcssel 2022 (im Druck).<\/p>\n<p><strong>Tagungsbericht<\/strong><br \/>\nZwischen Hunger und \u00dcberfluss. Antike Diskurse \u00fcber die Ern\u00e4hrung. 24.05.2018-26.05.2018 Saarbr\u00fccken. In: H-Soz-Kult, 24.08.2018, &lt;<a href=\"https:\/\/www.hsozkult.de\/conferencereport\/id\/fdkn-126402\">https:\/\/www.hsozkult.de\/conferencereport\/id\/fdkn-126402<\/a>&gt; (zusammen mit Eike Faber).<\/p>\n<p><strong>Rezensionen<\/strong><\/p>\n<p>Hoffmann-Salz, Julia: Die wirtschaftlichen Auswirkungen der r\u00f6mischen Eroberung. Vergleichende Untersuchungen der Provinzen Hispania Tarraconensis, Africa Proconsularis und Syria. Stuttgart 2011, in: H-Soz-u-Kult, 05.12.2011.<\/p>\n<p>Gouda, Tanja: Der Romanisierungsprozess auf der Iberischen Halbinsel aus der Perspektive der iberischen Kulturen. Hamburg 2011, in: H-Soz-u-Kult, 05.03.2012.<\/p>\n<p>Baltrusch, Ernst: Herodes. K\u00f6nig im Heiligen Land. Eine Biographie. M\u00fcnchen 2012, in: H-Soz-u-Kult, 11.03.2013.<\/p>\n<p>Dahlheim, Werner: Die Welt zur Zeit Jesu, M\u00fcnchen 2013, in: H-Soz-u-Kult, 25.01.2016.<\/p>\n<p>Pfeilschifter, Rene: Die Sp\u00e4tantike. Der eine Gott und die vielen Herrscher (C.H.Beck Paperback 6156. Geschichte der Antike), M\u00fcnchen 2014, in: Gymnasium 123\/5 (2016): S. 514-515.<\/p>\n<p>Havener, Wolfgang: Imperator Augustus. Die diskursive Konstituierung der milit\u00e4rischen <em>persona<\/em> des ersten r\u00f6mischen <em>princeps, <\/em> (Studies in Ancient Monarchies 4), Stuttgart 2016. In: Tyche 32 (2017), S. 304\u2013306.<\/p>\n<p>Evans, Richard (Hrsg.): Mass and Elite in the Greek and Roman Worlds. From Sparta to Late Antiquity, London\/New York 2017. In: H-Soz-Kult, 11.2.2019.<\/p>\n<p>Wiemer, Hans-Ulrich: Theoderich der Gro\u00dfe. K\u00f6nig der Goten &#8211; Herrscher der R\u00f6mer. Eine Biographie, M\u00fcnchen 2018. In: Das Historisch-Politische Buch 67\/3 (2019), S. 281.<\/p>\n<p>Robert Malcolm Errington (unter redaktioneller Mitarbeit von Isabelle Mossong): Die Staatsvertr\u00e4ge des Altertums. Band 4: Die Vertr\u00e4ge der griechisch-r\u00f6mischen Welt von ca. 200 v. Chr. bis zum Beginn der Kaiserzeit, M\u00fcnchen 2020. In: G\u00f6ttinger Forum f\u00fcr Altertumswissenschaft 24 (2021), S. 1151\u20131154.<\/p>\n<p>Michael Sommer: Schwarze Tage. Roms Kriege gegen Karthago, M\u00fcnchen 2021. In: G\u00f6ttinger Forum f\u00fcr Altertumswissenschaft 25 (2022), S. 1047\u20131050.<\/p>\n<p>Juan Signes Codo\u00f1er: Breve gu\u00eda de la literatura griega desde Hes\u00edodo hasta Plet\u00f3n (Cr\u00edtica y estudios literarios), Madrid 2019 (Manuskript angenommen; wird in Les \u00c9tudes Classiques erscheinen).<\/p>\n<p>Dirce Marzoli\/Jorge Maier Allende\/Thomas Schattner (Hrsg.): Emil H\u00fcbner und die Altertumswissenschaften in Hispanien\/Emil H\u00fcbner y las ciencias de la antig\u00fcedad cl\u00e1sica en Hispania. Akten des Kolloquiums in Madrid vom 19. bis 20. November 2008 zu Ehren des 175. Geburtstages von Emil H\u00fcbner, Mainz 2014 (Manuskript angenommen; wird in Les \u00c9tudes Classiques erscheinen).<\/p>\n<p><strong>In Vorbereitung<\/strong><\/p>\n<p>Zwischen Universalgeschichte und Realpolitik. Eduard Meyers Haltungen zur Weltreichsidee (wird in den Saarbr\u00fccker Universit\u00e4tsreden erscheinen).<\/p>\n<p>Rezension zu: Pawe\u0142 Sawi\u0144ski \/ Adam Zi\u00f3\u0142kowski (Hrsg.), Germanicus Caesar. History and Memory (Studies in Ancient Monarchies 4), Stuttgart 2023 (wird in den Marburger Beitr\u00e4gen zur antiken Handels-, Wirtschafts- und Sozialgeschichte erscheinen).<\/p>\n<p>Sammelrezension zu: Corpus Inscriptionum Iudaeae\/Palaestinae \/ Galilaea and Northern Regions Part I: 5876-6924 sowie zu: Corpus Inscriptionum Iudaeae\/Palaestinae \/ Galilaea and Northern Regions Part II: 6925-7818, Berlin 2023 (wird in Das Historisch-Politische Buch erscheinen).<\/p>\n<p>Rezension zu Hartwin Brandt, Die Kaiserzeit. 31 v. Chr. \u2013 284 n. Chr. (Handbuch der Altertumswissenschaften III.11), M\u00fcnchen 2021 (wird im G\u00f6ttinger Forum f\u00fcr Altertumswissenschaft erscheinen).<\/p>\n<p>Rezension zu: Altay Co\u015fkun \/ Richard Wenghofer (Hrsg.), Seleukid Ideology. Creation, Reception and Response (Seleukid Perspectives 1), Stuttgart 2023 (wird in den Marburger Beitr\u00e4gen zur antiken Handels-, Wirtschafts- und Sozialgeschichte erscheinen).<\/p>\n<p>Rezension zu: Julian Gieseke, Vom \u00e4u\u00dfersten Westen der Welt. Die griechische Ethnographie und die V\u00f6lker Iberiens und der Keltik\u00e9 im Schatten der r\u00f6mischen Expansion (2 Jahrhundert v. Chr \u2013 1. Jahrhundert n. Chr.) (Geographica historica 45), Stuttgart 2023 (wird in Orbis Terrarum \u2013 Internationale Zeitschrift f\u00fcr die Historische Geographie der alten Welt erscheinen).<\/p>\n<\/div>\n<\/div>\n<p><\/p>","protected":false},"excerpt":{"rendered":"<p>PD Dr. Timo Kl\u00e4r Universit\u00e4t des Saarlandes FR 3.5 Altertumswissenschaften Institut f\u00fcr Alte Geschichte Campus, Geb. B3.2, Zimmer 2.04 D-66123 Saarbr\u00fccken timo.klaer@mx.uni-saarland.de ORCID-Nr. 0000-0002-0663-8051 Lebenslauf \u2014 WS 2004 \u2013 2011 Magisterstudium der Spanischen Sprach- und Literaturwissenschaft, Alten Geschichte und Lateinamerikanistik an der Universit\u00e4t des Saarlandes \u2014 WS 2007\/08 Halbj\u00e4hriger Auslandsaufenthalt mit Erasmus in Barcelona, Studium &hellip; <a href=\"http:\/\/www.toletum-network.com\/es\/teilnehmer\/timo-klar-m-a\/\" class=\"more-link\">Continuar leyendo<span class=\"screen-reader-text\"> \u00abDr. Timo Kl\u00e4r\u00bb<\/span><\/a><\/p>\n","protected":false},"author":7,"featured_media":0,"parent":18,"menu_order":0,"comment_status":"closed","ping_status":"closed","template":"","meta":{"jetpack_post_was_ever_published":false,"footnotes":""},"class_list":["post-1233","page","type-page","status-publish","hentry"],"jetpack_sharing_enabled":true,"jetpack_shortlink":"https:\/\/wp.me\/P82TDz-jT","_links":{"self":[{"href":"http:\/\/www.toletum-network.com\/es\/wp-json\/wp\/v2\/pages\/1233","targetHints":{"allow":["GET"]}}],"collection":[{"href":"http:\/\/www.toletum-network.com\/es\/wp-json\/wp\/v2\/pages"}],"about":[{"href":"http:\/\/www.toletum-network.com\/es\/wp-json\/wp\/v2\/types\/page"}],"author":[{"embeddable":true,"href":"http:\/\/www.toletum-network.com\/es\/wp-json\/wp\/v2\/users\/7"}],"replies":[{"embeddable":true,"href":"http:\/\/www.toletum-network.com\/es\/wp-json\/wp\/v2\/comments?post=1233"}],"version-history":[{"count":25,"href":"http:\/\/www.toletum-network.com\/es\/wp-json\/wp\/v2\/pages\/1233\/revisions"}],"predecessor-version":[{"id":17566,"href":"http:\/\/www.toletum-network.com\/es\/wp-json\/wp\/v2\/pages\/1233\/revisions\/17566"}],"up":[{"embeddable":true,"href":"http:\/\/www.toletum-network.com\/es\/wp-json\/wp\/v2\/pages\/18"}],"wp:attachment":[{"href":"http:\/\/www.toletum-network.com\/es\/wp-json\/wp\/v2\/media?parent=1233"}],"curies":[{"name":"wp","href":"https:\/\/api.w.org\/{rel}","templated":true}]}}