{"id":12257,"date":"2018-11-09T00:39:22","date_gmt":"2018-11-08T22:39:22","guid":{"rendered":"http:\/\/www.toletum-network.com\/?page_id=12257"},"modified":"2020-11-18T11:12:48","modified_gmt":"2020-11-18T09:12:48","slug":"dr-jorge-morin-de-pablos","status":"publish","type":"page","link":"http:\/\/www.toletum-network.com\/es\/teilnehmer\/dr-jorge-morin-de-pablos\/","title":{"rendered":"Dr. Jorge Mor\u00edn de Pablos"},"content":{"rendered":"<p><img loading=\"lazy\" decoding=\"async\" class=\"alignnone size-full wp-image-12259\" src=\"http:\/\/www.toletum-network.com\/wp-content\/uploads\/2018\/11\/Mor\u00edn-de-Pablos-2.png\" alt=\"\" width=\"300\" height=\"200\" \/><\/p>\n<h3 class=\"entry-title\">Dr. Jorge Mor\u00edn de Pablos<\/h3>\n<div class=\"entry-content\">\n<p>AUDEMA<br \/>\nDepartamento de Departamento de Arqueolog\u00eda, Paleontolog\u00eda y Recursos Culturales<br \/>\nc\/ Felipe Campos, 3<br \/>\nE-28002 Madrid<br \/>\n<a href=\"mailto:jmorin@audema.com\">jmorin@audema.com<\/a><\/p>\n<p><a href=\"https:\/\/audema.academia.edu\/JorgeMorindePablosLateAntiquityVisigothicKingdomandAlAndalusArchaeology\">CV<\/a><\/p>\n<p><strong><span style=\"color: #800080;\"><a style=\"color: #800080; text-decoration: underline;\" href=\"http:\/\/www.toletum-network.com\/es\/workshops\/ix-workshop-2018\/\">Toletum IX Reino visigodo de Toledo<\/a><\/span><\/strong><\/p>\n<\/div>\n<p><\/p>","protected":false},"excerpt":{"rendered":"<p>Dr. Jorge Mor\u00edn de Pablos AUDEMA Departamento de Departamento de Arqueolog\u00eda, Paleontolog\u00eda y Recursos Culturales c\/ Felipe Campos, 3 E-28002 Madrid jmorin@audema.com CV Toletum IX Reino visigodo de Toledo<\/p>\n","protected":false},"author":8,"featured_media":0,"parent":18,"menu_order":0,"comment_status":"closed","ping_status":"closed","template":"","meta":{"jetpack_post_was_ever_published":false,"footnotes":""},"class_list":["post-12257","page","type-page","status-publish","hentry"],"jetpack_sharing_enabled":true,"jetpack_shortlink":"https:\/\/wp.me\/P82TDz-3bH","_links":{"self":[{"href":"http:\/\/www.toletum-network.com\/es\/wp-json\/wp\/v2\/pages\/12257","targetHints":{"allow":["GET"]}}],"collection":[{"href":"http:\/\/www.toletum-network.com\/es\/wp-json\/wp\/v2\/pages"}],"about":[{"href":"http:\/\/www.toletum-network.com\/es\/wp-json\/wp\/v2\/types\/page"}],"author":[{"embeddable":true,"href":"http:\/\/www.toletum-network.com\/es\/wp-json\/wp\/v2\/users\/8"}],"replies":[{"embeddable":true,"href":"http:\/\/www.toletum-network.com\/es\/wp-json\/wp\/v2\/comments?post=12257"}],"version-history":[{"count":7,"href":"http:\/\/www.toletum-network.com\/es\/wp-json\/wp\/v2\/pages\/12257\/revisions"}],"predecessor-version":[{"id":14763,"href":"http:\/\/www.toletum-network.com\/es\/wp-json\/wp\/v2\/pages\/12257\/revisions\/14763"}],"up":[{"embeddable":true,"href":"http:\/\/www.toletum-network.com\/es\/wp-json\/wp\/v2\/pages\/18"}],"wp:attachment":[{"href":"http:\/\/www.toletum-network.com\/es\/wp-json\/wp\/v2\/media?parent=12257"}],"curies":[{"name":"wp","href":"https:\/\/api.w.org\/{rel}","templated":true}]}}