{"id":1217,"date":"2016-09-02T12:26:56","date_gmt":"2016-09-02T12:26:56","guid":{"rendered":"http:\/\/www.toletum-network.com\/?page_id=1217"},"modified":"2020-11-18T11:14:26","modified_gmt":"2020-11-18T09:14:26","slug":"dr-marcus-heinrich-hermanns","status":"publish","type":"page","link":"http:\/\/www.toletum-network.com\/es\/teilnehmer\/dr-marcus-heinrich-hermanns\/","title":{"rendered":"Dr. Marcus Heinrich Hermanns"},"content":{"rendered":"<p><img loading=\"lazy\" decoding=\"async\" class=\"alignnone size-full wp-image-1218\" src=\"http:\/\/www.toletum-network.com\/wp-content\/uploads\/2016\/09\/Marcus-Heinrich-Hermanns-224x300.jpg\" alt=\"Marcus-Heinrich-Hermanns-224x300\" width=\"224\" height=\"300\" \/><\/p>\n<h3 class=\"entry-title\">Dr. Marcus Heinrich Hermanns<\/h3>\n<p>nacido el d\u00eda 30 de noviembre de 1973 en M\u00f6nchengladbach<br \/>\n<span style=\"color: #999999;\"><a style=\"color: #999999;\" href=\"mailto:mhhermanns@web.de\">mhhermanns@web.de<\/a><\/span><\/p>\n<hr \/>\n<h5><strong>Formaci\u00f3n acad\u00e9mica<\/strong><\/h5>\n<p><span style=\"color: #999999;\">\u2014 2009 \u2013 2010<\/span><br \/>\nCurso de perfeccionamiento en ense\u00f1anza universitaria.<\/p>\n<p><span style=\"color: #999999;\">\u2014 2006 \u2013 2007<\/span><br \/>\nCursos de perfeccionamiento en gesti\u00f3n cultural y relaciones p\u00fablicas.<\/p>\n<p><span style=\"color: #999999;\">\u2014 2003<\/span><br \/>\nDoctorado en arqueologia cl\u00e1ssica por la Universidad de Colonia con el tema: <em>Licht und Lampen im westgriechischen Alltag. Studien zur Lampe in arch\u00e4ologischen Fundkontexten des sechsten bis dritten Jahrhunderts v. Chr. am Fallbeispiel von Selinunt (Sizilien)<\/em>.<\/p>\n<p><span style=\"color: #999999;\">\u2014 2000<\/span><br \/>\nCurso de buceo cient\u00edfico.<\/p>\n<p><span style=\"color: #999999;\">\u2014 2000<\/span><br \/>\nLicenciado (Magister Artium) en arqueolog\u00eda cl\u00e1sica, prehistoria y historia antigua por la Universidad de Colonia.<\/p>\n<p><span style=\"color: #999999;\">\u2014 1995 \u2013 1999<\/span><br \/>\nCarrera universitaria en arqueolog\u00eda cl\u00e1sica, pre- y protohistoria y historia antigua, Universidades de Colonia, Bonn y Bochum<\/p>\n<p><span style=\"color: #999999;\">\u2014 1993 \u2013 1994<\/span><br \/>\nEstudios universitarios de filolog\u00eda cl\u00e1sica y historia antigua, Universidad de D\u00fcsseldorf<\/p>\n<hr \/>\n<h5><strong>Actividad profesional (selecci\u00f3n)<\/strong><\/h5>\n<p>Actividad profesional en excavaciones, tanto en tierra como subacu\u00e1ticas, en diferentes funciones. Adem\u00e1s, amplia experiencia como investigador aut\u00f3nomo en gesti\u00f3n de proyectos, iniciando y desarollando proyectos cient\u00edficos a nivel nacional e internacional.<\/p>\n<p>Actividad como docente universitario a nivel nacional e internacional impartiendo cursos e clases extraordinarias en la Universidad de Colonia, Bochum y Marburgo asi como en la Universidad de Murcia, la Universitat de les Illes Balears, la Universidad Aut\u00f3noma de Madrid y en la Universidad Complutense de Madrid.<\/p>\n<p><span style=\"color: #999999;\">\u2014 2011 \u2013 2016<\/span><br \/>\nCient\u00edfico contratado y encargado de biblioteca del Instituto Arqueol\u00f3gico Alem\u00e1n, departamento de Madrid.<\/p>\n<p><span style=\"color: #999999;\">\u2014 desde 2014<\/span><br \/>\nAcreditado como instructor de buceo cient\u00edfico ( asociado al Ausbildungsbetrieb TERAQUA GbR, Freiburg im Breisgau).<\/p>\n<p><span style=\"color: #999999;\">\u2014 2009 \u2013 2010<\/span><br \/>\nAsistente (suplente) del Decano de Investigaci\u00f3n de la Facultad de Filosofia, Universidad de Colonia.<\/p>\n<p><span style=\"color: #999999;\">\u2014 2006 \u2013 2009<\/span><br \/>\nAut\u00f3nomo en Relacionas P\u00fablicas y Gest\u00edon Cultural. Realizaci\u00f3n de proyectos cient\u00edficos. Temporalmente asociado al Arch\u00e4ologisches Institut de la Universidad de Colonia.<\/p>\n<p><span style=\"color: #999999;\">\u2014 2006<\/span><br \/>\nAut\u00f3nomo en Relacionas P\u00fablicas y Gest\u00edon Cultural, temporalmente asociado de kultur &amp; kommunikation, Spezialagentur f\u00fcr kulturelle \u00d6ffentlichkeitsarbeit GmbH, H\u00fcrth.<\/p>\n<p><span style=\"color: #999999;\">\u2014 2004 \u2013 2005<\/span><br \/>\nBeca de viaje por el Instituto Arqueol\u00f3gico Alem\u00e1n (central de Berlin).<\/p>\n<p><span style=\"color: #999999;\">\u2014 2003 \u2013 2004<\/span><br \/>\nAut\u00f3nomo en Gesti\u00f3n Cultural.<\/p>\n<p><span style=\"color: #999999;\">\u2014 2000 \u2013 2003<\/span><br \/>\nBecario doctorando de la Gerda-Henkel-Stiftung, D\u00fcsseldorf.<\/p>\n<p><span style=\"color: #999999;\">\u2014 01.10.2002 \u2013 31.12.2002<\/span><br \/>\nTemporalmente asociado al Forschungszentrum f\u00fcr Marine Geowissenschaften (GEOMAR), Kiel (Proyecto geoarqueol\u00f3gico en cooperaci\u00f3n con Instituto Arqueol\u00f3gico Alem\u00e1n, departamento de Roma).<\/p>\n<p><span style=\"color: #999999;\">\u2014 01.11.2001 \u2013 31.03.2002<\/span><br \/>\nTemporalmente asociado al Museum f\u00fcr antike Schiffahrt, R\u00f6misch-Germanisches Zentralmuseum Mainz (Proyecto europeo Navis II).<\/p>\n<p><span style=\"color: #999999;\">\u2014 1999 \u2013 2000<\/span><br \/>\nTemporalmente asociado al Instituto Arqueol\u00f3gico Alem\u00e1n (departamento de Roma) (Excavaci\u00f3n de Selinunte, Sicilia).<\/p>\n<hr \/>\n<h5><strong>Lineas de investigaci\u00f3n y \u00e1reas de inter\u00e9s<\/strong><\/h5>\n<ul>\n<li>El uso de la cer\u00e1mica griega en el Mediterr\u00e1neo occidental<\/li>\n<li>La iluminaci\u00f3n en la antig\u00fcedad<\/li>\n<li>El comercio mar\u00edtimo, la navegaci\u00f3n y la mariner\u00eda antigua en el contexto arqueol\u00f3gico<\/li>\n<li>M\u00e9todos de investigaci\u00f3n, de divulgaci\u00f3n cient\u00edfica y de gesti\u00f3n cultural con especial enfoque en el \u00e1mbito de arqueolog\u00eda subacu\u00e1tica y mar\u00edtima<\/li>\n<\/ul>\n<hr \/>\n<h5><strong>Proyectos en curso<\/strong><\/h5>\n<ul>\n<li>En el \u00e1mbito de la arqueolog\u00eda mar\u00edtima \/ geoarqueolog\u00eda \/ arqueolog\u00eda subacu\u00e1tica:<br \/>\nLas instalaciones portuarias antiguas de la Pen\u00ednsula Ib\u00e9rica.<br \/>\nLa nave romana de Grum de Sal (Ibiza, Islas Baleares), en cooperaci\u00f3n con el Servei T\u00e9cnic d\u2019Arqueol\u00f3gia del Consell Insular d\u2019Eivissa y el departamento de ciencias naturales del Instituto Arqueol\u00f3gico Alem\u00e1n, central de Berlin.<\/li>\n<li>En el \u00e1mbito de la arqueominer\u00eda:<br \/>\nExploraci\u00f3n de la explotaci\u00f3n de galena en Ibiza (Islas Baleares) en \u00e9poca antigua y altomedieval, en colaboraci\u00f3n con el Servei T\u00e8cnic de Arqueologia del Consell Insular d&#8217;Eivissa y el Museo Alem\u00e1n de Miner\u00eda, Bochum.<\/li>\n<li>Proyecto de habilitaci\u00f3n:<br \/>\nLa estructura econ\u00f3nima de la isla de Ibiza en la Antiguedad desde la perspectiva de la arqueolog\u00eda mar\u00edtima.<\/li>\n<\/ul>\n<hr \/>\n<h5><strong>Miembro de las siguientes asociaciones<\/strong><\/h5>\n<ul>\n<li>Deutscher Arch\u00e4ologenverband e.V. (DArV)<\/li>\n<li>Col.legi Oficial de Doctors i LLicenciats en Filosofia i Lletres i en Ci\u00e8ncies de les Illes Balears<\/li>\n<li>Mommsen-Gesellschaft<\/li>\n<li>Nautical Archaeology Society (NAS)<\/li>\n<li>Kommission f\u00fcr Unterwasserarch\u00e4ologie (KUWA) beim Verband der Landesarch\u00e4ologen der Bundesrepublik Deutschland<\/li>\n<li>Kommssion Forschungstauchen in Deutschland (KFT)<\/li>\n<\/ul>\n<p><\/p>","protected":false},"excerpt":{"rendered":"<p>Dr. Marcus Heinrich Hermanns nacido el d\u00eda 30 de noviembre de 1973 en M\u00f6nchengladbach mhhermanns@web.de Formaci\u00f3n acad\u00e9mica \u2014 2009 \u2013 2010 Curso de perfeccionamiento en ense\u00f1anza universitaria. \u2014 2006 \u2013 2007 Cursos de perfeccionamiento en gesti\u00f3n cultural y relaciones p\u00fablicas. \u2014 2003 Doctorado en arqueologia cl\u00e1ssica por la Universidad de Colonia con el tema: Licht &hellip; <a href=\"http:\/\/www.toletum-network.com\/es\/teilnehmer\/dr-marcus-heinrich-hermanns\/\" class=\"more-link\">Continuar leyendo<span class=\"screen-reader-text\"> \u00abDr. Marcus Heinrich Hermanns\u00bb<\/span><\/a><\/p>\n","protected":false},"author":7,"featured_media":0,"parent":18,"menu_order":0,"comment_status":"closed","ping_status":"closed","template":"","meta":{"jetpack_post_was_ever_published":false,"footnotes":""},"class_list":["post-1217","page","type-page","status-publish","hentry"],"jetpack_sharing_enabled":true,"jetpack_shortlink":"https:\/\/wp.me\/P82TDz-jD","_links":{"self":[{"href":"http:\/\/www.toletum-network.com\/es\/wp-json\/wp\/v2\/pages\/1217","targetHints":{"allow":["GET"]}}],"collection":[{"href":"http:\/\/www.toletum-network.com\/es\/wp-json\/wp\/v2\/pages"}],"about":[{"href":"http:\/\/www.toletum-network.com\/es\/wp-json\/wp\/v2\/types\/page"}],"author":[{"embeddable":true,"href":"http:\/\/www.toletum-network.com\/es\/wp-json\/wp\/v2\/users\/7"}],"replies":[{"embeddable":true,"href":"http:\/\/www.toletum-network.com\/es\/wp-json\/wp\/v2\/comments?post=1217"}],"version-history":[{"count":29,"href":"http:\/\/www.toletum-network.com\/es\/wp-json\/wp\/v2\/pages\/1217\/revisions"}],"predecessor-version":[{"id":9972,"href":"http:\/\/www.toletum-network.com\/es\/wp-json\/wp\/v2\/pages\/1217\/revisions\/9972"}],"up":[{"embeddable":true,"href":"http:\/\/www.toletum-network.com\/es\/wp-json\/wp\/v2\/pages\/18"}],"wp:attachment":[{"href":"http:\/\/www.toletum-network.com\/es\/wp-json\/wp\/v2\/media?parent=1217"}],"curies":[{"name":"wp","href":"https:\/\/api.w.org\/{rel}","templated":true}]}}