{"id":1212,"date":"2016-09-02T12:15:22","date_gmt":"2016-09-02T12:15:22","guid":{"rendered":"http:\/\/www.toletum-network.com\/?page_id=1212"},"modified":"2022-10-14T21:52:49","modified_gmt":"2022-10-14T19:52:49","slug":"jasmin-hettinger-m-a","status":"publish","type":"page","link":"http:\/\/www.toletum-network.com\/es\/teilnehmer\/jasmin-hettinger-m-a\/","title":{"rendered":"Dr. Jasmin Hettinger"},"content":{"rendered":"<p><img loading=\"lazy\" decoding=\"async\" class=\"alignnone wp-image-15343\" src=\"http:\/\/www.toletum-network.com\/wp-content\/uploads\/2019\/10\/hettinger-kl.jpg\" alt=\"Jasmin Hettinger\" width=\"181\" height=\"228\" \/><\/p>\n<h3 class=\"entry-title\">Dr. Jasmin Hettinger<\/h3>\n<div>\n<div>\n<div>Universit\u00e4t Leipzig<br \/>\nHistorisches Institut \/ Alte Geschichte<br \/>\nBeethovenstr. 15<br \/>\n04107 Leipzig<\/div>\n<\/div>\n<\/div>\n<p><span style=\"color: #999999;\"><a href=\"mailto:jasmin-hettinger@gmx.de\">jasmin-hettinger@gmx.de<\/a><\/span><\/p>\n<p><strong>Website<\/strong><br \/>\n<a href=\"http:\/\/uni-due.academia.edu\/JasminHettinger\">http:\/\/uni-due.academia.edu\/JasminHettinger<\/a><\/p>\n<div id=\"box\">\n<hr \/>\n<\/div>\n<div id=\"box\">\n<h5><strong>Schulischer und akademischer Werdegang<\/strong><\/h5>\n<p><span style=\"color: #999999;\">\u2014 seit 2022<\/span><br \/>\nHelmholtz-Zentrum Dresden-Rossendorf<strong>, Postdoc Center, <\/strong>Referentin f\u00fcr Wissenschaftsmanagement<\/p>\n<p><span style=\"color: #999999;\">\u2014 2022<\/span><br \/>\n<strong>RomanIslam Center, Universit\u00e4t Hamburg<\/strong>, Postdoc-Fellow mit dem Forschungsprojekt<br \/>\n\u201eContinuity and Discontinuity of Pagan Water Cults on the Iberian Peninsula in the Wake of Christianization\u201c (Alte Geschichte)<\/p>\n<p><span lang=\"DE\"><span style=\"color: #999999;\">\u2014 seit 2021<\/span><\/span><strong><span lang=\"DE\"><br \/>\nUniversit\u00e4t Leipzig, Historisches Seminar<\/span><\/strong><span lang=\"DE\">, Postdoc-Stipendiatin der Fritz Thyssen Stiftung<br \/>\n<\/span><em><span lang=\"DE\">Postdoc-Projekt:<\/span><\/em><span lang=\"DE\"> \u201eFeuchtgebiete in der Antike: Konzeption und Kontextualisierung\u201c (Alte Geschichte)<\/span><\/p>\n<p><span style=\"color: #999999;\">\u2014 2017-2019<\/span><br \/>\n<strong>Deutsches Schifffahrtsmuseum Bremerhaven \/ Institut der Leibniz-Gemeinschaft<\/strong>, Wissenschaftliches Volontariat im Bereich Bildung und Vermittlung<\/p>\n<p><span style=\"color: #999999;\">\u2014 2016 &#8211; 2017<\/span><br \/>\n<strong>Kommission f\u00fcr Alte Geschichte und Epigraphik (DAI M\u00fcnchen)<\/strong>, Jacobi-Stipendiatin<\/p>\n<p><span style=\"color: #999999;\">\u2014 2013 &#8211; 2016<\/span><br \/>\n<strong>Universit\u00e4t Duisburg-Essen<\/strong>, Wissenschaftliche Mitarbeit im historischen Graduiertenkolleg 1919 \u00abVorsorge, Voraussicht, Vorhersage: Kontingenzbew\u00e4ltigung durch Zukunftshandeln\u00bb;<br \/>\n<em>Promotionsprojekt:<\/em> \u00abPraktiken und Paradigmen der Hochwasservorsorge im R\u00f6mischen Reich\u00bb (Alte Geschichte)<\/p>\n<p><span style=\"color: #999999;\">\u2014 2010 &#8211; 2013<\/span><br \/>\n<strong>Technische Universit\u00e4t Dresden<\/strong>, Masterstudium in ANTIKE KULTUREN (Alte Geschichte, Klassische Philologie, rk. \/ ev. Theologie)<br \/>\n<em>Masterarbeit:<\/em> \u00abQ. Sertorius, <em>proconsul<\/em> und <em>proscriptus<\/em>. \u00dcberlegungen zu den Kommunikationsstrategien im Sertoriuskrieg\u00bb (Auszeichnung f\u00fcr die beste Masterarbeit des Jahres 2013 an der Philosophischen Fakult\u00e4t der TU Dresden)<\/p>\n<p><span style=\"color: #999999;\">\u2014 2006 &#8211; 2010<\/span><br \/>\n<strong>Universit\u00e4t Konstanz <\/strong>und<strong> Universidad de Salamanca<\/strong>, Bachelor-Studium in:<br \/>\n\u2022 KULTURWISSENSCHAFT DER ANTIKE (Alte Geschichte, Klassische Philologie, Arch\u00e4ologie)<br \/>\n\u2022 GESCHICHTE<br \/>\nBachelorarbeit: \u00abProvinzialr\u00f6mische Gesellschaften am obergermanisch-raetischen Limes.<br \/>\nDynamik und M\u00f6glichkeiten einer Grenzzone\u00bb<\/p>\n<p><span style=\"color: #999999;\">\u2014 2005 &#8211; 2006<\/span><br \/>\n<strong>Work &amp; Travel-Programm Kanada<\/strong>, T\u00e4tigkeiten in Vancouver &amp; Qu\u00e9bec Stadt<\/p>\n<p><span style=\"color: #999999;\">\u2014 1996 &#8211; 2005<\/span><br \/>\n<strong>K\u00f6nigin-Katharina-Stift Gymnasium<\/strong>, Stuttgart, Abitur<\/p>\n<hr \/>\n<h5><strong>Praktika, Hilfskraftt\u00e4tigkeiten\u00a0und Grabungserfahrung<\/strong><\/h5>\n<p><span lang=\"DE\"><span style=\"color: #999999;\">\u2014 2015<\/span><\/span><span lang=\"DE\"><br \/>\n<strong>Deutsch-spanische Fieldschool in Segobriga \/ Trier<\/strong><br \/>\nTOLETUM Arch\u00e4ologische Fieldschool zur Stadtarch\u00e4ologie<\/span><\/p>\n<p><span style=\"color: #999999;\">\u2014 2013<\/span><br \/>\n<strong>S\u00e4chsische Landesstelle f\u00fcr Museumswesen und Volkskultur<\/strong>, Chemnitz<br \/>\nPraktikum: Spezialbibliothek \/ Abt. \u00d6ffentlichkeitsarbeit \/ Abt. Museumswesen<\/p>\n<p><span style=\"color: #999999;\">\u2014 2011 &#8211; 2013<\/span><br \/>\n<strong>Technische Universit\u00e4t Dresden<\/strong>, Institut f\u00fcr Geschichte Studentische Hilfskraft am Lehrstuhl f\u00fcr Alte Geschichte<\/p>\n<p><span style=\"color: #999999;\">\u2014 2012<\/span><br \/>\n<strong>Landesamt f\u00fcr Denkmalpflege und Arch\u00e4ologie Sachsen-Anhalt, Landesmuseum f\u00fcr Vorgeschichte,<\/strong> Halle<br \/>\nPraktikum: Teilnahme an der Grabung in Wefensleben zur Erschlie\u00dfung eines neolithischen Ringwalls (DFG-Projekt zur Michelsberger Kultur)<\/p>\n<p><span style=\"color: #999999;\">\u2014 2009 &#8211; 2011<\/span><br \/>\n<strong>Universidad de Zaragoza,<\/strong> Spanien<br \/>\nPraktika: j\u00e4hrliche Teilnahme an der Grabung in der keltiberisch-r\u00f6mischen Stadt <em>Bilbilis indigena<\/em>-Valdeherrera, Calatayud (Stipendiatin des Lehrstuhls f\u00fcr Arch\u00e4ologie)<\/p>\n<p><span style=\"color: #999999;\">\u2014 2010<\/span><br \/>\n<strong>Archiv \/ Dokumentationszentrum La Gavilla Verde,<\/strong> Santa Cruz de Moya, Spanien<br \/>\nMitarbeit: Archivarbeit und Projektmanagement (Leonardo-da-Vinci-Stipendiatin)<\/p>\n<p><span style=\"color: #999999;\">\u2014 2008<\/span><br \/>\n<strong>R\u00f6mermuseum Osterburken<\/strong><br \/>\nPraktikum: Mitarbeit im Museumsbetrieb<\/p>\n<hr \/>\n<h5><strong>Publikationen<\/strong><\/h5>\n<p><strong>Monographie<\/strong><\/p>\n<ul>\n<li style=\"list-style-type: none;\">\n<ul>\n<li style=\"list-style-type: none;\">\n<ul>\n<li>Hochwasservorsorge im R\u00f6mischen Reich. Praktiken und Paradigmen (Geographica Historica 44), Stuttgart 2022.<\/li>\n<\/ul>\n<\/li>\n<\/ul>\n<\/li>\n<\/ul>\n<p><strong>Artikel<\/strong><\/p>\n<ul>\n<li style=\"list-style-type: none;\">\n<ul>\n<li style=\"list-style-type: none;\">\n<ul>\n<li>P. de Klerk, J. Hettinger, I. Mus\u00e4us, H. Joosten, Zitternde B\u00f6den und brennender Schlamm: Die Wahrnehmung von Moor und Torf bei den R\u00f6mern, in: Telma. Berichte der Deutschen Gesellschaft f\u00fcr Moor- und Torfkunde 52 (2022), zur Publikation angenommen.<\/li>\n<li>The Past is a Foreign Environment: Some Observations on Roman Wetland Drainage in Ancient and Modern Discourse, in: Chr. Schliephake \/ E. Zemanek (Hrsg.), Anticipatory Environmental (Hi)Stories: Narratives of Coming Nature(s) \u2013 From Antiquity to the Anthropocene (wird publiziert bei Lexington Books, Environment &amp; Society Series).<\/li>\n<li><span lang=\"DE\">Nil mutandum censuerat. Wie aus religi\u00f6ser Scheu antike Hochwasserpr\u00e4vention wird, in: M. Bernhardt \/ W. Bl\u00f6sel \/ S. Brakensiek \/ B. Scheller (Hgg.): M\u00f6glichkeitshorizonte. Zur Pluralit\u00e4t von Zukunftserwartungen und Handlungsoptionen in der Geschichte (Kontingenzgeschichten 4), Frankfurt\/Main 2018, 91-104.<\/span><\/li>\n<li>\u201eNeues zum Kataster von Lacimurga. Die Darstellung der <em>subseciva<\/em> entlang des Ana, Chiron 47 (2017), 189-212.<\/li>\n<li>\u201eVon <em>aqua magna<\/em> bis <em>diluvium<\/em>. Eine systematische Ann\u00e4herung an den Hochwasserbegriff in den antiken lateinischen Schriftquellen\u201c, Orbis Terrarum 12 (2014, gedr. 2016), 109-129.<\/li>\n<\/ul>\n<\/li>\n<\/ul>\n<\/li>\n<\/ul>\n<p><strong><span lang=\"DE\">Rezensionen<\/span><\/strong><\/p>\n<ul>\n<li style=\"list-style-type: none;\">\n<ul>\n<li style=\"list-style-type: none;\">\n<ul>\n<li><span lang=\"DE\">Ph. Deeg, Der Kaiser und die Katastrophe. Untersuchungen zum politischen Umgang mit Umweltkatastrophen im Prinzipat. 31 v. Chr. bis 192 n. Chr. (Geographica Historica 41), Stuttgart 2019, in: Sehepunkte 20 (2020), Nr. 1 [15.01.2020], <a href=\"http:\/\/www.sehepunkte.de\/2020\/01\/33431.html\">http:\/\/www.sehepunkte.de\/2020\/01\/33431.html<\/a><\/span><\/li>\n<li><span lang=\"DE\">L. Mercuri \/ R. Gonz\u00e1lez Villaescusa \/ F. Bertoncello (Hrsg.), Implantations humaines en milieu littoral m\u00e9diterran\u00e9en: Facteurs d\u2019installation et processus d\u2019appropriation de l\u2019espace \u2013 Pr\u00e9histoire, Antiquit\u00e9, Moyen \u00c2ge (Actes des XXXIVe rencontres internationales d\u2019arch\u00e9ologie et d\u2019histoire d\u2019Antibes), Antibes 2014, in: Orbis Terrarum 17 (2019), 311-316.<\/span><\/li>\n<li><span lang=\"DE\">M. Ehrhardt \/ N. Fischer, Von Schlachten und \u00dcberf\u00e4llen. Zur Geschichte der Deiche an Mittelweser, W\u00fcmme und Aller (Geschichte der Deiche an Elbe und Weser VIII), Stade 2018, in: Jahrbuch f\u00fcr den Landkreis Verden 2020, Oldenburg 2019, 224-228.<\/span><\/li>\n<li><span lang=\"DE\">S. von Reden \/ Chr. Wieland (Hrsg.), Wasser. Alltagsbedarf, Ingenieurskunst und Repr\u00e4sentation zwischen Antike und Neuzeit (Umwelt und Gesellschaft 14), G\u00f6ttingen 2015, in: H-Soz-Kult [09.01.2017], <a href=\"http:\/\/www.hsozkult.de\/publicationreview\/id\/reb-24340\">http:\/\/www.hsozkult.de\/publicationreview\/id\/reb-24340<\/a><\/span><\/li>\n<\/ul>\n<\/li>\n<\/ul>\n<\/li>\n<\/ul>\n<p><strong><span lang=\"DE\">Popul\u00e4rwissenschaftliches<\/span><\/strong><\/p>\n<ul>\n<li style=\"list-style-type: none;\">\n<ul>\n<li style=\"list-style-type: none;\">\n<ul>\n<li>Wenn die Flut kommt \u2013 Roms vorsorgender Umgang mit Hochwasser: Neue Forschungen zu einem alten Problem, in: K. Ehling \/ S. Kerschbaum (Hrsg.), G\u00f6ttliche Gr\u00f6\u00dfe und gez\u00e4hmte Gewalt. Vom babylonischen Euphrat bis zum r\u00f6mischen Rhein (Antike Welt \/ Zaberns Bildb\u00e4nde zur Arch\u00e4ologie), Darmstadt 2022, 115-123.<\/li>\n<li><span lang=\"DE\">Antike Hochwasservorsorge, in: Damals. Das Magazin f\u00fcr Geschichte 5\/2017, 45-46.<\/span><\/li>\n<li><span lang=\"DE\">Der Beneficiarierweihebezirk von Osterburken\u201c und \u201eUNESCO-Welterbe \u201aObergermanisch-Raetischer Limes\u2018\u201c in: J. Scheuerbrandt et al., Die R\u00f6mer auf dem Gebiet des Neckar-Odenwald-Kreises. Grenzzone des Imperium Romanum (Beitr\u00e4ge zur Geschichte des Neckar-Odenwald-Kreises 3), Heidelberg 2009, 52-60 und 83-88.<\/span><\/li>\n<\/ul>\n<\/li>\n<\/ul>\n<\/li>\n<\/ul>\n<p><strong><span lang=\"DE\">Tagungsbericht<\/span><\/strong><\/p>\n<ul>\n<li style=\"list-style-type: none;\">\n<ul>\n<li style=\"list-style-type: none;\">\n<ul>\n<li><span lang=\"DE\">Deltas in der griechisch-r\u00f6mischen Antike\u201c \/ \u00c9cole d&#8217;\u00e9t\u00e9 \u201eLes Deltas dans l&#8217;Antiquit\u00e9 gr\u00e9co-romaine\u201c. Sommerschule, 30.08.2015 &#8211; 04.09.2015 Tulcea (Rum\u00e4nien), in: H-Soz-Kult, 20.10.2015, <a href=\"https:\/\/www.hsozkult.de\/conferencereport\/id\/tagungsberichte-6213\">https:\/\/www.hsozkult.de\/conferencereport\/id\/tagungsberichte-6213<\/a><\/span><\/li>\n<\/ul>\n<\/li>\n<\/ul>\n<\/li>\n<\/ul>\n<\/div>\n<hr \/>\n<h5><strong>Mitgliedschaften<\/strong><\/h5>\n<ul>\n<li style=\"list-style-type: none;\">\n<ul>\n<li style=\"list-style-type: none;\">\n<ul>\n<li>Toletum \u2013 Netzwerk zur Erforschung der Iberischen Halbinsel in der Antike \/ Network para la investigaci\u00f3n sobre la Pen\u00ednsula Ib\u00e9rica en la Antig\u00fcedad<\/li>\n<li>DWhG \u2013 Deutsche Wasserhistorische Gesellschaft e.V.<\/li>\n<li>Ernst Kirsten Gesellschaft. Internationale Gesellschaft f\u00fcr Historische Geographie der Alten Welt(KU Eichst\u00e4tt-Ingolstadt)<\/li>\n<li>DFG-Forschungsnetzwerk \u201eRessourcen der Resilienz in der Antike: \u00f6kologische, soziale und kulturelle Systeme zwischen Beharrung und Transformation\u201c(Universit\u00e4t Augsburg)\u2022<\/li>\n<li>AQVIVERGIA\u2013La interacci\u00f3n sociedad-medioambiente en cuencas fluviales de Hispania meridional: Conceptualizaci\u00f3n y pr\u00e1xis (Universidad de C\u00e1diz)<\/li>\n<\/ul>\n<\/li>\n<\/ul>\n<\/li>\n<\/ul>\n<p><\/p>","protected":false},"excerpt":{"rendered":"<p>Dr. Jasmin Hettinger Universit\u00e4t Leipzig Historisches Institut \/ Alte Geschichte Beethovenstr. 15 04107 Leipzig jasmin-hettinger@gmx.de Website http:\/\/uni-due.academia.edu\/JasminHettinger Schulischer und akademischer Werdegang \u2014 seit 2022 Helmholtz-Zentrum Dresden-Rossendorf, Postdoc Center, Referentin f\u00fcr Wissenschaftsmanagement \u2014 2022 RomanIslam Center, Universit\u00e4t Hamburg, Postdoc-Fellow mit dem Forschungsprojekt \u201eContinuity and Discontinuity of Pagan Water Cults on the Iberian Peninsula in the Wake &hellip; <a href=\"http:\/\/www.toletum-network.com\/es\/teilnehmer\/jasmin-hettinger-m-a\/\" class=\"more-link\">Continuar leyendo<span class=\"screen-reader-text\"> \u00abDr. Jasmin Hettinger\u00bb<\/span><\/a><\/p>\n","protected":false},"author":7,"featured_media":0,"parent":18,"menu_order":0,"comment_status":"closed","ping_status":"closed","template":"","meta":{"jetpack_post_was_ever_published":false,"footnotes":""},"class_list":["post-1212","page","type-page","status-publish","hentry"],"jetpack_sharing_enabled":true,"jetpack_shortlink":"https:\/\/wp.me\/P82TDz-jy","_links":{"self":[{"href":"http:\/\/www.toletum-network.com\/es\/wp-json\/wp\/v2\/pages\/1212","targetHints":{"allow":["GET"]}}],"collection":[{"href":"http:\/\/www.toletum-network.com\/es\/wp-json\/wp\/v2\/pages"}],"about":[{"href":"http:\/\/www.toletum-network.com\/es\/wp-json\/wp\/v2\/types\/page"}],"author":[{"embeddable":true,"href":"http:\/\/www.toletum-network.com\/es\/wp-json\/wp\/v2\/users\/7"}],"replies":[{"embeddable":true,"href":"http:\/\/www.toletum-network.com\/es\/wp-json\/wp\/v2\/comments?post=1212"}],"version-history":[{"count":66,"href":"http:\/\/www.toletum-network.com\/es\/wp-json\/wp\/v2\/pages\/1212\/revisions"}],"predecessor-version":[{"id":16870,"href":"http:\/\/www.toletum-network.com\/es\/wp-json\/wp\/v2\/pages\/1212\/revisions\/16870"}],"up":[{"embeddable":true,"href":"http:\/\/www.toletum-network.com\/es\/wp-json\/wp\/v2\/pages\/18"}],"wp:attachment":[{"href":"http:\/\/www.toletum-network.com\/es\/wp-json\/wp\/v2\/media?parent=1212"}],"curies":[{"name":"wp","href":"https:\/\/api.w.org\/{rel}","templated":true}]}}