{"id":12051,"date":"2018-10-10T22:03:52","date_gmt":"2018-10-10T20:03:52","guid":{"rendered":"http:\/\/www.toletum-network.com\/?page_id=12051"},"modified":"2020-11-18T11:16:21","modified_gmt":"2020-11-18T09:16:21","slug":"dr-ruben-olmo-lopez","status":"publish","type":"page","link":"http:\/\/www.toletum-network.com\/es\/teilnehmer\/dr-ruben-olmo-lopez\/","title":{"rendered":"Dr. Rub\u00e9n Olmo L\u00f3pez"},"content":{"rendered":"<p><img loading=\"lazy\" decoding=\"async\" class=\"alignnone size-full wp-image-12131\" src=\"http:\/\/www.toletum-network.com\/wp-content\/uploads\/2018\/10\/Rub\u00e9n-Olmo-L\u00f3pez-e1539545835137.jpg\" alt=\"\" width=\"275\" height=\"300\" \/><\/p>\n<h3 class=\"entry-title\">Dr. Rub\u00e9n Olmo L\u00f3pez<\/h3>\n<p>Departamento de Historia<br \/>\nFacultade de Xeograf\u00eda e Historia<br \/>\nUniversidade de Santiago de Compostela<br \/>\nPraza da Universidade, 1<br \/>\nE-15782 Santiago de Compostela<br \/>\n<a href=\"mailto:ruben.olmo.lopez@usc.es\">ruben.olmo.lopez@usc.es<\/a><\/p>\n<p><strong>investigador invitado, 11\/2018-06\/2019<\/strong><br \/>\nUniversit\u00e4t Hamburg<br \/>\nHistorisches Seminar \u2013 Arbeitsbereich Alte Geschichte<br \/>\n\u00dcberseering 35#5 \/ 2. OG<br \/>\nD-22297 Hamburg<\/p>\n<p><strong>Website<\/strong><br \/>\n<a href=\"https:\/\/usc-es.academia.edu\/Rub%C3%A9nOlmoL%C3%B3pez\">https:\/\/usc-es.academia.edu\/Rub%C3%A9nOlmoL%C3%B3pez<\/a><\/p>\n<p><strong>Promotionsprojekt: <\/strong>Cara a construcci\u00f3n dun marco de convivencia no Occidente: As funci\u00f3ns oficiais e o comportamento social dos proc\u00f3nsules de \u00c1frica durante o Alto Imperio romano<\/p>\n<hr \/>\n<h5><strong>Formaci\u00f3n Acad\u00e9mica<\/strong><\/h5>\n<p><span style=\"color: #999999;\">\u2014 2016<\/span><br \/>\nDoctor en Historia Antigua por la Universidad Complutense de Madrid.<\/p>\n<p><span style=\"color: #999999;\">\u2014 2009<\/span><br \/>\nM\u00e1ster Interuniversitario en Historia y Ciencias de la Antig\u00fcedad por la Universidad Complutense y la Universidad Aut\u00f3noma de Madrid.<\/p>\n<p><span style=\"color: #999999;\">\u2014 2008<\/span><br \/>\nLicenciado en Historia por la Universidad de Santiago de Compostela.<\/p>\n<hr \/>\n<h5><strong>Trayectoria profesional<\/strong><\/h5>\n<p><span style=\"color: #999999;\">\u2014 desde 2017<\/span><br \/>\nInvestigador postdoctoral de la Xunta de Galicia en la Universidad de Santiago de Compostela. GI-1919, S\u00edncrisis: Investigaci\u00f3n en Formas Culturales.<\/p>\n<p><span style=\"color: #999999;\">\u2014 2016 \u2013 2017<\/span><br \/>\nBorsista postdoc en el Istituto Italiano per gli Studi Storici de N\u00e1poles.<\/p>\n<p><span style=\"color: #999999;\">\u2014 2011 \u2013 2015<\/span><br \/>\nPersonal investigador en formaci\u00f3n (Programa FPU) en Dpto. Historia Antigua, Universidad Complutense de Madrid.<\/p>\n<hr \/>\n<h5><strong>Estancias en centros extranjeros<\/strong><\/h5>\n<p><span style=\"color: #999999;\">\u2014 11\/2018 &#8211; 06\/2019<\/span><br \/>\nUniversit\u00e4t Hamburg (postdoc)<\/p>\n<p><span style=\"color: #999999;\">\u2014 06\/2017 &#8211; 11\/2018<\/span><br \/>\nMAE Ren\u00e9-Ginouv\u00e8s, Universit\u00e9 Paris Nanterre (postdoc)<\/p>\n<p><span style=\"color: #999999;\">\u2014 03\/2014 &#8211; 05\/2014<\/span><br \/>\nCentre ANHIMA, \u00c9cole Pratique des Hautes \u00c9tudes, Paris (predoc)<\/p>\n<p><span style=\"color: #999999;\">\u2014 04\/2013 &#8211; 07\/2013<\/span><br \/>\nUniversit\u00e0 di Roma 1 La Sapienza (predoc)<\/p>\n<p><span style=\"color: #999999;\">\u2014 07\/2012<\/span><br \/>\nUniversit\u00e9 Catholique de Louvain (predoc)<\/p>\n<p><span style=\"color: #999999;\">\u2014 05\/2012<\/span><br \/>\nScuola Normale Superiore di Pisa (predoc)<\/p>\n<p><span style=\"color: #999999;\">\u2014 01\/2012<\/span><br \/>\nCedant, IUSS Pavia. (predoc)<\/p>\n<hr \/>\n<h5><strong>Publicaciones cient\u00edficas destacadas<\/strong><\/h5>\n<p>a) Monograf\u00eda:<\/p>\n<p>2018: El centro en la periferia: Las competencias de los gobernadores provinciales romanos en Hispania durante el Principado, Z\u00fcrich (=Geschichte und Kultur der Iberischen Welt, 14).<\/p>\n<p>b) Art\u00edculos:<\/p>\n<p>2018: El gobernador provincial y las comunidades latinas: El caso de <em>Nemausus<\/em> en Estrab\u00f3n, <em>Geri\u00f3n<\/em> 36\/2, 2018.<\/p>\n<p>2018: Recensi\u00f3n de A. B\u00e9renger. Le m\u00e9tier de gouverneur dans l\u2019empire romain. De C\u00e9sar \u00e0 Diocl\u00e9tien, Paris, 2014, <em>Athenaeum<\/em> 196\/1, 2018, p. 259-263.<\/p>\n<p>2017: Los escenarios del poder en las provincias: La utilizaci\u00f3n de los lugares de espect\u00e1culos por parte de los gobernadores romanos durante el Principado, en: S. Panzram (Hg.), <em>Oppidum \u2013 Civitas \u2013 Urbs. <\/em><em>St\u00e4dteforschung auf der Iberischen Halbinsel zwischen Rom und al-Andalus<\/em>,\u00a0Berlin (=Geschichte und Kultur der Iberischen Welt, 13), p. 87-105.<\/p>\n<p>2017: La actuaci\u00f3n de los proc\u00f3nsules de la B\u00e9tica como intermediarios entre el poder imperial y las comunidades locales a inicios del Principado, <em>Habis<\/em> 48, 2017, p. 133-149.<\/p>\n<p>2015: Nuevas perspectivas en torno al edicto provincial en \u00e9poca republicana, <em>Latomus<\/em> 74\/4, 2015, p. 939-967.<\/p>\n<p>2014: <em>Pacisque imponere morem<\/em>: Los gobernadores provinciales y la imposici\u00f3n del orden romano a los conquistados en Occidente (ss. I a.C.-I d.C.), en: G. Bravo, R. Gonz\u00e1lez Salinero (eds.), Conquistadores y conquistados: Relaciones de dominio en el mundo romano, Madrid\/Salamanca, 2014, p. 485-498.<\/p>","protected":false},"excerpt":{"rendered":"<p>Dr. Rub\u00e9n Olmo L\u00f3pez Departamento de Historia Facultade de Xeograf\u00eda e Historia Universidade de Santiago de Compostela Praza da Universidade, 1 E-15782 Santiago de Compostela ruben.olmo.lopez@usc.es investigador invitado, 11\/2018-06\/2019 Universit\u00e4t Hamburg Historisches Seminar \u2013 Arbeitsbereich Alte Geschichte \u00dcberseering 35#5 \/ 2. OG D-22297 Hamburg Website https:\/\/usc-es.academia.edu\/Rub%C3%A9nOlmoL%C3%B3pez Promotionsprojekt: Cara a construcci\u00f3n dun marco de convivencia no &hellip; <a href=\"http:\/\/www.toletum-network.com\/es\/teilnehmer\/dr-ruben-olmo-lopez\/\" class=\"more-link\">Continuar leyendo<span class=\"screen-reader-text\"> \u00abDr. Rub\u00e9n Olmo L\u00f3pez\u00bb<\/span><\/a><\/p>\n","protected":false},"author":8,"featured_media":0,"parent":18,"menu_order":0,"comment_status":"closed","ping_status":"closed","template":"","meta":{"jetpack_post_was_ever_published":false,"footnotes":""},"class_list":["post-12051","page","type-page","status-publish","hentry"],"jetpack_sharing_enabled":true,"jetpack_shortlink":"https:\/\/wp.me\/P82TDz-38n","_links":{"self":[{"href":"http:\/\/www.toletum-network.com\/es\/wp-json\/wp\/v2\/pages\/12051","targetHints":{"allow":["GET"]}}],"collection":[{"href":"http:\/\/www.toletum-network.com\/es\/wp-json\/wp\/v2\/pages"}],"about":[{"href":"http:\/\/www.toletum-network.com\/es\/wp-json\/wp\/v2\/types\/page"}],"author":[{"embeddable":true,"href":"http:\/\/www.toletum-network.com\/es\/wp-json\/wp\/v2\/users\/8"}],"replies":[{"embeddable":true,"href":"http:\/\/www.toletum-network.com\/es\/wp-json\/wp\/v2\/comments?post=12051"}],"version-history":[{"count":27,"href":"http:\/\/www.toletum-network.com\/es\/wp-json\/wp\/v2\/pages\/12051\/revisions"}],"predecessor-version":[{"id":13161,"href":"http:\/\/www.toletum-network.com\/es\/wp-json\/wp\/v2\/pages\/12051\/revisions\/13161"}],"up":[{"embeddable":true,"href":"http:\/\/www.toletum-network.com\/es\/wp-json\/wp\/v2\/pages\/18"}],"wp:attachment":[{"href":"http:\/\/www.toletum-network.com\/es\/wp-json\/wp\/v2\/media?parent=12051"}],"curies":[{"name":"wp","href":"https:\/\/api.w.org\/{rel}","templated":true}]}}