{"id":119,"date":"2016-07-07T07:45:33","date_gmt":"2016-07-07T07:45:33","guid":{"rendered":"http:\/\/www.toletum-network.com\/?page_id=119"},"modified":"2020-04-02T21:01:54","modified_gmt":"2020-04-02T19:01:54","slug":"119-2","status":"publish","type":"page","link":"http:\/\/www.toletum-network.com\/es\/","title":{"rendered":""},"content":{"rendered":"<p><\/p>\n<p style=\"text-align: left;\">Resultan espectaculares los nuevos descubrimientos que en las tres \u00faltimas d\u00e9cadas han atra\u00eddo la atenci\u00f3n hacia la Pen\u00ednsula Ib\u00e9rica. El anfiteatro de <em>Corduba<\/em>, el teatro y el foro de <em>Carthago Nova<\/em> o <em>Caesaraugusta<\/em>, partes del trazado urbano de <em>Segobriga<\/em> y el <em>Senatus consultum<\/em> <em>de<\/em> <em>Cn. Pisone patre<\/em>, la <em>Lex Irnitana<\/em>: \u00a1s\u00ed, m\u00e1s de 20.000 inscripciones!<\/p>\n<p style=\"text-align: left;\">Como resultado del intenso desarrollo de una \u201carqueolog\u00eda urbana\u201d en un sentido amplio, se han obtenido como en ninguna otra regi\u00f3n del Mediterr\u00e1neo occidental, sobre todo, nuevas ideas acerca del \u201cdise\u00f1o constructivo\u201d y de la organizaci\u00f3n social del \u201cmundo vital urbano\u201d.\u00a0 Sin embargo, esto requiere un enfoque interdisciplinar y que supere las periodizaciones tradicionales.<\/p>\n<p style=\"text-align: left;\">Por este motivo, en octubre de 2010, un grupo de j\u00f3venes investigadores, especializados en los \u00e1mbitos de la Historia Antigua, de la Arqueolog\u00eda Cl\u00e1sica, Paleocristiana y de las provincias romanas, de la arqueolog\u00eda de la arquitectura y de la Filolog\u00eda Cl\u00e1sica se reunieron en la Casa Warburg de Hamburgo para formar la \u201cRed para la investigaci\u00f3n sobre la Pen\u00ednsula Ib\u00e9rica en la Antig\u00fcedad\u201d, es decir, hasta la invasi\u00f3n de los \u00e1rabes en el a\u00f1o 711. TOLETUM ofrece la posibilidad de intercambiar informaci\u00f3n con regularidad y la oportunidad de participar en un taller anual en el que dar a conocer las investigaciones propias, discutir los enfoques actuales en las respectivas disciplinas y ponerse de acuerdo sobre problemas tanto pr\u00e1cticos como metodol\u00f3gicos.<\/p>\n<p>&nbsp;<\/p>\n<div class=\"grid-item\"><img loading=\"lazy\" decoding=\"async\" class=\"alignnone wp-image-6171\" src=\"http:\/\/www.toletum-network.com\/wp-content\/uploads\/2016\/07\/Uni_Hamburg-300x128.jpg\" alt=\"uni_hamburg\" width=\"237\" height=\"101\" srcset=\"http:\/\/www.toletum-network.com\/wp-content\/uploads\/2016\/07\/Uni_Hamburg-300x128.jpg 300w, http:\/\/www.toletum-network.com\/wp-content\/uploads\/2016\/07\/Uni_Hamburg.jpg 490w\" sizes=\"auto, (max-width: 237px) 85vw, 237px\" \/><\/div>\n<div class=\"grid-item\"><img loading=\"lazy\" decoding=\"async\" class=\"alignnone size-full wp-image-368\" src=\"http:\/\/www.toletum-network.com\/wp-content\/uploads\/2016\/07\/Logo_Toletum2.jpg\" alt=\"Logo_Toletum2\" width=\"236\" height=\"130\" \/><\/div>\n<div class=\"grid-item\"><img loading=\"lazy\" decoding=\"async\" class=\"alignnone size-full wp-image-371\" src=\"http:\/\/www.toletum-network.com\/wp-content\/uploads\/2016\/07\/Logo_Toletum5.jpg\" alt=\"Logo_Toletum5\" width=\"236\" height=\"130\" \/><\/div>\n<div class=\"grid-item\"><img loading=\"lazy\" decoding=\"async\" class=\"alignnone size-full wp-image-369\" src=\"http:\/\/www.toletum-network.com\/wp-content\/uploads\/2016\/07\/Logo_Toletum3.jpg\" alt=\"Logo_Toletum3\" width=\"236\" height=\"130\" \/><\/div>\n<div class=\"grid-item\"><img loading=\"lazy\" decoding=\"async\" class=\"alignnone size-full wp-image-369\" src=\"http:\/\/www.toletum-network.com\/wp-content\/uploads\/2016\/07\/gerda.jpg\" alt=\"Logo_Toletum3\" width=\"236\" height=\"130\" \/><\/div>\n<div class=\"grid-item\"><img loading=\"lazy\" decoding=\"async\" class=\"alignnone wp-image-892 size-full\" src=\"http:\/\/www.toletum-network.com\/wp-content\/uploads\/2016\/07\/Gobierno-2.jpg\" width=\"236\" height=\"130\" \/><\/div>\n<div class=\"grid-item\"><img loading=\"lazy\" decoding=\"async\" class=\"alignnone size-full wp-image-370\" src=\"http:\/\/www.toletum-network.com\/wp-content\/uploads\/2016\/07\/velazquez.jpg\" width=\"236\" height=\"130\" \/><\/div>\n<div class=\"grid-item\"><img loading=\"lazy\" decoding=\"async\" class=\"alignnone wp-image-886 size-full\" src=\"http:\/\/www.toletum-network.com\/wp-content\/uploads\/2016\/07\/cervantes.jpg\" width=\"236\" height=\"130\" \/><\/div>\n<div class=\"grid-item\"><img loading=\"lazy\" decoding=\"async\" class=\"alignnone wp-image-886 size-full\" src=\"http:\/\/www.toletum-network.com\/wp-content\/uploads\/2016\/07\/csic-tolet-start.jpg\" width=\"236\" height=\"101\" \/><\/div>\n<div class=\"grid-item\"><img loading=\"lazy\" decoding=\"async\" class=\"alignnone size-full wp-image-10762\" src=\"http:\/\/www.toletum-network.com\/wp-content\/uploads\/2016\/07\/inhep-tolet-start.jpg\" alt=\"\" width=\"236\" height=\"101\" \/><\/div>\n<div class=\"grid-item\"><img loading=\"lazy\" decoding=\"async\" class=\"alignnone size-full wp-image-10845\" src=\"http:\/\/www.toletum-network.com\/wp-content\/uploads\/2016\/07\/casa-arabe-start.jpg\" alt=\"\" width=\"236\" height=\"101\" \/><\/div>\n<div class=\"grid-item\"><img loading=\"lazy\" decoding=\"async\" class=\"alignnone wp-image-11397 size-full\" src=\"http:\/\/www.toletum-network.com\/wp-content\/uploads\/2018\/01\/the-early-islamic-empire.jpg\" alt=\"\" width=\"236\" height=\"101\" \/><\/div>\n<div class=\"grid-item\"><img loading=\"lazy\" decoding=\"async\" class=\"alignleft size-full wp-image-13933\" src=\"http:\/\/www.toletum-network.com\/wp-content\/uploads\/2020\/04\/RomanIslam-1.jpg\" alt=\"\" width=\"236\" height=\"101\" \/><\/div>\n<p><\/p>","protected":false},"excerpt":{"rendered":"<p>Resultan espectaculares los nuevos descubrimientos que en las tres \u00faltimas d\u00e9cadas han atra\u00eddo la atenci\u00f3n hacia la Pen\u00ednsula Ib\u00e9rica. El anfiteatro de Corduba, el teatro y el foro de Carthago Nova o Caesaraugusta, partes del trazado urbano de Segobriga y el Senatus consultum de Cn. Pisone patre, la Lex Irnitana: \u00a1s\u00ed, m\u00e1s de 20.000 inscripciones! &hellip; <a href=\"http:\/\/www.toletum-network.com\/es\/\" class=\"more-link\">Continuar leyendo<span class=\"screen-reader-text\"> \u00ab\u00bb<\/span><\/a><\/p>\n","protected":false},"author":7,"featured_media":0,"parent":0,"menu_order":0,"comment_status":"closed","ping_status":"closed","template":"","meta":{"jetpack_post_was_ever_published":false,"footnotes":""},"class_list":["post-119","page","type-page","status-publish","hentry"],"jetpack_sharing_enabled":true,"jetpack_shortlink":"https:\/\/wp.me\/P82TDz-1V","_links":{"self":[{"href":"http:\/\/www.toletum-network.com\/es\/wp-json\/wp\/v2\/pages\/119","targetHints":{"allow":["GET"]}}],"collection":[{"href":"http:\/\/www.toletum-network.com\/es\/wp-json\/wp\/v2\/pages"}],"about":[{"href":"http:\/\/www.toletum-network.com\/es\/wp-json\/wp\/v2\/types\/page"}],"author":[{"embeddable":true,"href":"http:\/\/www.toletum-network.com\/es\/wp-json\/wp\/v2\/users\/7"}],"replies":[{"embeddable":true,"href":"http:\/\/www.toletum-network.com\/es\/wp-json\/wp\/v2\/comments?post=119"}],"version-history":[{"count":68,"href":"http:\/\/www.toletum-network.com\/es\/wp-json\/wp\/v2\/pages\/119\/revisions"}],"predecessor-version":[{"id":13935,"href":"http:\/\/www.toletum-network.com\/es\/wp-json\/wp\/v2\/pages\/119\/revisions\/13935"}],"wp:attachment":[{"href":"http:\/\/www.toletum-network.com\/es\/wp-json\/wp\/v2\/media?parent=119"}],"curies":[{"name":"wp","href":"https:\/\/api.w.org\/{rel}","templated":true}]}}