{"id":1168,"date":"2016-09-01T16:16:34","date_gmt":"2016-09-01T16:16:34","guid":{"rendered":"http:\/\/www.toletum-network.com\/?page_id=1168"},"modified":"2022-02-23T22:21:40","modified_gmt":"2022-02-23T21:21:40","slug":"david-espinosa-espinosa","status":"publish","type":"page","link":"http:\/\/www.toletum-network.com\/es\/teilnehmer\/david-espinosa-espinosa\/","title":{"rendered":"Dr. David Espinosa Espinosa"},"content":{"rendered":"<p><img loading=\"lazy\" decoding=\"async\" class=\"alignnone size-full wp-image-13662\" src=\"http:\/\/www.toletum-network.com\/wp-content\/uploads\/2020\/01\/David-Espinosa-Espinosa-Mitglied.jpg\" alt=\"\" width=\"383\" height=\"435\" srcset=\"http:\/\/www.toletum-network.com\/wp-content\/uploads\/2020\/01\/David-Espinosa-Espinosa-Mitglied.jpg 383w, http:\/\/www.toletum-network.com\/wp-content\/uploads\/2020\/01\/David-Espinosa-Espinosa-Mitglied-264x300.jpg 264w\" sizes=\"auto, (max-width: 383px) 85vw, 383px\" \/><\/p>\n<h3 class=\"entry-title\">Dr. David Espinosa Espinosa<\/h3>\n<p>Universidad Complutense de Madrid<br \/>\nFacultad de Geograf\u00eda e Historia<br \/>\nDpto. Prehistoria, Historia Antigua y Arqueolog\u00eda<br \/>\n\u00c1rea de Historia Antigua<br \/>\nc\/ Profesor Aranguren, s\/n<br \/>\nE-28040 Madrid<br \/>\n<span class=\"nowrap\"><a title=\"Neue Nachricht an DAVID ESPINOSA ESPINOSA &lt;davidespinosa@ghis.ucm.es&gt;\">davidespinosa@ghis.ucm.es<\/a><\/span><\/p>\n<p><strong>Gastwissenschaftler, 2015-2016<\/strong><br \/>\nUniversit\u00e4t Hamburg<br \/>\nHistorisches Seminar \u2013 Arbeitsbereich Alte Geschichte<br \/>\n\u00dcberseering 35#5 \/ 2. OG<br \/>\nD-22297 Hamburg<\/p>\n<p><strong>Gastwissenschaftler, 2014-2015<br \/>\n<\/strong>Universit\u00e4t Trier<br \/>\nFachbereich III \u2013 Fach Klassische Arch\u00e4ologie<br \/>\nUniversit\u00e4tsring 15<br \/>\nD-54286 Trier<\/p>\n<p><strong>Profesor Ayudante Doctor<br \/>\n<\/strong>Universidad Complutense de Madrid<\/p>\n<p>Licenciado en Historia (2006) y Doctor en Historia Antigua con menci\u00f3n europea (2013) por la Universidad Complutense de Madrid, ha sido investigador predoctoral del Ministerio de Innovaci\u00f3n y Ciencia (FPU) en el Departamento de Historia Antigua de la Universidad Complutense de Madrid (2007-2011), investigador postdoctoral de la Xunta de Galicia (Plan I2C) en el Departamento de Historia de la Universidad de Santiago de Compostela (2014-2019), investigador postdoctoral con cargo a proyecto en el Instituto de Derecho Romano e Historia del Derecho Antiguo de la Universidad de Viena (2020) y Profesor Ayudante Doctor en el Departamento de Historia de la Universidad de Oviedo (2020-2022). En el marco de estos contratos ha desarrollado estancias de investigaci\u00f3n en el Instituto Arqueol\u00f3gico Alem\u00e1n en Berl\u00edn, la Universidad de Trieste, la Universidad de Tr\u00e9veris y la Universidad de Hamburgo. Asimismo, ha sido Profesor Tutor de Historia Antigua e Historia del Arte Antiguo en el Centro Asociado UNED A Coru\u00f1a (2013-2020) y Tutor en los programas de movilidad internacional de las universidades Sewanee: The University of the South (2008) y Vanderbilt University (2006-2008) en Espa\u00f1a.<\/p>\n<p>Entre sus l\u00edneas de estudio se encuentran los procesos de colonizaci\u00f3n y municipalizaci\u00f3n romanos, la historia del derecho latino en el \u00e1mbito provincial romano, la historia de Hispania y Sicilia romanas, las guerras civiles romanas, los aspectos ideol\u00f3gicos y religiosos de la orientaci\u00f3n urbana romana, y la epigraf\u00eda romana y digital. Ha participado en proyectos de investigaci\u00f3n competitivos como \u201cNuevas bases documentales para el estudio hist\u00f3rico de la Hispania romana de \u00e9poca republicana: ciudadan\u00eda romana y latinidad (90 a.C. &#8211; 45 a.C.)\u201d (2020-2024), \u201cLokale Regierungssysteme in Sizilien\u201d (2020), \u201cCrossreads: Text, materiality and multiculturalism at the crossroads of the ancient Mediterranean\u201d (2020-2025), \u201cVulnerabilidad intrafamiliar y pol\u00edtica en el Mundo Antiguo\u201d (2021-2025), \u201cArchivo virtual para las investigaciones sobre patrimonios epigr\u00e1ficos medievales de la Comunidad de Madrid\u201d (2020-2022), \u201cEpigraphica 3.0: Hacia la creaci\u00f3n y dise\u00f1o de un corpus digital de inscripciones romanas de la provincia de Ourense\u201d (2017-2019) y \u201cDe <em>municipia Latina<\/em> a <em>oppida labentia<\/em>: sobre la sostenibilidad econ\u00f3mica e institucional del expediente municipal latino en Hispania (siglos I-III d.C.)\u201d (2017-2019). Adem\u00e1s, ha sido miembro de grupos de investigaci\u00f3n como \u201cCiudades Romanas\u201d (2009-Hoy), \u201cDem\u00e9ter. Maternidad, g\u00e9nero y familia\u201d (2020-Hoy) y \u201cS\u00edncrisis: Investigaci\u00f3n en forma culturales\u201d (2014-2019), as\u00ed como de redes internacionales como \u201c<em>Diuturna civitas<\/em>: Studio delle comunit\u00e0 locali nell\u2019Occidente romano\u201d (2019-Hoy), \u201cEpigraphy.info. A Collaborative Environment for Digital Epigraphy\u201d (2019-Hoy) y \u201cToletum. Netzwerk zur Erforschung der Iberischen Halbinsel in der Antike\u201d (2012-Hoy).<\/p>\n<hr \/>\n<h5><strong>Publicaciones (selecci\u00f3n)<br \/>\n<\/strong><\/h5>\n<p>\u2014 2021, <em>Epigraphy in the Digital Age. Opportunities and Challenges in the Recording, Analysis and Dissemination of Inscriptions<\/em>, Oxford, Archaeopress (editado junto con I. Vel\u00e1zquez Soriano).<\/p>\n<p>\u2014 2021, \u201cEpigraf\u00eda y <em>opera publica <\/em>en los <em>municipia veteris Latii <\/em>de Hispania: un balance inicial\u201d, en Russo, F., ed., <em>L\u2019attivit\u00e0 edilicia a Roma e nelle citt\u00e0 dell\u2019Imperio romano<\/em>, Roma, Edizioni Quasar, 89-106.<\/p>\n<p>\u2014 2021, \u201c<em>Pro consensu et concordia civium<\/em>: Sensoriality, Imperial Cult and Social Control in Augustan Urban Orientations\u201d, en Alvar, A., Alvar, J. y Woolf, G., eds., <em>Sensorium: The Senses in Roman Polytheism<\/em>, Leiden, Brill, 207-235 (junto con A. C. Gonz\u00e1lez Garc\u00eda y M. V. Garc\u00eda Quintela).<\/p>\n<p>\u2014 2019, \u201cFrom <em>municipia Latina <\/em>to <em>oppida labentia<\/em>: Bases for a model of the ideological and institutional causes behind the crisis of the Latin municipal system in Hispania\u201d, en Andreu, J. y Blanco, A., eds., <em>Signs of weakness and crisis in the Western cities of the Roman Empire (c. II-III AD)<\/em>, Stuttgart, Franz Steiner Verlag, 71-80.<\/p>\n<p>\u2014 2018, \u201cThe Question of the <em>oppida veteris Latii <\/em>in Pliny the Elder\u2019s <em>Naturalis Historia<\/em>, <em>Classical Quarterly <\/em>68\/1, 232-245.<\/p>\n<p>\u2014 2018, \u201cLa integraci\u00f3n jur\u00eddico-administrativa de las <em>civitates<\/em> del Rin en \u00e9poca de Augusto: Hacia una relectura interdisciplinar\u201d, en Soares, C., Brand\u00e3o, J. L. y Carvalho, P. C., eds., <em>Hist\u00f3ria Antiga: Rela\u00e7\u00f5es Interdisciplinares. Paisagens Urbanas, Rurais &amp; Sociais<\/em>, Coimbra, Universidade de Coimbra, 155-174.<\/p>\n<p>\u2014 2016, \u201cReflexiones sobre la probable promoci\u00f3n de <em>Cesse<\/em>\/<em>Tarraco<\/em> a colonia latina\u201d, <em>Klio. Beitr\u00e4ge zur Alten Geschichte<\/em> 98\/2, 570-604.<\/p>\n<p>\u2014 2014, <em>Plinio y los \u201c<\/em>oppida<em> de antiguo Lacio\u201d. El proceso de difusi\u00f3n del <\/em>Latium<em> en <\/em>Hispania Cite<em>rior<\/em>, Oxford, Archaeopress.<\/p>\n<p>\u2014 2011, Mors omnibus instat. <em>Aspectos arqueol\u00f3gicos, epigr\u00e1ficos y rituales de la muerte en el Occidente romano<\/em>, Madrid, Liceus (editado junto con J. Andreu Pintado y S. Pastor).<\/p>\n","protected":false},"excerpt":{"rendered":"<p>Dr. David Espinosa Espinosa Universidad Complutense de Madrid Facultad de Geograf\u00eda e Historia Dpto. Prehistoria, Historia Antigua y Arqueolog\u00eda \u00c1rea de Historia Antigua c\/ Profesor Aranguren, s\/n E-28040 Madrid davidespinosa@ghis.ucm.es Gastwissenschaftler, 2015-2016 Universit\u00e4t Hamburg Historisches Seminar \u2013 Arbeitsbereich Alte Geschichte \u00dcberseering 35#5 \/ 2. OG D-22297 Hamburg Gastwissenschaftler, 2014-2015 Universit\u00e4t Trier Fachbereich III \u2013 Fach &hellip; <a href=\"http:\/\/www.toletum-network.com\/es\/teilnehmer\/david-espinosa-espinosa\/\" class=\"more-link\">Continuar leyendo<span class=\"screen-reader-text\"> \u00abDr. David Espinosa Espinosa\u00bb<\/span><\/a><\/p>\n","protected":false},"author":7,"featured_media":0,"parent":18,"menu_order":0,"comment_status":"closed","ping_status":"closed","template":"","meta":{"jetpack_post_was_ever_published":false,"footnotes":""},"class_list":["post-1168","page","type-page","status-publish","hentry"],"jetpack_sharing_enabled":true,"jetpack_shortlink":"https:\/\/wp.me\/P82TDz-iQ","_links":{"self":[{"href":"http:\/\/www.toletum-network.com\/es\/wp-json\/wp\/v2\/pages\/1168","targetHints":{"allow":["GET"]}}],"collection":[{"href":"http:\/\/www.toletum-network.com\/es\/wp-json\/wp\/v2\/pages"}],"about":[{"href":"http:\/\/www.toletum-network.com\/es\/wp-json\/wp\/v2\/types\/page"}],"author":[{"embeddable":true,"href":"http:\/\/www.toletum-network.com\/es\/wp-json\/wp\/v2\/users\/7"}],"replies":[{"embeddable":true,"href":"http:\/\/www.toletum-network.com\/es\/wp-json\/wp\/v2\/comments?post=1168"}],"version-history":[{"count":35,"href":"http:\/\/www.toletum-network.com\/es\/wp-json\/wp\/v2\/pages\/1168\/revisions"}],"predecessor-version":[{"id":16237,"href":"http:\/\/www.toletum-network.com\/es\/wp-json\/wp\/v2\/pages\/1168\/revisions\/16237"}],"up":[{"embeddable":true,"href":"http:\/\/www.toletum-network.com\/es\/wp-json\/wp\/v2\/pages\/18"}],"wp:attachment":[{"href":"http:\/\/www.toletum-network.com\/es\/wp-json\/wp\/v2\/media?parent=1168"}],"curies":[{"name":"wp","href":"https:\/\/api.w.org\/{rel}","templated":true}]}}