{"id":11659,"date":"2018-04-28T11:19:58","date_gmt":"2018-04-28T09:19:58","guid":{"rendered":"http:\/\/www.toletum-network.com\/?page_id=11659"},"modified":"2019-04-14T19:28:17","modified_gmt":"2019-04-14T17:28:17","slug":"spain-is-different-nationalism-and-identity-between-antiquity-and-today","status":"publish","type":"page","link":"http:\/\/www.toletum-network.com\/es\/aktivitaten\/spain-is-different-nationalism-and-identity-between-antiquity-and-today\/","title":{"rendered":"\u201eSpain is different\u201c!? Nationalism and Identity between Antiquity and Today"},"content":{"rendered":"<p><img loading=\"lazy\" decoding=\"async\" class=\"alignnone size-full wp-image-12875\" src=\"http:\/\/www.toletum-network.com\/wp-content\/uploads\/2019\/04\/Spain-is-different.png\" alt=\"\" width=\"300\" height=\"225\" \/><\/p>\n<p>Jornada de estudio organizada por la Universidad de Huelva y la Universidad de Hamburgo en colaboraci\u00f3n con la Landeszentrale f\u00fcr politische Bildung, la Staats- und Universit\u00e4tsbibliothek Hamburg Carl von Ossietzky y la Fundaci\u00f3n Alexander von Humboldt (Anneliese Maier Award 2014, PI Maribel Fierro Bello, \u00abPracticing knowledge in Islamic societies and their neighbours\u00bb).<\/p>\n<p><strong>Hora y lugar<br \/>\n<\/strong>28.06.2018; jueves, 9 \u2013 20 horas; Von-Melle-Park 3, 20146 Hamburg, sala de conferencias en la primera planta<\/p>\n<p>Download: <a href=\"http:\/\/www.toletum-network.com\/wp-content\/uploads\/2018\/05\/Programa-Jornada-de-estudio.pdf\">Programa Jornada de estudio<\/a> (PDF)<br \/>\nResumen por parte de Dominik Kloss:<br \/>\n<a href=\"https:\/\/www.hsozkult.de\/conferencereport\/id\/tagungsberichte-7843?title=spain-is-different-nationalism-and-identity-between-antiquity-and-today&amp;recno=1&amp;q=spain%20is%20different&amp;sort=newestPublished&amp;fq=&amp;total=148\">H-Soz-u-Kult<\/a> \/ <a href=\"http:\/\/www.toletum-network.com\/wp-content\/uploads\/2018\/11\/Bollettino-di-Studi-Latini-48-2018-707-709.pdf\">Bollettino di Studi Latini 48 (2018), 707-709<\/a><\/p>\n<h3>Programa<\/h3>\n<p>\u2014 9.00 horas<br \/>\n<strong>Bienvenida e introducci\u00f3n<br \/>\n<\/strong>Sabine Panzram, Historia Antigua, Universit\u00e4t Hamburg \u2013 Alejandro Garc\u00eda Sanju\u00e1n, Historia Medieval, Universidad de Huelva<\/p>\n<p><span style=\"color: #800080;\">Moderaci\u00f3n: <strong>Sabine Panzram<\/strong>, Historia Antigua, Universit\u00e4t Hamburg<br \/>\n<\/span><\/p>\n<p>\u2014 9.30 horas<br \/>\n<strong>Ancient History and Identity Constructions in Spain (16th-20th Centuries)<\/strong><br \/>\nFernando Wulff Alonso, Historia Antigua, Universidad de M\u00e1laga<\/p>\n<p>\u2014 10.15 horas<br \/>\n<strong>Catalan nationalism, Jaume Vicens Vives and the History of the Crown of Aragon in the Spanish post-Civil War Period<\/strong><br \/>\nVicent Baydal Sala, Historia del Derecho, Universitat Jaume I Castell\u00f3 de la Plana<\/p>\n<p>\u2014 11.00 horas Pausa de caf\u00e9<\/p>\n<p><span style=\"color: #800080;\">Moderaci\u00f3n: <strong> Maribel Fierro Bello<\/strong>, Filolog\u00eda Sem\u00edtica, Consejo Superior de Investigaciones Cient\u00edficas Madrid<br \/>\n<\/span><\/p>\n<p>\u2014 11.30 horas<br \/>\n<strong>The Christian Middle Ages on the Iberian Peninsula \u2013 Nationalism and History (End of the 18th-20th Centuries)<br \/>\n<\/strong>Patrick Henriet, Historia Medieval, \u00c9cole Pratique des Hautes \u00c9tudes Paris<\/p>\n<p>\u2014 12.15 Uhr<br \/>\n<strong>\u201cAre there any moors in the coast?\u201d Al-Andalus and Spanish Nationalism<\/strong><br \/>\nAlejandro Garc\u00eda-Sanju\u00e1n, Historia Medieval, Universidad de Huelva<\/p>\n<p>\u2014 13.00 horas Comida<\/p>\n<p><span style=\"color: #800080;\">Moderaci\u00f3n: <strong> Alejandro Garc\u00eda Sanju\u00e1n<\/strong>, Historia Medieval, Universidad de Huelva<\/span><\/p>\n<p>\u2014 15.30 horas<br \/>\n<strong>The Multiple Burdens of &#8216;Modernity&#8217;. Spanish Nationalism in the 19th Century<\/strong><br \/>\nXavier Andreu Miralles, Historia Contempor\u00e1nea, Universidad de Valencia<\/p>\n<p>\u2014 16.15 horas<br \/>\n<strong>How to Use Art History to Legitimize Nationalism: The 3rd Council of Toledo in Modern and Contemporary Spain<\/strong><br \/>\nFrancisco J. Moreno Mart\u00edn, Universidad Complutense de Madrid<\/p>\n<p>\u2014 17.00 horas Pausa de caf\u00e9<\/p>\n<p><span style=\"color: #800080;\">Moderaci\u00f3n: <strong> Ulrich Hoinkes<\/strong>, Filolog\u00eda Rom\u00e1nica, Christian-Albrechts-Universit\u00e4t zu Kiel<\/span><\/p>\n<p>\u2014 17.30 horas<br \/>\n<strong>National Identity under the Franco Dictatorship: An Exceptional Reconfiguration?<\/strong><br \/>\nNigel Townson, Historia Contempor\u00e1nea, Universidad Complutense de Madrid<\/p>\n<p>\u2014 18.15 horas<br \/>\n<strong>The Catalans\u2018 Struggle for Independence in its predominant perception as a threat for Spain and Europe<\/strong><br \/>\nUlrich Hoinkes, Filolog\u00eda Hisp\u00e1nica, Christian-Albrechts-Universit\u00e4t zu Kiel \/ Columbia University New York<\/p>\n<p>\u2014 19.15 horas<br \/>\n<strong>Debate y conclusiones<br \/>\n<\/strong>Sabine Panzram, Historia Antigua, Universit\u00e4t Hamburg\u00a0\u2013 Alejandro Garc\u00eda Sanju\u00e1n, Historia Medieval, Universidad de Huelva<\/p>","protected":false},"excerpt":{"rendered":"<p>Jornada de estudio organizada por la Universidad de Huelva y la Universidad de Hamburgo en colaboraci\u00f3n con la Landeszentrale f\u00fcr politische Bildung, la Staats- und Universit\u00e4tsbibliothek Hamburg Carl von Ossietzky y la Fundaci\u00f3n Alexander von Humboldt (Anneliese Maier Award 2014, PI Maribel Fierro Bello, \u00abPracticing knowledge in Islamic societies and their neighbours\u00bb). Hora y lugar &hellip; <a href=\"http:\/\/www.toletum-network.com\/es\/aktivitaten\/spain-is-different-nationalism-and-identity-between-antiquity-and-today\/\" class=\"more-link\">Continuar leyendo<span class=\"screen-reader-text\"> \u00ab\u201eSpain is different\u201c!? Nationalism and Identity between Antiquity and Today\u00bb<\/span><\/a><\/p>\n","protected":false},"author":8,"featured_media":0,"parent":15,"menu_order":0,"comment_status":"closed","ping_status":"closed","template":"","meta":{"jetpack_post_was_ever_published":false,"footnotes":""},"class_list":["post-11659","page","type-page","status-publish","hentry"],"jetpack_sharing_enabled":true,"jetpack_shortlink":"https:\/\/wp.me\/P82TDz-323","_links":{"self":[{"href":"http:\/\/www.toletum-network.com\/es\/wp-json\/wp\/v2\/pages\/11659","targetHints":{"allow":["GET"]}}],"collection":[{"href":"http:\/\/www.toletum-network.com\/es\/wp-json\/wp\/v2\/pages"}],"about":[{"href":"http:\/\/www.toletum-network.com\/es\/wp-json\/wp\/v2\/types\/page"}],"author":[{"embeddable":true,"href":"http:\/\/www.toletum-network.com\/es\/wp-json\/wp\/v2\/users\/8"}],"replies":[{"embeddable":true,"href":"http:\/\/www.toletum-network.com\/es\/wp-json\/wp\/v2\/comments?post=11659"}],"version-history":[{"count":45,"href":"http:\/\/www.toletum-network.com\/es\/wp-json\/wp\/v2\/pages\/11659\/revisions"}],"predecessor-version":[{"id":12876,"href":"http:\/\/www.toletum-network.com\/es\/wp-json\/wp\/v2\/pages\/11659\/revisions\/12876"}],"up":[{"embeddable":true,"href":"http:\/\/www.toletum-network.com\/es\/wp-json\/wp\/v2\/pages\/15"}],"wp:attachment":[{"href":"http:\/\/www.toletum-network.com\/es\/wp-json\/wp\/v2\/media?parent=11659"}],"curies":[{"name":"wp","href":"https:\/\/api.w.org\/{rel}","templated":true}]}}