{"id":11193,"date":"2017-11-07T19:15:36","date_gmt":"2017-11-07T18:15:36","guid":{"rendered":"http:\/\/www.toletum-network.com\/?page_id=11193"},"modified":"2020-11-18T11:15:33","modified_gmt":"2020-11-18T09:15:33","slug":"dr-paulo-pacha","status":"publish","type":"page","link":"http:\/\/www.toletum-network.com\/es\/teilnehmer\/dr-paulo-pacha\/","title":{"rendered":"Dr. Paulo Pach\u00e1"},"content":{"rendered":"<p><img loading=\"lazy\" decoding=\"async\" class=\"alignnone wp-image-11196 size-medium\" src=\"http:\/\/www.toletum-network.com\/wp-content\/uploads\/2017\/11\/Foto-Paulo-Mitglied-300x225-300x225.jpg\" alt=\"\" width=\"300\" height=\"225\" \/><\/p>\n<h3 class=\"entry-title\">Dr. Paulo Pach\u00e1<\/h3>\n<p>Universidade Federal do Rio de Janeiro<br \/>\nInstituto de Hist\u00f3ria<br \/>\nLargo S\u00e3o Francisco de Paula, n\u00b0 1 &#8211; Centro<br \/>\nRio de Janeiro &#8211; Brasil<br \/>\n20051-070<br \/>\n<a>ppacha@id.uff.br<\/a><\/p>\n<p><strong>investigador invitado, 2016-2017<\/strong><br \/>\nUniversit\u00e4t Hamburg<br \/>\nHistorisches Seminar \u2013 Arbeitsbereich Alte Geschichte<br \/>\n\u00dcberseering 35#5 \/ 2. OG<br \/>\nD-22297 Hamburg<\/p>\n<hr \/>\n<h5><strong>Professional Experience<\/strong><\/h5>\n<p><span style=\"color: #999999;\">\u2014 since 2017<\/span><br \/>\nAssistant Professor of Medieval History, Universidade Federal Fluminense \u2013 Rio de Janeiro.<\/p>\n<p><span style=\"color: #999999;\">\u2014 2014 \u2013 2016<\/span><br \/>\nLecturer in Medieval History, Funda\u00e7\u00e3o Get\u00falio Vargas \u2013 Rio de Janeiro.<\/p>\n<p><span style=\"color: #999999;\">\u2014 2010 \u2013 2012<\/span><br \/>\nHigh School teacher. State Secretary of Education \u2013 Rio de Janeiro.<\/p>\n<p>&nbsp;<\/p>\n<hr \/>\n<h5><strong>Education<\/strong><\/h5>\n<p><span style=\"color: #999999;\">\u2014 2016 \u2013 2017<\/span><br \/>\nPostdoctoral research: \u2018The Process of Political Integration in the Visigothic Kingdom of Toledo: Cooperation and Conflict in the General Councils of the Church.\u2019 Universit\u00e4t Hamburg.<\/p>\n<p><span style=\"color: #999999;\">\u2014 2012 \u2013 2015<\/span><br \/>\nPhD Thesis: \u2018Estado e Rela\u00e7\u00f5es de Depend\u00eancia Pessoal no Reino Visigodo de Toledo (S\u00e9culos VI-VII)\u2019. PhD program in Social History, Universidade Federal Fluminense.<\/p>\n<p><span style=\"color: #999999;\">\u2014 2010 \u2013 2012<\/span><br \/>\nMaster\u2019s Dissertation: \u2018Formas de Interc\u00e2mbio e Domina\u00e7\u00e3o: As Rela\u00e7\u00f5es de Depend\u00eancia Pessoal no Medievo Ib\u00e9rico (IV-VIII)\u2019. Master\u2019s program in Social History, Universidade Federal Fluminense.<\/p>\n<p><span style=\"color: #999999;\">\u2014 2005 \u2013 2009<\/span><br \/>\nB.A. in History, Universidade Federal Fluminense.<\/p>\n<hr \/>\n<h5><strong>Research Experience and Grants<\/strong><\/h5>\n<p><span style=\"color: #999999;\">\u2014 2016 \u2013 2017<\/span><br \/>\nPostdoctoral fellowship (4 months) \u2013 Fritz Thyssen Stiftung \/ Universit\u00e4t Hamburg, Hamburg \u2013 Germany.<\/p>\n<p><span style=\"color: #999999;\">\u2014 2016<\/span><br \/>\nVisiting Researcher grant (2 months) \u2013 <em>Institut f\u00fcr Mittelalterforschung<\/em>, Vienna \u2013 Austria.<\/p>\n<p><span style=\"color: #999999;\">\u2014 2015<\/span><br \/>\nDoctoral Research grant (1 month) \u2013 <em>Casa de Vel\u00e1zquez<\/em>, Madrid \u2013 Spain.<\/p>\n<p><span style=\"color: #999999;\">\u2014 2014<\/span><br \/>\nBursary \u2013 <em>International Medieval Congress<\/em>, Leeds \u2013 UK.<\/p>\n<p><span style=\"color: #999999;\">\u2014 2013<\/span><br \/>\nDoctoral Research grant (4 months) \u2013 <em>Centro de Ciencias Humanas y Sociales<\/em> \/ CSIC, Madrid \u2013 Spain.<\/p>\n<p><span style=\"color: #999999;\">\u2014 2012 \u2013 2015<\/span><br \/>\nPhD scholarship \u2013 <em>Coordena\u00e7\u00e3o de Aperfei\u00e7oamento de Pessoal de N\u00edvel Superior<\/em> (CAPES) \u2013 Brazil.<\/p>\n<p><span style=\"color: #999999;\">\u2014 2010 \u2013 2012<\/span><br \/>\nMaster\u2019s scholarship \u2013 <em>Coordena\u00e7\u00e3o de Aperfei\u00e7oamento de Pessoal de N\u00edvel Superior<\/em> (CAPES) \u2013 Brazil .<\/p>\n<hr \/>\n<h5><strong>Publications<\/strong><\/h5>\n<h5><strong>Books<\/strong><\/h5>\n<ul>\n<li><strong>2019: <\/strong>Estado e Rela\u00e7\u00f5es de Depend\u00eancia Pessoal no Reino Visigodo de Toledo. [<em>Forthcoming<\/em>]<\/li>\n<li><strong>2018: <\/strong>The Visigothic Kingdom of Toledo \u2013 An Epitome. Kismet Press. [<em>Forthcoming<\/em>]<\/li>\n<\/ul>\n<h5><strong>Articles<\/strong><\/h5>\n<ul>\n<li><strong>2017: <\/strong>To name and control: space and power in the integration process of the Visigothic Kingdom of Toledo. <em>M\u00e9langes de la Casa de Vel\u00e1zquez<\/em>. [<em>Forthcoming<\/em>]<\/li>\n<li><strong>2014: <\/strong>Gift and Conflict: Forms of Social Domination in the Iberian Early Middle Ages. <em>Networks and Neighbours<\/em>., v.2, p. 288-324.<\/li>\n<li><strong>2010: <\/strong><a href=\"http:\/\/www.hottopos.com\/notand24\/index.htm\">BASTOS, M\u00e1rio Jorge da Motta, PACH\u00c1, P. Dom, Domina\u00e7\u00e3o e Santidade na Alta Idade M\u00e9dia Ib\u00e9rica. <em>Notandum<\/em> (USP), v.24, p. 65-78.<\/a><\/li>\n<\/ul>\n<h5><strong>Book chapters<br \/>\n<\/strong><\/h5>\n<ul>\n<li><strong>2018: <\/strong>Law, Networks of Power and Integration: Recceswinth and <em>the Liber Iudiciorum<\/em>. <em>Visigothic Symposia I: Law and Theology.<\/em> [<em>Forthcoming<\/em>]<\/li>\n<li><strong>2014: <\/strong>Com\u00e9rcio na Alta Idade M\u00e9dia: uma cr\u00edtica da teoria In: O Pr\u00e9capitalismo em Perspectiva: estudos em homenagem ao Prof. Ciro F. S. Cardoso. 1 ed. Rio de Janeiro: \u00cdtaca, v.1, p. 321-346.<\/li>\n<li><strong>2012: <\/strong>Totalidade Social e Esferas Constitutivas: Entre o Capitalismo e o Medievo In<strong>: <\/strong>Anais do VII Col\u00f3quio Internacional Marx Engels, CEMARX: Campinas.<\/li>\n<li><strong>2009: <\/strong>BASTOS, M. J. M., PACH\u00c1, P. As Rela\u00e7\u00f5es de Domina\u00e7\u00e3o na Alta Idade M\u00e9dia Ib\u00e9rica In: Anais do VI Col\u00f3quio Internacional Marx Engels, CEMARX: Campinas.<\/li>\n<li><strong>2008: <\/strong>A Depend\u00eancia como Dom (Pen\u00ednsula Ib\u00e9rica s\u00e9culos VI-VII) In: Idade M\u00e9dia: abordagens interdisciplinares, Niter\u00f3i, 2008. p.193-197.<\/li>\n<\/ul>\n<h5><strong>Book reviews<\/strong><\/h5>\n<ul>\n<li><strong>2016: <\/strong><a href=\"http:\/\/www.sehepunkte.de\/2016\/11\/28649.html\">Review of: Juan Antonio Quir\u00f3s Castillo \/ Santiago Castellanos Garc\u00eda (eds.): Identidad y etnicidad en Hispania. Propuestas te\u00f3ricas y cultura material en los siglos V-VIII, Bilbao: Universidad del Pa\u00eds Vasco 2015, in: sehepunkte 16, Nr. 11 [15.11.2016].<\/a><\/li>\n<li><strong>2016: <\/strong><a href=\"http:\/\/www.sehepunkte.de\/2016\/03\/26180.html\">Review of: Carmen Codo\u00f1er \/ Paulo Farmhouse Alberto (eds.): Wisigothica. After M. C. D\u00edaz y D\u00edaz, Firenze: SISMEL. Edizioni del Galluzo 2014, in: sehepunkte 16, Nr. 3 [15.03.2016]. <\/a><\/li>\n<\/ul>\n<hr \/>\n<h5><strong>Conference presentations and Invited Lectures (2013-2017)<\/strong><\/h5>\n<p><span style=\"color: #999999;\">\u2014 2017<\/span><br \/>\nInvited Lecture: \u2018Destinos entrelazados: reexaminando \u2018M\u00e9rida y Toledo\u2019 en el siglo VII.\u2019 Toletum VIII, Hamburg \u2013 Germany.<\/p>\n<p><span style=\"color: #999999;\">\u2014 2017<\/span><br \/>\nPaper: \u2018Processo de integra\u00e7\u00e3o e controle do espa\u00e7o: a transforma\u00e7\u00e3o da organiza\u00e7\u00e3o provincial no Reino Visigodo de Toledo.\u2019 IV Encuentro de Investigadores J\u00f3venes sobre Sociedades Precapitalistas \u2013 Universidad Nacional de La Plata \u2013 Argentina.<\/p>\n<p><span style=\"color: #999999;\">\u2014 2017<\/span><br \/>\nPaper: \u2018Beyond Rome&#8217;s Fall: (Re)Building Integration in the Visigothic Kingdom of Toledo.\u2019 <em>International Medieval Congress<\/em>. Leeds \u2013 UK.<\/p>\n<p><span style=\"color: #999999;\">\u2014 2016<\/span><br \/>\nInvited Lecture: \u2018To name and control: space and power in the integration process of the Visigothic Kingdom of Toledo<strong>\u2019 <\/strong><em>La ordenaci\u00f3n provincial de la Pen\u00ednsula Ib\u00e9rica, entre Tardoantig\u00fcedad y Alta Edad Media<\/em>. Casa de Vel\u00e1zquez \u2013 Spain. [<em>November<\/em>]<\/p>\n<p><span style=\"color: #999999;\">\u2014 2016<\/span><br \/>\nPaper: \u2018Saints, Lords and Peasants: Gift-exchange, Patronage and Conflict in the Iberian Late Antiquity.\u2019 <em>European Social Science History Conference<\/em>. Valencia \u2013 Spain.<\/p>\n<p><span style=\"color: #999999;\">\u2014 2015<\/span><br \/>\nInvited Lecture: \u2018Vers\u00f5es do Passado e o Cinema em Sala de Aula.\u2019 <em>Col\u00f3quio Ensino de Hist\u00f3ria: O que ensinar? Por que ensinar?<\/em>. Funda\u00e7\u00e3o Get\u00falio Vargas. Rio de Janeiro \u2013 Brazil.<\/p>\n<p><span style=\"color: #999999;\">\u2014 2015<\/span><br \/>\nPaper: \u2018Searching for the Visigothic State: Monarchy and Aristocracy in the Visigothic Kingdom of Toledo.\u2019 <em>International Medieval Congress<\/em>. Leeds \u2013 UK.<\/p>\n<p><span style=\"color: #999999;\">\u2014 2015<\/span><br \/>\nInvited lecture: \u2018Estado, monarqu\u00eda y nobleza: repensando conceptos y din\u00e1micas del Reino Visigodo de Toledo\u2019. <em>Centro de Ciencias Humanas y Sociales<\/em> \/ CSIC, Madrid \u2013 Spain.<\/p>\n<p><span style=\"color: #999999;\">\u2014 2014<\/span><br \/>\nPaper: \u2018Santidade por uma quest\u00e3o de classe: dom e domina\u00e7\u00e3o no Reino Visigodo de Toledo.\u2019 <em>III Encontro Internacional e V Nacional do Translatio Studii<\/em>, Niter\u00f3i \u2013 Brazil.<\/p>\n<p><span style=\"color: #999999;\">\u2014 2014<\/span><br \/>\nPaper: \u2018The Visigothic State and the Relations of Personal Dependence: Transition, Transformation, and Domination.\u2019 <em>International Medieval Congress<\/em>. Leeds \u2013 UK.<\/p>\n<p><span style=\"color: #999999;\">\u2014 2014<\/span><br \/>\nPaper: \u2018Gift and Conflict: Modes of Domination in the Iberian Early Middle Ages.\u2019 <em>Symposium Networks and Neighbours II<\/em>, Curitiba \u2013 Brazil.<\/p>\n<p><span style=\"color: #999999;\">\u2014 2013<\/span><br \/>\nPaper: \u2018Relations of personal dependence: Social totality and historical dynamic in the Iberian Early Middle Ages.\u2019 <em>Symposium Networks and Neighbours I<\/em>, Leeds \u2013 UK<\/p>\n<p><span style=\"color: #999999;\">\u2014 2013<\/span><br \/>\nInvited Lecture: \u2018Relaciones de dependencia personal y totalidad social en el Reino Visigodo de Toledo.\u2019 <em>Centro de Ciencias Humanas y Sociales<\/em> \/ CSIC, Madrid \u2013 Spain.<\/p>\n<p>&nbsp;<\/p>","protected":false},"excerpt":{"rendered":"<p>Dr. Paulo Pach\u00e1 Universidade Federal do Rio de Janeiro Instituto de Hist\u00f3ria Largo S\u00e3o Francisco de Paula, n\u00b0 1 &#8211; Centro Rio de Janeiro &#8211; Brasil 20051-070 ppacha@id.uff.br investigador invitado, 2016-2017 Universit\u00e4t Hamburg Historisches Seminar \u2013 Arbeitsbereich Alte Geschichte \u00dcberseering 35#5 \/ 2. OG D-22297 Hamburg Professional Experience \u2014 since 2017 Assistant Professor of Medieval &hellip; <a href=\"http:\/\/www.toletum-network.com\/es\/teilnehmer\/dr-paulo-pacha\/\" class=\"more-link\">Continuar leyendo<span class=\"screen-reader-text\"> \u00abDr. Paulo Pach\u00e1\u00bb<\/span><\/a><\/p>\n","protected":false},"author":10,"featured_media":0,"parent":18,"menu_order":0,"comment_status":"closed","ping_status":"closed","template":"","meta":{"jetpack_post_was_ever_published":false,"footnotes":""},"class_list":["post-11193","page","type-page","status-publish","hentry"],"jetpack_sharing_enabled":true,"jetpack_shortlink":"https:\/\/wp.me\/P82TDz-2Ux","_links":{"self":[{"href":"http:\/\/www.toletum-network.com\/es\/wp-json\/wp\/v2\/pages\/11193","targetHints":{"allow":["GET"]}}],"collection":[{"href":"http:\/\/www.toletum-network.com\/es\/wp-json\/wp\/v2\/pages"}],"about":[{"href":"http:\/\/www.toletum-network.com\/es\/wp-json\/wp\/v2\/types\/page"}],"author":[{"embeddable":true,"href":"http:\/\/www.toletum-network.com\/es\/wp-json\/wp\/v2\/users\/10"}],"replies":[{"embeddable":true,"href":"http:\/\/www.toletum-network.com\/es\/wp-json\/wp\/v2\/comments?post=11193"}],"version-history":[{"count":18,"href":"http:\/\/www.toletum-network.com\/es\/wp-json\/wp\/v2\/pages\/11193\/revisions"}],"predecessor-version":[{"id":13931,"href":"http:\/\/www.toletum-network.com\/es\/wp-json\/wp\/v2\/pages\/11193\/revisions\/13931"}],"up":[{"embeddable":true,"href":"http:\/\/www.toletum-network.com\/es\/wp-json\/wp\/v2\/pages\/18"}],"wp:attachment":[{"href":"http:\/\/www.toletum-network.com\/es\/wp-json\/wp\/v2\/media?parent=11193"}],"curies":[{"name":"wp","href":"https:\/\/api.w.org\/{rel}","templated":true}]}}